{"id":3866,"date":"2025-05-28T08:17:13","date_gmt":"2025-05-28T08:17:13","guid":{"rendered":"https:\/\/pecbag.com\/?post_type=product&#038;p=3866"},"modified":"2025-11-29T01:43:03","modified_gmt":"2025-11-29T01:43:03","slug":"heavy-duty-large-makeup-bag","status":"publish","type":"product","link":"https:\/\/pecbag.com\/fr\/heavy-duty-large-makeup-bag\/","title":{"rendered":"Grande trousse de maquillage r\u00e9sistante"},"content":{"rendered":"<h5 title=\"Sac \u00e0 dos pliable pour chien Sac \u00e0 bandouli\u00e8re en maille respirante pour petit animal de compagnie Chien Chats\" data-immersive-translate-walked=\"1c928421-2e42-4cd3-8754-5404553c0af5\" data-immersive-translate-paragraph=\"1\" data-spm-anchor-id=\"a2700.details.0.i35.4f6757d4w4zNZA\">Sacs de maquillage robustes - Fabricant de sacs \u00e9tanches et de sacs \u00e0 dos - Bulk Beauty Solutions<\/h5>\n<div class=\"flex flex-grow flex-col max-w-full\">\n<div class=\"min-h-[20px] text-message flex w-full flex-col items-end gap-2 whitespace-pre-wrap break-words [.text-message+&amp;]:mt-5 overflow-x-auto\" dir=\"auto\" data-message-author-role=\"assistant\" data-message-id=\"3d7d46f6-7ec2-4222-9257-48fa0bba23c6\" data-suggestions=\"true\">\n<div class=\"flex w-full flex-col gap-1 empty:hidden first:pt-[3px]\">\n<div class=\"markdown prose w-full break-words dark:prose-invert light\">\n<table width=\"288\">\n<tbody>\n<tr>\n<td width=\"137\"><span style=\"color: #333333;\">Nom des produits<\/span><\/td>\n<td width=\"151\"><span style=\"color: #333333;\">Trousse de maquillage<\/span><\/td>\n<\/tr>\n<tr>\n<td><span style=\"color: #333333;\">Num\u00e9ro d'article<\/span><\/td>\n<td><span style=\"color: #333333;\">PB-2102<\/span><\/td>\n<\/tr>\n<tr>\n<td><span style=\"color: #333333;\">Mat\u00e9riau<\/span><\/td>\n<td><span style=\"color: #333333;\">Coton, polyester, polaire<\/span><\/td>\n<\/tr>\n<tr>\n<td><span style=\"color: #333333;\">\u00a0Taille et couleur<\/span><\/td>\n<td><span style=\"color: #333333;\">Sur mesure<\/span><\/td>\n<\/tr>\n<tr>\n<td><span style=\"color: #333333;\">\u00a0D\u00e9lai de livraison<\/span><\/td>\n<td><span style=\"color: #333333;\">1-5 jours pour les petites quantit\u00e9s par voie a\u00e9rienne et 30-35 jours pour les grandes quantit\u00e9s par voie maritime.<\/span><\/td>\n<\/tr>\n<\/tbody>\n<\/table>\n<p>En tant que premier fabricant chinois de trousses de maquillage et de sacs \u00e9tanches, nous concevons de grandes trousses de maquillage r\u00e9sistantes pour des marques de produits de beaut\u00e9 internationales. Notre soci\u00e9t\u00e9 propose des trousses de maquillage :<\/p>\n<p>\u2705 <strong>Protection \u00e9tanche IPX6<\/strong> (polyester recycl\u00e9 800D + soudure sans couture)<br \/>\n\u2705 <strong>Capacit\u00e9 Jumbo<\/strong> avec 10+ compartiments (MOQ 200pcs)<br \/>\n\u2705 <strong>Services ODM\/OEM<\/strong> pour les trousses de maquillage sous marque de distributeur<br \/>\n\u2705 <strong>Production de sacs de maquillage en vrac<\/strong> avec livraison en 10 jours<\/p>\n<p>Les grossistes en trousses de maquillage et les d\u00e9taillants de produits cosm\u00e9tiques lui font confiance. Caract\u00e9ristiques principales :<br \/>\n- Accents en cuir v\u00e9g\u00e9talien et fermetures \u00e0 glissi\u00e8re en m\u00e9tal anti-ternissement<br \/>\n- Miroir amovible et panneaux de rangement pour les brosses<br \/>\n- Fentes pour cartes avec blocage RFID et doublure certifi\u00e9e OEKO-Tex<\/p>\n<p><strong>Pourquoi devenir partenaire de notre usine de fabrication de trousses de maquillage ?<\/strong>:<br \/>\n\ud83d\udd39 12+ years as top makeup bag exporters from China (plus de 12 ans d'exp\u00e9rience en tant qu'exportateurs de trousses de maquillage en Chine)<br \/>\n\ud83d\udd39 Conception 3D gratuite avec l'esth\u00e9tique de votre marque<br \/>\n\ud83d\udd39 Mat\u00e9riaux durables certifi\u00e9s SGS\/REACH<br \/>\n\ud83d\udd39 Remise 30% pour les vendeurs de trousses de maquillage \u00e0 partir de 3 000 unit\u00e9s<\/p>\n<p>Demandez des \u00e9chantillons gratuits de nos grandes trousses de maquillage ou obtenez des devis instantan\u00e9s. Les fournisseurs de trousses de maquillage appr\u00e9cient :<br \/>\n- Sur mesure MOQ \u00e0 partir de 200pcs<br \/>\n- Vid\u00e9os d'essais d'\u00e9tanch\u00e9it\u00e9 par lot<br \/>\n- Attribution prioritaire du fret a\u00e9rien et maritime<\/p>\n<\/div>\n<\/div>\n<\/div>\n<\/div>","protected":false},"excerpt":{"rendered":"<h2 data-immersive-translate-walked=\"344be1c1-5052-41eb-8fcd-0dbe236a0d6b\" data-immersive-translate-paragraph=\"1\">Grande trousse de maquillage r\u00e9sistante<\/h2>\n<p><span class=\"a-list-item\">1. Sac \u00e0 cosm\u00e9tiques de grande capacit\u00e9 - Notre sac \u00e0 maquillage est suffisamment spacieux et profond pour contenir des bouteilles verticalement. Avec deux s\u00e9parateurs amovibles pour mieux organiser tous vos cosm\u00e9tiques et effets personnels, vous pouvez \u00e9galement ajuster l'espace selon vos besoins !<\/span><\/p>\n<p><span class=\"a-list-item\">2. Compartiments s\u00e9par\u00e9s pour les pinceaux de maquillage - Le couvercle sup\u00e9rieur de la trousse de maquillage comprend un compartiment pour les pinceaux de maquillage de diff\u00e9rentes tailles, un couvercle en PVC \u00e0 velcro suppl\u00e9mentaire pour prot\u00e9ger l'organisation de la poussi\u00e8re de poudre et des taches de maquillage faciles \u00e0 nettoyer !<\/span><\/p>","protected":false},"featured_media":3874,"template":"","meta":{"_uag_custom_page_level_css":""},"product_brand":[],"product_cat":[53],"product_tag":[],"class_list":{"0":"post-3866","1":"product","2":"type-product","3":"status-publish","4":"has-post-thumbnail","6":"product_cat-makeup-bag","8":"first","9":"instock","10":"shipping-taxable","11":"product-type-simple"},"uagb_featured_image_src":{"full":["https:\/\/pecbag.com\/wp-content\/uploads\/2025\/05\/Heavy-Duty-Large-Makeup-Bag-4.jpeg",1024,1024,false],"thumbnail":["https:\/\/pecbag.com\/wp-content\/uploads\/2025\/05\/Heavy-Duty-Large-Makeup-Bag-4-150x150.jpeg",150,150,true],"medium":["https:\/\/pecbag.com\/wp-content\/uploads\/2025\/05\/Heavy-Duty-Large-Makeup-Bag-4-300x300.jpeg",300,300,true],"medium_large":["https:\/\/pecbag.com\/wp-content\/uploads\/2025\/05\/Heavy-Duty-Large-Makeup-Bag-4-768x768.jpeg",768,768,true],"large":["https:\/\/pecbag.com\/wp-content\/uploads\/2025\/05\/Heavy-Duty-Large-Makeup-Bag-4.jpeg",800,800,false],"1536x1536":["https:\/\/pecbag.com\/wp-content\/uploads\/2025\/05\/Heavy-Duty-Large-Makeup-Bag-4.jpeg",1024,1024,false],"2048x2048":["https:\/\/pecbag.com\/wp-content\/uploads\/2025\/05\/Heavy-Duty-Large-Makeup-Bag-4.jpeg",1024,1024,false],"trp-custom-language-flag":["https:\/\/pecbag.com\/wp-content\/uploads\/2025\/05\/Heavy-Duty-Large-Makeup-Bag-4-12x12.jpeg",12,12,true],"woocommerce_thumbnail":["https:\/\/pecbag.com\/wp-content\/uploads\/2025\/05\/Heavy-Duty-Large-Makeup-Bag-4-300x300.jpeg",300,300,true],"woocommerce_single":["https:\/\/pecbag.com\/wp-content\/uploads\/2025\/05\/Heavy-Duty-Large-Makeup-Bag-4-600x600.jpeg",600,600,true],"woocommerce_gallery_thumbnail":["https:\/\/pecbag.com\/wp-content\/uploads\/2025\/05\/Heavy-Duty-Large-Makeup-Bag-4-100x100.jpeg",100,100,true]},"uagb_author_info":{"display_name":"Lawrence","author_link":"https:\/\/pecbag.com\/fr\/author\/"},"uagb_comment_info":0,"uagb_excerpt":"Heavy-Duty Large Makeup Bag 1. Large Capacity Cosmetic Bag - Our makeup bag is spacious and deep enough to hold bottles vertically. With two removable dividers to better organize all your cosmetics and personal belongings, you can also adjust the space as needed! 2. Separate Makeup Brush Compartments - The makeup bag organizer top lid\u2026","_links":{"self":[{"href":"https:\/\/pecbag.com\/fr\/wp-json\/wp\/v2\/product\/3866","targetHints":{"allow":["GET"]}}],"collection":[{"href":"https:\/\/pecbag.com\/fr\/wp-json\/wp\/v2\/product"}],"about":[{"href":"https:\/\/pecbag.com\/fr\/wp-json\/wp\/v2\/types\/product"}],"wp:featuredmedia":[{"embeddable":true,"href":"https:\/\/pecbag.com\/fr\/wp-json\/wp\/v2\/media\/3874"}],"wp:attachment":[{"href":"https:\/\/pecbag.com\/fr\/wp-json\/wp\/v2\/media?parent=3866"}],"wp:term":[{"taxonomy":"product_brand","embeddable":true,"href":"https:\/\/pecbag.com\/fr\/wp-json\/wp\/v2\/product_brand?post=3866"},{"taxonomy":"product_cat","embeddable":true,"href":"https:\/\/pecbag.com\/fr\/wp-json\/wp\/v2\/product_cat?post=3866"},{"taxonomy":"product_tag","embeddable":true,"href":"https:\/\/pecbag.com\/fr\/wp-json\/wp\/v2\/product_tag?post=3866"}],"curies":[{"name":"wp","href":"https:\/\/api.w.org\/{rel}","templated":true}]}}