{"id":3898,"date":"2025-05-28T08:53:24","date_gmt":"2025-05-28T08:53:24","guid":{"rendered":"https:\/\/pecbag.com\/?post_type=product&#038;p=3898"},"modified":"2025-11-29T01:30:29","modified_gmt":"2025-11-29T01:30:29","slug":"heavy-duty-tool-bag-carrier","status":"publish","type":"product","link":"https:\/\/pecbag.com\/fr\/heavy-duty-tool-bag-carrier\/","title":{"rendered":"Porte-sac \u00e0 outils robuste - Solutions pour les fabricants OEM industriels"},"content":{"rendered":"<h5 title=\"Sac \u00e0 dos pliable pour chien Sac \u00e0 bandouli\u00e8re en maille respirante pour petit animal de compagnie Chien Chats\" data-immersive-translate-walked=\"1c928421-2e42-4cd3-8754-5404553c0af5\" data-immersive-translate-paragraph=\"1\" data-spm-anchor-id=\"a2700.details.0.i35.4f6757d4w4zNZA\">Sacs \u00e0 outils robustes - Fabricant de sacs \u00e9tanches et de sacs \u00e0 dos - Bulk Industrial Solutions<\/h5>\n<div class=\"flex flex-grow flex-col max-w-full\">\n<div class=\"min-h-[20px] text-message flex w-full flex-col items-end gap-2 whitespace-pre-wrap break-words [.text-message+&amp;]:mt-5 overflow-x-auto\" dir=\"auto\" data-message-author-role=\"assistant\" data-message-id=\"3d7d46f6-7ec2-4222-9257-48fa0bba23c6\" data-suggestions=\"true\">\n<div class=\"flex w-full flex-col gap-1 empty:hidden first:pt-[3px]\">\n<div class=\"markdown prose w-full break-words dark:prose-invert light\">\n<table width=\"288\">\n<tbody>\n<tr>\n<td width=\"137\"><span style=\"color: #333333;\">Nom des produits<\/span><\/td>\n<td width=\"151\">Sac \u00e0 outils<\/td>\n<\/tr>\n<tr>\n<td><span style=\"color: #333333;\">Num\u00e9ro d'article<\/span><\/td>\n<td><span style=\"color: #333333;\">PB-2106<\/span><\/td>\n<\/tr>\n<tr>\n<td><span style=\"color: #333333;\">Mat\u00e9riau<\/span><\/td>\n<td>100% polyester recycl\u00e9<\/td>\n<\/tr>\n<tr>\n<td><span style=\"color: #333333;\">\u00a0Taille et couleur<\/span><\/td>\n<td>Sur mesure<\/td>\n<\/tr>\n<tr>\n<td><span style=\"color: #333333;\">\u00a0D\u00e9lai de livraison<\/span><\/td>\n<td><span style=\"color: #333333;\">1-5 jours pour les petites quantit\u00e9s par voie a\u00e9rienne et 30-35 jours pour les grandes quantit\u00e9s par voie maritime.<\/span><\/td>\n<\/tr>\n<\/tbody>\n<\/table>\n<p>En tant que premier fabricant chinois de sacs \u00e0 outils et de sacs \u00e9tanches, nous concevons des sacs \u00e0 outils r\u00e9sistants pour des marques industrielles internationales. Notre soci\u00e9t\u00e9 de sacs \u00e0 outils fournit :<\/p>\n<p>\u2705 <strong>Protection \u00e9tanche IPX6<\/strong> (polyester 1000D enduit de PVC + coutures soud\u00e9es)<br \/>\n\u2705 <strong>Capacit\u00e9 de charge de 50 kg<\/strong> avec sangles MOLLE\/PALS (MOQ 200 pcs)<br \/>\n\u2705 <strong>Services ODM\/OEM<\/strong> pour les sacs \u00e0 outils de marque priv\u00e9e<br \/>\n\u2705 <strong>Production de sacs \u00e0 outils en vrac<\/strong> avec livraison en 10 jours<\/p>\n<p>Les grossistes en sacs \u00e0 outils et les fournisseurs MRO lui font confiance. Caract\u00e9ristiques principales :<br \/>\n- Anneaux en D en acier renforc\u00e9 et \u00e9paulettes antid\u00e9rapantes<br \/>\n- Boucles d'outils \u00e0 acc\u00e8s rapide et syst\u00e8me de panneaux modulaires<br \/>\n- Etiquettes RFID et mat\u00e9riaux certifi\u00e9s OEKO-Tex<\/p>\n<p><strong>Pourquoi s'associer \u00e0 notre usine de fabrication de sacs \u00e0 outils<\/strong>:<br \/>\n\ud83d\udd39 Plus de 18 ans d'exp\u00e9rience dans l'exportation de sacs \u00e0 outils en Chine<br \/>\n\ud83d\udd39 Conception 3D gratuite avec votre marque industrielle<br \/>\n\ud83d\udd39 Mat\u00e9riaux robustes certifi\u00e9s SGS\/REACH<br \/>\n\ud83d\udd39 Remise 30% pour les vendeurs de sacs \u00e0 outils \u00e0 partir de 3 000 unit\u00e9s<\/p>\n<p>Demandez des \u00e9chantillons gratuits de nos porte-outils ou obtenez des devis instantan\u00e9s. Les fournisseurs de sacs \u00e0 outils appr\u00e9cient :<br \/>\n- Sur mesure MOQ \u00e0 partir de 200 pcs<br \/>\n- Rapports d'essais d'abrasion par lot<br \/>\n- Attribution prioritaire du fret a\u00e9rien et maritime<\/p>\n<\/div>\n<\/div>\n<\/div>\n<\/div>","protected":false},"excerpt":{"rendered":"<h2 data-immersive-translate-walked=\"344be1c1-5052-41eb-8fcd-0dbe236a0d6b\" data-immersive-translate-paragraph=\"1\">Porte-sac \u00e0 outils robuste<\/h2>\n<p>Am\u00e9liorez votre trousse \u00e0 outils avec ce sac \u00e0 outils robuste \u00e0 pochettes de 15 pouces.<\/p>\n<p>Fabriqu\u00e9 en polyester recycl\u00e9 100%, ce sac noir \u00e0 la finition textur\u00e9e est dot\u00e9 d'un compartiment principal zipp\u00e9 et de 35 poches, offrant suffisamment d'espace et d'organisation pour tous vos outils et accessoires.<\/p>\n<p>La bandouli\u00e8re r\u00e9glable et les deux poign\u00e9es sup\u00e9rieures offrent des options de transport polyvalentes, ce qui facilite le transport de vos outils, que vous soyez sur site ou en d\u00e9placement.<\/p>","protected":false},"featured_media":3899,"template":"","meta":{"_uag_custom_page_level_css":""},"product_brand":[],"product_cat":[49],"product_tag":[],"class_list":{"0":"post-3898","1":"product","2":"type-product","3":"status-publish","4":"has-post-thumbnail","6":"product_cat-tool-bag","8":"first","9":"instock","10":"shipping-taxable","11":"product-type-simple"},"uagb_featured_image_src":{"full":["https:\/\/pecbag.com\/wp-content\/uploads\/2025\/05\/Heavy-Duty-Tool-Bag-Carrier-3.jpeg",800,800,false],"thumbnail":["https:\/\/pecbag.com\/wp-content\/uploads\/2025\/05\/Heavy-Duty-Tool-Bag-Carrier-3-150x150.jpeg",150,150,true],"medium":["https:\/\/pecbag.com\/wp-content\/uploads\/2025\/05\/Heavy-Duty-Tool-Bag-Carrier-3-300x300.jpeg",300,300,true],"medium_large":["https:\/\/pecbag.com\/wp-content\/uploads\/2025\/05\/Heavy-Duty-Tool-Bag-Carrier-3-768x768.jpeg",768,768,true],"large":["https:\/\/pecbag.com\/wp-content\/uploads\/2025\/05\/Heavy-Duty-Tool-Bag-Carrier-3.jpeg",800,800,false],"1536x1536":["https:\/\/pecbag.com\/wp-content\/uploads\/2025\/05\/Heavy-Duty-Tool-Bag-Carrier-3.jpeg",800,800,false],"2048x2048":["https:\/\/pecbag.com\/wp-content\/uploads\/2025\/05\/Heavy-Duty-Tool-Bag-Carrier-3.jpeg",800,800,false],"trp-custom-language-flag":["https:\/\/pecbag.com\/wp-content\/uploads\/2025\/05\/Heavy-Duty-Tool-Bag-Carrier-3-12x12.jpeg",12,12,true],"woocommerce_thumbnail":["https:\/\/pecbag.com\/wp-content\/uploads\/2025\/05\/Heavy-Duty-Tool-Bag-Carrier-3-300x300.jpeg",300,300,true],"woocommerce_single":["https:\/\/pecbag.com\/wp-content\/uploads\/2025\/05\/Heavy-Duty-Tool-Bag-Carrier-3-600x600.jpeg",600,600,true],"woocommerce_gallery_thumbnail":["https:\/\/pecbag.com\/wp-content\/uploads\/2025\/05\/Heavy-Duty-Tool-Bag-Carrier-3-100x100.jpeg",100,100,true]},"uagb_author_info":{"display_name":"Lawrence","author_link":"https:\/\/pecbag.com\/fr\/author\/"},"uagb_comment_info":0,"uagb_excerpt":"Heavy-Duty Tool Bag Carrier Level up your toolkit with this 15-Inch Pocket Heavy-Duty Tool Bag. Made from 100% recycled polyester, this black bag with a textured finish boasts a zippered main compartment and 35 pockets, offering plenty of space and organization for all your tools and accessories. The adjustable shoulder strap and double top handles\u2026","_links":{"self":[{"href":"https:\/\/pecbag.com\/fr\/wp-json\/wp\/v2\/product\/3898","targetHints":{"allow":["GET"]}}],"collection":[{"href":"https:\/\/pecbag.com\/fr\/wp-json\/wp\/v2\/product"}],"about":[{"href":"https:\/\/pecbag.com\/fr\/wp-json\/wp\/v2\/types\/product"}],"wp:featuredmedia":[{"embeddable":true,"href":"https:\/\/pecbag.com\/fr\/wp-json\/wp\/v2\/media\/3899"}],"wp:attachment":[{"href":"https:\/\/pecbag.com\/fr\/wp-json\/wp\/v2\/media?parent=3898"}],"wp:term":[{"taxonomy":"product_brand","embeddable":true,"href":"https:\/\/pecbag.com\/fr\/wp-json\/wp\/v2\/product_brand?post=3898"},{"taxonomy":"product_cat","embeddable":true,"href":"https:\/\/pecbag.com\/fr\/wp-json\/wp\/v2\/product_cat?post=3898"},{"taxonomy":"product_tag","embeddable":true,"href":"https:\/\/pecbag.com\/fr\/wp-json\/wp\/v2\/product_tag?post=3898"}],"curies":[{"name":"wp","href":"https:\/\/api.w.org\/{rel}","templated":true}]}}