{"id":3912,"date":"2025-05-28T09:40:56","date_gmt":"2025-05-28T09:40:56","guid":{"rendered":"https:\/\/pecbag.com\/?post_type=product&#038;p=3912"},"modified":"2025-11-29T01:28:52","modified_gmt":"2025-11-29T01:28:52","slug":"finless-double-surfboard-travel-bag","status":"publish","type":"product","link":"https:\/\/pecbag.com\/fr\/finless-double-surfboard-travel-bag\/","title":{"rendered":"Finless Double Surfboard Travel Bag"},"content":{"rendered":"<h5 title=\"Sac \u00e0 dos pliable pour chien Sac \u00e0 bandouli\u00e8re en maille respirante pour petit animal de compagnie Chien Chats\" data-immersive-translate-walked=\"1c928421-2e42-4cd3-8754-5404553c0af5\" data-immersive-translate-paragraph=\"1\" data-spm-anchor-id=\"a2700.details.0.i35.4f6757d4w4zNZA\">Finless Double Surfboard Travel Bags | Fabricant de sacs \u00e9tanches et de sacs \u00e0 dos - Bulk Surf Solutions<\/h5>\n<div class=\"flex flex-grow flex-col max-w-full\">\n<div class=\"min-h-[20px] text-message flex w-full flex-col items-end gap-2 whitespace-pre-wrap break-words [.text-message+&amp;]:mt-5 overflow-x-auto\" dir=\"auto\" data-message-author-role=\"assistant\" data-message-id=\"3d7d46f6-7ec2-4222-9257-48fa0bba23c6\" data-suggestions=\"true\">\n<div class=\"flex w-full flex-col gap-1 empty:hidden first:pt-[3px]\">\n<div class=\"markdown prose w-full break-words dark:prose-invert light\">\n<table width=\"288\">\n<tbody>\n<tr>\n<td width=\"137\"><span style=\"color: #333333;\">Nom des produits<\/span><\/td>\n<td width=\"151\">Sac pour planche de surf<\/td>\n<\/tr>\n<tr>\n<td><span style=\"color: #333333;\">Num\u00e9ro d'article<\/span><\/td>\n<td><span style=\"color: #333333;\">PB-2108<\/span><\/td>\n<\/tr>\n<tr>\n<td><span style=\"color: #333333;\">Mat\u00e9riau<\/span><\/td>\n<td>Poly 600 deniers<\/td>\n<\/tr>\n<tr>\n<td><span style=\"color: #333333;\">Taille<\/span><\/td>\n<td>Sur mesure<\/td>\n<\/tr>\n<tr>\n<td><span style=\"color: #333333;\">\u00a0D\u00e9lai de livraison<\/span><\/td>\n<td><span style=\"color: #333333;\">1-5 jours pour les petites quantit\u00e9s par voie a\u00e9rienne et 30-35 jours pour les grandes quantit\u00e9s par voie maritime.<\/span><\/td>\n<\/tr>\n<\/tbody>\n<\/table>\n<p>En tant que premier fabricant chinois de sacs de surf et de sacs imperm\u00e9ables, nous concevons des sacs de voyage pour planches de surf doubles et sans fin pour les marques de surf internationales. Notre soci\u00e9t\u00e9 de sacs de surf offre :<\/p>\n<p>\u2705 <strong>Capacit\u00e9 de double carte<\/strong> (jusqu'\u00e0 7'6\u2033) avec fermetures \u00e9clair \u00e9tanches IPX6<br \/>\n\u2705 <strong>Nylon 420D ultral\u00e9ger<\/strong> construction (MOQ 200 pcs)<br \/>\n\u2705 <strong>Services ODM\/OEM<\/strong> pour les sacs de planche de surf de marque priv\u00e9e<br \/>\n\u2705 <strong>Production de sacs de surf en vrac<\/strong> avec livraison en 12 jours<\/p>\n<p>Les grossistes et les stations baln\u00e9aires font confiance \u00e0 ce sac de surf. Caract\u00e9ristiques principales :<br \/>\n- Conception des fentes d'ailerons FCS et poign\u00e9es de transport renforc\u00e9es<br \/>\n- Panneaux en maille \u00e0 s\u00e9chage rapide et fermetures approuv\u00e9es par TSA<br \/>\n- Mat\u00e9riaux \u00e9cologiques certifi\u00e9s OEKO-Tex<\/p>\n<p><strong>Pourquoi devenir partenaire de notre usine de sacs pour planches de surf ?<\/strong>:<br \/>\n\ud83d\udd39 10+ years as top surfboard bag exporters from China (plus de 10 ans d'exp\u00e9rience dans l'exportation de sacs de surf en Chine)<br \/>\n\ud83d\udd39 Conception 3D gratuite avec l'esth\u00e9tique de votre marque de surf<br \/>\n\ud83d\udd39 Tissus r\u00e9sistants \u00e0 l'abrasion certifi\u00e9s SGS\/REACH<br \/>\n\ud83d\udd39 Remise 25% pour les vendeurs de sacs de surf \u00e0 partir de 2 500 unit\u00e9s<\/p>\n<p>Demandez des \u00e9chantillons gratuits de notre sac double pour planche de surf ou obtenez des devis instantan\u00e9s. Les fournisseurs de sacs de surf appr\u00e9cient :<br \/>\n- Sur mesure MOQ \u00e0 partir de 200 pcs<br \/>\n- Rapports sur la corrosion en eau sal\u00e9e par lot<br \/>\n- Attribution prioritaire du fret a\u00e9rien et maritime<\/p>\n<\/div>\n<\/div>\n<\/div>\n<\/div>","protected":false},"excerpt":{"rendered":"<h2 data-immersive-translate-walked=\"344be1c1-5052-41eb-8fcd-0dbe236a0d6b\" data-immersive-translate-paragraph=\"1\">Finless Double Surfboard Travel Bag<\/h2>\n<p>Vous pr\u00e9voyez d'emporter le shortboard, le step-up et, attention, le mini-gun ?<\/p>\n<p>Si vous chargez autant, vous aurez besoin d'un sac capable de contenir votre carquois.<\/p>\n<p>Le sac de voyage pour planche de surf peut supporter tout ce que vous pouvez lui demander. Il est dot\u00e9 d'une protection en mousse de 10 mm pour vous donner plus de confort lorsque le bagagiste insiste.<\/p>\n<p>Les grandes poches ext\u00e9rieures avec drainage garderont la cro\u00fbte sur vos boardshorts et le sourire sur votre visage.<\/p>\n<p>Un s\u00e9parateur interne permet de s\u00e9parer parfaitement vos planches.<\/p>\n<p>Vous avez besoin d'un endroit pour ranger vos affaires ? Placez-la dans la pochette de rangement secr\u00e8te.<\/p>\n<p>Ne vous inqui\u00e9tez pas des fermetures \u00e9clair sal\u00e9es sur ce sac ; les fermetures \u00e9clair moul\u00e9es r\u00e9sistantes et non corrosives assureront la fluidit\u00e9 du mouvement pendant toute la dur\u00e9e de vie du sac.<\/p>","protected":false},"featured_media":3919,"template":"","meta":{"_uag_custom_page_level_css":""},"product_brand":[],"product_cat":[47,67,66],"product_tag":[],"class_list":{"0":"post-3912","1":"product","2":"type-product","3":"status-publish","4":"has-post-thumbnail","6":"product_cat-surfboard-bag","7":"product_cat-sports-bag","8":"product_cat-waterproof-bag","10":"first","11":"instock","12":"shipping-taxable","13":"product-type-simple"},"uagb_featured_image_src":{"full":["https:\/\/pecbag.com\/wp-content\/uploads\/2025\/05\/Finless-Double-Surfboard-Travel-Bag-4-scaled.jpeg",2560,1146,false],"thumbnail":["https:\/\/pecbag.com\/wp-content\/uploads\/2025\/05\/Finless-Double-Surfboard-Travel-Bag-4-150x150.jpeg",150,150,true],"medium":["https:\/\/pecbag.com\/wp-content\/uploads\/2025\/05\/Finless-Double-Surfboard-Travel-Bag-4-300x134.jpeg",300,134,true],"medium_large":["https:\/\/pecbag.com\/wp-content\/uploads\/2025\/05\/Finless-Double-Surfboard-Travel-Bag-4-768x344.jpeg",768,344,true],"large":["https:\/\/pecbag.com\/wp-content\/uploads\/2025\/05\/Finless-Double-Surfboard-Travel-Bag-4-1024x458.jpeg",800,358,true],"1536x1536":["https:\/\/pecbag.com\/wp-content\/uploads\/2025\/05\/Finless-Double-Surfboard-Travel-Bag-4-1536x687.jpeg",1536,687,true],"2048x2048":["https:\/\/pecbag.com\/wp-content\/uploads\/2025\/05\/Finless-Double-Surfboard-Travel-Bag-4-2048x917.jpeg",2048,917,true],"trp-custom-language-flag":["https:\/\/pecbag.com\/wp-content\/uploads\/2025\/05\/Finless-Double-Surfboard-Travel-Bag-4-18x8.jpeg",18,8,true],"woocommerce_thumbnail":["https:\/\/pecbag.com\/wp-content\/uploads\/2025\/05\/Finless-Double-Surfboard-Travel-Bag-4-300x300.jpeg",300,300,true],"woocommerce_single":["https:\/\/pecbag.com\/wp-content\/uploads\/2025\/05\/Finless-Double-Surfboard-Travel-Bag-4-600x269.jpeg",600,269,true],"woocommerce_gallery_thumbnail":["https:\/\/pecbag.com\/wp-content\/uploads\/2025\/05\/Finless-Double-Surfboard-Travel-Bag-4-100x100.jpeg",100,100,true]},"uagb_author_info":{"display_name":"Lawrence","author_link":"https:\/\/pecbag.com\/fr\/author\/"},"uagb_comment_info":0,"uagb_excerpt":"Finless Double Surfboard Travel Bag Planning on packing the shortboard, step-up, and uh oh, watch out, the mini-gun? Well, if you're charging that hard, you\u2019re going to need a bag that can handle your quiver. The surfboard travel bag can pretty much handle anything you can dish out. With 10mm foam protection to give you\u2026","_links":{"self":[{"href":"https:\/\/pecbag.com\/fr\/wp-json\/wp\/v2\/product\/3912","targetHints":{"allow":["GET"]}}],"collection":[{"href":"https:\/\/pecbag.com\/fr\/wp-json\/wp\/v2\/product"}],"about":[{"href":"https:\/\/pecbag.com\/fr\/wp-json\/wp\/v2\/types\/product"}],"wp:featuredmedia":[{"embeddable":true,"href":"https:\/\/pecbag.com\/fr\/wp-json\/wp\/v2\/media\/3919"}],"wp:attachment":[{"href":"https:\/\/pecbag.com\/fr\/wp-json\/wp\/v2\/media?parent=3912"}],"wp:term":[{"taxonomy":"product_brand","embeddable":true,"href":"https:\/\/pecbag.com\/fr\/wp-json\/wp\/v2\/product_brand?post=3912"},{"taxonomy":"product_cat","embeddable":true,"href":"https:\/\/pecbag.com\/fr\/wp-json\/wp\/v2\/product_cat?post=3912"},{"taxonomy":"product_tag","embeddable":true,"href":"https:\/\/pecbag.com\/fr\/wp-json\/wp\/v2\/product_tag?post=3912"}],"curies":[{"name":"wp","href":"https:\/\/api.w.org\/{rel}","templated":true}]}}