{"id":3920,"date":"2025-05-28T09:51:14","date_gmt":"2025-05-28T09:51:14","guid":{"rendered":"https:\/\/pecbag.com\/?post_type=product&#038;p=3920"},"modified":"2025-11-29T01:28:44","modified_gmt":"2025-11-29T01:28:44","slug":"single-board-short-surfboard-bag","status":"publish","type":"product","link":"https:\/\/pecbag.com\/fr\/single-board-short-surfboard-bag\/","title":{"rendered":"Single Board Short Surfboard Bag"},"content":{"rendered":"<h5 title=\"Sac \u00e0 dos pliable pour chien Sac \u00e0 bandouli\u00e8re en maille respirante pour petit animal de compagnie Chien Chats\" data-immersive-translate-walked=\"1c928421-2e42-4cd3-8754-5404553c0af5\" data-immersive-translate-paragraph=\"1\" data-spm-anchor-id=\"a2700.details.0.i35.4f6757d4w4zNZA\">Sacs pour planches de surf courtes \u00e0 une planche - Fabricant de sacs \u00e9tanches et de sacs \u00e0 dos - Bulk Surf Solutions<\/h5>\n<div class=\"flex flex-grow flex-col max-w-full\">\n<div class=\"min-h-[20px] text-message flex w-full flex-col items-end gap-2 whitespace-pre-wrap break-words [.text-message+&amp;]:mt-5 overflow-x-auto\" dir=\"auto\" data-message-author-role=\"assistant\" data-message-id=\"3d7d46f6-7ec2-4222-9257-48fa0bba23c6\" data-suggestions=\"true\">\n<div class=\"flex w-full flex-col gap-1 empty:hidden first:pt-[3px]\">\n<div class=\"markdown prose w-full break-words dark:prose-invert light\">\n<table width=\"288\">\n<tbody>\n<tr>\n<td width=\"137\"><span style=\"color: #333333;\">Nom des produits<\/span><\/td>\n<td width=\"151\">Sac pour planche de surf<\/td>\n<\/tr>\n<tr>\n<td><span style=\"color: #333333;\">Num\u00e9ro d'article<\/span><\/td>\n<td><span style=\"color: #333333;\">PB-2109<\/span><\/td>\n<\/tr>\n<tr>\n<td><span style=\"color: #333333;\">Mat\u00e9riau<\/span><\/td>\n<td>Poly 600 deniers<\/td>\n<\/tr>\n<tr>\n<td><span style=\"color: #333333;\">Taille<\/span><\/td>\n<td>Sur mesure<\/td>\n<\/tr>\n<tr>\n<td><span style=\"color: #333333;\">\u00a0D\u00e9lai de livraison<\/span><\/td>\n<td><span style=\"color: #333333;\">1-5 jours pour les petites quantit\u00e9s par voie a\u00e9rienne et 30-35 jours pour les grandes quantit\u00e9s par voie maritime.<\/span><\/td>\n<\/tr>\n<\/tbody>\n<\/table>\n<p>En tant que premier fabricant chinois de sacs de surf et de sacs \u00e9tanches, nous fabriquons des sacs pour planches de surf simples et courtes pour des marques de surf internationales. Notre soci\u00e9t\u00e9 de sacs de surf fournit :<\/p>\n<p>\u2705 <strong>Protection \u00e9tanche IPX5<\/strong> (nylon 420D + coutures soud\u00e9es)<br \/>\n\u2705 <strong>Jusqu'\u00e0 6\u2032 de capacit\u00e9 de shortboard<\/strong> avec garde-corps rembourr\u00e9s (MOQ 200 pcs)<br \/>\n\u2705 <strong>Services ODM\/OEM<\/strong> pour les sacs de planche de surf de marque priv\u00e9e<br \/>\n\u2705 <strong>Production de sacs de surf en vrac<\/strong> avec livraison en 10 jours<\/p>\n<p>Les grossistes et les stations baln\u00e9aires font confiance \u00e0 ce sac de surf. Caract\u00e9ristiques principales :<br \/>\n- Panneaux en mesh \u00e0 s\u00e9chage rapide et fentes pour ailerons FCS<br \/>\n- Bretelles r\u00e9glables et fermetures approuv\u00e9es TSA<br \/>\n- Mat\u00e9riaux \u00e9cologiques certifi\u00e9s OEKO-Tex<\/p>\n<p><strong>Pourquoi devenir partenaire de notre usine de sacs pour planches de surf ?<\/strong>:<br \/>\n\ud83d\udd39 12+ years as top surfboard bag exporters from China (plus de 12 ans d'exp\u00e9rience dans l'exportation de sacs pour planches de surf en Chine)<br \/>\n\ud83d\udd39 Design 3D gratuit avec le logo de votre marque de surf<br \/>\n\ud83d\udd39 Tissus r\u00e9sistants \u00e0 l'abrasion certifi\u00e9s SGS\/REACH<br \/>\n\ud83d\udd39 Remise 30% pour les vendeurs de sacs de surf \u00e0 partir de 3 000 unit\u00e9s<\/p>\n<p>Demandez des \u00e9chantillons gratuits de nos sacs pour planches de surf courtes ou obtenez des devis instantan\u00e9s. Les fournisseurs de sacs de surf appr\u00e9cient :<br \/>\n- Sur mesure MOQ \u00e0 partir de 200 pcs<br \/>\n- Rapports d'essais en eau sal\u00e9e par lot<br \/>\n- Affectation prioritaire du fret a\u00e9rien\/maritime<\/p>\n<\/div>\n<\/div>\n<\/div>\n<\/div>","protected":false},"excerpt":{"rendered":"<h2 data-immersive-translate-walked=\"344be1c1-5052-41eb-8fcd-0dbe236a0d6b\" data-immersive-translate-paragraph=\"1\">Single Board Short Surfboard Bag<\/h2>\n<ul class=\"css-1isgwd\" role=\"list\" data-id=\"detailsAccordion\">\n<li class=\"css-e3648i\">Un sac \u00e0 planche r\u00e9glable en longueur pour les planches de 5'3\" \u00e0 6'4\".<\/li>\n<li class=\"css-e3648i\">Fabriqu\u00e9 avec un tissu en polyester recycl\u00e9 pour une durabilit\u00e9 in\u00e9gal\u00e9e.<\/li>\n<li class=\"css-e3648i\">Le rembourrage renforc\u00e9 de l'ensemble du sac assure une protection optimale.<\/li>\n<li class=\"css-e3648i\">Une poche externe intelligente permet de ranger facilement les palmes, les leashes, la cire et d'autres \u00e9l\u00e9ments essentiels.<\/li>\n<li class=\"css-e3648i\">Facile \u00e0 ranger entre deux utilisations gr\u00e2ce \u00e0 des panneaux compressibles plac\u00e9s \u00e0 des endroits strat\u00e9giques.<\/li>\n<\/ul>","protected":false},"featured_media":3922,"template":"","meta":{"_uag_custom_page_level_css":""},"product_brand":[],"product_cat":[47,67,66],"product_tag":[],"class_list":{"0":"post-3920","1":"product","2":"type-product","3":"status-publish","4":"has-post-thumbnail","6":"product_cat-surfboard-bag","7":"product_cat-sports-bag","8":"product_cat-waterproof-bag","10":"first","11":"instock","12":"shipping-taxable","13":"product-type-simple"},"uagb_featured_image_src":{"full":["https:\/\/pecbag.com\/wp-content\/uploads\/2025\/05\/Single-Board-Short-Surfboard-Bag-1.jpg",1200,1200,false],"thumbnail":["https:\/\/pecbag.com\/wp-content\/uploads\/2025\/05\/Single-Board-Short-Surfboard-Bag-1-150x150.jpg",150,150,true],"medium":["https:\/\/pecbag.com\/wp-content\/uploads\/2025\/05\/Single-Board-Short-Surfboard-Bag-1-300x300.jpg",300,300,true],"medium_large":["https:\/\/pecbag.com\/wp-content\/uploads\/2025\/05\/Single-Board-Short-Surfboard-Bag-1-768x768.jpg",768,768,true],"large":["https:\/\/pecbag.com\/wp-content\/uploads\/2025\/05\/Single-Board-Short-Surfboard-Bag-1-1024x1024.jpg",800,800,true],"1536x1536":["https:\/\/pecbag.com\/wp-content\/uploads\/2025\/05\/Single-Board-Short-Surfboard-Bag-1.jpg",1200,1200,false],"2048x2048":["https:\/\/pecbag.com\/wp-content\/uploads\/2025\/05\/Single-Board-Short-Surfboard-Bag-1.jpg",1200,1200,false],"trp-custom-language-flag":["https:\/\/pecbag.com\/wp-content\/uploads\/2025\/05\/Single-Board-Short-Surfboard-Bag-1-12x12.jpg",12,12,true],"woocommerce_thumbnail":["https:\/\/pecbag.com\/wp-content\/uploads\/2025\/05\/Single-Board-Short-Surfboard-Bag-1-300x300.jpg",300,300,true],"woocommerce_single":["https:\/\/pecbag.com\/wp-content\/uploads\/2025\/05\/Single-Board-Short-Surfboard-Bag-1-600x600.jpg",600,600,true],"woocommerce_gallery_thumbnail":["https:\/\/pecbag.com\/wp-content\/uploads\/2025\/05\/Single-Board-Short-Surfboard-Bag-1-100x100.jpg",100,100,true]},"uagb_author_info":{"display_name":"Lawrence","author_link":"https:\/\/pecbag.com\/fr\/author\/"},"uagb_comment_info":0,"uagb_excerpt":"Single Board Short Surfboard Bag A length-adjustable board bag for boards between 5\u20193\u201d and 6\u20194\u201d Built with a recycled polyester fabric for unmatched durability Reinforced padding throughout the bag provides optimal protection An external smart pocket easily stores fins, leashes, wax, and other essentials Easy to store between uses with compressible, strategically placed panels","_links":{"self":[{"href":"https:\/\/pecbag.com\/fr\/wp-json\/wp\/v2\/product\/3920","targetHints":{"allow":["GET"]}}],"collection":[{"href":"https:\/\/pecbag.com\/fr\/wp-json\/wp\/v2\/product"}],"about":[{"href":"https:\/\/pecbag.com\/fr\/wp-json\/wp\/v2\/types\/product"}],"wp:featuredmedia":[{"embeddable":true,"href":"https:\/\/pecbag.com\/fr\/wp-json\/wp\/v2\/media\/3922"}],"wp:attachment":[{"href":"https:\/\/pecbag.com\/fr\/wp-json\/wp\/v2\/media?parent=3920"}],"wp:term":[{"taxonomy":"product_brand","embeddable":true,"href":"https:\/\/pecbag.com\/fr\/wp-json\/wp\/v2\/product_brand?post=3920"},{"taxonomy":"product_cat","embeddable":true,"href":"https:\/\/pecbag.com\/fr\/wp-json\/wp\/v2\/product_cat?post=3920"},{"taxonomy":"product_tag","embeddable":true,"href":"https:\/\/pecbag.com\/fr\/wp-json\/wp\/v2\/product_tag?post=3920"}],"curies":[{"name":"wp","href":"https:\/\/api.w.org\/{rel}","templated":true}]}}