{"id":4075,"date":"2025-06-18T02:06:30","date_gmt":"2025-06-18T02:06:30","guid":{"rendered":"https:\/\/pecbag.com\/?post_type=product&#038;p=4075"},"modified":"2025-11-29T01:28:37","modified_gmt":"2025-11-29T01:28:37","slug":"leakproof-fishing-cooler-bag-factory","status":"publish","type":"product","link":"https:\/\/pecbag.com\/fr\/leakproof-fishing-cooler-bag-factory\/","title":{"rendered":"Sac \u00e9tanche pour glaci\u00e8re de p\u00eache Factory"},"content":{"rendered":"<h5 title=\"Sac \u00e0 dos pliable pour chien Sac \u00e0 bandouli\u00e8re en maille respirante pour petit animal de compagnie Chien Chats\" data-immersive-translate-walked=\"1c928421-2e42-4cd3-8754-5404553c0af5\" data-immersive-translate-paragraph=\"1\" data-spm-anchor-id=\"a2700.details.0.i35.4f6757d4w4zNZA\">\u00a0Fabricant de sacs \u00e9tanches pour glaci\u00e8res de p\u00eache | Fabricant de sacs industriels \u00e9tanches et de sacs \u00e0 dos r\u00e9sistants | OEM en vrac<\/h5>\n<div class=\"flex flex-grow flex-col max-w-full\">\n<div class=\"min-h-[20px] text-message flex w-full flex-col items-end gap-2 whitespace-pre-wrap break-words [.text-message+&amp;]:mt-5 overflow-x-auto\" dir=\"auto\" data-message-author-role=\"assistant\" data-message-id=\"3d7d46f6-7ec2-4222-9257-48fa0bba23c6\" data-suggestions=\"true\">\n<div class=\"flex w-full flex-col gap-1 empty:hidden first:pt-[3px]\">\n<div class=\"markdown prose w-full break-words dark:prose-invert light\">\n<table width=\"288\">\n<tbody>\n<tr>\n<td width=\"137\"><span style=\"color: #333333;\">Nom des produits<\/span><\/td>\n<td width=\"151\">Sac pour planche de surf<\/td>\n<\/tr>\n<tr>\n<td><span style=\"color: #333333;\">Num\u00e9ro d'article<\/span><\/td>\n<td><span style=\"color: #333333;\">PB-2110<\/span><\/td>\n<\/tr>\n<tr>\n<td><span style=\"color: #333333;\">Mat\u00e9riau<\/span><\/td>\n<td>B\u00e2che 500D PVC<\/td>\n<\/tr>\n<tr>\n<td><span style=\"color: #333333;\">Taille<\/span><\/td>\n<td>40.1*16.5 pouces<\/td>\n<\/tr>\n<tr>\n<td><span style=\"color: #333333;\">\u00a0D\u00e9lai de livraison<\/span><\/td>\n<td><span style=\"color: #333333;\">1-5 jours pour les petites quantit\u00e9s par voie a\u00e9rienne et 30-35 jours pour les grandes quantit\u00e9s par voie maritime.<\/span><\/td>\n<\/tr>\n<\/tbody>\n<\/table>\n<p class=\"ds-markdown-paragraph\">Vous avez besoin de sacs isothermes \u00e9tanches pour la p\u00eache qui survivent aux mers agit\u00e9es et aux prises sanglantes ? En tant que fabricant de sacs \u00e9tanches et de sacs \u00e0 dos en Chine, notre usine de sacs isothermes \u00e9tanches pour la p\u00eache fabrique des \u00e9quipements pr\u00eats \u00e0 l'emploi pour les p\u00eacheurs professionnels, les marques marines et les grossistes en sacs de p\u00eache !<\/p>\n<p class=\"ds-markdown-paragraph\">\u2705\u00a0<strong>Pourquoi plus de 200 acheteurs choisissent notre usine :<\/strong><\/p>\n<ul>\n<li>\n<p class=\"ds-markdown-paragraph\"><strong>Garantie z\u00e9ro fuite<\/strong>: Coutures TPU soud\u00e9es + coins test\u00e9s sous pression (r\u00e9siste \u00e0 72h sous l'eau !)<\/p>\n<\/li>\n<li>\n<p class=\"ds-markdown-paragraph\"><strong>Pro Angler Design<\/strong>: Porte-cannes \u00e0 p\u00eache int\u00e9gr\u00e9s + bacs \u00e0 app\u00e2ts amovibles - permet d'organiser le mat\u00e9riel et d'attraper les glaces.<\/p>\n<\/li>\n<li>\n<p class=\"ds-markdown-paragraph\"><strong>Avantages des commandes group\u00e9es<\/strong>: Produire des sacs de p\u00eache en vrac (MOQ 50pcs) via Fishing Bag ODM\/OEM ou private label en 15 jours !<\/p>\n<\/li>\n<li>\n<p class=\"ds-markdown-paragraph\"><strong>L'avantage financier de la Chine<\/strong>: En tant que fabricant chinois de sacs de p\u00eache, nous offrons une qualit\u00e9 industrielle \u00e0 des prix d'usine.<\/p>\n<\/li>\n<\/ul>\n<p class=\"ds-markdown-paragraph\"><strong>Caract\u00e9ristiques \u00e0 l'\u00e9preuve de l'oc\u00e9an :<\/strong><br \/>\n\ud83d\udd39\u00a0<strong>Isolation \u00e9cologique de 5 cm<\/strong>\u00a0- R\u00e9tention de la glace 2 fois plus longue que les sacs standard<br \/>\n\ud83d\udd39 Doublure OEKO-TEX sans danger pour les poissons (pas de contamination chimique) + bouchons d'\u00e9vacuation du sang<br \/>\n\ud83d\udd39 Base en caoutchouc antid\u00e9rapante + roues \u00e0 360\u00b0 (pr\u00eat pour le rivage)<br \/>\n\ud83d\udd39 Quincaillerie antirouille + b\u00e2che PVC 1200D r\u00e9sistante aux UV<\/p>\n<p class=\"ds-markdown-paragraph\"><strong>Parfait pour :<\/strong><\/p>\n<ul>\n<li>\n<p class=\"ds-markdown-paragraph\">Flottes commerciales et vendeurs de sacs de p\u00eache<\/p>\n<\/li>\n<li>\n<p class=\"ds-markdown-paragraph\">Exportateurs d'articles de p\u00eache et grossistes en sacs de p\u00eache<\/p>\n<\/li>\n<li>\n<p class=\"ds-markdown-paragraph\">Les marques cr\u00e9ent des gammes de sacs de p\u00eache sous marque de distributeur<\/p>\n<\/li>\n<\/ul>\n<p class=\"ds-markdown-paragraph\"><strong>Votre processus sans souci :<\/strong><br \/>\n1\ufe0f\u20e3 Personnalisez les couleurs\/capacit\u00e9s (30+ designs pro disponibles)<br \/>\n2\ufe0f\u20e3 Prototype en 6 jours \u2192 essais en mer \u2192 production de masse<br \/>\n3\ufe0f\u20e3 Exp\u00e9dition via les r\u00e9seaux d'exportation de sacs de p\u00eache (DDP air\/mer \u00e0 l'\u00e9chelle mondiale)<\/p>\n<p class=\"ds-markdown-paragraph\"><strong>Badges Factory Trust :<\/strong><br \/>\n12+ ann\u00e9es d'expertise dans la fabrication de sacs \u00e0 dos<br \/>\n\u2705 Parois plus \u00e9paisses du 40% par rapport aux concurrents<br \/>\n\u2705 Certifications : ISO 9001, SGS, BSCI<\/p>\n<p class=\"ds-markdown-paragraph\"><strong>Pr\u00eat \u00e0 r\u00e9aliser des profits \u00e0 l'abri des fuites ?<\/strong><br \/>\n\ud83d\udc49 [Echantillon gratuit test\u00e9 en eau sal\u00e9e] \ud83d\udc49 [D\u00e9p\u00f4t 20%] \ud83d\udc49 [Devis 24h]<\/p>\n<\/div>\n<\/div>\n<\/div>\n<\/div>","protected":false},"excerpt":{"rendered":"<h2 data-immersive-translate-walked=\"344be1c1-5052-41eb-8fcd-0dbe236a0d6b\" data-immersive-translate-paragraph=\"1\">Sac \u00e9tanche pour glaci\u00e8re de p\u00eache Factory<\/h2>\n<p>Nous fournissons des sacs de qualit\u00e9 sup\u00e9rieure avec une personnalisation compl\u00e8te de la taille et de la couleur, des tissus durables et une qualit\u00e9 certifi\u00e9e.<\/p>\n<p>B\u00e9n\u00e9ficiez de MOQ flexibles, d'une exp\u00e9dition mondiale rapide et de solutions de marques priv\u00e9es.<\/p>\n<p>Contactez-nous d\u00e8s aujourd'hui !<\/p>","protected":false},"featured_media":4076,"template":"","meta":{"_uag_custom_page_level_css":""},"product_brand":[],"product_cat":[66,50,46],"product_tag":[],"class_list":{"0":"post-4075","1":"product","2":"type-product","3":"status-publish","4":"has-post-thumbnail","6":"product_cat-waterproof-bag","7":"product_cat-cooler-bag","8":"product_cat-fishing-bag","10":"first","11":"instock","12":"shipping-taxable","13":"product-type-simple"},"uagb_featured_image_src":{"full":["https:\/\/pecbag.com\/wp-content\/uploads\/2025\/06\/Leakproof-Fishing-Cooler-Bag-Factory-1.jpg",1000,1000,false],"thumbnail":["https:\/\/pecbag.com\/wp-content\/uploads\/2025\/06\/Leakproof-Fishing-Cooler-Bag-Factory-1-150x150.jpg",150,150,true],"medium":["https:\/\/pecbag.com\/wp-content\/uploads\/2025\/06\/Leakproof-Fishing-Cooler-Bag-Factory-1-300x300.jpg",300,300,true],"medium_large":["https:\/\/pecbag.com\/wp-content\/uploads\/2025\/06\/Leakproof-Fishing-Cooler-Bag-Factory-1-768x768.jpg",768,768,true],"large":["https:\/\/pecbag.com\/wp-content\/uploads\/2025\/06\/Leakproof-Fishing-Cooler-Bag-Factory-1.jpg",800,800,false],"1536x1536":["https:\/\/pecbag.com\/wp-content\/uploads\/2025\/06\/Leakproof-Fishing-Cooler-Bag-Factory-1.jpg",1000,1000,false],"2048x2048":["https:\/\/pecbag.com\/wp-content\/uploads\/2025\/06\/Leakproof-Fishing-Cooler-Bag-Factory-1.jpg",1000,1000,false],"trp-custom-language-flag":["https:\/\/pecbag.com\/wp-content\/uploads\/2025\/06\/Leakproof-Fishing-Cooler-Bag-Factory-1-12x12.jpg",12,12,true],"woocommerce_thumbnail":["https:\/\/pecbag.com\/wp-content\/uploads\/2025\/06\/Leakproof-Fishing-Cooler-Bag-Factory-1-300x300.jpg",300,300,true],"woocommerce_single":["https:\/\/pecbag.com\/wp-content\/uploads\/2025\/06\/Leakproof-Fishing-Cooler-Bag-Factory-1-600x600.jpg",600,600,true],"woocommerce_gallery_thumbnail":["https:\/\/pecbag.com\/wp-content\/uploads\/2025\/06\/Leakproof-Fishing-Cooler-Bag-Factory-1-100x100.jpg",100,100,true]},"uagb_author_info":{"display_name":"Lawrence","author_link":"https:\/\/pecbag.com\/fr\/author\/"},"uagb_comment_info":0,"uagb_excerpt":"Leakproof Fishing Cooler Bag Factory We provide premium bags with full-size and color customization, durable fabrics, and certified quality. Enjoy flexible MOQs, fast global shipping, and private label solutions. Contact us today!","_links":{"self":[{"href":"https:\/\/pecbag.com\/fr\/wp-json\/wp\/v2\/product\/4075","targetHints":{"allow":["GET"]}}],"collection":[{"href":"https:\/\/pecbag.com\/fr\/wp-json\/wp\/v2\/product"}],"about":[{"href":"https:\/\/pecbag.com\/fr\/wp-json\/wp\/v2\/types\/product"}],"wp:featuredmedia":[{"embeddable":true,"href":"https:\/\/pecbag.com\/fr\/wp-json\/wp\/v2\/media\/4076"}],"wp:attachment":[{"href":"https:\/\/pecbag.com\/fr\/wp-json\/wp\/v2\/media?parent=4075"}],"wp:term":[{"taxonomy":"product_brand","embeddable":true,"href":"https:\/\/pecbag.com\/fr\/wp-json\/wp\/v2\/product_brand?post=4075"},{"taxonomy":"product_cat","embeddable":true,"href":"https:\/\/pecbag.com\/fr\/wp-json\/wp\/v2\/product_cat?post=4075"},{"taxonomy":"product_tag","embeddable":true,"href":"https:\/\/pecbag.com\/fr\/wp-json\/wp\/v2\/product_tag?post=4075"}],"curies":[{"name":"wp","href":"https:\/\/api.w.org\/{rel}","templated":true}]}}