{"id":4083,"date":"2025-06-18T02:28:41","date_gmt":"2025-06-18T02:28:41","guid":{"rendered":"https:\/\/pecbag.com\/?post_type=product&#038;p=4083"},"modified":"2025-11-29T01:28:20","modified_gmt":"2025-11-29T01:28:20","slug":"pvc-tarpaulin-fish-cooler-bag-manufacturer","status":"publish","type":"product","link":"https:\/\/pecbag.com\/fr\/pvc-tarpaulin-fish-cooler-bag-manufacturer\/","title":{"rendered":"Fabricant de sacs r\u00e9frig\u00e9rants pour poissons en b\u00e2che PVC"},"content":{"rendered":"<h5 title=\"Sac \u00e0 dos pliable pour chien Sac \u00e0 bandouli\u00e8re en maille respirante pour petit animal de compagnie Chien Chats\" data-immersive-translate-walked=\"1c928421-2e42-4cd3-8754-5404553c0af5\" data-immersive-translate-paragraph=\"1\" data-spm-anchor-id=\"a2700.details.0.i35.4f6757d4w4zNZA\">\u00a0Fabricant de sacs isothermes en b\u00e2che PVC pour poissons | Fabricant de sacs \u00e9tanches et de sacs \u00e0 dos r\u00e9sistants | OEM en vrac<\/h5>\n<div class=\"flex flex-grow flex-col max-w-full\">\n<div class=\"min-h-[20px] text-message flex w-full flex-col items-end gap-2 whitespace-pre-wrap break-words [.text-message+&amp;]:mt-5 overflow-x-auto\" dir=\"auto\" data-message-author-role=\"assistant\" data-message-id=\"3d7d46f6-7ec2-4222-9257-48fa0bba23c6\" data-suggestions=\"true\">\n<div class=\"flex w-full flex-col gap-1 empty:hidden first:pt-[3px]\">\n<div class=\"markdown prose w-full break-words dark:prose-invert light\">\n<table width=\"288\">\n<tbody>\n<tr>\n<td width=\"137\"><span style=\"color: #333333;\">Nom des produits<\/span><\/td>\n<td width=\"151\">Sac pour planche de surf<\/td>\n<\/tr>\n<tr>\n<td><span style=\"color: #333333;\">Num\u00e9ro d'article<\/span><\/td>\n<td><span style=\"color: #333333;\">PB-2111<\/span><\/td>\n<\/tr>\n<tr>\n<td><span style=\"color: #333333;\">Mat\u00e9riau<\/span><\/td>\n<td>B\u00e2che 500D PVC<\/td>\n<\/tr>\n<tr>\n<td><span style=\"color: #333333;\">Taille<\/span><\/td>\n<td>18\/25.5*8.6*13.7 pouces<\/td>\n<\/tr>\n<tr>\n<td><span style=\"color: #333333;\">\u00a0D\u00e9lai de livraison<\/span><\/td>\n<td><span style=\"color: #333333;\">1-5 jours pour les petites quantit\u00e9s par voie a\u00e9rienne et 30-35 jours pour les grandes quantit\u00e9s par voie maritime.<\/span><\/td>\n<\/tr>\n<\/tbody>\n<\/table>\n<p class=\"ds-markdown-paragraph\">Vous avez besoin de sacs r\u00e9frig\u00e9rants pour poissons en b\u00e2che PVC qui r\u00e9sistent \u00e0 l'eau sal\u00e9e, aux hame\u00e7ons et aux quais accident\u00e9s ? En tant que fabricant de sacs imperm\u00e9ables et de sacs \u00e0 dos en Chine, nous sommes sp\u00e9cialis\u00e9s dans la fabrication de sacs isothermes en b\u00e2che PVC de qualit\u00e9 industrielle pour les p\u00eacheurs professionnels, les marques marines et les grossistes en sacs de p\u00eache !<\/p>\n<p class=\"ds-markdown-paragraph\">\u2705\u00a0<strong>Pourquoi les acheteurs mondiaux font-ils confiance \u00e0 notre usine ?<\/strong><\/p>\n<ul>\n<li>\n<p class=\"ds-markdown-paragraph\"><strong>B\u00e2che incassable<\/strong>: Tissu 1200D enduit de PVC + coutures soud\u00e9es - r\u00e9siste aux \u00e9pines de poisson, aux rayons UV et \u00e0 la corrosion de l'eau de mer !<\/p>\n<\/li>\n<li>\n<p class=\"ds-markdown-paragraph\"><strong>Caract\u00e9ristiques du Pro Angler<\/strong>: Tubes pour cannes \u00e0 p\u00eache int\u00e9gr\u00e9s + puits \u00e0 app\u00e2ts \u00e9tanches - con\u00e7us pour les capitaines de charter.<\/p>\n<\/li>\n<li>\n<p class=\"ds-markdown-paragraph\"><strong>Avantages des commandes group\u00e9es<\/strong>: Produire des sacs de p\u00eache en vrac par le biais de sacs de p\u00eache ODM\/OEM ou de marques de distributeur en 15 jours !<\/p>\n<\/li>\n<li>\n<p class=\"ds-markdown-paragraph\"><strong>Avantage en termes de co\u00fbts pour la Chine<\/strong>: En tant que premier fabricant de sacs de p\u00eache en Chine, nous offrons une durabilit\u00e9 commerciale \u00e0 des prix d'exportation.<\/p>\n<\/li>\n<\/ul>\n<p class=\"ds-markdown-paragraph\"><strong>Sp\u00e9cifications test\u00e9es en mer :<\/strong><br \/>\n\ud83d\udd39\u00a0<strong>R\u00e9tention de la glace pendant 72 heures<\/strong>: Isolation en \u00e9co-mousse de 5 cm (30% plus \u00e9paisse que la norme)<br \/>\n\ud83d\udd39 Bouchons autodrainants + tapis en caoutchouc antid\u00e9rapant (sans danger pour le bateau\/la terrasse)<br \/>\n\ud83d\udd39 Quincaillerie en acier inoxydable inoxydable + doublure anti-poisson (certifi\u00e9e OEKO-TEX)<br \/>\n\ud83d\udd39 Capacit\u00e9 de 80 \u00e0 200 litres - permet de stocker plus de 100 livres de poisson.<\/p>\n<p class=\"ds-markdown-paragraph\"><strong>Parfait pour :<\/strong><\/p>\n<ul>\n<li>\n<p class=\"ds-markdown-paragraph\">Flottes de p\u00eache commerciale et vendeurs de sacs de p\u00eache<\/p>\n<\/li>\n<li>\n<p class=\"ds-markdown-paragraph\">Exportateurs d'articles de p\u00eache et grossistes en sacs de p\u00eache<\/p>\n<\/li>\n<li>\n<p class=\"ds-markdown-paragraph\">Les marques cr\u00e9ent des lignes de produits haut de gamme sous marque de distributeur Fishing Bag<\/p>\n<\/li>\n<\/ul>\n<p class=\"ds-markdown-paragraph\"><strong>Votre parcours de fabrication :<\/strong><br \/>\n1\ufe0f\u20e3 Personnalisez les tailles\/couleurs (ou choisissez 25+ designs pro)<br \/>\n2\ufe0f\u20e3 Prototype en 7 jours \u2192 test de pression en eau sal\u00e9e \u2192 production de masse<br \/>\n3\ufe0f\u20e3 Exp\u00e9dier par\u00a0<strong>Exportation de sacs de p\u00eache<\/strong>\u00a0r\u00e9seaux (DDP air\/mer vers USA\/EU\/AU)<\/p>\n<p class=\"ds-markdown-paragraph\"><strong>R\u00e9f\u00e9rences de l'usine :<\/strong><br \/>\n\u2705 Plus de 15 ans d'expertise dans la fabrication de sacs \u00e0 dos pour usage intensif<br \/>\nPVC r\u00e9sistant aux UV (garantie de d\u00e9coloration de 5 ans)<br \/>\n\u2705 Certifications : ISO 9001, SGS, BSCI<\/p>\n<p class=\"ds-markdown-paragraph\"><strong>Pr\u00eat \u00e0 r\u00e9aliser des b\u00e9n\u00e9fices nets \u00e0 l'abri des temp\u00eates ?<\/strong><br \/>\n\ud83d\udc49\u00a0<strong>\u00c9chantillon gratuit test\u00e9 en eau sal\u00e9e<\/strong>\u00a0\ud83d\udc49 20% deposit \ud83d\udc49 24h quote<\/p>\n<\/div>\n<\/div>\n<\/div>\n<\/div>","protected":false},"excerpt":{"rendered":"<h2 data-immersive-translate-walked=\"344be1c1-5052-41eb-8fcd-0dbe236a0d6b\" data-immersive-translate-paragraph=\"1\">Fabricant de sacs r\u00e9frig\u00e9rants pour poissons en b\u00e2che PVC<\/h2>\n<p>Nous fournissons des sacs de qualit\u00e9 sup\u00e9rieure avec une personnalisation compl\u00e8te de la taille et de la couleur, des tissus durables et une qualit\u00e9 certifi\u00e9e.<\/p>\n<p>B\u00e9n\u00e9ficiez de MOQ flexibles, d'une exp\u00e9dition mondiale rapide et de solutions de marques priv\u00e9es.<\/p>\n<p>Contactez-nous d\u00e8s aujourd'hui !<\/p>","protected":false},"featured_media":4088,"template":"","meta":{"_uag_custom_page_level_css":""},"product_brand":[],"product_cat":[66,50,46],"product_tag":[],"class_list":{"0":"post-4083","1":"product","2":"type-product","3":"status-publish","4":"has-post-thumbnail","6":"product_cat-waterproof-bag","7":"product_cat-cooler-bag","8":"product_cat-fishing-bag","10":"first","11":"instock","12":"shipping-taxable","13":"product-type-simple"},"uagb_featured_image_src":{"full":["https:\/\/pecbag.com\/wp-content\/uploads\/2025\/06\/PVC-Tarpaulin-Fish-Cooler-Bag-Manufacturer-4.jpg",1000,1000,false],"thumbnail":["https:\/\/pecbag.com\/wp-content\/uploads\/2025\/06\/PVC-Tarpaulin-Fish-Cooler-Bag-Manufacturer-4-150x150.jpg",150,150,true],"medium":["https:\/\/pecbag.com\/wp-content\/uploads\/2025\/06\/PVC-Tarpaulin-Fish-Cooler-Bag-Manufacturer-4-300x300.jpg",300,300,true],"medium_large":["https:\/\/pecbag.com\/wp-content\/uploads\/2025\/06\/PVC-Tarpaulin-Fish-Cooler-Bag-Manufacturer-4-768x768.jpg",768,768,true],"large":["https:\/\/pecbag.com\/wp-content\/uploads\/2025\/06\/PVC-Tarpaulin-Fish-Cooler-Bag-Manufacturer-4.jpg",800,800,false],"1536x1536":["https:\/\/pecbag.com\/wp-content\/uploads\/2025\/06\/PVC-Tarpaulin-Fish-Cooler-Bag-Manufacturer-4.jpg",1000,1000,false],"2048x2048":["https:\/\/pecbag.com\/wp-content\/uploads\/2025\/06\/PVC-Tarpaulin-Fish-Cooler-Bag-Manufacturer-4.jpg",1000,1000,false],"trp-custom-language-flag":["https:\/\/pecbag.com\/wp-content\/uploads\/2025\/06\/PVC-Tarpaulin-Fish-Cooler-Bag-Manufacturer-4-12x12.jpg",12,12,true],"woocommerce_thumbnail":["https:\/\/pecbag.com\/wp-content\/uploads\/2025\/06\/PVC-Tarpaulin-Fish-Cooler-Bag-Manufacturer-4-300x300.jpg",300,300,true],"woocommerce_single":["https:\/\/pecbag.com\/wp-content\/uploads\/2025\/06\/PVC-Tarpaulin-Fish-Cooler-Bag-Manufacturer-4-600x600.jpg",600,600,true],"woocommerce_gallery_thumbnail":["https:\/\/pecbag.com\/wp-content\/uploads\/2025\/06\/PVC-Tarpaulin-Fish-Cooler-Bag-Manufacturer-4-100x100.jpg",100,100,true]},"uagb_author_info":{"display_name":"Lawrence","author_link":"https:\/\/pecbag.com\/fr\/author\/"},"uagb_comment_info":0,"uagb_excerpt":"PVC Tarpaulin Fish Cooler Bag Manufacturer We provide premium bags with full-size and color customization, durable fabrics, and certified quality. Enjoy flexible MOQs, fast global shipping, and private label solutions. Contact us today!","_links":{"self":[{"href":"https:\/\/pecbag.com\/fr\/wp-json\/wp\/v2\/product\/4083","targetHints":{"allow":["GET"]}}],"collection":[{"href":"https:\/\/pecbag.com\/fr\/wp-json\/wp\/v2\/product"}],"about":[{"href":"https:\/\/pecbag.com\/fr\/wp-json\/wp\/v2\/types\/product"}],"wp:featuredmedia":[{"embeddable":true,"href":"https:\/\/pecbag.com\/fr\/wp-json\/wp\/v2\/media\/4088"}],"wp:attachment":[{"href":"https:\/\/pecbag.com\/fr\/wp-json\/wp\/v2\/media?parent=4083"}],"wp:term":[{"taxonomy":"product_brand","embeddable":true,"href":"https:\/\/pecbag.com\/fr\/wp-json\/wp\/v2\/product_brand?post=4083"},{"taxonomy":"product_cat","embeddable":true,"href":"https:\/\/pecbag.com\/fr\/wp-json\/wp\/v2\/product_cat?post=4083"},{"taxonomy":"product_tag","embeddable":true,"href":"https:\/\/pecbag.com\/fr\/wp-json\/wp\/v2\/product_tag?post=4083"}],"curies":[{"name":"wp","href":"https:\/\/api.w.org\/{rel}","templated":true}]}}