{"id":4090,"date":"2025-06-19T01:51:55","date_gmt":"2025-06-19T01:51:55","guid":{"rendered":"https:\/\/pecbag.com\/?post_type=product&#038;p=4090"},"modified":"2025-11-29T01:29:31","modified_gmt":"2025-11-29T01:29:31","slug":"new-design-tactical-hiking-backpack-factory","status":"publish","type":"product","link":"https:\/\/pecbag.com\/fr\/new-design-tactical-hiking-backpack-factory\/","title":{"rendered":"Nouveau sac \u00e0 dos de randonn\u00e9e tactique Factory"},"content":{"rendered":"<h5 title=\"Sac \u00e0 dos pliable pour chien Sac \u00e0 bandouli\u00e8re en maille respirante pour petit animal de compagnie Chien Chats\" data-immersive-translate-walked=\"1c928421-2e42-4cd3-8754-5404553c0af5\" data-immersive-translate-paragraph=\"1\" data-spm-anchor-id=\"a2700.details.0.i35.4f6757d4w4zNZA\">Sac \u00e0 dos de randonn\u00e9e tactique de conception nouvelle Fabrique de sacs \u00e9tanches et fabricant professionnel de sacs \u00e0 dos | OEM en vrac<\/h5>\n<p>Vous avez besoin d'un sac \u00e0 dos de randonn\u00e9e tactique de nouvelle conception con\u00e7u pour les aventures extr\u00eames ? En tant que fabricant de sacs \u00e9tanches et de sacs \u00e0 dos en Chine, notre usine de sacs \u00e0 dos tactiques de randonn\u00e9e New Design fournit des \u00e9quipements de qualit\u00e9 militaire pour les marques de plein air, les fournisseurs de l'arm\u00e9e et les grossistes de sacs de randonn\u00e9e !<\/p>\n<div class=\"flex flex-grow flex-col max-w-full\">\n<div class=\"min-h-[20px] text-message flex w-full flex-col items-end gap-2 whitespace-pre-wrap break-words [.text-message+&amp;]:mt-5 overflow-x-auto\" dir=\"auto\" data-message-author-role=\"assistant\" data-message-id=\"3d7d46f6-7ec2-4222-9257-48fa0bba23c6\" data-suggestions=\"true\">\n<div class=\"flex w-full flex-col gap-1 empty:hidden first:pt-[3px]\">\n<div class=\"markdown prose w-full break-words dark:prose-invert light\">\n<table width=\"288\">\n<tbody>\n<tr>\n<td width=\"137\"><span style=\"color: #333333;\">Nom des produits<\/span><\/td>\n<td width=\"151\">Sac de chasse<\/td>\n<\/tr>\n<tr>\n<td><span style=\"color: #333333;\">Num\u00e9ro d'article<\/span><\/td>\n<td><span style=\"color: #333333;\">PB-2112<\/span><\/td>\n<\/tr>\n<tr>\n<td><span style=\"color: #333333;\">Mat\u00e9riau<\/span><\/td>\n<td>Polyester 600D<\/td>\n<\/tr>\n<tr>\n<td><span style=\"color: #333333;\">Taille<\/span><\/td>\n<td>15 X 8 X 21 pouces<\/td>\n<\/tr>\n<tr>\n<td><span style=\"color: #333333;\">\u00a0D\u00e9lai de livraison<\/span><\/td>\n<td><span style=\"color: #333333;\">1-5 jours pour les petites quantit\u00e9s par voie a\u00e9rienne et 30-35 jours pour les grandes quantit\u00e9s par voie maritime.<\/span><\/td>\n<\/tr>\n<\/tbody>\n<\/table>\n<p class=\"ds-markdown-paragraph\">\u2705\u00a0<strong>Pourquoi les acheteurs mondiaux nous choisissent-ils ?<\/strong><\/p>\n<ul>\n<li>\n<p class=\"ds-markdown-paragraph\"><strong>Une durabilit\u00e9 \u00e0 toute \u00e9preuve<\/strong>: Nylon balistique 1000D + coutures soud\u00e9es - survit aux \u00e9raflures de rochers, aux pluies diluviennes et aux charges de 80 livres !<\/p>\n<\/li>\n<li>\n<p class=\"ds-markdown-paragraph\"><strong>2024 Am\u00e9liorations tactiques<\/strong>: Panneaux MOLLE modulaires + \u00e9tui d\u00e9tachable pour drone + syst\u00e8me de verrouillage approuv\u00e9 par la TSA.<\/p>\n<\/li>\n<li>\n<p class=\"ds-markdown-paragraph\"><strong>Efficacit\u00e9 des commandes en vrac<\/strong>: Produire des sacs de randonn\u00e9e en vrac par le biais de sacs de randonn\u00e9e ODM\/OEM ou de marques de distributeur en 15 jours !<\/p>\n<\/li>\n<li>\n<p class=\"ds-markdown-paragraph\"><strong>Avantage en termes de co\u00fbts pour la Chine<\/strong>: En tant que premier fabricant de sacs de randonn\u00e9e en Chine, nous offrons une qualit\u00e9 professionnelle \u00e0 des prix imbattables.<\/p>\n<\/li>\n<\/ul>\n<p class=\"ds-markdown-paragraph\"><strong>Innovations test\u00e9es sur le terrain :<\/strong><br \/>\n\ud83d\udd39\u00a0<strong>Conception \u00e0 l'\u00e9preuve des temp\u00eates<\/strong>: Fermetures \u00e0 glissi\u00e8re YKK Aquaguard\u00ae + base rev\u00eatue de TPU (\u00e9tanch\u00e9it\u00e9 IPX6)<br \/>\n\ud83d\udd39 Syst\u00e8me de suspension ventil\u00e9e + cadre de torse r\u00e9glable (convient \u00e0 5'0\u2033-6'8\u2033)<br \/>\n\ud83d\udd39 Poches furtives pour les objets de valeur + port pour tuyau d'hydratation<br \/>\n\ud83d\udd39 Coloris OTAN (Coyote, OD Green, Tactical Black)<\/p>\n<p class=\"ds-markdown-paragraph\"><strong>Parfait pour :<\/strong><\/p>\n<ul>\n<li>\n<p class=\"ds-markdown-paragraph\">D\u00e9taillants de produits de plein air et vendeurs de sacs de randonn\u00e9e<\/p>\n<\/li>\n<li>\n<p class=\"ds-markdown-paragraph\">Fournisseurs d'articles militaires et grossistes en sacs de randonn\u00e9e<\/p>\n<\/li>\n<li>\n<p class=\"ds-markdown-paragraph\">Les marques cr\u00e9ent des gammes de sacs de randonn\u00e9e sous marque de distributeur<\/p>\n<\/li>\n<\/ul>\n<p class=\"ds-markdown-paragraph\"><strong>Votre parcours de production :<\/strong><br \/>\n1\ufe0f\u20e3 Personnaliser les caract\u00e9ristiques\/couleurs (plus de 50 mod\u00e8les tactiques disponibles)<br \/>\n2\ufe0f\u20e3 Prototype en 5 jours \u2192 test de charge \u2192 production de masse<br \/>\n3\ufe0f\u20e3 Exp\u00e9dition via les r\u00e9seaux d'exportation de Hiking Bag (DDP vers USA\/EU\/AU)<\/p>\n<p class=\"ds-markdown-paragraph\"><strong>R\u00e9f\u00e9rences de l'usine :<\/strong><br \/>\n12+ ann\u00e9es d'expertise dans la fabrication de sacs \u00e0 dos<br \/>\n\u2705 40% : des points de contrainte plus forts que ceux des concurrents<br \/>\n\u2705 Certifications : ISO 9001, BSCI, OEKO-TEX<\/p>\n<p class=\"ds-markdown-paragraph\"><strong>Pr\u00eat \u00e0 armer votre inventaire ?<\/strong><br \/>\n\ud83d\udc49\u00a0<strong>\u00c9chantillon gratuit test\u00e9 en charge<\/strong>\u00a0\ud83d\udc49 20% deposit \ud83d\udc49 24h quote<\/p>\n<\/div>\n<\/div>\n<\/div>\n<\/div>","protected":false},"excerpt":{"rendered":"<h2 data-immersive-translate-walked=\"344be1c1-5052-41eb-8fcd-0dbe236a0d6b\" data-immersive-translate-paragraph=\"1\">Nouveau sac \u00e0 dos de randonn\u00e9e tactique Factory<\/h2>\n<p>Nous fournissons des sacs de qualit\u00e9 sup\u00e9rieure avec une personnalisation compl\u00e8te de la taille et de la couleur, des tissus durables et une qualit\u00e9 certifi\u00e9e.<\/p>\n<p>B\u00e9n\u00e9ficiez de MOQ flexibles, d'une exp\u00e9dition mondiale rapide et de solutions de marques priv\u00e9es.<\/p>\n<p>Contactez-nous d\u00e8s aujourd'hui !<\/p>","protected":false},"featured_media":4096,"template":"","meta":{"_uag_custom_page_level_css":""},"product_brand":[],"product_cat":[54,45,66],"product_tag":[],"class_list":{"0":"post-4090","1":"product","2":"type-product","3":"status-publish","4":"has-post-thumbnail","6":"product_cat-hunting-bag","7":"product_cat-hiking-bag","8":"product_cat-waterproof-bag","10":"first","11":"instock","12":"shipping-taxable","13":"product-type-simple"},"uagb_featured_image_src":{"full":["https:\/\/pecbag.com\/wp-content\/uploads\/2025\/06\/New-Design-Tactical-Hiking-Backpack-Factory-2.png",960,960,false],"thumbnail":["https:\/\/pecbag.com\/wp-content\/uploads\/2025\/06\/New-Design-Tactical-Hiking-Backpack-Factory-2-150x150.png",150,150,true],"medium":["https:\/\/pecbag.com\/wp-content\/uploads\/2025\/06\/New-Design-Tactical-Hiking-Backpack-Factory-2-300x300.png",300,300,true],"medium_large":["https:\/\/pecbag.com\/wp-content\/uploads\/2025\/06\/New-Design-Tactical-Hiking-Backpack-Factory-2-768x768.png",768,768,true],"large":["https:\/\/pecbag.com\/wp-content\/uploads\/2025\/06\/New-Design-Tactical-Hiking-Backpack-Factory-2.png",800,800,false],"1536x1536":["https:\/\/pecbag.com\/wp-content\/uploads\/2025\/06\/New-Design-Tactical-Hiking-Backpack-Factory-2.png",960,960,false],"2048x2048":["https:\/\/pecbag.com\/wp-content\/uploads\/2025\/06\/New-Design-Tactical-Hiking-Backpack-Factory-2.png",960,960,false],"trp-custom-language-flag":["https:\/\/pecbag.com\/wp-content\/uploads\/2025\/06\/New-Design-Tactical-Hiking-Backpack-Factory-2-12x12.png",12,12,true],"woocommerce_thumbnail":["https:\/\/pecbag.com\/wp-content\/uploads\/2025\/06\/New-Design-Tactical-Hiking-Backpack-Factory-2-300x300.png",300,300,true],"woocommerce_single":["https:\/\/pecbag.com\/wp-content\/uploads\/2025\/06\/New-Design-Tactical-Hiking-Backpack-Factory-2-600x600.png",600,600,true],"woocommerce_gallery_thumbnail":["https:\/\/pecbag.com\/wp-content\/uploads\/2025\/06\/New-Design-Tactical-Hiking-Backpack-Factory-2-100x100.png",100,100,true]},"uagb_author_info":{"display_name":"Lawrence","author_link":"https:\/\/pecbag.com\/fr\/author\/"},"uagb_comment_info":0,"uagb_excerpt":"New Design Tactical Hiking Backpack Factory We provide premium bags with full-size and color customization, durable fabrics, and certified quality. Enjoy flexible MOQs, fast global shipping, and private label solutions. Contact us today!","_links":{"self":[{"href":"https:\/\/pecbag.com\/fr\/wp-json\/wp\/v2\/product\/4090","targetHints":{"allow":["GET"]}}],"collection":[{"href":"https:\/\/pecbag.com\/fr\/wp-json\/wp\/v2\/product"}],"about":[{"href":"https:\/\/pecbag.com\/fr\/wp-json\/wp\/v2\/types\/product"}],"wp:featuredmedia":[{"embeddable":true,"href":"https:\/\/pecbag.com\/fr\/wp-json\/wp\/v2\/media\/4096"}],"wp:attachment":[{"href":"https:\/\/pecbag.com\/fr\/wp-json\/wp\/v2\/media?parent=4090"}],"wp:term":[{"taxonomy":"product_brand","embeddable":true,"href":"https:\/\/pecbag.com\/fr\/wp-json\/wp\/v2\/product_brand?post=4090"},{"taxonomy":"product_cat","embeddable":true,"href":"https:\/\/pecbag.com\/fr\/wp-json\/wp\/v2\/product_cat?post=4090"},{"taxonomy":"product_tag","embeddable":true,"href":"https:\/\/pecbag.com\/fr\/wp-json\/wp\/v2\/product_tag?post=4090"}],"curies":[{"name":"wp","href":"https:\/\/api.w.org\/{rel}","templated":true}]}}