{"id":4097,"date":"2025-06-19T02:24:25","date_gmt":"2025-06-19T02:24:25","guid":{"rendered":"https:\/\/pecbag.com\/?post_type=product&#038;p=4097"},"modified":"2025-11-29T01:29:20","modified_gmt":"2025-11-29T01:29:20","slug":"woodland-camo-waterproof-waist-hunting-bag","status":"publish","type":"product","link":"https:\/\/pecbag.com\/fr\/woodland-camo-waterproof-waist-hunting-bag\/","title":{"rendered":"Sac de chasse \u00e0 la taille imperm\u00e9able Woodland Camo"},"content":{"rendered":"<h5 title=\"Sac \u00e0 dos pliable pour chien Sac \u00e0 bandouli\u00e8re en maille respirante pour petit animal de compagnie Chien Chats\" data-immersive-translate-walked=\"1c928421-2e42-4cd3-8754-5404553c0af5\" data-immersive-translate-paragraph=\"1\" data-spm-anchor-id=\"a2700.details.0.i35.4f6757d4w4zNZA\">Fabricant de sacs de chasse imperm\u00e9ables Woodland Camo | Fabricant de sacs imperm\u00e9ables et de sacs \u00e0 dos tactiques | OEM en vrac<\/h5>\n<p>Vous avez besoin de sacs de chasse imperm\u00e9ables \u00e0 la taille en camouflage bois qui disparaissent dans les broussailles ? En tant que fabricant de sacs \u00e9tanches et de sacs \u00e0 dos en Chine, nous fabriquons des sacs de chasse tactiques \u00e0 taille \u00e9tanche en camouflage bois pour les chasseurs, les fournisseurs militaires et les grossistes en sacs de chasse !<\/p>\n<div class=\"flex flex-grow flex-col max-w-full\">\n<div class=\"min-h-[20px] text-message flex w-full flex-col items-end gap-2 whitespace-pre-wrap break-words [.text-message+&amp;]:mt-5 overflow-x-auto\" dir=\"auto\" data-message-author-role=\"assistant\" data-message-id=\"3d7d46f6-7ec2-4222-9257-48fa0bba23c6\" data-suggestions=\"true\">\n<div class=\"flex w-full flex-col gap-1 empty:hidden first:pt-[3px]\">\n<div class=\"markdown prose w-full break-words dark:prose-invert light\">\n<table width=\"288\">\n<tbody>\n<tr>\n<td width=\"137\"><span style=\"color: #333333;\">Nom des produits<\/span><\/td>\n<td width=\"151\">Sac de chasse<\/td>\n<\/tr>\n<tr>\n<td><span style=\"color: #333333;\">Num\u00e9ro d'article<\/span><\/td>\n<td><span style=\"color: #333333;\">PB-2113<\/span><\/td>\n<\/tr>\n<tr>\n<td><span style=\"color: #333333;\">Mat\u00e9riau<\/span><\/td>\n<td>Polyester 600D<\/td>\n<\/tr>\n<tr>\n<td><span style=\"color: #333333;\">Taille<\/span><\/td>\n<td>15 x 8.5 x 5 pouces<\/td>\n<\/tr>\n<tr>\n<td><span style=\"color: #333333;\">\u00a0D\u00e9lai de livraison<\/span><\/td>\n<td><span style=\"color: #333333;\">1-5 jours pour les petites quantit\u00e9s par voie a\u00e9rienne et 30-35 jours pour les grandes quantit\u00e9s par voie maritime.<\/span><\/td>\n<\/tr>\n<\/tbody>\n<\/table>\n<p class=\"ds-markdown-paragraph\">\u2705\u00a0<strong>Pourquoi les acheteurs tactiques nous choisissent-ils ?<\/strong><\/p>\n<ul>\n<li>\n<p class=\"ds-markdown-paragraph\"><strong>La vraie furtivit\u00e9 en milieu sauvage<\/strong>: Camo Realtree\u00ae sous licence + fermetures \u00e9clair mattes silencieuses - disparaissent dans les for\u00eats sans odeur ni bruit !<\/p>\n<\/li>\n<li>\n<p class=\"ds-markdown-paragraph\"><strong>Guerrier imperm\u00e9able<\/strong>: Construction TPU \u00e0 coutures scell\u00e9es (conforme \u00e0 la norme IPX6) - pour traverser les cours d'eau sans tremper l'\u00e9quipement.<\/p>\n<\/li>\n<li>\n<p class=\"ds-markdown-paragraph\"><strong>Pr\u00eat pour les commandes en vrac<\/strong>: Produire des commandes de sacs de chasse en vrac par le biais de sacs de chasse ODM\/OEM ou de marques de distributeur en 12 jours !<\/p>\n<\/li>\n<li>\n<p class=\"ds-markdown-paragraph\"><strong>Co\u00fbt de l'\u00e9lectricit\u00e9 en Chine<\/strong>: En tant que premier fabricant de sacs de chasse en Chine, nous offrons une qualit\u00e9 de niveau militaire \u00e0 des prix d'usine.<\/p>\n<\/li>\n<\/ul>\n<p class=\"ds-markdown-paragraph\"><strong>Caract\u00e9ristiques approuv\u00e9es par les chasseurs :<\/strong><br \/>\n\ud83d\udd39\u00a0<strong>Conception 3 en 1<\/strong>: Harnais bino amovible + doublure anti-traces de sang + fentes pour sangles d'arbre<br \/>\n\ud83d\udd39 Doublure en carbone bloquant les odeurs + syst\u00e8me de boucle sans bruit<br \/>\n\ud83d\udd39 Ceinture r\u00e9glable (pour 28\u2033-48\u2033) + panneaux compatibles Molle<br \/>\n\ud83d\udd39 Poches \u00e0 gibier vidangeables (capacit\u00e9 de 20 lb de mat\u00e9riel ou de gibier)<\/p>\n<p class=\"ds-markdown-paragraph\"><strong>Parfait pour :<\/strong><\/p>\n<ul>\n<li>\n<p class=\"ds-markdown-paragraph\">Pourvoyeurs de chasse et vendeurs de sacs de chasse<\/p>\n<\/li>\n<li>\n<p class=\"ds-markdown-paragraph\">Magasins d'\u00e9quipement tactique et grossistes en sacs de chasse<\/p>\n<\/li>\n<li>\n<p class=\"ds-markdown-paragraph\">Marques construisant des lignes de sacs de chasse sous marque de distributeur<\/p>\n<\/li>\n<\/ul>\n<p class=\"ds-markdown-paragraph\"><strong>Votre parcours de production :<\/strong><br \/>\n1\ufe0f\u20e3 Personnaliser les motifs de camouflage (ou utiliser les licences Realtree\u00ae\/Mossy Oak\u00ae)<br \/>\n2\ufe0f\u20e3 Prototype en 5 jours \u2192 essais sur le terrain \u2192 production de masse<br \/>\n3\ufe0f\u20e3 Exp\u00e9dition via les r\u00e9seaux d'exportation de sacs de chasse (DDP vers USA\/EU)<\/p>\n<p class=\"ds-markdown-paragraph\"><strong>R\u00e9f\u00e9rences de l'usine :<\/strong><br \/>\n\u2705 Plus de 10 ans d'expertise dans la fabrication de sacs \u00e0 dos tactiques<br \/>\n\u2705 40% : mat\u00e9riel plus silencieux que les sacs de chasse standard<br \/>\n\u2705 Certifications : ISO 9001, SGS, OEKO-TEX<\/p>\n<p class=\"ds-markdown-paragraph\"><strong>Pr\u00eat \u00e0 stocker du mat\u00e9riel de niveau fant\u00f4me ?<\/strong><br \/>\n\ud83d\udc49\u00a0<strong>\u00c9chantillon gratuit de camouflage<\/strong>\u00a0\ud83d\udc49 15% deposit \ud83d\udc49 24h quote<\/p>\n<\/div>\n<\/div>\n<\/div>\n<\/div>","protected":false},"excerpt":{"rendered":"<h2 data-immersive-translate-walked=\"344be1c1-5052-41eb-8fcd-0dbe236a0d6b\" data-immersive-translate-paragraph=\"1\">Sac de chasse \u00e0 la taille imperm\u00e9able Woodland Camo<\/h2>\n<p>1. Ce sac banane est fabriqu\u00e9 \u00e0 partir d'un tissu polyester de haute qualit\u00e9 avec un rev\u00eatement imperm\u00e9able en PVC, garantissant que votre \u00e9quipement reste sec et prot\u00e9g\u00e9 par tous les temps. Sa construction robuste est parfaite pour les activit\u00e9s de plein air, offrant un espace de rangement fiable pour votre mat\u00e9riel de chasse essentiel.<\/p>\n<p>2. L'impression camouflage bois naturel offre une dissimulation sup\u00e9rieure, vous aidant \u00e0 vous fondre dans votre environnement. Le sac banane est donc un excellent choix pour la chasse au cerf, la chasse \u00e0 la dinde et d'autres activit\u00e9s de plein air o\u00f9 il est essentiel de rester cach\u00e9.<\/p>\n<p>3. Le design camouflage r\u00e9aliste imite l'environnement naturel, am\u00e9liorant votre discr\u00e9tion et augmentant vos chances de r\u00e9ussite \u00e0 la chasse. Le confort et l'ajustabilit\u00e9 sont des caract\u00e9ristiques cl\u00e9s de ce sac banane.<\/p>\n<p>4. La sangle en nylon r\u00e9glable vous permet de le porter comme un sac de hanche ou un sac de corps crois\u00e9, offrant un ajustement personnalis\u00e9 pour les hommes, les femmes et les enfants.<\/p>","protected":false},"featured_media":4098,"template":"","meta":{"_uag_custom_page_level_css":""},"product_brand":[],"product_cat":[54],"product_tag":[],"class_list":{"0":"post-4097","1":"product","2":"type-product","3":"status-publish","4":"has-post-thumbnail","6":"product_cat-hunting-bag","8":"first","9":"instock","10":"shipping-taxable","11":"product-type-simple"},"uagb_featured_image_src":{"full":["https:\/\/pecbag.com\/wp-content\/uploads\/2025\/06\/Woodland-Camo-Waterproof-Waist-Hunting-Bag-4.jpg",960,960,false],"thumbnail":["https:\/\/pecbag.com\/wp-content\/uploads\/2025\/06\/Woodland-Camo-Waterproof-Waist-Hunting-Bag-4-150x150.jpg",150,150,true],"medium":["https:\/\/pecbag.com\/wp-content\/uploads\/2025\/06\/Woodland-Camo-Waterproof-Waist-Hunting-Bag-4-300x300.jpg",300,300,true],"medium_large":["https:\/\/pecbag.com\/wp-content\/uploads\/2025\/06\/Woodland-Camo-Waterproof-Waist-Hunting-Bag-4-768x768.jpg",768,768,true],"large":["https:\/\/pecbag.com\/wp-content\/uploads\/2025\/06\/Woodland-Camo-Waterproof-Waist-Hunting-Bag-4.jpg",800,800,false],"1536x1536":["https:\/\/pecbag.com\/wp-content\/uploads\/2025\/06\/Woodland-Camo-Waterproof-Waist-Hunting-Bag-4.jpg",960,960,false],"2048x2048":["https:\/\/pecbag.com\/wp-content\/uploads\/2025\/06\/Woodland-Camo-Waterproof-Waist-Hunting-Bag-4.jpg",960,960,false],"trp-custom-language-flag":["https:\/\/pecbag.com\/wp-content\/uploads\/2025\/06\/Woodland-Camo-Waterproof-Waist-Hunting-Bag-4-12x12.jpg",12,12,true],"woocommerce_thumbnail":["https:\/\/pecbag.com\/wp-content\/uploads\/2025\/06\/Woodland-Camo-Waterproof-Waist-Hunting-Bag-4-300x300.jpg",300,300,true],"woocommerce_single":["https:\/\/pecbag.com\/wp-content\/uploads\/2025\/06\/Woodland-Camo-Waterproof-Waist-Hunting-Bag-4-600x600.jpg",600,600,true],"woocommerce_gallery_thumbnail":["https:\/\/pecbag.com\/wp-content\/uploads\/2025\/06\/Woodland-Camo-Waterproof-Waist-Hunting-Bag-4-100x100.jpg",100,100,true]},"uagb_author_info":{"display_name":"Lawrence","author_link":"https:\/\/pecbag.com\/fr\/author\/"},"uagb_comment_info":0,"uagb_excerpt":"Woodland Camo Waterproof Waist Hunting Bag 1. This fanny pack is made from high-quality polyester fabric with a PVC waterproof coating, ensuring your gear stays dry and protected in any weather. Its robust construction is perfect for the rugged outdoors, providing reliable storage for your essential hunting gear. 2. The natural woodland camouflage printing offers\u2026","_links":{"self":[{"href":"https:\/\/pecbag.com\/fr\/wp-json\/wp\/v2\/product\/4097","targetHints":{"allow":["GET"]}}],"collection":[{"href":"https:\/\/pecbag.com\/fr\/wp-json\/wp\/v2\/product"}],"about":[{"href":"https:\/\/pecbag.com\/fr\/wp-json\/wp\/v2\/types\/product"}],"wp:featuredmedia":[{"embeddable":true,"href":"https:\/\/pecbag.com\/fr\/wp-json\/wp\/v2\/media\/4098"}],"wp:attachment":[{"href":"https:\/\/pecbag.com\/fr\/wp-json\/wp\/v2\/media?parent=4097"}],"wp:term":[{"taxonomy":"product_brand","embeddable":true,"href":"https:\/\/pecbag.com\/fr\/wp-json\/wp\/v2\/product_brand?post=4097"},{"taxonomy":"product_cat","embeddable":true,"href":"https:\/\/pecbag.com\/fr\/wp-json\/wp\/v2\/product_cat?post=4097"},{"taxonomy":"product_tag","embeddable":true,"href":"https:\/\/pecbag.com\/fr\/wp-json\/wp\/v2\/product_tag?post=4097"}],"curies":[{"name":"wp","href":"https:\/\/api.w.org\/{rel}","templated":true}]}}