{"id":4210,"date":"2025-06-27T03:06:39","date_gmt":"2025-06-27T03:06:39","guid":{"rendered":"https:\/\/pecbag.com\/?post_type=product&#038;p=4210"},"modified":"2025-11-29T01:18:22","modified_gmt":"2025-11-29T01:18:22","slug":"custom-tactical-military-tool-bag","status":"publish","type":"product","link":"https:\/\/pecbag.com\/fr\/custom-tactical-military-tool-bag\/","title":{"rendered":"Sac \u00e0 outils militaire tactique personnalis\u00e9"},"content":{"rendered":"<h5 title=\"Sac \u00e0 dos pliable pour chien Sac \u00e0 bandouli\u00e8re en maille respirante pour petit animal de compagnie Chien Chats\" data-immersive-translate-walked=\"1c928421-2e42-4cd3-8754-5404553c0af5\" data-immersive-translate-paragraph=\"1\" data-spm-anchor-id=\"a2700.details.0.i35.4f6757d4w4zNZA\"><strong>Fabricant de sacs \u00e0 outils militaires tactiques sur mesure | Fabricant de sacs \u00e9tanches \u00e0 l'\u00e9preuve du combat &amp; Fabricant de sacs \u00e0 dos MOLLE | Pr\u00eat pour la mission en vrac<\/strong><\/h5>\n<p>Vous avez besoin de sacs \u00e0 outils militaires tactiques personnalis\u00e9s pr\u00eats \u00e0 l'emploi pour les fournisseurs de la d\u00e9fense ou les op\u00e9rations sur le terrain ? En tant que fabricant de sacs \u00e9tanches et de sacs \u00e0 dos tactiques certifi\u00e9 ISO en Chine (Tool Bag China), nous concevons des sacs \u00e0 outils conformes aux normes militaires avec des panneaux MOLLE personnalisables, des fermetures \u00e0 glissi\u00e8re r\u00e9sistantes \u00e0 la corrosion et des poign\u00e9es de transport. Partenaire de notre fabricant de sacs \u00e0 outils pour les commandes en gros de sacs \u00e0 outils - confiance des grossistes de sacs \u00e0 outils, des fournisseurs militaires, et des vendeurs de sacs \u00e0 outils dans le monde entier.<\/p>\n<div class=\"flex flex-grow flex-col max-w-full\">\n<div class=\"min-h-[20px] text-message flex w-full flex-col items-end gap-2 whitespace-pre-wrap break-words [.text-message+&amp;]:mt-5 overflow-x-auto\" dir=\"auto\" data-message-author-role=\"assistant\" data-message-id=\"3d7d46f6-7ec2-4222-9257-48fa0bba23c6\" data-suggestions=\"true\">\n<div class=\"flex w-full flex-col gap-1 empty:hidden first:pt-[3px]\">\n<div class=\"markdown prose w-full break-words dark:prose-invert light\">\n<table width=\"288\">\n<tbody>\n<tr>\n<td width=\"137\"><span style=\"color: #333333;\">Nom des produits<\/span><\/td>\n<td width=\"151\">Sac \u00e0 outils<\/td>\n<\/tr>\n<tr>\n<td><span style=\"color: #333333;\">Num\u00e9ro d'article<\/span><\/td>\n<td><span style=\"color: #333333;\">PB-2124<\/span><\/td>\n<\/tr>\n<tr>\n<td><span style=\"color: #333333;\">Mat\u00e9riau<\/span><\/td>\n<td>Nylon 1000D<\/td>\n<\/tr>\n<tr>\n<td><span style=\"color: #333333;\">Taille et couleur<\/span><\/td>\n<td>8,8 x 1,5 x 6,8 pouces<\/td>\n<\/tr>\n<tr>\n<td><span style=\"color: #333333;\">\u00a0D\u00e9lai de livraison<\/span><\/td>\n<td><span style=\"color: #333333;\">1-5 jours pour les petites quantit\u00e9s par voie a\u00e9rienne et 30-35 jours pour les grandes quantit\u00e9s par voie maritime.<\/span><\/td>\n<\/tr>\n<\/tbody>\n<\/table>\n<p class=\"ds-markdown-paragraph\">\u2705\u00a0<strong>Pourquoi les commandants choisissent notre \u00e9quipement :<\/strong><\/p>\n<ul>\n<li>\n<p class=\"ds-markdown-paragraph\"><strong>Validation du champ de bataille<\/strong>: Nylon enduit de PVC 1000D + coutures doubles (test\u00e9 selon MIL-STD-810G)<\/p>\n<\/li>\n<li>\n<p class=\"ds-markdown-paragraph\">Sac \u00e0 outils ODM\/OEM avec services complets de marque priv\u00e9e de sac \u00e0 outils<\/p>\n<\/li>\n<li>\n<p class=\"ds-markdown-paragraph\">Production en vrac de sacs \u00e0 outils \u00e0 faible MOQ (100+ unit\u00e9s)<\/p>\n<\/li>\n<li>\n<p class=\"ds-markdown-paragraph\">Sacs \u00e0 outils discrets export\u00e9s de notre usine de fabrication de sacs \u00e0 outils s\u00e9curis\u00e9s<\/p>\n<\/li>\n<li>\n<p class=\"ds-markdown-paragraph\">Options conformes \u00e0 ITAR pour les contrats de d\u00e9fense<\/p>\n<\/li>\n<\/ul>\n<p class=\"ds-markdown-paragraph\">\ud83c\udfaf\u00a0<strong>Caract\u00e9ristiques Tactical Advantage :<\/strong><br \/>\n- Sangle modulaire MOLLE\/PALS + boucles radio\/\u00e9quipement<br \/>\n- \u00c9tanch\u00e9it\u00e9 \u00e0 l'immersion (IPX7)<br \/>\n- Panneaux d'administration \u00e0 acc\u00e8s rapide + pochettes de documents<br \/>\n- Configurations personnalis\u00e9es via Tool Bag OEM<\/p>\n<p class=\"ds-markdown-paragraph\">Id\u00e9al pour les entreprises de sacs \u00e0 outils, les distributeurs militaires et les r\u00e9seaux de fournisseurs de sacs \u00e0 outils. Demandez un service de conception CAO GRATUIT \u00e0 votre fabricant de sacs \u00e0 outils d\u00e8s aujourd'hui !<\/p>\n<\/div>\n<\/div>\n<\/div>\n<\/div>","protected":false},"excerpt":{"rendered":"<h2 data-immersive-translate-walked=\"344be1c1-5052-41eb-8fcd-0dbe236a0d6b\" data-immersive-translate-paragraph=\"1\">Sac \u00e0 outils militaire tactique personnalis\u00e9<\/h2>\n<div>\n<p><strong>1. POCHE CACH\u00c9E \u00c0 L'AVANT : <\/strong>Cette pochette dispose d'un compartiment frontal avec une fermeture Hook-N-Loop, l'ext\u00e9rieur frontal dispose de deux grands compartiments avec une fermeture \u00e0 rabat \u00e0 autocollant magique pour assurer une bonne organisation de vos articles et une forte capacit\u00e9 de chargement.<\/p>\n<p><strong>2. MOLLE MOUNTED :<\/strong>\u00a0La pochette d'administration Molle est \u00e9quip\u00e9e de 2 sangles dorsales Molle avec des boutons-pression solides qui peuvent parfaitement s'adapter \u00e0 3 rang\u00e9es ouvertes de sangles Molle sur votre veste, votre sac \u00e0 dos, votre \u00e9quipement de poitrine. Compl\u00e9ment id\u00e9al pour atteindre des objets sans enlever le sac.<\/p>\n<\/div>","protected":false},"featured_media":4217,"template":"","meta":{"_uag_custom_page_level_css":""},"product_brand":[],"product_cat":[49,46],"product_tag":[],"class_list":{"0":"post-4210","1":"product","2":"type-product","3":"status-publish","4":"has-post-thumbnail","6":"product_cat-tool-bag","7":"product_cat-fishing-bag","9":"first","10":"instock","11":"shipping-taxable","12":"product-type-simple"},"uagb_featured_image_src":{"full":["https:\/\/pecbag.com\/wp-content\/uploads\/2025\/06\/Custom-5.jpg",1500,1500,false],"thumbnail":["https:\/\/pecbag.com\/wp-content\/uploads\/2025\/06\/Custom-5-150x150.jpg",150,150,true],"medium":["https:\/\/pecbag.com\/wp-content\/uploads\/2025\/06\/Custom-5-300x300.jpg",300,300,true],"medium_large":["https:\/\/pecbag.com\/wp-content\/uploads\/2025\/06\/Custom-5-768x768.jpg",768,768,true],"large":["https:\/\/pecbag.com\/wp-content\/uploads\/2025\/06\/Custom-5-1024x1024.jpg",800,800,true],"1536x1536":["https:\/\/pecbag.com\/wp-content\/uploads\/2025\/06\/Custom-5.jpg",1500,1500,false],"2048x2048":["https:\/\/pecbag.com\/wp-content\/uploads\/2025\/06\/Custom-5.jpg",1500,1500,false],"trp-custom-language-flag":["https:\/\/pecbag.com\/wp-content\/uploads\/2025\/06\/Custom-5-12x12.jpg",12,12,true],"woocommerce_thumbnail":["https:\/\/pecbag.com\/wp-content\/uploads\/2025\/06\/Custom-5-300x300.jpg",300,300,true],"woocommerce_single":["https:\/\/pecbag.com\/wp-content\/uploads\/2025\/06\/Custom-5-600x600.jpg",600,600,true],"woocommerce_gallery_thumbnail":["https:\/\/pecbag.com\/wp-content\/uploads\/2025\/06\/Custom-5-100x100.jpg",100,100,true]},"uagb_author_info":{"display_name":"Lawrence","author_link":"https:\/\/pecbag.com\/fr\/author\/"},"uagb_comment_info":0,"uagb_excerpt":"Custom Tactical Military Tool Bag 1. FRONT HIDDEN POCKET: This pouch has a front compartment with Hook-N-Loop closure, the front exterior has two large compartments with a magic sticker flap closure to ensure your items well organized and strong loading capacity. 2. MOLLE MOUNTED:\u00a0Molle admin pouch equips 2 back Molle back straps with strong snaps\u2026","_links":{"self":[{"href":"https:\/\/pecbag.com\/fr\/wp-json\/wp\/v2\/product\/4210","targetHints":{"allow":["GET"]}}],"collection":[{"href":"https:\/\/pecbag.com\/fr\/wp-json\/wp\/v2\/product"}],"about":[{"href":"https:\/\/pecbag.com\/fr\/wp-json\/wp\/v2\/types\/product"}],"wp:featuredmedia":[{"embeddable":true,"href":"https:\/\/pecbag.com\/fr\/wp-json\/wp\/v2\/media\/4217"}],"wp:attachment":[{"href":"https:\/\/pecbag.com\/fr\/wp-json\/wp\/v2\/media?parent=4210"}],"wp:term":[{"taxonomy":"product_brand","embeddable":true,"href":"https:\/\/pecbag.com\/fr\/wp-json\/wp\/v2\/product_brand?post=4210"},{"taxonomy":"product_cat","embeddable":true,"href":"https:\/\/pecbag.com\/fr\/wp-json\/wp\/v2\/product_cat?post=4210"},{"taxonomy":"product_tag","embeddable":true,"href":"https:\/\/pecbag.com\/fr\/wp-json\/wp\/v2\/product_tag?post=4210"}],"curies":[{"name":"wp","href":"https:\/\/api.w.org\/{rel}","templated":true}]}}