{"id":4219,"date":"2025-06-27T03:48:50","date_gmt":"2025-06-27T03:48:50","guid":{"rendered":"https:\/\/pecbag.com\/?post_type=product&#038;p=4219"},"modified":"2025-11-29T01:18:14","modified_gmt":"2025-11-29T01:18:14","slug":"premium-firefighter-turnout-fire-gear-tool-bag","status":"publish","type":"product","link":"https:\/\/pecbag.com\/fr\/premium-firefighter-turnout-fire-gear-tool-bag\/","title":{"rendered":"Premium Firefighter Turnout Gear Fire Tool Bag"},"content":{"rendered":"<h5 title=\"Sac \u00e0 dos pliable pour chien Sac \u00e0 bandouli\u00e8re en maille respirante pour petit animal de compagnie Chien Chats\" data-immersive-translate-walked=\"1c928421-2e42-4cd3-8754-5404553c0af5\" data-immersive-translate-paragraph=\"1\" data-spm-anchor-id=\"a2700.details.0.i35.4f6757d4w4zNZA\"><strong>Premium Firefighter Turnout Gear Fire Bag Tool Factory | Waterproof Bag Factory &amp; Tactical Backpack Manufacturer | First-Responder Grade<\/strong><\/h5>\n<p>Besoin de sacs \u00e0 outils pour pompiers conformes \u00e0 la norme NFPA pour les fournisseurs de services d'urgence ? En tant que fabricant certifi\u00e9 de sacs \u00e9tanches et de sacs \u00e0 dos tactiques en Chine (Tool Bag China), nous concevons des sacs \u00e0 outils pour les premiers intervenants avec des mat\u00e9riaux r\u00e9sistants aux flammes, des bandes r\u00e9fl\u00e9chissantes \u00e0 la chaleur et une organisation \u00e0 acc\u00e8s rapide. Partenaire de notre fabricant de sacs \u00e0 outils pour les commandes en gros de sacs \u00e0 outils, nous avons la confiance des grossistes de sacs \u00e0 outils, des fournisseurs municipaux et des vendeurs de sacs \u00e0 outils dans le monde entier.<\/p>\n<div class=\"flex flex-grow flex-col max-w-full\">\n<div class=\"min-h-[20px] text-message flex w-full flex-col items-end gap-2 whitespace-pre-wrap break-words [.text-message+&amp;]:mt-5 overflow-x-auto\" dir=\"auto\" data-message-author-role=\"assistant\" data-message-id=\"3d7d46f6-7ec2-4222-9257-48fa0bba23c6\" data-suggestions=\"true\">\n<div class=\"flex w-full flex-col gap-1 empty:hidden first:pt-[3px]\">\n<div class=\"markdown prose w-full break-words dark:prose-invert light\">\n<table width=\"288\">\n<tbody>\n<tr>\n<td width=\"137\"><span style=\"color: #333333;\">Nom des produits<\/span><\/td>\n<td width=\"151\">Sac \u00e0 outils<\/td>\n<\/tr>\n<tr>\n<td><span style=\"color: #333333;\">Num\u00e9ro d'article<\/span><\/td>\n<td><span style=\"color: #333333;\">PB-2125<\/span><\/td>\n<\/tr>\n<tr>\n<td><span style=\"color: #333333;\">Mat\u00e9riau<\/span><\/td>\n<td>Ripstop<\/td>\n<\/tr>\n<tr>\n<td><span style=\"color: #333333;\">Taille et couleur<\/span><\/td>\n<td>27 x 17 x 13 pouces<\/td>\n<\/tr>\n<tr>\n<td><span style=\"color: #333333;\">\u00a0D\u00e9lai de livraison<\/span><\/td>\n<td><span style=\"color: #333333;\">1-5 jours pour les petites quantit\u00e9s par voie a\u00e9rienne et 30-35 jours pour les grandes quantit\u00e9s par voie maritime.<\/span><\/td>\n<\/tr>\n<\/tbody>\n<\/table>\n<p class=\"ds-markdown-paragraph\">\ud83d\udd25\u00a0<strong>Pourquoi les services de lutte contre l'incendie choisissent-ils nos sacs ?<\/strong><\/p>\n<ul>\n<li>\n<p class=\"ds-markdown-paragraph\"><strong>Conception pr\u00eate \u00e0 l'emploi<\/strong>: Mat\u00e9riaux r\u00e9sistants \u00e0 500\u00b0F + bandes r\u00e9fl\u00e9chissantes Hi-Vis (conformes aux normes NFPA 1971)<\/p>\n<\/li>\n<li>\n<p class=\"ds-markdown-paragraph\">Sac \u00e0 outils ODM\/OEM avec services complets de marque priv\u00e9e de sac \u00e0 outils<\/p>\n<\/li>\n<li>\n<p class=\"ds-markdown-paragraph\">Production en vrac de sacs \u00e0 outils \u00e0 faible MOQ (75+ unit\u00e9s)<\/p>\n<\/li>\n<li>\n<p class=\"ds-markdown-paragraph\">Exportation acc\u00e9l\u00e9r\u00e9e de sacs \u00e0 outils depuis notre usine s\u00e9curis\u00e9e de sacs \u00e0 outils<\/p>\n<\/li>\n<li>\n<p class=\"ds-markdown-paragraph\">Plus de 20 ans en tant que fournisseur de confiance de sacs \u00e0 outils pour les services d'urgence<\/p>\n<\/li>\n<\/ul>\n<p class=\"ds-markdown-paragraph\">\ud83d\ude92\u00a0<strong>Fonctions de sauvetage :<\/strong><br \/>\n- Tissu m\u00e9lang\u00e9 Nomex\u00ae\/Kevlar\u00ae (certifi\u00e9 ASTM F2733)<br \/>\n- Compatible avec le syst\u00e8me Molle pour l'int\u00e9gration de l'ARI + boucles radio<br \/>\n- Compartiments \u00e9tanches + \u0153illets de drainage decon<br \/>\n- Configurations personnalis\u00e9es via Tool Bag OEM<\/p>\n<p class=\"ds-markdown-paragraph\">Id\u00e9al pour les entreprises de sacs \u00e0 outils, les distributeurs municipaux et les r\u00e9seaux de grossistes de sacs \u00e0 outils. Demandez des rapports de tests de combustion GRATUITS \u00e0 votre fabricant de sacs \u00e0 outils d\u00e8s aujourd'hui !<\/p>\n<\/div>\n<\/div>\n<\/div>\n<\/div>","protected":false},"excerpt":{"rendered":"<h2 data-immersive-translate-walked=\"344be1c1-5052-41eb-8fcd-0dbe236a0d6b\" data-immersive-translate-paragraph=\"1\">Premium Firefighter Turnout Gear Fire Tool Bag<\/h2>\n<div>\n<p>1. Le sac d'\u00e9quipement pour pompiers est dot\u00e9 d'un fond renforc\u00e9, de poign\u00e9es en sangle enroul\u00e9es autour du sac et d'une poign\u00e9e de transport rembourr\u00e9e.<\/p>\n<p>2. Nous avons fait en sorte que notre sac d'\u00e9quipement d'intervention soit plus facile \u00e0 attraper, \u00e0 mettre sur l'\u00e9paule et \u00e0 r\u00e9agir rapidement en incluant de longues ferrures m\u00e9talliques robustes, une sangle d'\u00e9paule rembourr\u00e9e amovible et r\u00e9glable avec des clips m\u00e9talliques.<\/p>\n<\/div>","protected":false},"featured_media":4224,"template":"","meta":{"_uag_custom_page_level_css":""},"product_brand":[],"product_cat":[49],"product_tag":[],"class_list":{"0":"post-4219","1":"product","2":"type-product","3":"status-publish","4":"has-post-thumbnail","6":"product_cat-tool-bag","8":"first","9":"instock","10":"shipping-taxable","11":"product-type-simple"},"uagb_featured_image_src":{"full":["https:\/\/pecbag.com\/wp-content\/uploads\/2025\/06\/Premium-Firefighter-Turnout-Fire-Gear-Tool-Bag-2.jpg",2000,2000,false],"thumbnail":["https:\/\/pecbag.com\/wp-content\/uploads\/2025\/06\/Premium-Firefighter-Turnout-Fire-Gear-Tool-Bag-2-150x150.jpg",150,150,true],"medium":["https:\/\/pecbag.com\/wp-content\/uploads\/2025\/06\/Premium-Firefighter-Turnout-Fire-Gear-Tool-Bag-2-300x300.jpg",300,300,true],"medium_large":["https:\/\/pecbag.com\/wp-content\/uploads\/2025\/06\/Premium-Firefighter-Turnout-Fire-Gear-Tool-Bag-2-768x768.jpg",768,768,true],"large":["https:\/\/pecbag.com\/wp-content\/uploads\/2025\/06\/Premium-Firefighter-Turnout-Fire-Gear-Tool-Bag-2-1024x1024.jpg",800,800,true],"1536x1536":["https:\/\/pecbag.com\/wp-content\/uploads\/2025\/06\/Premium-Firefighter-Turnout-Fire-Gear-Tool-Bag-2-1536x1536.jpg",1536,1536,true],"2048x2048":["https:\/\/pecbag.com\/wp-content\/uploads\/2025\/06\/Premium-Firefighter-Turnout-Fire-Gear-Tool-Bag-2.jpg",2000,2000,false],"trp-custom-language-flag":["https:\/\/pecbag.com\/wp-content\/uploads\/2025\/06\/Premium-Firefighter-Turnout-Fire-Gear-Tool-Bag-2-12x12.jpg",12,12,true],"woocommerce_thumbnail":["https:\/\/pecbag.com\/wp-content\/uploads\/2025\/06\/Premium-Firefighter-Turnout-Fire-Gear-Tool-Bag-2-300x300.jpg",300,300,true],"woocommerce_single":["https:\/\/pecbag.com\/wp-content\/uploads\/2025\/06\/Premium-Firefighter-Turnout-Fire-Gear-Tool-Bag-2-600x600.jpg",600,600,true],"woocommerce_gallery_thumbnail":["https:\/\/pecbag.com\/wp-content\/uploads\/2025\/06\/Premium-Firefighter-Turnout-Fire-Gear-Tool-Bag-2-100x100.jpg",100,100,true]},"uagb_author_info":{"display_name":"Lawrence","author_link":"https:\/\/pecbag.com\/fr\/author\/"},"uagb_comment_info":0,"uagb_excerpt":"Premium Firefighter Turnout Fire Gear Tool Bag 1. The firefighter gear bag has a reinforced bottom with webbing handles wrapped around the bag, a padded carrying handle. 2. We've made our turnout gear bag easier to grab, throw over a shoulder, and respond quickly by including long, heavy-duty metal hardware, a removable, adjustable padded shoulder\u2026","_links":{"self":[{"href":"https:\/\/pecbag.com\/fr\/wp-json\/wp\/v2\/product\/4219","targetHints":{"allow":["GET"]}}],"collection":[{"href":"https:\/\/pecbag.com\/fr\/wp-json\/wp\/v2\/product"}],"about":[{"href":"https:\/\/pecbag.com\/fr\/wp-json\/wp\/v2\/types\/product"}],"wp:featuredmedia":[{"embeddable":true,"href":"https:\/\/pecbag.com\/fr\/wp-json\/wp\/v2\/media\/4224"}],"wp:attachment":[{"href":"https:\/\/pecbag.com\/fr\/wp-json\/wp\/v2\/media?parent=4219"}],"wp:term":[{"taxonomy":"product_brand","embeddable":true,"href":"https:\/\/pecbag.com\/fr\/wp-json\/wp\/v2\/product_brand?post=4219"},{"taxonomy":"product_cat","embeddable":true,"href":"https:\/\/pecbag.com\/fr\/wp-json\/wp\/v2\/product_cat?post=4219"},{"taxonomy":"product_tag","embeddable":true,"href":"https:\/\/pecbag.com\/fr\/wp-json\/wp\/v2\/product_tag?post=4219"}],"curies":[{"name":"wp","href":"https:\/\/api.w.org\/{rel}","templated":true}]}}