{"id":4226,"date":"2025-06-28T01:39:32","date_gmt":"2025-06-28T01:39:32","guid":{"rendered":"https:\/\/pecbag.com\/?post_type=product&#038;p=4226"},"modified":"2025-11-29T01:18:10","modified_gmt":"2025-11-29T01:18:10","slug":"outdoor-fishing-storage-crossbody-bag","status":"publish","type":"product","link":"https:\/\/pecbag.com\/fr\/outdoor-fishing-storage-crossbody-bag\/","title":{"rendered":"Sac de rangement pour p\u00eache en plein air"},"content":{"rendered":"<h5 title=\"Sac \u00e0 dos pliable pour chien Sac \u00e0 bandouli\u00e8re en maille respirante pour petit animal de compagnie Chien Chats\" data-immersive-translate-walked=\"1c928421-2e42-4cd3-8754-5404553c0af5\" data-immersive-translate-paragraph=\"1\" data-spm-anchor-id=\"a2700.details.0.i35.4f6757d4w4zNZA\"><strong>Fabricant de sacs de rangement pour la p\u00eache en ext\u00e9rieur | Fabricant de sacs imperm\u00e9ables et de sacs \u00e0 dos techniques | Angler-Proven Bulk<\/strong><\/h5>\n<p>Vous avez besoin de sacs de p\u00eache de haute performance pour votre marque d'articles de p\u00eache ? En tant que fabricant certifi\u00e9 de sacs \u00e9tanches et de sacs \u00e0 dos de p\u00eache en Chine (Crossbody Bag China), nous concevons des sacs crois\u00e9s pr\u00eats pour la p\u00eache avec des compartiments \u00e9tanches, des fermetures \u00e0 glissi\u00e8re anticorrosion et une organisation modulaire. Partenaire de notre fabricant de sacs Crossbody Bag pour les commandes en gros de sacs Crossbody Bag, nous avons la confiance des grossistes de sacs Crossbody Bag, des d\u00e9taillants d'articles de plein air et des vendeurs de sacs Crossbody Bag dans le monde entier.<\/p>\n<div class=\"flex flex-grow flex-col max-w-full\">\n<div class=\"min-h-[20px] text-message flex w-full flex-col items-end gap-2 whitespace-pre-wrap break-words [.text-message+&amp;]:mt-5 overflow-x-auto\" dir=\"auto\" data-message-author-role=\"assistant\" data-message-id=\"3d7d46f6-7ec2-4222-9257-48fa0bba23c6\" data-suggestions=\"true\">\n<div class=\"flex w-full flex-col gap-1 empty:hidden first:pt-[3px]\">\n<div class=\"markdown prose w-full break-words dark:prose-invert light\">\n<table width=\"288\">\n<tbody>\n<tr>\n<td width=\"137\"><span style=\"color: #333333;\">Nom des produits<\/span><\/td>\n<td width=\"151\">Sac \u00e0 bandouli\u00e8re<\/td>\n<\/tr>\n<tr>\n<td><span style=\"color: #333333;\">Num\u00e9ro d'article<\/span><\/td>\n<td><span style=\"color: #333333;\">PB-2126<\/span><\/td>\n<\/tr>\n<tr>\n<td><span style=\"color: #333333;\">Mat\u00e9riau<\/span><\/td>\n<td>Nylon 1000D<\/td>\n<\/tr>\n<tr>\n<td><span style=\"color: #333333;\">Taille<\/span><\/td>\n<td>11.8*9*6.3in<\/td>\n<\/tr>\n<tr>\n<td><span style=\"color: #333333;\">\u00a0D\u00e9lai de livraison<\/span><\/td>\n<td><span style=\"color: #333333;\">1-5 jours pour les petites quantit\u00e9s par voie a\u00e9rienne et 30-35 jours pour les grandes quantit\u00e9s par voie maritime.<\/span><\/td>\n<\/tr>\n<\/tbody>\n<\/table>\n<p class=\"ds-markdown-paragraph\">\ud83c\udfa3\u00a0<strong>Pourquoi les fournisseurs de mat\u00e9riel de p\u00eache nous choisissent-ils ?<\/strong><\/p>\n<ul>\n<li>\n<p class=\"ds-markdown-paragraph\"><strong>Conception adapt\u00e9e aux poissons<\/strong>: Doublure TPU submersible (IPX8) + poches de drainage rapide<\/p>\n<\/li>\n<li>\n<p class=\"ds-markdown-paragraph\">Sac \u00e0 bandouli\u00e8re ODM\/OEM avec services complets d'\u00e9tiquetage priv\u00e9 pour les sacs \u00e0 bandouli\u00e8re<\/p>\n<\/li>\n<li>\n<p class=\"ds-markdown-paragraph\">Production en vrac de sacs \u00e0 bandouli\u00e8re \u00e0 faible MOQ<\/p>\n<\/li>\n<li>\n<p class=\"ds-markdown-paragraph\">Exportation rapide de sacs \u00e0 main de notre usine de sacs \u00e0 main certifi\u00e9e ISO<\/p>\n<\/li>\n<li>\n<p class=\"ds-markdown-paragraph\">Plus de 15 ans d'exp\u00e9rience en tant que fournisseur de sacs \u00e0 bandouli\u00e8re haut de gamme<\/p>\n<\/li>\n<\/ul>\n<p class=\"ds-markdown-paragraph\">\u2705\u00a0<strong>Caract\u00e9ristiques approuv\u00e9es par les p\u00eacheurs \u00e0 la ligne :<\/strong><br \/>\n- Fermetures \u00e0 glissi\u00e8re YKK r\u00e9sistantes \u00e0 l'eau de mer + anneaux en D r\u00e9sistants \u00e0 la rouille<br \/>\n- Bo\u00eetes \u00e0 leurres d\u00e9di\u00e9es + boucles d'outils + emplacement pour porte-cannes \u00e0 p\u00eache<br \/>\n- Dos en maille \u00e0 s\u00e9chage rapide + sangles tactiques r\u00e9glables<br \/>\n- Configurations personnalis\u00e9es par l'interm\u00e9diaire de Crossbody Bag OEM<\/p>\n<p class=\"ds-markdown-paragraph\">Id\u00e9al pour les entreprises de sacs de corps, les distributeurs de p\u00eache et les r\u00e9seaux de grossistes de sacs de corps. Demandez d\u00e8s aujourd'hui des kits de test de pulv\u00e9risation de sel GRATUITS \u00e0 votre fabricant de sacs pour le corps !<\/p>\n<\/div>\n<\/div>\n<\/div>\n<\/div>","protected":false},"excerpt":{"rendered":"<h2 data-immersive-translate-walked=\"344be1c1-5052-41eb-8fcd-0dbe236a0d6b\" data-immersive-translate-paragraph=\"1\">Sac de rangement pour p\u00eache en plein air<\/h2>\n<div class=\"sliderTable mt10 mb10 sliderTable-index0\">\n<div class=\"inner\">\n<p><strong>1. Sac de rangement innovant \u00e0 usages multiples<\/strong>: La taille du sac de p\u00eache est de 11,8*9*6,3 pouces. Il y a plusieurs compartiments pour ranger les app\u00e2ts, les pinces, le fil, une bo\u00eete \u00e0 app\u00e2ts, un portefeuille, un t\u00e9l\u00e9phone et d'autres accessoires. Rendez votre voyage plus pratique.<\/p>\n<p><strong>2. Courroie r\u00e9glable et d\u00e9tachable<\/strong>: La bandouli\u00e8re est ajustable et d\u00e9tachable, vous pouvez l'utiliser de plusieurs fa\u00e7ons, comme un sac \u00e0 bandouli\u00e8re, un sac \u00e0 main, un sac de poitrine, un sac de p\u00eache, un sac \u00e0 bandouli\u00e8re, etc.<\/p>\n<\/div>\n<\/div>","protected":false},"featured_media":4232,"template":"","meta":{"_uag_custom_page_level_css":""},"product_brand":[],"product_cat":[62,46],"product_tag":[],"class_list":{"0":"post-4226","1":"product","2":"type-product","3":"status-publish","4":"has-post-thumbnail","6":"product_cat-crossbody-bags","7":"product_cat-fishing-bag","9":"first","10":"instock","11":"shipping-taxable","12":"product-type-simple"},"uagb_featured_image_src":{"full":["https:\/\/pecbag.com\/wp-content\/uploads\/2025\/06\/Outdoor-Fishing-Storage-Crossbody-Bag-21.jpg",1053,1500,false],"thumbnail":["https:\/\/pecbag.com\/wp-content\/uploads\/2025\/06\/Outdoor-Fishing-Storage-Crossbody-Bag-21-150x150.jpg",150,150,true],"medium":["https:\/\/pecbag.com\/wp-content\/uploads\/2025\/06\/Outdoor-Fishing-Storage-Crossbody-Bag-21-211x300.jpg",211,300,true],"medium_large":["https:\/\/pecbag.com\/wp-content\/uploads\/2025\/06\/Outdoor-Fishing-Storage-Crossbody-Bag-21-768x1094.jpg",768,1094,true],"large":["https:\/\/pecbag.com\/wp-content\/uploads\/2025\/06\/Outdoor-Fishing-Storage-Crossbody-Bag-21-719x1024.jpg",719,1024,true],"1536x1536":["https:\/\/pecbag.com\/wp-content\/uploads\/2025\/06\/Outdoor-Fishing-Storage-Crossbody-Bag-21.jpg",1053,1500,false],"2048x2048":["https:\/\/pecbag.com\/wp-content\/uploads\/2025\/06\/Outdoor-Fishing-Storage-Crossbody-Bag-21.jpg",1053,1500,false],"trp-custom-language-flag":["https:\/\/pecbag.com\/wp-content\/uploads\/2025\/06\/Outdoor-Fishing-Storage-Crossbody-Bag-21-8x12.jpg",8,12,true],"woocommerce_thumbnail":["https:\/\/pecbag.com\/wp-content\/uploads\/2025\/06\/Outdoor-Fishing-Storage-Crossbody-Bag-21-300x300.jpg",300,300,true],"woocommerce_single":["https:\/\/pecbag.com\/wp-content\/uploads\/2025\/06\/Outdoor-Fishing-Storage-Crossbody-Bag-21-600x855.jpg",600,855,true],"woocommerce_gallery_thumbnail":["https:\/\/pecbag.com\/wp-content\/uploads\/2025\/06\/Outdoor-Fishing-Storage-Crossbody-Bag-21-100x100.jpg",100,100,true]},"uagb_author_info":{"display_name":"Lawrence","author_link":"https:\/\/pecbag.com\/fr\/author\/"},"uagb_comment_info":0,"uagb_excerpt":"Outdoor Fishing Storage Crossbody Bag 1. Innovative Storage Multi-Use Bag: The size of the fishing gear bag is 11.8*9*6.3in. There are multiple compartments for you to store bait, pliers, wire, a bait box, a wallet, a phone, and other accessories. Make your travel more convenient. 2. Adjustable and detachable strap: The shoulder strap is adjustable\u2026","_links":{"self":[{"href":"https:\/\/pecbag.com\/fr\/wp-json\/wp\/v2\/product\/4226","targetHints":{"allow":["GET"]}}],"collection":[{"href":"https:\/\/pecbag.com\/fr\/wp-json\/wp\/v2\/product"}],"about":[{"href":"https:\/\/pecbag.com\/fr\/wp-json\/wp\/v2\/types\/product"}],"wp:featuredmedia":[{"embeddable":true,"href":"https:\/\/pecbag.com\/fr\/wp-json\/wp\/v2\/media\/4232"}],"wp:attachment":[{"href":"https:\/\/pecbag.com\/fr\/wp-json\/wp\/v2\/media?parent=4226"}],"wp:term":[{"taxonomy":"product_brand","embeddable":true,"href":"https:\/\/pecbag.com\/fr\/wp-json\/wp\/v2\/product_brand?post=4226"},{"taxonomy":"product_cat","embeddable":true,"href":"https:\/\/pecbag.com\/fr\/wp-json\/wp\/v2\/product_cat?post=4226"},{"taxonomy":"product_tag","embeddable":true,"href":"https:\/\/pecbag.com\/fr\/wp-json\/wp\/v2\/product_tag?post=4226"}],"curies":[{"name":"wp","href":"https:\/\/api.w.org\/{rel}","templated":true}]}}