{"id":4233,"date":"2025-06-28T01:52:51","date_gmt":"2025-06-28T01:52:51","guid":{"rendered":"https:\/\/pecbag.com\/?post_type=product&#038;p=4233"},"modified":"2025-11-29T01:14:22","modified_gmt":"2025-11-29T01:14:22","slug":"resistant-tactical-hip-bumbag-crossbody-bag","status":"publish","type":"product","link":"https:\/\/pecbag.com\/fr\/resistant-tactical-hip-bumbag-crossbody-bag\/","title":{"rendered":"Resistant Tactical Hip Bumbag Crossbody Bag"},"content":{"rendered":"<h5 title=\"Sac \u00e0 dos pliable pour chien Sac \u00e0 bandouli\u00e8re en maille respirante pour petit animal de compagnie Chien Chats\" data-immersive-translate-walked=\"1c928421-2e42-4cd3-8754-5404553c0af5\" data-immersive-translate-paragraph=\"1\" data-spm-anchor-id=\"a2700.details.0.i35.4f6757d4w4zNZA\"><strong>Sac \u00e0 bandouli\u00e8re tactique r\u00e9sistant \u00e0 l'abrasion Fabrique de sacs imperm\u00e9ables Fabrique de sacs \u00e0 dos militaires Fabrique de sacs \u00e0 dos militaires Pr\u00eat \u00e0 l'emploi en vrac<\/strong><\/h5>\n<p>Besoin de sacs tactiques r\u00e9sistants et test\u00e9s au combat pour les fournisseurs de s\u00e9curit\u00e9 ou les marques de plein air ? En tant que fabricant certifi\u00e9 de sacs \u00e9tanches et de sacs \u00e0 dos tactiques en Chine (Crossbody Bag China), nous concevons des sacs crois\u00e9s conformes aux normes militaires avec un polyester 600D r\u00e9sistant \u00e0 l'abrasion, des agencements \u00e0 acc\u00e8s rapide et des points d'attache modulaires. Partenaire de notre fabricant de sacs Crossbody pour les commandes en vrac de sacs Crossbody, nous avons la confiance des grossistes de sacs Crossbody, des fournisseurs des forces de l'ordre et des vendeurs de sacs Crossbody dans le monde entier.<\/p>\n<div class=\"flex flex-grow flex-col max-w-full\">\n<div class=\"min-h-[20px] text-message flex w-full flex-col items-end gap-2 whitespace-pre-wrap break-words [.text-message+&amp;]:mt-5 overflow-x-auto\" dir=\"auto\" data-message-author-role=\"assistant\" data-message-id=\"3d7d46f6-7ec2-4222-9257-48fa0bba23c6\" data-suggestions=\"true\">\n<div class=\"flex w-full flex-col gap-1 empty:hidden first:pt-[3px]\">\n<div class=\"markdown prose w-full break-words dark:prose-invert light\">\n<table width=\"288\">\n<tbody>\n<tr>\n<td width=\"137\"><span style=\"color: #333333;\">Nom des produits<\/span><\/td>\n<td width=\"151\">Sac \u00e0 bandouli\u00e8re<\/td>\n<\/tr>\n<tr>\n<td><span style=\"color: #333333;\">Num\u00e9ro d'article<\/span><\/td>\n<td><span style=\"color: #333333;\">PB-2127<\/span><\/td>\n<\/tr>\n<tr>\n<td><span style=\"color: #333333;\">Mat\u00e9riau<\/span><\/td>\n<td>Polyester 600D<\/td>\n<\/tr>\n<tr>\n<td><span style=\"color: #333333;\">Taille<\/span><\/td>\n<td>27 x 17 x 12 cm<\/td>\n<\/tr>\n<tr>\n<td><span style=\"color: #333333;\">\u00a0D\u00e9lai de livraison<\/span><\/td>\n<td><span style=\"color: #333333;\">1-5 jours pour les petites quantit\u00e9s par voie a\u00e9rienne et 30-35 jours pour les grandes quantit\u00e9s par voie maritime.<\/span><\/td>\n<\/tr>\n<\/tbody>\n<\/table>\n<p class=\"ds-markdown-paragraph\">\u2705\u00a0<strong>Pourquoi les acheteurs tactiques font confiance \u00e0 notre mat\u00e9riel :<\/strong><\/p>\n<ul>\n<li>\n<p class=\"ds-markdown-paragraph\"><strong>Une durabilit\u00e9 \u00e0 toute \u00e9preuve<\/strong>7 fois plus r\u00e9sistant que le nylon standard (test\u00e9 selon les normes ASTM D751)<\/p>\n<\/li>\n<li>\n<p class=\"ds-markdown-paragraph\">Sac \u00e0 bandouli\u00e8re ODM\/OEM avec services complets d'\u00e9tiquetage priv\u00e9 pour les sacs \u00e0 bandouli\u00e8re<\/p>\n<\/li>\n<li>\n<p class=\"ds-markdown-paragraph\">Production en vrac de sacs \u00e0 bandouli\u00e8re \u00e0 faible MOQ<\/p>\n<\/li>\n<li>\n<p class=\"ds-markdown-paragraph\">Sacs \u00e0 main discrets export\u00e9s par notre usine de sacs \u00e0 main s\u00e9curis\u00e9s<\/p>\n<\/li>\n<li>\n<p class=\"ds-markdown-paragraph\">Options conformes \u00e0 la r\u00e9glementation ITAR disponibles<\/p>\n<\/li>\n<\/ul>\n<p class=\"ds-markdown-paragraph\">\ud83d\udd30\u00a0<strong>Caract\u00e9ristiques Tactical Advantage :<\/strong><br \/>\n- Sangle MOLLE\/PALS + compartiment de transport dissimul\u00e9<br \/>\n- \u00c9tanch\u00e9it\u00e9 submersible (IPX8) + orifices de drainage<br \/>\n- Ceinture de hanche \u00e0 d\u00e9gagement rapide + poches de blocage RFID<br \/>\n- Configurations personnalis\u00e9es par l'interm\u00e9diaire de Crossbody Bag OEM<\/p>\n<p class=\"ds-markdown-paragraph\">Id\u00e9al pour les entreprises de sacs de corps, les distributeurs de s\u00e9curit\u00e9 et les r\u00e9seaux de fournisseurs de sacs de corps. Demandez d\u00e8s aujourd'hui des vid\u00e9os de tests d'abrasion GRATUITES \u00e0 votre fabricant de sacs de corps d\u00e9di\u00e9 !<\/p>\n<\/div>\n<\/div>\n<\/div>\n<\/div>","protected":false},"excerpt":{"rendered":"<h2 data-immersive-translate-walked=\"344be1c1-5052-41eb-8fcd-0dbe236a0d6b\" data-immersive-translate-paragraph=\"1\">Resistant Tactical Hip Bumbag Crossbody Bag<\/h2>\n<div class=\"sliderTable mt10 mb10 sliderTable-index0\">\n<div class=\"inner\">\n<p>Ce sac polyvalent peut \u00eatre port\u00e9 \u00e0 la taille, \u00e0 l'\u00e9paule ou en bandouli\u00e8re pour s'adapter \u00e0 votre style de p\u00eache. Portez-le sur le devant pour l'accessibilit\u00e9 ou sur le dos pour le confort.<\/p>\n<\/div>\n<\/div>","protected":false},"featured_media":4238,"template":"","meta":{"_uag_custom_page_level_css":""},"product_brand":[],"product_cat":[62,55,66],"product_tag":[],"class_list":{"0":"post-4233","1":"product","2":"type-product","3":"status-publish","4":"has-post-thumbnail","6":"product_cat-crossbody-bags","7":"product_cat-tactical-bag","8":"product_cat-waterproof-bag","10":"first","11":"instock","12":"shipping-taxable","13":"product-type-simple"},"uagb_featured_image_src":{"full":["https:\/\/pecbag.com\/wp-content\/uploads\/2025\/06\/Resistant-Tactical-Hip-Bumbag-Crossbody-Bag-2.jpg",1497,1497,false],"thumbnail":["https:\/\/pecbag.com\/wp-content\/uploads\/2025\/06\/Resistant-Tactical-Hip-Bumbag-Crossbody-Bag-2-150x150.jpg",150,150,true],"medium":["https:\/\/pecbag.com\/wp-content\/uploads\/2025\/06\/Resistant-Tactical-Hip-Bumbag-Crossbody-Bag-2-300x300.jpg",300,300,true],"medium_large":["https:\/\/pecbag.com\/wp-content\/uploads\/2025\/06\/Resistant-Tactical-Hip-Bumbag-Crossbody-Bag-2-768x768.jpg",768,768,true],"large":["https:\/\/pecbag.com\/wp-content\/uploads\/2025\/06\/Resistant-Tactical-Hip-Bumbag-Crossbody-Bag-2-1024x1024.jpg",800,800,true],"1536x1536":["https:\/\/pecbag.com\/wp-content\/uploads\/2025\/06\/Resistant-Tactical-Hip-Bumbag-Crossbody-Bag-2.jpg",1497,1497,false],"2048x2048":["https:\/\/pecbag.com\/wp-content\/uploads\/2025\/06\/Resistant-Tactical-Hip-Bumbag-Crossbody-Bag-2.jpg",1497,1497,false],"trp-custom-language-flag":["https:\/\/pecbag.com\/wp-content\/uploads\/2025\/06\/Resistant-Tactical-Hip-Bumbag-Crossbody-Bag-2-12x12.jpg",12,12,true],"woocommerce_thumbnail":["https:\/\/pecbag.com\/wp-content\/uploads\/2025\/06\/Resistant-Tactical-Hip-Bumbag-Crossbody-Bag-2-300x300.jpg",300,300,true],"woocommerce_single":["https:\/\/pecbag.com\/wp-content\/uploads\/2025\/06\/Resistant-Tactical-Hip-Bumbag-Crossbody-Bag-2-600x600.jpg",600,600,true],"woocommerce_gallery_thumbnail":["https:\/\/pecbag.com\/wp-content\/uploads\/2025\/06\/Resistant-Tactical-Hip-Bumbag-Crossbody-Bag-2-100x100.jpg",100,100,true]},"uagb_author_info":{"display_name":"Lawrence","author_link":"https:\/\/pecbag.com\/fr\/author\/"},"uagb_comment_info":0,"uagb_excerpt":"Resistant Tactical Hip Bumbag Crossbody Bag This versatile bag can be carried around your waist, over your shoulder, or as a crossbody bag to best suit your fishing style. Wear it on your front for accessibility or on your back for comfort.","_links":{"self":[{"href":"https:\/\/pecbag.com\/fr\/wp-json\/wp\/v2\/product\/4233","targetHints":{"allow":["GET"]}}],"collection":[{"href":"https:\/\/pecbag.com\/fr\/wp-json\/wp\/v2\/product"}],"about":[{"href":"https:\/\/pecbag.com\/fr\/wp-json\/wp\/v2\/types\/product"}],"wp:featuredmedia":[{"embeddable":true,"href":"https:\/\/pecbag.com\/fr\/wp-json\/wp\/v2\/media\/4238"}],"wp:attachment":[{"href":"https:\/\/pecbag.com\/fr\/wp-json\/wp\/v2\/media?parent=4233"}],"wp:term":[{"taxonomy":"product_brand","embeddable":true,"href":"https:\/\/pecbag.com\/fr\/wp-json\/wp\/v2\/product_brand?post=4233"},{"taxonomy":"product_cat","embeddable":true,"href":"https:\/\/pecbag.com\/fr\/wp-json\/wp\/v2\/product_cat?post=4233"},{"taxonomy":"product_tag","embeddable":true,"href":"https:\/\/pecbag.com\/fr\/wp-json\/wp\/v2\/product_tag?post=4233"}],"curies":[{"name":"wp","href":"https:\/\/api.w.org\/{rel}","templated":true}]}}