{"id":4278,"date":"2025-06-30T01:45:29","date_gmt":"2025-06-30T01:45:29","guid":{"rendered":"https:\/\/pecbag.com\/?post_type=product&#038;p=4278"},"modified":"2025-11-29T01:14:00","modified_gmt":"2025-11-29T01:14:00","slug":"packable-travel-training-tactical-bag-factory","status":"publish","type":"product","link":"https:\/\/pecbag.com\/fr\/packable-travel-training-tactical-bag-factory\/","title":{"rendered":"Sac tactique de voyage et d'entra\u00eenement pliable Factory"},"content":{"rendered":"<h5 title=\"Sac \u00e0 dos pliable pour chien Sac \u00e0 bandouli\u00e8re en maille respirante pour petit animal de compagnie Chien Chats\" data-immersive-translate-walked=\"1c928421-2e42-4cd3-8754-5404553c0af5\" data-immersive-translate-paragraph=\"1\" data-spm-anchor-id=\"a2700.details.0.i35.4f6757d4w4zNZA\"><strong>Sac tactique de voyage pliable pour l'entra\u00eenement Fabrication de sacs \u00e9tanches et de sacs \u00e0 dos compacts Fabrication de sacs \u00e0 dos pliants en vrac<\/strong><\/h5>\n<p>Vous avez besoin de sacs tactiques d'entra\u00eenement polyvalents et pliables qui passent d'un format compact \u00e0 un format pr\u00eat au combat ? En tant que fabricant certifi\u00e9 de sacs \u00e9tanches et de sacs \u00e0 dos tactiques en Chine (Tactical Bag China), nous concevons des sacs tactiques pliables qui se compriment jusqu'\u00e0 la taille 30% tout en conservant la durabilit\u00e9 MIL-SPEC. Partenaire de notre fabricant de sacs tactiques pour les commandes en vrac de sacs tactiques, nous avons la confiance des grossistes de sacs tactiques, des d\u00e9taillants de plein air et des vendeurs de sacs tactiques dans le monde entier.<\/p>\n<div class=\"flex flex-grow flex-col max-w-full\">\n<div class=\"min-h-[20px] text-message flex w-full flex-col items-end gap-2 whitespace-pre-wrap break-words [.text-message+&amp;]:mt-5 overflow-x-auto\" dir=\"auto\" data-message-author-role=\"assistant\" data-message-id=\"3d7d46f6-7ec2-4222-9257-48fa0bba23c6\" data-suggestions=\"true\">\n<div class=\"flex w-full flex-col gap-1 empty:hidden first:pt-[3px]\">\n<div class=\"markdown prose w-full break-words dark:prose-invert light\">\n<table width=\"288\">\n<tbody>\n<tr>\n<td width=\"137\"><span style=\"color: #333333;\">Nom des produits<\/span><\/td>\n<td width=\"151\">Sac tactique<\/td>\n<\/tr>\n<tr>\n<td><span style=\"color: #333333;\">Num\u00e9ro d'article<\/span><\/td>\n<td><span style=\"color: #333333;\">PB-2130<\/span><\/td>\n<\/tr>\n<tr>\n<td><span style=\"color: #333333;\">Mat\u00e9riau<\/span><\/td>\n<td>Polyester 600D<\/td>\n<\/tr>\n<tr>\n<td><span style=\"color: #333333;\">Taille<\/span><\/td>\n<td>63 x 33 x 29 cm<\/td>\n<\/tr>\n<tr>\n<td><span style=\"color: #333333;\">\u00a0D\u00e9lai de livraison<\/span><\/td>\n<td><span style=\"color: #333333;\">1-5 jours pour les petites quantit\u00e9s par voie a\u00e9rienne et 30-35 jours pour les grandes quantit\u00e9s par voie maritime.<\/span><\/td>\n<\/tr>\n<\/tbody>\n<\/table>\n<p class=\"ds-markdown-paragraph\">\u2705\u00a0<strong>Pourquoi les centres de formation et les marques de voyage nous choisissent-ils ?<\/strong><\/p>\n<ul>\n<li>\n<p class=\"ds-markdown-paragraph\"><strong>Fonctionnalit\u00e9 3 en 1<\/strong>: Se d\u00e9plie du sac de jour (20L) au sac de mission (40L) en 10 secondes<\/p>\n<\/li>\n<li>\n<p class=\"ds-markdown-paragraph\">Sacoche tactique ODM\/OEM avec services complets de labellisation priv\u00e9e de sacoche tactique<\/p>\n<\/li>\n<li>\n<p class=\"ds-markdown-paragraph\">Production en vrac de sacs tactiques \u00e0 faible MOQ<\/p>\n<\/li>\n<li>\n<p class=\"ds-markdown-paragraph\">Exportation rapide de sacs tactiques \u00e0 partir de notre usine de sacs tactiques certifi\u00e9e ISO<\/p>\n<\/li>\n<li>\n<p class=\"ds-markdown-paragraph\">Produit \u00e9galement des sacs de maquillage en vrac pour les marques de cosm\u00e9tiques<\/p>\n<\/li>\n<\/ul>\n<p class=\"ds-markdown-paragraph\">\ud83c\udf92\u00a0<strong>Fonctionnalit\u00e9s pr\u00eates \u00e0 \u00eatre d\u00e9ploy\u00e9es :<\/strong><br \/>\n- Ultra-packable 420D ripstop (se plie en pochette de 8\u2033x5\u2033)<br \/>\n- Rev\u00eatement TPU imperm\u00e9able + compatible MOLLE en cas d'extension<br \/>\n- Pochette cach\u00e9e pour documents + pochette de blocage RFID<br \/>\n- Configurations personnalis\u00e9es via Tactical Bag OEM<\/p>\n<p class=\"ds-markdown-paragraph\">Id\u00e9al pour les entreprises de sacs tactiques, les distributeurs de produits de fitness et les r\u00e9seaux de fournisseurs de sacs tactiques. Demandez d\u00e8s aujourd'hui des d\u00e9monstrations GRATUITES d'empaquetage \u00e0 votre fabricant de sacs tactiques d\u00e9di\u00e9 !<\/p>\n<\/div>\n<\/div>\n<\/div>\n<\/div>","protected":false},"excerpt":{"rendered":"<h2 data-immersive-translate-walked=\"344be1c1-5052-41eb-8fcd-0dbe236a0d6b\" data-immersive-translate-paragraph=\"1\">Sac tactique de voyage et d'entra\u00eenement pliable Factory<\/h2>\n<div class=\"sliderTable mt10 mb10 sliderTable-index0\">\n<div class=\"inner\">\n<div>Il peut \u00eatre utilis\u00e9 comme sac tactique, sac d'entra\u00eenement, sac de voyage, sac de fitness, sac de gymnastique pour les hommes et les femmes.<\/div>\n<\/div>\n<\/div>","protected":false},"featured_media":4282,"template":"","meta":{"_uag_custom_page_level_css":""},"product_brand":[],"product_cat":[55,63,68],"product_tag":[],"class_list":{"0":"post-4278","1":"product","2":"type-product","3":"status-publish","4":"has-post-thumbnail","6":"product_cat-tactical-bag","7":"product_cat-duffel-bag","8":"product_cat-travel-bag","10":"first","11":"instock","12":"shipping-taxable","13":"product-type-simple"},"uagb_featured_image_src":{"full":["https:\/\/pecbag.com\/wp-content\/uploads\/2025\/06\/Packable-Travel-Training-Tactical-Bag-Factory-2.jpg",1000,1000,false],"thumbnail":["https:\/\/pecbag.com\/wp-content\/uploads\/2025\/06\/Packable-Travel-Training-Tactical-Bag-Factory-2-150x150.jpg",150,150,true],"medium":["https:\/\/pecbag.com\/wp-content\/uploads\/2025\/06\/Packable-Travel-Training-Tactical-Bag-Factory-2-300x300.jpg",300,300,true],"medium_large":["https:\/\/pecbag.com\/wp-content\/uploads\/2025\/06\/Packable-Travel-Training-Tactical-Bag-Factory-2-768x768.jpg",768,768,true],"large":["https:\/\/pecbag.com\/wp-content\/uploads\/2025\/06\/Packable-Travel-Training-Tactical-Bag-Factory-2.jpg",800,800,false],"1536x1536":["https:\/\/pecbag.com\/wp-content\/uploads\/2025\/06\/Packable-Travel-Training-Tactical-Bag-Factory-2.jpg",1000,1000,false],"2048x2048":["https:\/\/pecbag.com\/wp-content\/uploads\/2025\/06\/Packable-Travel-Training-Tactical-Bag-Factory-2.jpg",1000,1000,false],"trp-custom-language-flag":["https:\/\/pecbag.com\/wp-content\/uploads\/2025\/06\/Packable-Travel-Training-Tactical-Bag-Factory-2-12x12.jpg",12,12,true],"woocommerce_thumbnail":["https:\/\/pecbag.com\/wp-content\/uploads\/2025\/06\/Packable-Travel-Training-Tactical-Bag-Factory-2-300x300.jpg",300,300,true],"woocommerce_single":["https:\/\/pecbag.com\/wp-content\/uploads\/2025\/06\/Packable-Travel-Training-Tactical-Bag-Factory-2-600x600.jpg",600,600,true],"woocommerce_gallery_thumbnail":["https:\/\/pecbag.com\/wp-content\/uploads\/2025\/06\/Packable-Travel-Training-Tactical-Bag-Factory-2-100x100.jpg",100,100,true]},"uagb_author_info":{"display_name":"Lawrence","author_link":"https:\/\/pecbag.com\/fr\/author\/"},"uagb_comment_info":0,"uagb_excerpt":"Packable Travel Training Tactical Bag Factory It can be used as a tactical bag, workout bag, travel bag, fitness bag, gym bag for men and women.","_links":{"self":[{"href":"https:\/\/pecbag.com\/fr\/wp-json\/wp\/v2\/product\/4278","targetHints":{"allow":["GET"]}}],"collection":[{"href":"https:\/\/pecbag.com\/fr\/wp-json\/wp\/v2\/product"}],"about":[{"href":"https:\/\/pecbag.com\/fr\/wp-json\/wp\/v2\/types\/product"}],"wp:featuredmedia":[{"embeddable":true,"href":"https:\/\/pecbag.com\/fr\/wp-json\/wp\/v2\/media\/4282"}],"wp:attachment":[{"href":"https:\/\/pecbag.com\/fr\/wp-json\/wp\/v2\/media?parent=4278"}],"wp:term":[{"taxonomy":"product_brand","embeddable":true,"href":"https:\/\/pecbag.com\/fr\/wp-json\/wp\/v2\/product_brand?post=4278"},{"taxonomy":"product_cat","embeddable":true,"href":"https:\/\/pecbag.com\/fr\/wp-json\/wp\/v2\/product_cat?post=4278"},{"taxonomy":"product_tag","embeddable":true,"href":"https:\/\/pecbag.com\/fr\/wp-json\/wp\/v2\/product_tag?post=4278"}],"curies":[{"name":"wp","href":"https:\/\/api.w.org\/{rel}","templated":true}]}}