{"id":4306,"date":"2025-07-03T02:21:50","date_gmt":"2025-07-03T02:21:50","guid":{"rendered":"https:\/\/pecbag.com\/?post_type=product&#038;p=4306"},"modified":"2025-11-28T09:40:25","modified_gmt":"2025-11-28T09:40:25","slug":"heavy-duty-tactical-bag-military-backpack-wholesalers","status":"publish","type":"product","link":"https:\/\/pecbag.com\/fr\/heavy-duty-tactical-bag-military-backpack-wholesalers\/","title":{"rendered":"Heavy Duty Tactical Bag Military Backpack Grossistes"},"content":{"rendered":"<h5 title=\"Sac \u00e0 dos pliable pour chien Sac \u00e0 bandouli\u00e8re en maille respirante pour petit animal de compagnie Chien Chats\" data-immersive-translate-walked=\"1c928421-2e42-4cd3-8754-5404553c0af5\" data-immersive-translate-paragraph=\"1\" data-spm-anchor-id=\"a2700.details.0.i35.4f6757d4w4zNZA\">Sacoche tactique pour usage intensif Sac \u00e0 dos militaire Grossistes | Fabricant de sacs \u00e9tanches et de sacs \u00e0 dos de combat | Pr\u00eat \u00e0 l'emploi<\/h5>\n<p>Besoin de sacs \u00e0 dos militaires incassables et r\u00e9sistants pour les forces d'\u00e9lite ? En tant que grossiste certifi\u00e9 de sacs \u00e0 dos militaires Heavy Duty Tactical Bag, nous sommes une usine et un fabricant de sacs tactiques de premier plan en Chine. Nous concevons des sacs \u00e0 l'\u00e9preuve du combat avec des coques en Cordura\u00ae 500D, des armatures porteuses et des joints d'\u00e9tanch\u00e9it\u00e9 IPX8.<\/p>\n<p>Nous sommes votre fournisseur strat\u00e9gique de sacs tactiques pour les commandes en gros de sacs tactiques. Nous approvisionnons les vendeurs de sacs tactiques, les agences gouvernementales et les grossistes de sacs tactiques dans le monde entier.<\/p>\n<div class=\"flex flex-grow flex-col max-w-full\">\n<div class=\"min-h-[20px] text-message flex w-full flex-col items-end gap-2 whitespace-pre-wrap break-words [.text-message+&amp;]:mt-5 overflow-x-auto\" dir=\"auto\" data-message-author-role=\"assistant\" data-message-id=\"3d7d46f6-7ec2-4222-9257-48fa0bba23c6\" data-suggestions=\"true\">\n<div class=\"flex w-full flex-col gap-1 empty:hidden first:pt-[3px]\">\n<div class=\"markdown prose w-full break-words dark:prose-invert light\">\n<table width=\"288\">\n<tbody>\n<tr>\n<td width=\"137\"><span style=\"color: #333333;\">Nom des produits<\/span><\/td>\n<td width=\"151\">Sac tactique<\/td>\n<\/tr>\n<tr>\n<td><span style=\"color: #333333;\">Num\u00e9ro d'article<\/span><\/td>\n<td><span style=\"color: #333333;\">PB-2134<\/span><\/td>\n<\/tr>\n<tr>\n<td><span style=\"color: #333333;\">Mat\u00e9riau<\/span><\/td>\n<td>Cordura 500D<\/td>\n<\/tr>\n<tr>\n<td><span style=\"color: #333333;\">Taille<\/span><\/td>\n<td>45 x 22 x 30 cm<\/td>\n<\/tr>\n<tr>\n<td><span style=\"color: #333333;\">\u00a0D\u00e9lai de livraison<\/span><\/td>\n<td><span style=\"color: #333333;\">1-5 jours pour les petites quantit\u00e9s par voie a\u00e9rienne et 30-35 jours pour les grandes quantit\u00e9s par voie maritime.<\/span><\/td>\n<\/tr>\n<\/tbody>\n<\/table>\n<p class=\"ds-markdown-paragraph\"><strong>Pourquoi les distributeurs mondiaux nous choisissent-ils ?<\/strong><br \/>\n\u2705\u00a0<strong>Statut de best-seller :<\/strong>\u00a070% taux de r\u00e9p\u00e9tition des commandes des partenaires de Tactical Bag Company (2025 v\u00e9rifi\u00e9)<br \/>\n\u2705 Services complets de sacs tactiques ODM\/OEM et de sacs tactiques sous marque de distributeur<br \/>\n\u2705 Production en vrac de sacs tactiques \u00e0 faible QMT<br \/>\nLes sacs tactiques rapides sont export\u00e9s par une usine de sacs tactiques certifi\u00e9e ISO.<br \/>\n\u2705 Production en double ligne : Sacs tactiques robustes + sac de maquillage en vrac<\/p>\n<p class=\"ds-markdown-paragraph\"><strong>Des sp\u00e9cifications plus performantes :<\/strong><br \/>\n- Capacit\u00e9 extensible de 40L + sangles MOLLE\/PALS r\u00e9sistantes \u00e0 360<br \/>\n- Submersible 72h imperm\u00e9able + poign\u00e9es renforc\u00e9es<br \/>\n- Compartiments pour la pochette d'arme \u00e0 extraction rapide et le kit de traumatologie<br \/>\n- Configurations personnalis\u00e9es via Tactical Bag OEM<\/p>\n<p class=\"ds-markdown-paragraph\">Id\u00e9al pour les grossistes en sacs \u00e0 dos militaires, les entreprises de d\u00e9fense et les r\u00e9seaux d'exportation de sacs tactiques. R\u00e9clamez votre allocation en vrac aupr\u00e8s des grossistes en sacs \u00e0 dos militaires Heavy Duty Tactical Bag en Chine d\u00e8s aujourd'hui !<\/p>\n<\/div>\n<\/div>\n<\/div>\n<\/div>","protected":false},"excerpt":{"rendered":"<h2 data-immersive-translate-walked=\"344be1c1-5052-41eb-8fcd-0dbe236a0d6b\" data-immersive-translate-paragraph=\"1\">Heavy Duty Tactical Bag Military Backpack Grossistes<\/h2>\n<div class=\"sliderTable mt10 mb10 sliderTable-index0\">\n<div class=\"inner\">\n<p>1. Compartiment administratif frontal avec plusieurs pochettes int\u00e9rieures et un mousqueton. Panneau dorsal renforc\u00e9 et rembourr\u00e9 avec un filet d'espacement.<\/p>\n<p>2. Bretelles r\u00e9glables \u00e0 d\u00e9gagement rapide, rembourr\u00e9es avec un filet d'espacement et une sangle de poitrine. Ceinture de hanche r\u00e9glable et amovible<\/p>\n<p>3. Compatible MOLLE\/PALS. Cordon \u00e9lastique externe pour un rangement rapide \u00e0 l'ext\u00e9rieur.<\/p>\n<\/div>\n<\/div>","protected":false},"featured_media":4310,"template":"","meta":{"_uag_custom_page_level_css":""},"product_brand":[],"product_cat":[55,60],"product_tag":[],"class_list":{"0":"post-4306","1":"product","2":"type-product","3":"status-publish","4":"has-post-thumbnail","6":"product_cat-tactical-bag","7":"product_cat-backpack","9":"first","10":"instock","11":"shipping-taxable","12":"product-type-simple"},"uagb_featured_image_src":{"full":["https:\/\/pecbag.com\/wp-content\/uploads\/2025\/07\/Heavy-Duty-Tactical-Bag-Military-Backpack-Wholesalers-4.jpg",1000,1000,false],"thumbnail":["https:\/\/pecbag.com\/wp-content\/uploads\/2025\/07\/Heavy-Duty-Tactical-Bag-Military-Backpack-Wholesalers-4-150x150.jpg",150,150,true],"medium":["https:\/\/pecbag.com\/wp-content\/uploads\/2025\/07\/Heavy-Duty-Tactical-Bag-Military-Backpack-Wholesalers-4-300x300.jpg",300,300,true],"medium_large":["https:\/\/pecbag.com\/wp-content\/uploads\/2025\/07\/Heavy-Duty-Tactical-Bag-Military-Backpack-Wholesalers-4-768x768.jpg",768,768,true],"large":["https:\/\/pecbag.com\/wp-content\/uploads\/2025\/07\/Heavy-Duty-Tactical-Bag-Military-Backpack-Wholesalers-4.jpg",800,800,false],"1536x1536":["https:\/\/pecbag.com\/wp-content\/uploads\/2025\/07\/Heavy-Duty-Tactical-Bag-Military-Backpack-Wholesalers-4.jpg",1000,1000,false],"2048x2048":["https:\/\/pecbag.com\/wp-content\/uploads\/2025\/07\/Heavy-Duty-Tactical-Bag-Military-Backpack-Wholesalers-4.jpg",1000,1000,false],"trp-custom-language-flag":["https:\/\/pecbag.com\/wp-content\/uploads\/2025\/07\/Heavy-Duty-Tactical-Bag-Military-Backpack-Wholesalers-4-12x12.jpg",12,12,true],"woocommerce_thumbnail":["https:\/\/pecbag.com\/wp-content\/uploads\/2025\/07\/Heavy-Duty-Tactical-Bag-Military-Backpack-Wholesalers-4-300x300.jpg",300,300,true],"woocommerce_single":["https:\/\/pecbag.com\/wp-content\/uploads\/2025\/07\/Heavy-Duty-Tactical-Bag-Military-Backpack-Wholesalers-4-600x600.jpg",600,600,true],"woocommerce_gallery_thumbnail":["https:\/\/pecbag.com\/wp-content\/uploads\/2025\/07\/Heavy-Duty-Tactical-Bag-Military-Backpack-Wholesalers-4-100x100.jpg",100,100,true]},"uagb_author_info":{"display_name":"Lawrence","author_link":"https:\/\/pecbag.com\/fr\/author\/"},"uagb_comment_info":0,"uagb_excerpt":"Heavy Duty Tactical Bag Military Backpack Wholesalers 1. Front admin compartment with multiple inner sleeves and a carabiner. Stiffened back panel padded with spacer mesh 2. Adjustable quick-release shoulder straps, padded with spacer mesh and chest strap. Adjustable and removable webbing hip belt 3. MOLLE\/PALS compatible. External bungee cord web for quick outer storage","_links":{"self":[{"href":"https:\/\/pecbag.com\/fr\/wp-json\/wp\/v2\/product\/4306","targetHints":{"allow":["GET"]}}],"collection":[{"href":"https:\/\/pecbag.com\/fr\/wp-json\/wp\/v2\/product"}],"about":[{"href":"https:\/\/pecbag.com\/fr\/wp-json\/wp\/v2\/types\/product"}],"wp:featuredmedia":[{"embeddable":true,"href":"https:\/\/pecbag.com\/fr\/wp-json\/wp\/v2\/media\/4310"}],"wp:attachment":[{"href":"https:\/\/pecbag.com\/fr\/wp-json\/wp\/v2\/media?parent=4306"}],"wp:term":[{"taxonomy":"product_brand","embeddable":true,"href":"https:\/\/pecbag.com\/fr\/wp-json\/wp\/v2\/product_brand?post=4306"},{"taxonomy":"product_cat","embeddable":true,"href":"https:\/\/pecbag.com\/fr\/wp-json\/wp\/v2\/product_cat?post=4306"},{"taxonomy":"product_tag","embeddable":true,"href":"https:\/\/pecbag.com\/fr\/wp-json\/wp\/v2\/product_tag?post=4306"}],"curies":[{"name":"wp","href":"https:\/\/api.w.org\/{rel}","templated":true}]}}