{"id":4314,"date":"2025-07-04T03:29:09","date_gmt":"2025-07-04T03:29:09","guid":{"rendered":"https:\/\/pecbag.com\/?post_type=product&#038;p=4314"},"modified":"2025-11-28T09:39:09","modified_gmt":"2025-11-28T09:39:09","slug":"top-camouflage-tactical-bag-manufacturer","status":"publish","type":"product","link":"https:\/\/pecbag.com\/fr\/top-camouflage-tactical-bag-manufacturer\/","title":{"rendered":"Sacoche tactique camouflage Fabricant"},"content":{"rendered":"<h5 title=\"Sac \u00e0 dos pliable pour chien Sac \u00e0 bandouli\u00e8re en maille respirante pour petit animal de compagnie Chien Chats\" data-immersive-translate-walked=\"1c928421-2e42-4cd3-8754-5404553c0af5\" data-immersive-translate-paragraph=\"1\" data-spm-anchor-id=\"a2700.details.0.i35.4f6757d4w4zNZA\">Fabricant de sacs tactiques en camouflage | Fabricant de sacs \u00e9tanches &amp; Fabricant de sacs \u00e0 dos militaires | Fourniture tactique<\/h5>\n<p class=\"ds-markdown-paragraph\">Vous avez besoin de sacs tactiques camouflage pr\u00eats \u00e0 l'emploi, provenant directement de la source ? En tant que fabricant certifi\u00e9 de sacs tactiques camouflage et usine de sacs \u00e9tanches ISO 9001 en Chine, nous concevons des sacs de qualit\u00e9 militaire avec des motifs de camouflage num\u00e9rique\/woodland, des coques en Cordura\u00ae 1000D et une protection \u00e9tanche IPX7 qui ont la confiance des op\u00e9rateurs du monde entier.<\/p>\n<p class=\"ds-markdown-paragraph\">Nous sommes votre fournisseur strat\u00e9gique de sacs tactiques. Nous exportons des sacs tactiques vers des grossistes, des entreprises de d\u00e9fense et des vendeurs de sacs tactiques dans le monde entier.<\/p>\n<div class=\"flex flex-grow flex-col max-w-full\">\n<div class=\"min-h-[20px] text-message flex w-full flex-col items-end gap-2 whitespace-pre-wrap break-words [.text-message+&amp;]:mt-5 overflow-x-auto\" dir=\"auto\" data-message-author-role=\"assistant\" data-message-id=\"3d7d46f6-7ec2-4222-9257-48fa0bba23c6\" data-suggestions=\"true\">\n<div class=\"flex w-full flex-col gap-1 empty:hidden first:pt-[3px]\">\n<div class=\"markdown prose w-full break-words dark:prose-invert light\">\n<table width=\"288\">\n<tbody>\n<tr>\n<td width=\"137\"><span style=\"color: #333333;\">Nom des produits<\/span><\/td>\n<td width=\"151\">Sac tactique<\/td>\n<\/tr>\n<tr>\n<td><span style=\"color: #333333;\">Num\u00e9ro d'article<\/span><\/td>\n<td><span style=\"color: #333333;\">PB-2135<\/span><\/td>\n<\/tr>\n<tr>\n<td><span style=\"color: #333333;\">Mat\u00e9riau<\/span><\/td>\n<td>Polyester 1000D<\/td>\n<\/tr>\n<tr>\n<td><span style=\"color: #333333;\">Taille<\/span><\/td>\n<td>49 x 21 x 30 cm<\/td>\n<\/tr>\n<tr>\n<td><span style=\"color: #333333;\">\u00a0D\u00e9lai de livraison<\/span><\/td>\n<td><span style=\"color: #333333;\">1-5 jours pour les petites quantit\u00e9s par voie a\u00e9rienne et 30-35 jours pour les grandes quantit\u00e9s par voie maritime.<\/span><\/td>\n<\/tr>\n<\/tbody>\n<\/table>\n<p class=\"ds-markdown-paragraph\"><strong>Pourquoi les distributeurs d'\u00e9lite nous choisissent :<\/strong><br \/>\n\u2705\u00a0<strong>Meilleures ventes de sacs :<\/strong>\u00a0Rotation des rayons 3 fois plus rapide qu'avec les emballages tactiques standard<br \/>\nSacs tactiques ODM\/OEM et sacs tactiques sous marque de distributeur<br \/>\n\u2705 Faible MOQ Sac tactique en vrac<br \/>\n\u2705 Exp\u00e9dition rapide depuis notre usine de fabrication de sacs tactiques<br \/>\n\u2705 Double production : Sacs tactiques camouflage + sac de maquillage en vrac.<\/p>\n<p class=\"ds-markdown-paragraph\"><strong>Sp\u00e9cifications essentielles \u00e0 la mission :<\/strong><br \/>\n- Motifs de camouflage MIL-STD (MultiCam\u00ae\/Woodland\/Urban)<br \/>\n- Coutures \u00e9tanches submersibles + bases auto-drainantes<br \/>\n- Sangle MOLLE\/PALS 360\u00b0 + compartiments CCW dissimul\u00e9s<br \/>\n- Configurations personnalis\u00e9es via Tactical Bag OEM<\/p>\n<p class=\"ds-markdown-paragraph\">Id\u00e9al pour les acheteurs des soci\u00e9t\u00e9s de sacs tactiques, les points de vente militaires et les r\u00e9seaux de grossistes de sacs tactiques. Demandez votre catalogue au premier fabricant chinois de sacs tactiques camouflage d\u00e8s aujourd'hui !<\/p>\n<\/div>\n<\/div>\n<\/div>\n<\/div>","protected":false},"excerpt":{"rendered":"<h2 data-immersive-translate-walked=\"344be1c1-5052-41eb-8fcd-0dbe236a0d6b\" data-immersive-translate-paragraph=\"1\">Sacoche tactique camouflage Fabricant<\/h2>\n<div class=\"sliderTable mt10 mb10 sliderTable-index0\">\n<div class=\"inner\">\n<div>1. Fabriqu\u00e9 en polyester lourd et durable.<\/div>\n<div>2. Le compartiment principal spacieux vous permet de ranger vos v\u00eatements ou votre \u00e9quipement tactique.<br \/>\n3. Pochette doubl\u00e9e en tricot pour prot\u00e9ger les lunettes.<\/div>\n<div>4. Sangles de compression lat\u00e9rales pour condenser votre charge.<\/div>\n<div>5. Porte-patchs \u00e0 boucles et crochets.<\/div>\n<\/div>\n<\/div>","protected":false},"featured_media":4319,"template":"","meta":{"_uag_custom_page_level_css":""},"product_brand":[],"product_cat":[55,60],"product_tag":[],"class_list":{"0":"post-4314","1":"product","2":"type-product","3":"status-publish","4":"has-post-thumbnail","6":"product_cat-tactical-bag","7":"product_cat-backpack","9":"first","10":"instock","11":"shipping-taxable","12":"product-type-simple"},"uagb_featured_image_src":{"full":["https:\/\/pecbag.com\/wp-content\/uploads\/2025\/07\/Camouflage-Tactical-Bag-Manufacturer-1.jpg",710,708,false],"thumbnail":["https:\/\/pecbag.com\/wp-content\/uploads\/2025\/07\/Camouflage-Tactical-Bag-Manufacturer-1-150x150.jpg",150,150,true],"medium":["https:\/\/pecbag.com\/wp-content\/uploads\/2025\/07\/Camouflage-Tactical-Bag-Manufacturer-1-300x300.jpg",300,300,true],"medium_large":["https:\/\/pecbag.com\/wp-content\/uploads\/2025\/07\/Camouflage-Tactical-Bag-Manufacturer-1.jpg",710,708,false],"large":["https:\/\/pecbag.com\/wp-content\/uploads\/2025\/07\/Camouflage-Tactical-Bag-Manufacturer-1.jpg",710,708,false],"1536x1536":["https:\/\/pecbag.com\/wp-content\/uploads\/2025\/07\/Camouflage-Tactical-Bag-Manufacturer-1.jpg",710,708,false],"2048x2048":["https:\/\/pecbag.com\/wp-content\/uploads\/2025\/07\/Camouflage-Tactical-Bag-Manufacturer-1.jpg",710,708,false],"trp-custom-language-flag":["https:\/\/pecbag.com\/wp-content\/uploads\/2025\/07\/Camouflage-Tactical-Bag-Manufacturer-1-12x12.jpg",12,12,true],"woocommerce_thumbnail":["https:\/\/pecbag.com\/wp-content\/uploads\/2025\/07\/Camouflage-Tactical-Bag-Manufacturer-1-300x300.jpg",300,300,true],"woocommerce_single":["https:\/\/pecbag.com\/wp-content\/uploads\/2025\/07\/Camouflage-Tactical-Bag-Manufacturer-1-600x598.jpg",600,598,true],"woocommerce_gallery_thumbnail":["https:\/\/pecbag.com\/wp-content\/uploads\/2025\/07\/Camouflage-Tactical-Bag-Manufacturer-1-100x100.jpg",100,100,true]},"uagb_author_info":{"display_name":"Lawrence","author_link":"https:\/\/pecbag.com\/fr\/author\/"},"uagb_comment_info":0,"uagb_excerpt":"Camouflage Tactical Bag Manufacturer 1. Constructed of heavyweight, durable polyester. 2. Spacious main compartment gives you space for clothing or tactical gear. 3. Tricot-lined pocket to protect eyewear. 4. Side compression straps to condense your load. 5. Hook and loop patch holders.","_links":{"self":[{"href":"https:\/\/pecbag.com\/fr\/wp-json\/wp\/v2\/product\/4314","targetHints":{"allow":["GET"]}}],"collection":[{"href":"https:\/\/pecbag.com\/fr\/wp-json\/wp\/v2\/product"}],"about":[{"href":"https:\/\/pecbag.com\/fr\/wp-json\/wp\/v2\/types\/product"}],"wp:featuredmedia":[{"embeddable":true,"href":"https:\/\/pecbag.com\/fr\/wp-json\/wp\/v2\/media\/4319"}],"wp:attachment":[{"href":"https:\/\/pecbag.com\/fr\/wp-json\/wp\/v2\/media?parent=4314"}],"wp:term":[{"taxonomy":"product_brand","embeddable":true,"href":"https:\/\/pecbag.com\/fr\/wp-json\/wp\/v2\/product_brand?post=4314"},{"taxonomy":"product_cat","embeddable":true,"href":"https:\/\/pecbag.com\/fr\/wp-json\/wp\/v2\/product_cat?post=4314"},{"taxonomy":"product_tag","embeddable":true,"href":"https:\/\/pecbag.com\/fr\/wp-json\/wp\/v2\/product_tag?post=4314"}],"curies":[{"name":"wp","href":"https:\/\/api.w.org\/{rel}","templated":true}]}}