{"id":4398,"date":"2025-07-07T01:03:48","date_gmt":"2025-07-07T01:03:48","guid":{"rendered":"https:\/\/pecbag.com\/?post_type=product&#038;p=4398"},"modified":"2025-11-28T09:36:20","modified_gmt":"2025-11-28T09:36:20","slug":"china-laptop-messenger-bag-factory","status":"publish","type":"product","link":"https:\/\/pecbag.com\/fr\/china-laptop-messenger-bag-factory\/","title":{"rendered":"Fabrique de sacs de messageries pour ordinateurs portables en Chine"},"content":{"rendered":"<h5 title=\"Sac \u00e0 dos pliable pour chien Sac \u00e0 bandouli\u00e8re en maille respirante pour petit animal de compagnie Chien Chats\" data-immersive-translate-walked=\"1c928421-2e42-4cd3-8754-5404553c0af5\" data-immersive-translate-paragraph=\"1\" data-spm-anchor-id=\"a2700.details.0.i35.4f6757d4w4zNZA\">Top China Laptop Messenger Bag Factory | Waterproof Bag Factory &amp; Professional Backpack Manufacturer | Bulk Export<\/h5>\n<div class=\"flex flex-grow flex-col max-w-full\">\n<div class=\"min-h-[20px] text-message flex w-full flex-col items-end gap-2 whitespace-pre-wrap break-words [.text-message+&amp;]:mt-5 overflow-x-auto\" dir=\"auto\" data-message-author-role=\"assistant\" data-message-id=\"3d7d46f6-7ec2-4222-9257-48fa0bba23c6\" data-suggestions=\"true\">\n<div class=\"flex w-full flex-col gap-1 empty:hidden first:pt-[3px]\">\n<div class=\"markdown prose w-full break-words dark:prose-invert light\">\n<p class=\"ds-markdown-paragraph\"><strong>Vous avez besoin de sacs de messageries pour ordinateurs portables de qualit\u00e9 sup\u00e9rieure exp\u00e9di\u00e9s directement de Chine ?<\/strong>\u00a0En tant que leader dans la fabrication de sacs de messageries pour ordinateurs portables en Chine et de sacs imperm\u00e9ables certifi\u00e9s ISO, nous concevons des sacs de messageries de qualit\u00e9 professionnelle avec des pochettes rembourr\u00e9es pour ordinateurs portables, une \u00e9tanch\u00e9it\u00e9 IPX5 et des mod\u00e8les pr\u00eats \u00e0 l'emploi pour les trajets quotidiens, qui sont reconnus par les marques internationales.<\/p>\n<p class=\"ds-markdown-paragraph\">Partenaire de notre soci\u00e9t\u00e9 de sacs de messageries - votre fournisseur strat\u00e9gique de sacs de messageries - pour l'exportation sans faille de sacs de messageries vers les grossistes de sacs de messageries, les fournisseurs d'entreprises et les vendeurs de sacs de messageries dans le monde entier.<\/p>\n<table width=\"288\">\n<tbody>\n<tr>\n<td width=\"137\"><span style=\"color: #333333;\">Nom des produits<\/span><\/td>\n<td width=\"151\">Sac de messager<\/td>\n<\/tr>\n<tr>\n<td><span style=\"color: #333333;\">Num\u00e9ro d'article<\/span><\/td>\n<td><span style=\"color: #333333;\">PB-2137<\/span><\/td>\n<\/tr>\n<tr>\n<td><span style=\"color: #333333;\">Mat\u00e9riau<\/span><\/td>\n<td>Polyester<\/td>\n<\/tr>\n<tr>\n<td><span style=\"color: #333333;\">Taille<\/span><\/td>\n<td>peut \u00eatre personnalis\u00e9<\/td>\n<\/tr>\n<tr>\n<td><span style=\"color: #333333;\">\u00a0D\u00e9lai de livraison<\/span><\/td>\n<td><span style=\"color: #333333;\">1-5 jours pour les petites quantit\u00e9s par voie a\u00e9rienne et 30-35 jours pour les grandes quantit\u00e9s par voie maritime.<\/span><\/td>\n<\/tr>\n<\/tbody>\n<\/table>\n<p class=\"ds-markdown-paragraph\"><strong>Pourquoi les distributeurs mondiaux nous choisissent-ils ?<\/strong><br \/>\n\ud83d\udcca<strong>\u00a0Bestsellers :<\/strong>\u00a065% commandes r\u00e9p\u00e9t\u00e9es des fournisseurs de Fortune 500<br \/>\nSacs de messagers ODM\/OEM et sacs de messagers sous marque de distributeur<br \/>\n\u2705 Sac de messager en vrac \u00e0 faible MOQ<br \/>\n\u2705 Exp\u00e9dition FOB\/EXW \u00e0 partir de la plate-forme chinoise de Messenger Bag<br \/>\n\u2705 Deux lignes de fabrication de sacs \u00e0 dos : Sacs pour ordinateur portable + sac de messager en vrac<\/p>\n<p class=\"ds-markdown-paragraph\"><strong>Fonctionnalit\u00e9s pr\u00eates \u00e0 l'emploi :<\/strong><br \/>\n- Compartiment pour ordinateur portable \u00e0 l'\u00e9preuve des chocs (17\u2033) + poches de blocage RFID<br \/>\n- Base en b\u00e2che r\u00e9sistante aux intemp\u00e9ries + panneau organisateur \u00e0 acc\u00e8s rapide<br \/>\n- Conforme aux normes TSA + fermetures \u00e0 glissi\u00e8re antivol<br \/>\n- Marquage personnalis\u00e9 via Messenger Bag OEM<\/p>\n<p class=\"ds-markdown-paragraph\">Id\u00e9al pour les r\u00e9seaux de grossistes de sacs de messageries, les d\u00e9taillants d'entreprises et les distributeurs d'accessoires technologiques.\u00a0<strong>Demandez d\u00e8s aujourd'hui votre dossier d'\u00e9chantillons \u00e0 l'usine chinoise de sacs de messageries pour ordinateurs portables #1 !<\/strong><\/p>\n<\/div>\n<\/div>\n<\/div>\n<\/div>","protected":false},"excerpt":{"rendered":"<h2 data-immersive-translate-walked=\"344be1c1-5052-41eb-8fcd-0dbe236a0d6b\" data-immersive-translate-paragraph=\"1\">Fabrique de sacs de messageries pour ordinateurs portables en Chine<\/h2>\n<div class=\"sliderTable mt10 mb10 sliderTable-index0\">\n<div class=\"inner\">\n<p>1. Bandouli\u00e8re amovible rembourr\u00e9e avec sangles renforc\u00e9es r\u00e9glables.<\/p>\n<p>2. Sangle de bagage pour fixer le sac sur le chariot d'un bagage.<\/p>\n<\/div>\n<\/div>","protected":false},"featured_media":4399,"template":"","meta":{"_uag_custom_page_level_css":""},"product_brand":[],"product_cat":[65],"product_tag":[],"class_list":{"0":"post-4398","1":"product","2":"type-product","3":"status-publish","4":"has-post-thumbnail","6":"product_cat-messenger-bag","8":"first","9":"instock","10":"shipping-taxable","11":"product-type-simple"},"uagb_featured_image_src":{"full":["https:\/\/pecbag.com\/wp-content\/uploads\/2025\/07\/China-La-6.jpg",800,800,false],"thumbnail":["https:\/\/pecbag.com\/wp-content\/uploads\/2025\/07\/China-La-6-150x150.jpg",150,150,true],"medium":["https:\/\/pecbag.com\/wp-content\/uploads\/2025\/07\/China-La-6-300x300.jpg",300,300,true],"medium_large":["https:\/\/pecbag.com\/wp-content\/uploads\/2025\/07\/China-La-6-768x768.jpg",768,768,true],"large":["https:\/\/pecbag.com\/wp-content\/uploads\/2025\/07\/China-La-6.jpg",800,800,false],"1536x1536":["https:\/\/pecbag.com\/wp-content\/uploads\/2025\/07\/China-La-6.jpg",800,800,false],"2048x2048":["https:\/\/pecbag.com\/wp-content\/uploads\/2025\/07\/China-La-6.jpg",800,800,false],"trp-custom-language-flag":["https:\/\/pecbag.com\/wp-content\/uploads\/2025\/07\/China-La-6-12x12.jpg",12,12,true],"woocommerce_thumbnail":["https:\/\/pecbag.com\/wp-content\/uploads\/2025\/07\/China-La-6-300x300.jpg",300,300,true],"woocommerce_single":["https:\/\/pecbag.com\/wp-content\/uploads\/2025\/07\/China-La-6-600x600.jpg",600,600,true],"woocommerce_gallery_thumbnail":["https:\/\/pecbag.com\/wp-content\/uploads\/2025\/07\/China-La-6-100x100.jpg",100,100,true]},"uagb_author_info":{"display_name":"Lawrence","author_link":"https:\/\/pecbag.com\/fr\/author\/"},"uagb_comment_info":0,"uagb_excerpt":"China Laptop Messenger Bag Factory 1. Detachable padded shoulder strap with adjustable reinforced straps. 2. Luggage strap for fixing the bag on the trolley of a luggage.","_links":{"self":[{"href":"https:\/\/pecbag.com\/fr\/wp-json\/wp\/v2\/product\/4398","targetHints":{"allow":["GET"]}}],"collection":[{"href":"https:\/\/pecbag.com\/fr\/wp-json\/wp\/v2\/product"}],"about":[{"href":"https:\/\/pecbag.com\/fr\/wp-json\/wp\/v2\/types\/product"}],"wp:featuredmedia":[{"embeddable":true,"href":"https:\/\/pecbag.com\/fr\/wp-json\/wp\/v2\/media\/4399"}],"wp:attachment":[{"href":"https:\/\/pecbag.com\/fr\/wp-json\/wp\/v2\/media?parent=4398"}],"wp:term":[{"taxonomy":"product_brand","embeddable":true,"href":"https:\/\/pecbag.com\/fr\/wp-json\/wp\/v2\/product_brand?post=4398"},{"taxonomy":"product_cat","embeddable":true,"href":"https:\/\/pecbag.com\/fr\/wp-json\/wp\/v2\/product_cat?post=4398"},{"taxonomy":"product_tag","embeddable":true,"href":"https:\/\/pecbag.com\/fr\/wp-json\/wp\/v2\/product_tag?post=4398"}],"curies":[{"name":"wp","href":"https:\/\/api.w.org\/{rel}","templated":true}]}}