{"id":4405,"date":"2025-07-07T01:30:07","date_gmt":"2025-07-07T01:30:07","guid":{"rendered":"https:\/\/pecbag.com\/?post_type=product&#038;p=4405"},"modified":"2025-11-28T09:36:07","modified_gmt":"2025-11-28T09:36:07","slug":"china-messenger-bag-manufacturers-2","status":"publish","type":"product","link":"https:\/\/pecbag.com\/fr\/china-messenger-bag-manufacturers-2\/","title":{"rendered":"Fabricants chinois de sacs de messageries"},"content":{"rendered":"<h5 title=\"Sac \u00e0 dos pliable pour chien Sac \u00e0 bandouli\u00e8re en maille respirante pour petit animal de compagnie Chien Chats\" data-immersive-translate-walked=\"1c928421-2e42-4cd3-8754-5404553c0af5\" data-immersive-translate-paragraph=\"1\" data-spm-anchor-id=\"a2700.details.0.i35.4f6757d4w4zNZA\">Fabricant leader de sacs de messager en Chine | Fabricant de sacs \u00e9tanches &amp; Fabricant professionnel de sacs \u00e0 dos | Exportation en vrac<\/h5>\n<div class=\"flex flex-grow flex-col max-w-full\">\n<div class=\"min-h-[20px] text-message flex w-full flex-col items-end gap-2 whitespace-pre-wrap break-words [.text-message+&amp;]:mt-5 overflow-x-auto\" dir=\"auto\" data-message-author-role=\"assistant\" data-message-id=\"3d7d46f6-7ec2-4222-9257-48fa0bba23c6\" data-suggestions=\"true\">\n<div class=\"flex w-full flex-col gap-1 empty:hidden first:pt-[3px]\">\n<div class=\"markdown prose w-full break-words dark:prose-invert light\">\n<p class=\"ds-markdown-paragraph\">S'approvisionner en sacs de messageries haut de gamme directement aupr\u00e8s des fabricants chinois ?<\/p>\n<p class=\"ds-markdown-paragraph\">En tant que fabricants chinois de sacs de messageries certifi\u00e9s ISO et en tant qu'usine de sacs \u00e9tanches de premier plan, nous fabriquons des sacs de messageries de qualit\u00e9 commerciale dot\u00e9s d'une technologie de blocage RFID, de conceptions conformes \u00e0 la TSA et d'une protection IPX5 contre les intemp\u00e9ries, qui ont la confiance des fournisseurs de Fortune 500.<\/p>\n<p class=\"ds-markdown-paragraph\">Partenaire de notre soci\u00e9t\u00e9 de sacs de messageries - votre fournisseur strat\u00e9gique de sacs de messageries - pour l'exportation rationalis\u00e9e de sacs de messageries vers les grossistes, les d\u00e9taillants et les vendeurs de sacs de messageries dans le monde entier.<\/p>\n<table width=\"288\">\n<tbody>\n<tr>\n<td width=\"137\"><span style=\"color: #333333;\">Nom des produits<\/span><\/td>\n<td width=\"151\">Sac de messager<\/td>\n<\/tr>\n<tr>\n<td><span style=\"color: #333333;\">Num\u00e9ro d'article<\/span><\/td>\n<td><span style=\"color: #333333;\">PB-2138<\/span><\/td>\n<\/tr>\n<tr>\n<td><span style=\"color: #333333;\">Mat\u00e9riau<\/span><\/td>\n<td>Polyester<\/td>\n<\/tr>\n<tr>\n<td><span style=\"color: #333333;\">Taille<\/span><\/td>\n<td>peut \u00eatre personnalis\u00e9<\/td>\n<\/tr>\n<tr>\n<td><span style=\"color: #333333;\">\u00a0D\u00e9lai de livraison<\/span><\/td>\n<td><span style=\"color: #333333;\">1-5 jours pour les petites quantit\u00e9s par voie a\u00e9rienne et 30-35 jours pour les grandes quantit\u00e9s par voie maritime.<\/span><\/td>\n<\/tr>\n<\/tbody>\n<\/table>\n<p class=\"ds-markdown-paragraph\"><strong>Pourquoi les acheteurs mondiaux nous choisissent-ils ?<\/strong><br \/>\n\ud83d\udce6<strong>\u00a0Benchmarks de l'industrie :<\/strong>\u00a068% Croissance annuelle des partenaires distributeurs<br \/>\nSacs de messagers ODM\/OEM et sacs de messagers sous marque de distributeur<br \/>\n\u2705 Sac de messager en vrac \u00e0 faible MOQ<br \/>\n\u2705 Conditions EXW\/FOB \u00e0 partir de notre hub Messenger Bag China<br \/>\n\u2705 Double capacit\u00e9 de fabrication de sacs \u00e0 dos : Sacs de messager + Sac de messager en vrac<\/p>\n<p class=\"ds-markdown-paragraph\"><strong>Fonctionnalit\u00e9s de niveau entreprise :<\/strong><br \/>\n- Compartiment rembourr\u00e9 pour ordinateur portable 17\u2033 + fermetures \u00e0 glissi\u00e8re antivol<br \/>\n- Base imperm\u00e9able en b\u00e2che + organisateur \u00e0 acc\u00e8s rapide<br \/>\n- Test de durabilit\u00e9 MIL-STD (plus de 1 000 cycles pour les fermetures \u00e0 glissi\u00e8re)<br \/>\n- Marquage personnalis\u00e9 via Messenger Bag OEM<\/p>\n<p class=\"ds-markdown-paragraph\">Id\u00e9al pour les r\u00e9seaux de grossistes Messenger Bag, les revendeurs d'entreprise et les accessoires techniques\u00a0<strong>Fabricants de sacs de messageries<\/strong>.\u00a0<strong>Demandez votre dossier d'\u00e9chantillons aux meilleurs fabricants de sacs de messageries de Chine d\u00e8s aujourd'hui !<\/strong><\/p>\n<\/div>\n<\/div>\n<\/div>\n<\/div>","protected":false},"excerpt":{"rendered":"<h2 data-immersive-translate-walked=\"344be1c1-5052-41eb-8fcd-0dbe236a0d6b\" data-immersive-translate-paragraph=\"1\">Fabricants chinois de sacs de messageries<\/h2>\n<div class=\"sliderTable mt10 mb10 sliderTable-index0\">\n<div class=\"inner\">\n<p>Cette sacoche pour homme avec poign\u00e9e est id\u00e9ale pour un usage quotidien, comme sac de travail, sac d'\u00e9cole ou sac de voyage, pour les hommes comme pour les femmes.<\/p>\n<p>Sac \u00e0 dos id\u00e9al pour la rentr\u00e9e scolaire des coll\u00e9giens et des lyc\u00e9ens.<\/p>\n<p>Ces mallettes souples \u00e0 bandouli\u00e8re peuvent contenir un ordinateur portable, un MacBook et une bo\u00eete \u00e0 lunch.<\/p>\n<p>C'est un beau cadeau pour la Saint-Valentin, les anniversaires, la f\u00eate des p\u00e8res, la f\u00eate des enseignants, etc.<\/p>\n<\/div>\n<\/div>","protected":false},"featured_media":4410,"template":"","meta":{"_uag_custom_page_level_css":""},"product_brand":[],"product_cat":[65],"product_tag":[],"class_list":{"0":"post-4405","1":"product","2":"type-product","3":"status-publish","4":"has-post-thumbnail","6":"product_cat-messenger-bag","8":"first","9":"instock","10":"shipping-taxable","11":"product-type-simple"},"uagb_featured_image_src":{"full":["https:\/\/pecbag.com\/wp-content\/uploads\/2025\/07\/China-Messenger-Bag-Manufacturers-1.png",697,675,false],"thumbnail":["https:\/\/pecbag.com\/wp-content\/uploads\/2025\/07\/China-Messenger-Bag-Manufacturers-1-150x150.png",150,150,true],"medium":["https:\/\/pecbag.com\/wp-content\/uploads\/2025\/07\/China-Messenger-Bag-Manufacturers-1-300x291.png",300,291,true],"medium_large":["https:\/\/pecbag.com\/wp-content\/uploads\/2025\/07\/China-Messenger-Bag-Manufacturers-1.png",697,675,false],"large":["https:\/\/pecbag.com\/wp-content\/uploads\/2025\/07\/China-Messenger-Bag-Manufacturers-1.png",697,675,false],"1536x1536":["https:\/\/pecbag.com\/wp-content\/uploads\/2025\/07\/China-Messenger-Bag-Manufacturers-1.png",697,675,false],"2048x2048":["https:\/\/pecbag.com\/wp-content\/uploads\/2025\/07\/China-Messenger-Bag-Manufacturers-1.png",697,675,false],"trp-custom-language-flag":["https:\/\/pecbag.com\/wp-content\/uploads\/2025\/07\/China-Messenger-Bag-Manufacturers-1-12x12.png",12,12,true],"woocommerce_thumbnail":["https:\/\/pecbag.com\/wp-content\/uploads\/2025\/07\/China-Messenger-Bag-Manufacturers-1-300x300.png",300,300,true],"woocommerce_single":["https:\/\/pecbag.com\/wp-content\/uploads\/2025\/07\/China-Messenger-Bag-Manufacturers-1-600x581.png",600,581,true],"woocommerce_gallery_thumbnail":["https:\/\/pecbag.com\/wp-content\/uploads\/2025\/07\/China-Messenger-Bag-Manufacturers-1-100x100.png",100,100,true]},"uagb_author_info":{"display_name":"Lawrence","author_link":"https:\/\/pecbag.com\/fr\/author\/"},"uagb_comment_info":0,"uagb_excerpt":"China Messenger Bag Manufacturers This men's satchel bag with a handle is ideal for daily use, as a work bag, school bag, or travel bag for both men and women. Great back-to-school bookbag for college and high school students. These soft briefcases with shoulder straps can store a laptop, a MacBook, and a lunchbox. It\u2026","_links":{"self":[{"href":"https:\/\/pecbag.com\/fr\/wp-json\/wp\/v2\/product\/4405","targetHints":{"allow":["GET"]}}],"collection":[{"href":"https:\/\/pecbag.com\/fr\/wp-json\/wp\/v2\/product"}],"about":[{"href":"https:\/\/pecbag.com\/fr\/wp-json\/wp\/v2\/types\/product"}],"wp:featuredmedia":[{"embeddable":true,"href":"https:\/\/pecbag.com\/fr\/wp-json\/wp\/v2\/media\/4410"}],"wp:attachment":[{"href":"https:\/\/pecbag.com\/fr\/wp-json\/wp\/v2\/media?parent=4405"}],"wp:term":[{"taxonomy":"product_brand","embeddable":true,"href":"https:\/\/pecbag.com\/fr\/wp-json\/wp\/v2\/product_brand?post=4405"},{"taxonomy":"product_cat","embeddable":true,"href":"https:\/\/pecbag.com\/fr\/wp-json\/wp\/v2\/product_cat?post=4405"},{"taxonomy":"product_tag","embeddable":true,"href":"https:\/\/pecbag.com\/fr\/wp-json\/wp\/v2\/product_tag?post=4405"}],"curies":[{"name":"wp","href":"https:\/\/api.w.org\/{rel}","templated":true}]}}