{"id":4468,"date":"2025-07-08T01:21:44","date_gmt":"2025-07-08T01:21:44","guid":{"rendered":"https:\/\/pecbag.com\/?post_type=product&#038;p=4468"},"modified":"2025-11-28T09:35:57","modified_gmt":"2025-11-28T09:35:57","slug":"china-messenger-bag-manufacturer","status":"publish","type":"product","link":"https:\/\/pecbag.com\/fr\/china-messenger-bag-manufacturer\/","title":{"rendered":"Fabrique de sacs de messager en Chine"},"content":{"rendered":"<h5 title=\"Sac \u00e0 dos pliable pour chien Sac \u00e0 bandouli\u00e8re en maille respirante pour petit animal de compagnie Chien Chats\" data-immersive-translate-walked=\"1c928421-2e42-4cd3-8754-5404553c0af5\" data-immersive-translate-paragraph=\"1\" data-spm-anchor-id=\"a2700.details.0.i35.4f6757d4w4zNZA\">Top China Messenger Bag Manufacturer| Waterproof Bag Factory &amp; Professional Backpack Manufacturer | Bulk Export<\/h5>\n<div class=\"flex flex-grow flex-col max-w-full\">\n<div class=\"min-h-[20px] text-message flex w-full flex-col items-end gap-2 whitespace-pre-wrap break-words [.text-message+&amp;]:mt-5 overflow-x-auto\" dir=\"auto\" data-message-author-role=\"assistant\" data-message-id=\"3d7d46f6-7ec2-4222-9257-48fa0bba23c6\" data-suggestions=\"true\">\n<div class=\"flex w-full flex-col gap-1 empty:hidden first:pt-[3px]\">\n<div class=\"markdown prose w-full break-words dark:prose-invert light\">\n<p class=\"ds-markdown-paragraph\">Vous avez besoin de sacs de messageries de qualit\u00e9 sup\u00e9rieure exp\u00e9di\u00e9s rapidement par une usine chinoise ?<\/p>\n<p class=\"ds-markdown-paragraph\">En tant que leader dans la fabrication de sacs de messageries en Chine et de sacs imperm\u00e9ables certifi\u00e9s ISO, nous fabriquons des sacs de messageries de qualit\u00e9 commerciale avec des fermetures \u00e9clair antivol, des technologies de blocage RFID et des conceptions adapt\u00e9es \u00e0 la TSA, qui ont la confiance des fournisseurs de Fortune 500.<\/p>\n<p class=\"ds-markdown-paragraph\">Partenaire de notre soci\u00e9t\u00e9 de sacs de messageries - votre fournisseur strat\u00e9gique de sacs de messageries - pour l'exportation sans faille de sacs de messageries vers les grossistes, les d\u00e9taillants et les vendeurs de sacs de messageries dans le monde entier.<\/p>\n<table width=\"288\">\n<tbody>\n<tr>\n<td width=\"137\"><span style=\"color: #333333;\">Nom des produits<\/span><\/td>\n<td width=\"151\">Sac de messager<\/td>\n<\/tr>\n<tr>\n<td><span style=\"color: #333333;\">Num\u00e9ro d'article<\/span><\/td>\n<td><span style=\"color: #333333;\">PB-2139<\/span><\/td>\n<\/tr>\n<tr>\n<td><span style=\"color: #333333;\">Mat\u00e9riau<\/span><\/td>\n<td>Flocon de neige<\/td>\n<\/tr>\n<tr>\n<td><span style=\"color: #333333;\">Taille<\/span><\/td>\n<td>16,5 x 4,1 x 12,5 pouces<\/td>\n<\/tr>\n<tr>\n<td><span style=\"color: #333333;\">\u00a0D\u00e9lai de livraison<\/span><\/td>\n<td><span style=\"color: #333333;\">1-5 jours pour les petites quantit\u00e9s par voie a\u00e9rienne et 30-35 jours pour les grandes quantit\u00e9s par voie maritime.<\/span><\/td>\n<\/tr>\n<\/tbody>\n<\/table>\n<p class=\"ds-markdown-paragraph\"><strong>Pourquoi les distributeurs mondiaux choisissent notre usine :<\/strong><br \/>\n\ud83d\ude80<strong>\u00a0Leaders de l'exportation :<\/strong>\u00a068% Croissance annuelle des partenaires distributeurs<br \/>\nSacs de messagers ODM\/OEM et sacs de messagers sous marque de distributeur<br \/>\n\u2705 Sac messager \u00e0 faible MOQ en vrac (300+ unit\u00e9s)<br \/>\n\u2705 Conditions EXW\/FOB \u00e0 partir de la plate-forme chinoise de Messenger Bag<br \/>\n\u2705 Deux lignes de fabrication de sacs \u00e0 dos : Sacs de messager + Sac de messager en vrac<\/p>\n<p class=\"ds-markdown-paragraph\"><strong>Des sp\u00e9cifications pr\u00eates \u00e0 l'emploi :<\/strong><br \/>\n- Compartiment rembourr\u00e9 pour ordinateur portable 17\u2033 + pochettes pour documents<br \/>\n- Base en b\u00e2che \u00e9tanche IPX5 (r\u00e9sistante aux intemp\u00e9ries)<br \/>\n- Panneau d'administration \u00e0 acc\u00e8s rapide + poche CCW cach\u00e9e<br \/>\n- Marquage personnalis\u00e9 via Messenger Bag OEM<\/p>\n<p class=\"ds-markdown-paragraph\">Id\u00e9al pour les r\u00e9seaux de grossistes en sacs de messageries, les revendeurs d'entreprises et les distributeurs d'accessoires technologiques. Demandez d\u00e8s aujourd'hui les prix de l'usine de sacs de messageries #1 de Chine !<\/p>\n<\/div>\n<\/div>\n<\/div>\n<\/div>","protected":false},"excerpt":{"rendered":"<h2 data-immersive-translate-walked=\"344be1c1-5052-41eb-8fcd-0dbe236a0d6b\" data-immersive-translate-paragraph=\"1\">China Messenger Bag Manufacturer<\/h2>\n<div class=\"sliderTable mt10 mb10 sliderTable-index0\">\n<div class=\"inner\">\n<p>1. Deux poches ext\u00e9rieures \u00e0 l'avant, pratiques pour organiser les objets que vous souhaitez transporter, pour ranger facilement vos documents, livres ou dossiers.<\/p>\n<p>2. Compartiment spacieux pour ordinateur portable et compartiment pour accessoires.<\/p>\n<p>3. Le compartiment sp\u00e9cial pour ordinateur portable, dot\u00e9 d'une ceinture t\u00e9lescopique, offre une meilleure protection \u00e0 votre ordinateur portable.<\/p>\n<p>4. Le rembourrage int\u00e9rieur en mousse double \u00e9paisseur garantit contre les chocs accidentels.<\/p>\n<p>5. L\u00e9ger, il est facile \u00e0 transporter. La poign\u00e9e sup\u00e9rieure permet une prise en main rapide. La conception ergonomique assure la dispersion de la gravit\u00e9 du sac plein.<\/p>\n<\/div>\n<\/div>","protected":false},"featured_media":4473,"template":"","meta":{"_uag_custom_page_level_css":""},"product_brand":[],"product_cat":[65],"product_tag":[],"class_list":{"0":"post-4468","1":"product","2":"type-product","3":"status-publish","4":"has-post-thumbnail","6":"product_cat-messenger-bag","8":"first","9":"instock","10":"shipping-taxable","11":"product-type-simple"},"uagb_featured_image_src":{"full":["https:\/\/pecbag.com\/wp-content\/uploads\/2025\/07\/China-Messenger-Bag-Factory-41.jpg",1000,1000,false],"thumbnail":["https:\/\/pecbag.com\/wp-content\/uploads\/2025\/07\/China-Messenger-Bag-Factory-41-150x150.jpg",150,150,true],"medium":["https:\/\/pecbag.com\/wp-content\/uploads\/2025\/07\/China-Messenger-Bag-Factory-41-300x300.jpg",300,300,true],"medium_large":["https:\/\/pecbag.com\/wp-content\/uploads\/2025\/07\/China-Messenger-Bag-Factory-41-768x768.jpg",768,768,true],"large":["https:\/\/pecbag.com\/wp-content\/uploads\/2025\/07\/China-Messenger-Bag-Factory-41.jpg",800,800,false],"1536x1536":["https:\/\/pecbag.com\/wp-content\/uploads\/2025\/07\/China-Messenger-Bag-Factory-41.jpg",1000,1000,false],"2048x2048":["https:\/\/pecbag.com\/wp-content\/uploads\/2025\/07\/China-Messenger-Bag-Factory-41.jpg",1000,1000,false],"trp-custom-language-flag":["https:\/\/pecbag.com\/wp-content\/uploads\/2025\/07\/China-Messenger-Bag-Factory-41-12x12.jpg",12,12,true],"woocommerce_thumbnail":["https:\/\/pecbag.com\/wp-content\/uploads\/2025\/07\/China-Messenger-Bag-Factory-41-300x300.jpg",300,300,true],"woocommerce_single":["https:\/\/pecbag.com\/wp-content\/uploads\/2025\/07\/China-Messenger-Bag-Factory-41-600x600.jpg",600,600,true],"woocommerce_gallery_thumbnail":["https:\/\/pecbag.com\/wp-content\/uploads\/2025\/07\/China-Messenger-Bag-Factory-41-100x100.jpg",100,100,true]},"uagb_author_info":{"display_name":"Lawrence","author_link":"https:\/\/pecbag.com\/fr\/author\/"},"uagb_comment_info":0,"uagb_excerpt":"China Messenger Bag Manufacturer 1. Two outside front pockets, convenient to organize your items you want to carry, easily keep your documents, books, or folders. 2. Roomy laptop compartment and accessory compartment. 3. Special design laptop compartment with a Telescopic belt provides more protection for your laptop. 4. Double-thick foam padding inside guarantees any accidental\u2026","_links":{"self":[{"href":"https:\/\/pecbag.com\/fr\/wp-json\/wp\/v2\/product\/4468","targetHints":{"allow":["GET"]}}],"collection":[{"href":"https:\/\/pecbag.com\/fr\/wp-json\/wp\/v2\/product"}],"about":[{"href":"https:\/\/pecbag.com\/fr\/wp-json\/wp\/v2\/types\/product"}],"wp:featuredmedia":[{"embeddable":true,"href":"https:\/\/pecbag.com\/fr\/wp-json\/wp\/v2\/media\/4473"}],"wp:attachment":[{"href":"https:\/\/pecbag.com\/fr\/wp-json\/wp\/v2\/media?parent=4468"}],"wp:term":[{"taxonomy":"product_brand","embeddable":true,"href":"https:\/\/pecbag.com\/fr\/wp-json\/wp\/v2\/product_brand?post=4468"},{"taxonomy":"product_cat","embeddable":true,"href":"https:\/\/pecbag.com\/fr\/wp-json\/wp\/v2\/product_cat?post=4468"},{"taxonomy":"product_tag","embeddable":true,"href":"https:\/\/pecbag.com\/fr\/wp-json\/wp\/v2\/product_tag?post=4468"}],"curies":[{"name":"wp","href":"https:\/\/api.w.org\/{rel}","templated":true}]}}