{"id":4474,"date":"2025-07-08T02:06:34","date_gmt":"2025-07-08T02:06:34","guid":{"rendered":"https:\/\/pecbag.com\/?post_type=product&#038;p=4474"},"modified":"2025-11-28T09:35:47","modified_gmt":"2025-11-28T09:35:47","slug":"china-canvas-messenger-bag-manufacturer","status":"publish","type":"product","link":"https:\/\/pecbag.com\/fr\/china-canvas-messenger-bag-manufacturer\/","title":{"rendered":"Fabricant chinois de sacs de messager en toile"},"content":{"rendered":"<h5 title=\"Sac \u00e0 dos pliable pour chien Sac \u00e0 bandouli\u00e8re en maille respirante pour petit animal de compagnie Chien Chats\" data-immersive-translate-walked=\"1c928421-2e42-4cd3-8754-5404553c0af5\" data-immersive-translate-paragraph=\"1\" data-spm-anchor-id=\"a2700.details.0.i35.4f6757d4w4zNZA\">Premium China Canvas Messenger Bag Manufacturer | Waterproof Bag Factory &amp; Professional Backpack Manufacturer | Bulk Export<\/h5>\n<div class=\"flex flex-grow flex-col max-w-full\">\n<div class=\"min-h-[20px] text-message flex w-full flex-col items-end gap-2 whitespace-pre-wrap break-words [.text-message+&amp;]:mt-5 overflow-x-auto\" dir=\"auto\" data-message-author-role=\"assistant\" data-message-id=\"3d7d46f6-7ec2-4222-9257-48fa0bba23c6\" data-suggestions=\"true\">\n<div class=\"flex w-full flex-col gap-1 empty:hidden first:pt-[3px]\">\n<div class=\"markdown prose w-full break-words dark:prose-invert light\">\n<p class=\"ds-markdown-paragraph\">Vous avez besoin de sacs de messager en toile durables provenant directement d'un fabricant chinois ?<\/p>\n<p class=\"ds-markdown-paragraph\">En tant que fabricant leader de sacs de messageries en toile en Chine et usine de sacs imperm\u00e9ables certifi\u00e9e ISO, nous fabriquons des sacs de messageries en toile de premi\u00e8re qualit\u00e9 avec une protection contre les intemp\u00e9ries, une technologie de blocage RFID et un style professionnel vintage qui ont la confiance des d\u00e9taillants du monde entier.<\/p>\n<p class=\"ds-markdown-paragraph\">Partenaire de notre soci\u00e9t\u00e9 de sacs de messageries - votre fournisseur strat\u00e9gique de sacs de messageries - pour une exportation rationalis\u00e9e de sacs de messageries vers les grossistes de sacs de messageries, les revendeurs d'entreprises et les vendeurs de sacs de messageries dans le monde entier.<\/p>\n<table width=\"288\">\n<tbody>\n<tr>\n<td width=\"137\"><span style=\"color: #333333;\">Nom des produits<\/span><\/td>\n<td width=\"151\">Sac de messager<\/td>\n<\/tr>\n<tr>\n<td><span style=\"color: #333333;\">Num\u00e9ro d'article<\/span><\/td>\n<td><span style=\"color: #333333;\">PB-2140<\/span><\/td>\n<\/tr>\n<tr>\n<td><span style=\"color: #333333;\">Mat\u00e9riau<\/span><\/td>\n<td>Toile<\/td>\n<\/tr>\n<tr>\n<td><span style=\"color: #333333;\">Taille<\/span><\/td>\n<td>17,5 x 6,5 x 13 pouces<\/td>\n<\/tr>\n<tr>\n<td><span style=\"color: #333333;\">\u00a0D\u00e9lai de livraison<\/span><\/td>\n<td><span style=\"color: #333333;\">1-5 jours pour les petites quantit\u00e9s par voie a\u00e9rienne et 30-35 jours pour les grandes quantit\u00e9s par voie maritime.<\/span><\/td>\n<\/tr>\n<\/tbody>\n<\/table>\n<p class=\"ds-markdown-paragraph\"><strong>Pourquoi les marques choisissent nos produits :<\/strong><br \/>\n\ud83d\udcca <strong>Benchmarks de l'industrie :<\/strong>\u00a0Taux de commande du 72% aupr\u00e8s des distributeurs de produits \u00e9cologiques<br \/>\nSacs de messagers ODM\/OEM et sacs de messagers sous marque de distributeur<br \/>\n\u2705 Sac messager \u00e0 faible MOQ en vrac (300+ unit\u00e9s)<br \/>\nExp\u00e9dition EXW\/FOB \u00e0 partir de la plate-forme chinoise de Messenger Bag<br \/>\n\u2705 Double capacit\u00e9 de fabrication de sacs \u00e0 dos : Sacs en toile + sac de messager en vrac<\/p>\n<p class=\"ds-markdown-paragraph\"><strong>Caract\u00e9ristiques de qualit\u00e9 professionnelle :<\/strong><br \/>\n- Toile cir\u00e9e 18oz (hydrofuge + r\u00e9sistant aux rayures)<br \/>\n- Pochette matelass\u00e9e pour ordinateur portable 16\u2033 + points de tension renforc\u00e9s en cuir<br \/>\n- Compartiment \u00e0 acc\u00e8s rapide avec serrure TSA + mat\u00e9riel en laiton vintage<br \/>\n- Marquage personnalis\u00e9 via Messenger Bag OEM<\/p>\n<p class=\"ds-markdown-paragraph\">Id\u00e9al pour les r\u00e9seaux de grossistes, les marques durables et les programmes de cadeaux d'entreprise. Demandez des \u00e9chantillons au meilleur fabricant chinois de sacs de messager en toile d\u00e8s aujourd'hui !<\/p>\n<\/div>\n<\/div>\n<\/div>\n<\/div>","protected":false},"excerpt":{"rendered":"<h2 data-immersive-translate-walked=\"344be1c1-5052-41eb-8fcd-0dbe236a0d6b\" data-immersive-translate-paragraph=\"1\">Fabricant chinois de sacs de messager en toile<\/h2>\n<div class=\"sliderTable mt10 mb10 sliderTable-index0\">\n<div class=\"inner\">\n<p>1. <strong>EXPANSION ET COMPARTIMENTS MULTIPLES<\/strong>: La fermeture \u00e0 glissi\u00e8re permet une plus grande flexibilit\u00e9, et la mallette pour ordinateur portable peut \u00eatre transform\u00e9e en un grand sac de sport lorsque c'est n\u00e9cessaire. Jusqu'\u00e0 4 compartiments peuvent r\u00e9pondre \u00e0 tous vos besoins. Le grand compartiment technique peut accueillir un ordinateur portable de 17 \u00e0 17,3 pouces. Deux poches frontales vous permettent de ranger vos affaires quotidiennes de mani\u00e8re organis\u00e9e. Le compartiment \u00e0 documents extensible permet de ranger des dossiers A4, des magazines, des v\u00eatements ou un parapluie.<\/p>\n<p>2. <strong>POCHES CONFORTABLES ET ORGANISATRICES<\/strong>: La bandouli\u00e8re ergonomique rembourr\u00e9e et r\u00e9glable en forme de \"C\" soulage l'\u00e9paule ; les poign\u00e9es rembourr\u00e9es en cuir v\u00e9g\u00e9tal permettent un transport l\u00e9ger ; la sangle de bagage permet de glisser le sac de bureau de l'ordinateur portable sur le tube de bagage ; et la perte de poches d'organisation vise \u00e0 assurer un voyage d'affaires facile ou des d\u00e9placements quotidiens.<\/p>\n<\/div>\n<\/div>","protected":false},"featured_media":4475,"template":"","meta":{"_uag_custom_page_level_css":""},"product_brand":[],"product_cat":[65],"product_tag":[],"class_list":{"0":"post-4474","1":"product","2":"type-product","3":"status-publish","4":"has-post-thumbnail","6":"product_cat-messenger-bag","8":"first","9":"instock","10":"shipping-taxable","11":"product-type-simple"},"uagb_featured_image_src":{"full":["https:\/\/pecbag.com\/wp-content\/uploads\/2025\/07\/China-Canvas-Messenger-Bag-Manufacturer-41.png",768,706,false],"thumbnail":["https:\/\/pecbag.com\/wp-content\/uploads\/2025\/07\/China-Canvas-Messenger-Bag-Manufacturer-41-150x150.png",150,150,true],"medium":["https:\/\/pecbag.com\/wp-content\/uploads\/2025\/07\/China-Canvas-Messenger-Bag-Manufacturer-41-300x276.png",300,276,true],"medium_large":["https:\/\/pecbag.com\/wp-content\/uploads\/2025\/07\/China-Canvas-Messenger-Bag-Manufacturer-41.png",768,706,false],"large":["https:\/\/pecbag.com\/wp-content\/uploads\/2025\/07\/China-Canvas-Messenger-Bag-Manufacturer-41.png",768,706,false],"1536x1536":["https:\/\/pecbag.com\/wp-content\/uploads\/2025\/07\/China-Canvas-Messenger-Bag-Manufacturer-41.png",768,706,false],"2048x2048":["https:\/\/pecbag.com\/wp-content\/uploads\/2025\/07\/China-Canvas-Messenger-Bag-Manufacturer-41.png",768,706,false],"trp-custom-language-flag":["https:\/\/pecbag.com\/wp-content\/uploads\/2025\/07\/China-Canvas-Messenger-Bag-Manufacturer-41-13x12.png",13,12,true],"woocommerce_thumbnail":["https:\/\/pecbag.com\/wp-content\/uploads\/2025\/07\/China-Canvas-Messenger-Bag-Manufacturer-41-300x300.png",300,300,true],"woocommerce_single":["https:\/\/pecbag.com\/wp-content\/uploads\/2025\/07\/China-Canvas-Messenger-Bag-Manufacturer-41-600x552.png",600,552,true],"woocommerce_gallery_thumbnail":["https:\/\/pecbag.com\/wp-content\/uploads\/2025\/07\/China-Canvas-Messenger-Bag-Manufacturer-41-100x100.png",100,100,true]},"uagb_author_info":{"display_name":"Lawrence","author_link":"https:\/\/pecbag.com\/fr\/author\/"},"uagb_comment_info":0,"uagb_excerpt":"China Canvas Messenger Bag Manufacturer 1. EXPANSION &amp; MULTIPLE COMPARTMENTS: The expansion zipper makes it more flexible, and the laptop briefcase can be transformed into a large duffel bag when necessary. Up to 4 compartments can meet all your needs well. The large tech compartment can fit up to a 17-17.3-inch laptop. Two front pockets\u2026","_links":{"self":[{"href":"https:\/\/pecbag.com\/fr\/wp-json\/wp\/v2\/product\/4474","targetHints":{"allow":["GET"]}}],"collection":[{"href":"https:\/\/pecbag.com\/fr\/wp-json\/wp\/v2\/product"}],"about":[{"href":"https:\/\/pecbag.com\/fr\/wp-json\/wp\/v2\/types\/product"}],"wp:featuredmedia":[{"embeddable":true,"href":"https:\/\/pecbag.com\/fr\/wp-json\/wp\/v2\/media\/4475"}],"wp:attachment":[{"href":"https:\/\/pecbag.com\/fr\/wp-json\/wp\/v2\/media?parent=4474"}],"wp:term":[{"taxonomy":"product_brand","embeddable":true,"href":"https:\/\/pecbag.com\/fr\/wp-json\/wp\/v2\/product_brand?post=4474"},{"taxonomy":"product_cat","embeddable":true,"href":"https:\/\/pecbag.com\/fr\/wp-json\/wp\/v2\/product_cat?post=4474"},{"taxonomy":"product_tag","embeddable":true,"href":"https:\/\/pecbag.com\/fr\/wp-json\/wp\/v2\/product_tag?post=4474"}],"curies":[{"name":"wp","href":"https:\/\/api.w.org\/{rel}","templated":true}]}}