{"id":4550,"date":"2025-07-09T01:51:40","date_gmt":"2025-07-09T01:51:40","guid":{"rendered":"https:\/\/pecbag.com\/?post_type=product&#038;p=4550"},"modified":"2025-11-28T09:35:21","modified_gmt":"2025-11-28T09:35:21","slug":"sport-fishing-bag-factory","status":"publish","type":"product","link":"https:\/\/pecbag.com\/fr\/sport-fishing-bag-factory\/","title":{"rendered":"Sac de p\u00eache sportive Factory"},"content":{"rendered":"<h5 title=\"Sac \u00e0 dos pliable pour chien Sac \u00e0 bandouli\u00e8re en maille respirante pour petit animal de compagnie Chien Chats\" data-immersive-translate-walked=\"1c928421-2e42-4cd3-8754-5404553c0af5\" data-immersive-translate-paragraph=\"1\" data-spm-anchor-id=\"a2700.details.0.i35.4f6757d4w4zNZA\">Premium Sport Fishing Bag Factory | Waterproof Bag Factory &amp; Technical Backpack Manufacturer | Bulk Export<\/h5>\n<div class=\"flex flex-grow flex-col max-w-full\">\n<div class=\"min-h-[20px] text-message flex w-full flex-col items-end gap-2 whitespace-pre-wrap break-words [.text-message+&amp;]:mt-5 overflow-x-auto\" dir=\"auto\" data-message-author-role=\"assistant\" data-message-id=\"3d7d46f6-7ec2-4222-9257-48fa0bba23c6\" data-suggestions=\"true\">\n<div class=\"flex w-full flex-col gap-1 empty:hidden first:pt-[3px]\">\n<div class=\"markdown prose w-full break-words dark:prose-invert light\">\n<p class=\"ds-markdown-paragraph\">Vous avez besoin de sacs de p\u00eache de qualit\u00e9 tournoi con\u00e7us pour l'eau sal\u00e9e ?<\/p>\n<p class=\"ds-markdown-paragraph\">En tant que leader dans la fabrication de sacs de p\u00eache sportive et de sacs \u00e9tanches certifi\u00e9s ISO en Chine, nous concevons des \u00e9quipements professionnels pour la p\u00eache \u00e0 la ligne dot\u00e9s de fermetures \u00e9clair r\u00e9sistantes \u00e0 la corrosion, de compartiments submersibles et de syst\u00e8mes de gestion des cannes \u00e0 p\u00eache qui ont la confiance des p\u00eacheurs professionnels du monde entier.<\/p>\n<p class=\"ds-markdown-paragraph\">Partenaire de notre soci\u00e9t\u00e9 de sacs de p\u00eache - votre fournisseur strat\u00e9gique de sacs de p\u00eache - pour l'exportation sans faille de sacs de p\u00eache vers les grossistes de sacs de p\u00eache, les d\u00e9taillants d'articles de plein air et les vendeurs de sacs de p\u00eache dans le monde entier.<\/p>\n<table width=\"288\">\n<tbody>\n<tr>\n<td width=\"137\"><span style=\"color: #333333;\">Nom des produits<\/span><\/td>\n<td width=\"151\">Sac \u00e0 v\u00e9lo<\/td>\n<\/tr>\n<tr>\n<td><span style=\"color: #333333;\">Num\u00e9ro d'article<\/span><\/td>\n<td><span style=\"color: #333333;\">PB-2142<\/span><\/td>\n<\/tr>\n<tr>\n<td><span style=\"color: #333333;\">Mat\u00e9riau<\/span><\/td>\n<td>Polyester<\/td>\n<\/tr>\n<tr>\n<td><span style=\"color: #333333;\">Taille<\/span><\/td>\n<td>21.5 * 32 * 14cm<\/td>\n<\/tr>\n<tr>\n<td><span style=\"color: #333333;\">\u00a0D\u00e9lai de livraison<\/span><\/td>\n<td><span style=\"color: #333333;\">1-5 jours pour les petites quantit\u00e9s par voie a\u00e9rienne et 30-35 jours pour les grandes quantit\u00e9s par voie maritime.<\/span><\/td>\n<\/tr>\n<\/tbody>\n<\/table>\n<p class=\"ds-markdown-paragraph\"><strong>Pourquoi Pro Outfitters choisit notre usine :<\/strong><br \/>\n\ud83c\udfa3 <strong>Benchmarks de l'industrie :<\/strong>\u00a063% Croissance annuelle des distributeurs de p\u00eache<br \/>\nSacs de p\u00eache complets ODM\/OEM et sacs de p\u00eache sous marque de distributeur<br \/>\n\u2705 Sac de p\u00eache en vrac \u00e0 faible MOQ<br \/>\n\u2705 Construction adapt\u00e9e \u00e0 l'eau de mer (mat\u00e9riel en acier inoxydable 316L)<br \/>\n\u2705 Deux lignes de fabrication de sacs \u00e0 dos : Sacs de p\u00eache + \u00e9quipement tactique<\/p>\n<p class=\"ds-markdown-paragraph\"><strong>Caract\u00e9ristiques approuv\u00e9es par les p\u00eacheurs \u00e0 la ligne :<\/strong><br \/>\n- Compartiment principal \u00e9tanche IPX8 (plus de 30 minutes d'immersion)<br \/>\n- Base en PVC r\u00e9sistant aux moisissures + dalots auto-drainants<br \/>\n- Porte-cannes personnalisables + int\u00e9gration d'une bo\u00eete \u00e0 p\u00eache<br \/>\n- Sang de poisson\/tissu r\u00e9sistant aux UV<br \/>\n- Personnalisation de la marque par le biais de sacs de p\u00eache OEM<\/p>\n<\/div>\n<\/div>\n<\/div>\n<\/div>","protected":false},"excerpt":{"rendered":"<h2 data-immersive-translate-walked=\"344be1c1-5052-41eb-8fcd-0dbe236a0d6b\" data-immersive-translate-paragraph=\"1\">Sac de p\u00eache sportive Factory<\/h2>\n<div class=\"sliderTable mt10 mb10 sliderTable-index0\">\n<div class=\"inner\">\n<p>1. Un sac de p\u00eache de grande capacit\u00e9 peut \u00eatre utilis\u00e9 pour ranger les moulinets, les app\u00e2ts, les pinces, les hame\u00e7ons, les bo\u00eetes et d'autres articles de p\u00eache.<br \/>\n2. Fabriqu\u00e9 en polyester de haute qualit\u00e9, imperm\u00e9able et r\u00e9sistant \u00e0 la d\u00e9chirure, r\u00e9sistant \u00e0 l'usure et durable, il a une longue dur\u00e9e de vie.<br \/>\n3. Les poches frontales et lat\u00e9rales \u00e0 fermeture \u00e0 glissi\u00e8re permettent d'organiser et de prot\u00e9ger les objets, et sont faciles \u00e0 ouvrir et \u00e0 fermer.<br \/>\n4. Bandouli\u00e8re d\u00e9tachable et r\u00e9glable, confortable \u00e0 porter, peut \u00eatre utilis\u00e9e comme sac \u00e0 bandouli\u00e8re ou comme pochette.<br \/>\n5. Pochette en filet, facile d'acc\u00e8s pour les petits accessoires, permet de ranger efficacement les moulinets de p\u00eache.<\/p>\n<\/div>\n<\/div>","protected":false},"featured_media":4555,"template":"","meta":{"_uag_custom_page_level_css":""},"product_brand":[],"product_cat":[48,64],"product_tag":[],"class_list":{"0":"post-4550","1":"product","2":"type-product","3":"status-publish","4":"has-post-thumbnail","6":"product_cat-bike-bag","7":"product_cat-shoulder-bag","9":"first","10":"instock","11":"shipping-taxable","12":"product-type-simple"},"uagb_featured_image_src":{"full":["https:\/\/pecbag.com\/wp-content\/uploads\/2025\/07\/Sport-Fishing-Bag-Factories-6.jpeg",960,960,false],"thumbnail":["https:\/\/pecbag.com\/wp-content\/uploads\/2025\/07\/Sport-Fishing-Bag-Factories-6-150x150.jpeg",150,150,true],"medium":["https:\/\/pecbag.com\/wp-content\/uploads\/2025\/07\/Sport-Fishing-Bag-Factories-6-300x300.jpeg",300,300,true],"medium_large":["https:\/\/pecbag.com\/wp-content\/uploads\/2025\/07\/Sport-Fishing-Bag-Factories-6-768x768.jpeg",768,768,true],"large":["https:\/\/pecbag.com\/wp-content\/uploads\/2025\/07\/Sport-Fishing-Bag-Factories-6.jpeg",800,800,false],"1536x1536":["https:\/\/pecbag.com\/wp-content\/uploads\/2025\/07\/Sport-Fishing-Bag-Factories-6.jpeg",960,960,false],"2048x2048":["https:\/\/pecbag.com\/wp-content\/uploads\/2025\/07\/Sport-Fishing-Bag-Factories-6.jpeg",960,960,false],"trp-custom-language-flag":["https:\/\/pecbag.com\/wp-content\/uploads\/2025\/07\/Sport-Fishing-Bag-Factories-6-12x12.jpeg",12,12,true],"woocommerce_thumbnail":["https:\/\/pecbag.com\/wp-content\/uploads\/2025\/07\/Sport-Fishing-Bag-Factories-6-300x300.jpeg",300,300,true],"woocommerce_single":["https:\/\/pecbag.com\/wp-content\/uploads\/2025\/07\/Sport-Fishing-Bag-Factories-6-600x600.jpeg",600,600,true],"woocommerce_gallery_thumbnail":["https:\/\/pecbag.com\/wp-content\/uploads\/2025\/07\/Sport-Fishing-Bag-Factories-6-100x100.jpeg",100,100,true]},"uagb_author_info":{"display_name":"Lawrence","author_link":"https:\/\/pecbag.com\/fr\/author\/"},"uagb_comment_info":0,"uagb_excerpt":"Sport Fishing Bag Factory 1. A fishing bag with a large capacity can be used to store fishing reels, baits, pliers, hooks, boxes, and other fishing gear. 2. Made of high-quality polyester, waterproof and tear\u2011resistant, wear\u2011resistant and durable, has a long service life. 3. Zipper front\/side pockets keep things organized and safe, easy to open\u2026","_links":{"self":[{"href":"https:\/\/pecbag.com\/fr\/wp-json\/wp\/v2\/product\/4550","targetHints":{"allow":["GET"]}}],"collection":[{"href":"https:\/\/pecbag.com\/fr\/wp-json\/wp\/v2\/product"}],"about":[{"href":"https:\/\/pecbag.com\/fr\/wp-json\/wp\/v2\/types\/product"}],"wp:featuredmedia":[{"embeddable":true,"href":"https:\/\/pecbag.com\/fr\/wp-json\/wp\/v2\/media\/4555"}],"wp:attachment":[{"href":"https:\/\/pecbag.com\/fr\/wp-json\/wp\/v2\/media?parent=4550"}],"wp:term":[{"taxonomy":"product_brand","embeddable":true,"href":"https:\/\/pecbag.com\/fr\/wp-json\/wp\/v2\/product_brand?post=4550"},{"taxonomy":"product_cat","embeddable":true,"href":"https:\/\/pecbag.com\/fr\/wp-json\/wp\/v2\/product_cat?post=4550"},{"taxonomy":"product_tag","embeddable":true,"href":"https:\/\/pecbag.com\/fr\/wp-json\/wp\/v2\/product_tag?post=4550"}],"curies":[{"name":"wp","href":"https:\/\/api.w.org\/{rel}","templated":true}]}}