{"id":4570,"date":"2025-07-10T02:18:51","date_gmt":"2025-07-10T02:18:51","guid":{"rendered":"https:\/\/pecbag.com\/?post_type=product&#038;p=4570"},"modified":"2025-11-28T09:35:08","modified_gmt":"2025-11-28T09:35:08","slug":"top-china-chest-bag-manufacturers","status":"publish","type":"product","link":"https:\/\/pecbag.com\/fr\/top-china-chest-bag-manufacturers\/","title":{"rendered":"Top China Chest Bag Manufacturers"},"content":{"rendered":"<h5 title=\"Sac \u00e0 dos pliable pour chien Sac \u00e0 bandouli\u00e8re en maille respirante pour petit animal de compagnie Chien Chats\" data-immersive-translate-walked=\"1c928421-2e42-4cd3-8754-5404553c0af5\" data-immersive-translate-paragraph=\"1\" data-spm-anchor-id=\"a2700.details.0.i35.4f6757d4w4zNZA\">Fabricant de sacs de poitrine en Chine | Fabricant de sacs \u00e9tanches &amp; Fabricant de sacs \u00e0 dos tactiques | OEM en vrac<\/h5>\n<div class=\"flex flex-grow flex-col max-w-full\">\n<div class=\"min-h-[20px] text-message flex w-full flex-col items-end gap-2 whitespace-pre-wrap break-words [.text-message+&amp;]:mt-5 overflow-x-auto\" dir=\"auto\" data-message-author-role=\"assistant\" data-message-id=\"3d7d46f6-7ec2-4222-9257-48fa0bba23c6\" data-suggestions=\"true\">\n<div class=\"flex w-full flex-col gap-1 empty:hidden first:pt-[3px]\">\n<div class=\"markdown prose w-full break-words dark:prose-invert light\">\n<p class=\"ds-markdown-paragraph\">Besoin de sacs thoraciques de qualit\u00e9 sup\u00e9rieure provenant directement de fabricants chinois ?<\/p>\n<p class=\"ds-markdown-paragraph\">En tant que fabricant chinois de sacs de poitrine certifi\u00e9 ISO et fabricant de sacs \u00e9tanches, nous concevons des sacs de poitrine de qualit\u00e9 tactique dot\u00e9s d'un acc\u00e8s rapide, d'une technologie de r\u00e9partition du poids et d'une \u00e9tanch\u00e9it\u00e9 IPX6 reconnue par les professionnels des activit\u00e9s de plein air du monde entier.<\/p>\n<p class=\"ds-markdown-paragraph\">Partenaire de notre soci\u00e9t\u00e9 de sacs de poitrine - votre fournisseur strat\u00e9gique de sacs de poitrine - pour une exportation sans faille de sacs de poitrine vers les grossistes, les entreprises de s\u00e9curit\u00e9 et les vendeurs de sacs de poitrine dans le monde entier.<\/p>\n<table width=\"288\">\n<tbody>\n<tr>\n<td width=\"137\"><span style=\"color: #333333;\">Nom des produits<\/span><\/td>\n<td width=\"151\">Sac de poitrine<\/td>\n<\/tr>\n<tr>\n<td><span style=\"color: #333333;\">Num\u00e9ro d'article<\/span><\/td>\n<td><span style=\"color: #333333;\">PB-2143<\/span><\/td>\n<\/tr>\n<tr>\n<td><span style=\"color: #333333;\">Mat\u00e9riau<\/span><\/td>\n<td>Polyester<\/td>\n<\/tr>\n<tr>\n<td><span style=\"color: #333333;\">Taille<\/span><\/td>\n<td>13 x 4 x 18 cm<\/td>\n<\/tr>\n<tr>\n<td><span style=\"color: #333333;\">\u00a0D\u00e9lai de livraison<\/span><\/td>\n<td><span style=\"color: #333333;\">1-5 jours pour les petites quantit\u00e9s par voie a\u00e9rienne et 30-35 jours pour les grandes quantit\u00e9s par voie maritime.<\/span><\/td>\n<\/tr>\n<\/tbody>\n<\/table>\n<h3>Pourquoi les distributeurs mondiaux nous choisissent-ils ?<\/h3>\n<p class=\"ds-markdown-paragraph\">\u2705 <strong>Leader du secteur :<\/strong>\u00a071% taux de commande aupr\u00e8s des d\u00e9taillants de produits de plein air<br \/>\nSacs de poitrine ODM\/OEM et sacs de poitrine sous marque de distributeur<br \/>\n\u2705 Faible MOQ Sac de poitrine en vrac<br \/>\n\u2705 Conditions EXW\/FOB de la plate-forme Chest Bag China<br \/>\n\u2705 Deux lignes de fabrication de sacs \u00e0 dos : Sacs de poitrine + \u00e9quipement tactique<\/p>\n<p class=\"ds-markdown-paragraph\"><strong>Caract\u00e9ristiques essentielles \u00e0 la mission :<\/strong><br \/>\n-\u00a0<strong>Accessibilit\u00e9 \u00e0 360\u00b0 :<\/strong>\u00a0Boucles tournantes + cordons ambidextres<br \/>\n-\u00a0<strong>Construction tous temps :<\/strong>\u00a0Nylon 900D enduit de TPU (conforme \u00e0 la norme IPX6)<br \/>\n-\u00a0<strong>Configurations personnalis\u00e9es :<\/strong>\u00a0Panneaux compatibles Molle + ports d'hydratation<br \/>\n-\u00a0<strong>Portage s\u00e9curis\u00e9 :<\/strong>\u00a0Poches de blocage RFID + sangles de protection contre les coups de feu<\/p>\n<\/div>\n<\/div>\n<\/div>\n<\/div>","protected":false},"excerpt":{"rendered":"<h2 data-immersive-translate-walked=\"344be1c1-5052-41eb-8fcd-0dbe236a0d6b\" data-immersive-translate-paragraph=\"1\">Fabricants chinois de sacs de poitrine<\/h2>\n<div class=\"sliderTable mt10 mb10 sliderTable-index0\">\n<div class=\"inner\">\n<p>Transportez votre \u00e9quipement sans utiliser de ceinture et atteignez facilement vos articles dans les espaces confin\u00e9s, tels que les cabines de v\u00e9hicules ou d'avions o\u00f9 l'espace aux coudes est restreint.<\/p>\n<p>Ce harnais convertible est une alternative plus confortable aux \u00e9tuis de ceinture, car vous ne serez pas d\u00e9rang\u00e9 par votre \u00e9quipement lorsque vous \u00eates assis. Il vous permettra d'augmenter votre capacit\u00e9 de transport au-del\u00e0 de ce que vous pouvez confortablement porter \u00e0 la ceinture.<\/p>\n<\/div>\n<\/div>","protected":false},"featured_media":4574,"template":"","meta":{"_uag_custom_page_level_css":""},"product_brand":[],"product_cat":[61,67],"product_tag":[],"class_list":{"0":"post-4570","1":"product","2":"type-product","3":"status-publish","4":"has-post-thumbnail","6":"product_cat-chest-bag","7":"product_cat-sports-bag","9":"first","10":"instock","11":"shipping-taxable","12":"product-type-simple"},"uagb_featured_image_src":{"full":["https:\/\/pecbag.com\/wp-content\/uploads\/2025\/07\/China-Chest-Bag-Manufacturers-3.jpg",1487,1500,false],"thumbnail":["https:\/\/pecbag.com\/wp-content\/uploads\/2025\/07\/China-Chest-Bag-Manufacturers-3-150x150.jpg",150,150,true],"medium":["https:\/\/pecbag.com\/wp-content\/uploads\/2025\/07\/China-Chest-Bag-Manufacturers-3-297x300.jpg",297,300,true],"medium_large":["https:\/\/pecbag.com\/wp-content\/uploads\/2025\/07\/China-Chest-Bag-Manufacturers-3-768x775.jpg",768,775,true],"large":["https:\/\/pecbag.com\/wp-content\/uploads\/2025\/07\/China-Chest-Bag-Manufacturers-3-1015x1024.jpg",800,807,true],"1536x1536":["https:\/\/pecbag.com\/wp-content\/uploads\/2025\/07\/China-Chest-Bag-Manufacturers-3.jpg",1487,1500,false],"2048x2048":["https:\/\/pecbag.com\/wp-content\/uploads\/2025\/07\/China-Chest-Bag-Manufacturers-3.jpg",1487,1500,false],"trp-custom-language-flag":["https:\/\/pecbag.com\/wp-content\/uploads\/2025\/07\/China-Chest-Bag-Manufacturers-3-12x12.jpg",12,12,true],"woocommerce_thumbnail":["https:\/\/pecbag.com\/wp-content\/uploads\/2025\/07\/China-Chest-Bag-Manufacturers-3-300x300.jpg",300,300,true],"woocommerce_single":["https:\/\/pecbag.com\/wp-content\/uploads\/2025\/07\/China-Chest-Bag-Manufacturers-3-600x605.jpg",600,605,true],"woocommerce_gallery_thumbnail":["https:\/\/pecbag.com\/wp-content\/uploads\/2025\/07\/China-Chest-Bag-Manufacturers-3-100x100.jpg",100,100,true]},"uagb_author_info":{"display_name":"Lawrence","author_link":"https:\/\/pecbag.com\/fr\/author\/"},"uagb_comment_info":0,"uagb_excerpt":"China Chest Bag Manufacturers Carry gear without using a belt &amp; easily reach your items in confined spaces, such as vehicle\/aircraft cabs where your elbow room is restricted. A more comfortable alternative to belt holsters as you won't be poked by your gear while seated, this convertible harness will expand your carrying capacity beyond what\u2026","_links":{"self":[{"href":"https:\/\/pecbag.com\/fr\/wp-json\/wp\/v2\/product\/4570","targetHints":{"allow":["GET"]}}],"collection":[{"href":"https:\/\/pecbag.com\/fr\/wp-json\/wp\/v2\/product"}],"about":[{"href":"https:\/\/pecbag.com\/fr\/wp-json\/wp\/v2\/types\/product"}],"wp:featuredmedia":[{"embeddable":true,"href":"https:\/\/pecbag.com\/fr\/wp-json\/wp\/v2\/media\/4574"}],"wp:attachment":[{"href":"https:\/\/pecbag.com\/fr\/wp-json\/wp\/v2\/media?parent=4570"}],"wp:term":[{"taxonomy":"product_brand","embeddable":true,"href":"https:\/\/pecbag.com\/fr\/wp-json\/wp\/v2\/product_brand?post=4570"},{"taxonomy":"product_cat","embeddable":true,"href":"https:\/\/pecbag.com\/fr\/wp-json\/wp\/v2\/product_cat?post=4570"},{"taxonomy":"product_tag","embeddable":true,"href":"https:\/\/pecbag.com\/fr\/wp-json\/wp\/v2\/product_tag?post=4570"}],"curies":[{"name":"wp","href":"https:\/\/api.w.org\/{rel}","templated":true}]}}