{"id":4577,"date":"2025-07-10T02:27:39","date_gmt":"2025-07-10T02:27:39","guid":{"rendered":"https:\/\/pecbag.com\/?post_type=product&#038;p=4577"},"modified":"2025-11-28T09:34:58","modified_gmt":"2025-11-28T09:34:58","slug":"china-sport-travel-chest-bag-factory","status":"publish","type":"product","link":"https:\/\/pecbag.com\/fr\/china-sport-travel-chest-bag-factory\/","title":{"rendered":"Sac de sport et de voyage Factory"},"content":{"rendered":"<h5 title=\"Sac \u00e0 dos pliable pour chien Sac \u00e0 bandouli\u00e8re en maille respirante pour petit animal de compagnie Chien Chats\" data-immersive-translate-walked=\"1c928421-2e42-4cd3-8754-5404553c0af5\" data-immersive-translate-paragraph=\"1\" data-spm-anchor-id=\"a2700.details.0.i35.4f6757d4w4zNZA\">Premium China Sport Travel Chest Bag Factory | Waterproof Bag Factory &amp; Technical Backpack Manufacturer | Bulk Solutions<\/h5>\n<div class=\"flex flex-grow flex-col max-w-full\">\n<div class=\"min-h-[20px] text-message flex w-full flex-col items-end gap-2 whitespace-pre-wrap break-words [.text-message+&amp;]:mt-5 overflow-x-auto\" dir=\"auto\" data-message-author-role=\"assistant\" data-message-id=\"3d7d46f6-7ec2-4222-9257-48fa0bba23c6\" data-suggestions=\"true\">\n<div class=\"flex w-full flex-col gap-1 empty:hidden first:pt-[3px]\">\n<div class=\"markdown prose w-full break-words dark:prose-invert light\">\n<p class=\"ds-markdown-paragraph\">Vous avez besoin de sacs de sport de voyage performants provenant directement d'une usine chinoise ?<\/p>\n<p class=\"ds-markdown-paragraph\">En tant que fabricant chinois certifi\u00e9 de sacs de sport de voyage et de sacs \u00e9tanches ISO 9001, nous concevons des sacs de voyage pr\u00eats pour l'aventure, avec des designs adapt\u00e9s aux a\u00e9roports, des caract\u00e9ristiques antivol et des syst\u00e8mes de transport convertibles qui ont la confiance des voyageurs du monde entier.<\/p>\n<p class=\"ds-markdown-paragraph\">Partenaire de notre soci\u00e9t\u00e9 de sacs \u00e0 dos - votre fournisseur attitr\u00e9 de sacs \u00e0 dos - pour une exportation sans faille de sacs \u00e0 dos vers les grossistes de sacs \u00e0 dos, les d\u00e9taillants de plein air et les vendeurs de sacs \u00e0 dos dans le monde entier.<\/p>\n<table width=\"288\">\n<tbody>\n<tr>\n<td width=\"137\"><span style=\"color: #333333;\">Nom des produits<\/span><\/td>\n<td width=\"151\">Sac de poitrine<\/td>\n<\/tr>\n<tr>\n<td><span style=\"color: #333333;\">Num\u00e9ro d'article<\/span><\/td>\n<td><span style=\"color: #333333;\">PB-2144<\/span><\/td>\n<\/tr>\n<tr>\n<td><span style=\"color: #333333;\">Mat\u00e9riau<\/span><\/td>\n<td>Nylon 1000D<\/td>\n<\/tr>\n<tr>\n<td><span style=\"color: #333333;\">Taille<\/span><\/td>\n<td>25,5 x 3 x 18 cm<\/td>\n<\/tr>\n<tr>\n<td><span style=\"color: #333333;\">\u00a0D\u00e9lai de livraison<\/span><\/td>\n<td><span style=\"color: #333333;\">1-5 jours pour les petites quantit\u00e9s par voie a\u00e9rienne et 30-35 jours pour les grandes quantit\u00e9s par voie maritime.<\/span><\/td>\n<\/tr>\n<\/tbody>\n<\/table>\n<h3>Pourquoi les marques d'aventure nous choisissent-elles ?<\/h3>\n<p class=\"ds-markdown-paragraph\">\u2708\ufe0f <strong>Leader en mati\u00e8re de mat\u00e9riel de voyage<\/strong>68% Croissance annuelle pour les partenaires distributeurs<br \/>\nSacs de poitrine ODM\/OEM et sacs de poitrine sous marque de distributeur<br \/>\n\u2705 Faible MOQ Chest Bag en vrac (300+ unit\u00e9s)<br \/>\n\u2705 Conceptions conformes aux normes TSA + conditions EXW\/FOB<br \/>\n\u2705 Deux lignes de fabrication de sacs \u00e0 dos : Sacs de sport + \u00e9quipement de voyage<\/p>\n<p class=\"ds-markdown-paragraph\"><strong>Caract\u00e9ristiques optimis\u00e9es pour le voyage :<\/strong><br \/>\n-\u00a0<strong>Pr\u00eat pour l'a\u00e9roport<\/strong>:<\/p>\n<ul>\n<li>\n<p class=\"ds-markdown-paragraph\">Compartiments compatibles avec la serrure TSA<\/p>\n<\/li>\n<li>\n<p class=\"ds-markdown-paragraph\">Pochette pour passeport RFID \u00e0 balayage rapide<\/p>\n<\/li>\n<li>\n<p class=\"ds-markdown-paragraph\">Sangle d\u00e9tachable pour le transport de bagages<br \/>\n-\u00a0<strong>Confort actif<\/strong>:<\/p>\n<\/li>\n<li>\n<p class=\"ds-markdown-paragraph\">Panneau arri\u00e8re ventil\u00e9 en AirMesh<\/p>\n<\/li>\n<li>\n<p class=\"ds-markdown-paragraph\">Harnais r\u00e9glable avec \u00e9vacuation de l'humidit\u00e9<\/p>\n<\/li>\n<li>\n<p class=\"ds-markdown-paragraph\">Boucle tournante pour un acc\u00e8s mobile<br \/>\n-\u00a0<strong>La s\u00e9curit\u00e9 en ligne de mire<\/strong>:<\/p>\n<\/li>\n<li>\n<p class=\"ds-markdown-paragraph\">Sangle de la sangle r\u00e9sistante aux coups de feu<\/p>\n<\/li>\n<li>\n<p class=\"ds-markdown-paragraph\">Poches cach\u00e9es \u00e0 fermeture \u00e9clair<\/p>\n<\/li>\n<li>\n<p class=\"ds-markdown-paragraph\">Ancres \u00e0 sangles renforc\u00e9es par des fils<\/p>\n<\/li>\n<\/ul>\n<\/div>\n<\/div>\n<\/div>\n<\/div>","protected":false},"excerpt":{"rendered":"<h2 data-immersive-translate-walked=\"344be1c1-5052-41eb-8fcd-0dbe236a0d6b\" data-immersive-translate-paragraph=\"1\">Sac de sport et de voyage Factory<\/h2>\n<div class=\"sliderTable mt10 mb10 sliderTable-index0\">\n<div class=\"inner\">\n<p>Fabriqu\u00e9 en nylon 1000D et dot\u00e9 des meilleures fermetures, ce sac de poitrine est \u00e9quip\u00e9 d'un syst\u00e8me \u00e0 quatre boucles \u00e0 d\u00e9gagement rapide, qui permet de passer rapidement d'une forme \u00e0 l'autre, afin de lib\u00e9rer les mains pour se concentrer sur l'essentiel.<\/p>\n<\/div>\n<\/div>","protected":false},"featured_media":4581,"template":"","meta":{"_uag_custom_page_level_css":""},"product_brand":[],"product_cat":[61,67],"product_tag":[],"class_list":{"0":"post-4577","1":"product","2":"type-product","3":"status-publish","4":"has-post-thumbnail","6":"product_cat-chest-bag","7":"product_cat-sports-bag","9":"first","10":"instock","11":"shipping-taxable","12":"product-type-simple"},"uagb_featured_image_src":{"full":["https:\/\/pecbag.com\/wp-content\/uploads\/2025\/07\/China-Sport-Travel-Chest-Bag-Factory-1.jpeg",1426,1500,false],"thumbnail":["https:\/\/pecbag.com\/wp-content\/uploads\/2025\/07\/China-Sport-Travel-Chest-Bag-Factory-1-150x150.jpeg",150,150,true],"medium":["https:\/\/pecbag.com\/wp-content\/uploads\/2025\/07\/China-Sport-Travel-Chest-Bag-Factory-1-285x300.jpeg",285,300,true],"medium_large":["https:\/\/pecbag.com\/wp-content\/uploads\/2025\/07\/China-Sport-Travel-Chest-Bag-Factory-1-768x808.jpeg",768,808,true],"large":["https:\/\/pecbag.com\/wp-content\/uploads\/2025\/07\/China-Sport-Travel-Chest-Bag-Factory-1-973x1024.jpeg",800,842,true],"1536x1536":["https:\/\/pecbag.com\/wp-content\/uploads\/2025\/07\/China-Sport-Travel-Chest-Bag-Factory-1.jpeg",1426,1500,false],"2048x2048":["https:\/\/pecbag.com\/wp-content\/uploads\/2025\/07\/China-Sport-Travel-Chest-Bag-Factory-1.jpeg",1426,1500,false],"trp-custom-language-flag":["https:\/\/pecbag.com\/wp-content\/uploads\/2025\/07\/China-Sport-Travel-Chest-Bag-Factory-1-11x12.jpeg",11,12,true],"woocommerce_thumbnail":["https:\/\/pecbag.com\/wp-content\/uploads\/2025\/07\/China-Sport-Travel-Chest-Bag-Factory-1-300x300.jpeg",300,300,true],"woocommerce_single":["https:\/\/pecbag.com\/wp-content\/uploads\/2025\/07\/China-Sport-Travel-Chest-Bag-Factory-1-600x631.jpeg",600,631,true],"woocommerce_gallery_thumbnail":["https:\/\/pecbag.com\/wp-content\/uploads\/2025\/07\/China-Sport-Travel-Chest-Bag-Factory-1-100x100.jpeg",100,100,true]},"uagb_author_info":{"display_name":"Lawrence","author_link":"https:\/\/pecbag.com\/fr\/author\/"},"uagb_comment_info":0,"uagb_excerpt":"China Sport Travel Chest Bag Factory Made of 1000D nylon and the best fasteners and zippers, this chest bag features a system that has four quick-release buckles, which can quickly change between various forms, so that people can free their hands to focus on the things.","_links":{"self":[{"href":"https:\/\/pecbag.com\/fr\/wp-json\/wp\/v2\/product\/4577","targetHints":{"allow":["GET"]}}],"collection":[{"href":"https:\/\/pecbag.com\/fr\/wp-json\/wp\/v2\/product"}],"about":[{"href":"https:\/\/pecbag.com\/fr\/wp-json\/wp\/v2\/types\/product"}],"wp:featuredmedia":[{"embeddable":true,"href":"https:\/\/pecbag.com\/fr\/wp-json\/wp\/v2\/media\/4581"}],"wp:attachment":[{"href":"https:\/\/pecbag.com\/fr\/wp-json\/wp\/v2\/media?parent=4577"}],"wp:term":[{"taxonomy":"product_brand","embeddable":true,"href":"https:\/\/pecbag.com\/fr\/wp-json\/wp\/v2\/product_brand?post=4577"},{"taxonomy":"product_cat","embeddable":true,"href":"https:\/\/pecbag.com\/fr\/wp-json\/wp\/v2\/product_cat?post=4577"},{"taxonomy":"product_tag","embeddable":true,"href":"https:\/\/pecbag.com\/fr\/wp-json\/wp\/v2\/product_tag?post=4577"}],"curies":[{"name":"wp","href":"https:\/\/api.w.org\/{rel}","templated":true}]}}