{"id":4641,"date":"2025-07-11T01:50:31","date_gmt":"2025-07-11T01:50:31","guid":{"rendered":"https:\/\/pecbag.com\/?post_type=product&#038;p=4641"},"modified":"2025-11-28T09:34:36","modified_gmt":"2025-11-28T09:34:36","slug":"china-chest-bag-men-factories","status":"publish","type":"product","link":"https:\/\/pecbag.com\/fr\/china-chest-bag-men-factories\/","title":{"rendered":"China Chest Bag Men Factories"},"content":{"rendered":"<h5 title=\"Sac \u00e0 dos pliable pour chien Sac \u00e0 bandouli\u00e8re en maille respirante pour petit animal de compagnie Chien Chats\" data-immersive-translate-walked=\"1c928421-2e42-4cd3-8754-5404553c0af5\" data-immersive-translate-paragraph=\"1\" data-spm-anchor-id=\"a2700.details.0.i35.4f6757d4w4zNZA\">Premium China Mens Chest Bag Factory | Waterproof Bag Factory &amp; Urban Backpack Manufacturer | Bulk OEM<\/h5>\n<div class=\"flex flex-grow flex-col max-w-full\">\n<div class=\"min-h-[20px] text-message flex w-full flex-col items-end gap-2 whitespace-pre-wrap break-words [.text-message+&amp;]:mt-5 overflow-x-auto\" dir=\"auto\" data-message-author-role=\"assistant\" data-message-id=\"3d7d46f6-7ec2-4222-9257-48fa0bba23c6\" data-suggestions=\"true\">\n<div class=\"flex w-full flex-col gap-1 empty:hidden first:pt-[3px]\">\n<div class=\"markdown prose w-full break-words dark:prose-invert light\">\n<p class=\"ds-markdown-paragraph\">Besoin de sacs de poitrine robustes pour hommes provenant directement d'une usine chinoise ?<\/p>\n<p class=\"ds-markdown-paragraph\">En tant que fabricant chinois certifi\u00e9 de sacs de poitrine pour hommes et de sacs \u00e9tanches ISO 9001, nous concevons des \u00e9quipements tactiques masculins dot\u00e9s de syst\u00e8mes de harnais ergonomiques, de technologies antivol et de designs urbains reconnus par les professionnels de la s\u00e9curit\u00e9 et les marques d'activit\u00e9s de plein air.<\/p>\n<table width=\"288\">\n<tbody>\n<tr>\n<td width=\"137\"><span style=\"color: #333333;\">Nom des produits<\/span><\/td>\n<td width=\"151\">Sac de poitrine<\/td>\n<\/tr>\n<tr>\n<td><span style=\"color: #333333;\">Num\u00e9ro d'article<\/span><\/td>\n<td><span style=\"color: #333333;\">PB-2146<\/span><\/td>\n<\/tr>\n<tr>\n<td><span style=\"color: #333333;\">Mat\u00e9riau<\/span><\/td>\n<td>Polyester<\/td>\n<\/tr>\n<tr>\n<td><span style=\"color: #333333;\">Taille<\/span><\/td>\n<td>51 x 5 x 30 cm<\/td>\n<\/tr>\n<tr>\n<td><span style=\"color: #333333;\">\u00a0D\u00e9lai de livraison<\/span><\/td>\n<td><span style=\"color: #333333;\">1-5 jours pour les petites quantit\u00e9s par voie a\u00e9rienne et 30-35 jours pour les grandes quantit\u00e9s par voie maritime.<\/span><\/td>\n<\/tr>\n<\/tbody>\n<\/table>\n<h3>Pourquoi les acheteurs mondiaux nous choisissent-ils ?<\/h3>\n<p class=\"ds-markdown-paragraph\">\ud83c\udfed\u00a0<strong>Avantages de l'usine directe :<\/strong><\/p>\n<ul>\n<li>\n<p class=\"ds-markdown-paragraph\">Faible MOQ Sac de poitrine en vrac (300+ unit\u00e9s)<\/p>\n<\/li>\n<li>\n<p class=\"ds-markdown-paragraph\">Sacoche de poitrine ODM\/OEM &amp; Sacoche de poitrine private label<\/p>\n<\/li>\n<li>\n<p class=\"ds-markdown-paragraph\">EXW\/FOB Conditions d'exportation des sacs \u00e0 dos<\/p>\n<\/li>\n<li>\n<p class=\"ds-markdown-paragraph\">Lignes de fabrication de sacs \u00e0 dos doubles<\/p>\n<\/li>\n<\/ul>\n<p class=\"ds-markdown-paragraph\">\ud83d\udd27\u00a0<strong>Ing\u00e9nierie sp\u00e9cifique aux hommes :<\/strong><br \/>\n-\u00a0<strong>Harnais ergonomique en X<\/strong>\u00a0(r\u00e9partition du poids pour les cadres masculins)<br \/>\n-\u00a0<strong>Conception tactique urbaine<\/strong>\u00a0(discret mais accessible)<br \/>\n-\u00a0<strong>Personnalisation de la taille<\/strong>\u00a0(r\u00e9glable pour des hauteurs de 160 \u00e0 200 cm)<br \/>\n-\u00a0<strong>Am\u00e9liorations mat\u00e9rielles<\/strong>\u00a0(nylon balistique 900D + fermetures \u00e0 glissi\u00e8re YKK)<\/p>\n<\/div>\n<\/div>\n<\/div>\n<\/div>","protected":false},"excerpt":{"rendered":"<h2 data-immersive-translate-walked=\"344be1c1-5052-41eb-8fcd-0dbe236a0d6b\" data-immersive-translate-paragraph=\"1\">China Chest Bag Men Factories<\/h2>\n<div class=\"sliderTable mt10 mb10 sliderTable-index0\">\n<div class=\"inner\">Fabriqu\u00e9 en tissu de haute qualit\u00e9 et dot\u00e9 d'une fermeture \u00e0 glissi\u00e8re lisse et solide, ce sac de poitrine permet de ranger votre portefeuille, votre t\u00e9l\u00e9phone portable, votre batterie rechargeable, vos \u00e9couteurs, vos mouchoirs en papier, votre d\u00e9sinfectant pour les mains et d'autres objets n\u00e9cessaires au quotidien.<\/div>\n<div class=\"inner\">Le tissu respirant de la maille arri\u00e8re vous permet de vous sentir au frais et \u00e0 l'aise. C'est un sac de sport pour toutes les saisons.<\/div>\n<\/div>","protected":false},"featured_media":4643,"template":"","meta":{"_uag_custom_page_level_css":""},"product_brand":[],"product_cat":[61,45],"product_tag":[],"class_list":{"0":"post-4641","1":"product","2":"type-product","3":"status-publish","4":"has-post-thumbnail","6":"product_cat-chest-bag","7":"product_cat-hiking-bag","9":"first","10":"instock","11":"shipping-taxable","12":"product-type-simple"},"uagb_featured_image_src":{"full":["https:\/\/pecbag.com\/wp-content\/uploads\/2025\/07\/China-Chest-Bag-Men-Factories-2.jpg",1500,1491,false],"thumbnail":["https:\/\/pecbag.com\/wp-content\/uploads\/2025\/07\/China-Chest-Bag-Men-Factories-2-150x150.jpg",150,150,true],"medium":["https:\/\/pecbag.com\/wp-content\/uploads\/2025\/07\/China-Chest-Bag-Men-Factories-2-300x298.jpg",300,298,true],"medium_large":["https:\/\/pecbag.com\/wp-content\/uploads\/2025\/07\/China-Chest-Bag-Men-Factories-2-768x763.jpg",768,763,true],"large":["https:\/\/pecbag.com\/wp-content\/uploads\/2025\/07\/China-Chest-Bag-Men-Factories-2-1024x1018.jpg",800,795,true],"1536x1536":["https:\/\/pecbag.com\/wp-content\/uploads\/2025\/07\/China-Chest-Bag-Men-Factories-2.jpg",1500,1491,false],"2048x2048":["https:\/\/pecbag.com\/wp-content\/uploads\/2025\/07\/China-Chest-Bag-Men-Factories-2.jpg",1500,1491,false],"trp-custom-language-flag":["https:\/\/pecbag.com\/wp-content\/uploads\/2025\/07\/China-Chest-Bag-Men-Factories-2-12x12.jpg",12,12,true],"woocommerce_thumbnail":["https:\/\/pecbag.com\/wp-content\/uploads\/2025\/07\/China-Chest-Bag-Men-Factories-2-300x300.jpg",300,300,true],"woocommerce_single":["https:\/\/pecbag.com\/wp-content\/uploads\/2025\/07\/China-Chest-Bag-Men-Factories-2-600x596.jpg",600,596,true],"woocommerce_gallery_thumbnail":["https:\/\/pecbag.com\/wp-content\/uploads\/2025\/07\/China-Chest-Bag-Men-Factories-2-100x100.jpg",100,100,true]},"uagb_author_info":{"display_name":"Lawrence","author_link":"https:\/\/pecbag.com\/fr\/author\/"},"uagb_comment_info":0,"uagb_excerpt":"China Chest Bag Men Factories Made of high-quality fabric and a smooth and strong zipper, this chest bag is enough to store your wallet, cell phone, rechargeable battery, headphones, tissues, hand sanitizer and other daily necessities. Breathable back mesh fabric makes you feel cool and comfortable. It's a sports chest bag for all seasons.","_links":{"self":[{"href":"https:\/\/pecbag.com\/fr\/wp-json\/wp\/v2\/product\/4641","targetHints":{"allow":["GET"]}}],"collection":[{"href":"https:\/\/pecbag.com\/fr\/wp-json\/wp\/v2\/product"}],"about":[{"href":"https:\/\/pecbag.com\/fr\/wp-json\/wp\/v2\/types\/product"}],"wp:featuredmedia":[{"embeddable":true,"href":"https:\/\/pecbag.com\/fr\/wp-json\/wp\/v2\/media\/4643"}],"wp:attachment":[{"href":"https:\/\/pecbag.com\/fr\/wp-json\/wp\/v2\/media?parent=4641"}],"wp:term":[{"taxonomy":"product_brand","embeddable":true,"href":"https:\/\/pecbag.com\/fr\/wp-json\/wp\/v2\/product_brand?post=4641"},{"taxonomy":"product_cat","embeddable":true,"href":"https:\/\/pecbag.com\/fr\/wp-json\/wp\/v2\/product_cat?post=4641"},{"taxonomy":"product_tag","embeddable":true,"href":"https:\/\/pecbag.com\/fr\/wp-json\/wp\/v2\/product_tag?post=4641"}],"curies":[{"name":"wp","href":"https:\/\/api.w.org\/{rel}","templated":true}]}}