{"id":4664,"date":"2025-07-12T01:49:46","date_gmt":"2025-07-12T01:49:46","guid":{"rendered":"https:\/\/pecbag.com\/?post_type=product&#038;p=4664"},"modified":"2025-11-28T09:34:23","modified_gmt":"2025-11-28T09:34:23","slug":"china-chest-bag-manufacturer","status":"publish","type":"product","link":"https:\/\/pecbag.com\/fr\/china-chest-bag-manufacturer\/","title":{"rendered":"Fabricant chinois de sacs de poitrine"},"content":{"rendered":"<h5 title=\"Sac \u00e0 dos pliable pour chien Sac \u00e0 bandouli\u00e8re en maille respirante pour petit animal de compagnie Chien Chats\" data-immersive-translate-walked=\"1c928421-2e42-4cd3-8754-5404553c0af5\" data-immersive-translate-paragraph=\"1\" data-spm-anchor-id=\"a2700.details.0.i35.4f6757d4w4zNZA\">Premium China Chest Bag Manufacturer | Waterproof Bag Factory &amp; Tactical Backpack Manufacturer | Bulk Export<\/h5>\n<div class=\"flex flex-grow flex-col max-w-full\">\n<div class=\"min-h-[20px] text-message flex w-full flex-col items-end gap-2 whitespace-pre-wrap break-words [.text-message+&amp;]:mt-5 overflow-x-auto\" dir=\"auto\" data-message-author-role=\"assistant\" data-message-id=\"3d7d46f6-7ec2-4222-9257-48fa0bba23c6\" data-suggestions=\"true\">\n<div class=\"flex w-full flex-col gap-1 empty:hidden first:pt-[3px]\">\n<div class=\"markdown prose w-full break-words dark:prose-invert light\">\n<p class=\"ds-markdown-paragraph\">Besoin d'une fabrication fiable de sacs de poitrine en provenance directe de Chine ?<\/p>\n<p class=\"ds-markdown-paragraph\">En tant que fabricant chinois de sacs de poitrine et usine de sacs \u00e9tanches certifi\u00e9e ISO, nous concevons des sacs de poitrine professionnels avec des mat\u00e9riaux de qualit\u00e9 militaire, des syst\u00e8mes de harnais ergonomiques et des conceptions pr\u00eates pour le TSA, auxquels font confiance les entreprises de s\u00e9curit\u00e9 et les marques de plein air du monde entier.<\/p>\n<table width=\"288\">\n<tbody>\n<tr>\n<td width=\"137\"><span style=\"color: #333333;\">Nom des produits<\/span><\/td>\n<td width=\"151\">Sac de poitrine<\/td>\n<\/tr>\n<tr>\n<td><span style=\"color: #333333;\">Num\u00e9ro d'article<\/span><\/td>\n<td><span style=\"color: #333333;\">PB-2147<\/span><\/td>\n<\/tr>\n<tr>\n<td><span style=\"color: #333333;\">Mat\u00e9riau<\/span><\/td>\n<td>Nylon 900D<\/td>\n<\/tr>\n<tr>\n<td><span style=\"color: #333333;\">Taille<\/span><\/td>\n<td>25 x 7 x 28 cm<\/td>\n<\/tr>\n<tr>\n<td><span style=\"color: #333333;\">\u00a0D\u00e9lai de livraison<\/span><\/td>\n<td><span style=\"color: #333333;\">1-5 jours pour les petites quantit\u00e9s par voie a\u00e9rienne et 30-35 jours pour les grandes quantit\u00e9s par voie maritime.<\/span><\/td>\n<\/tr>\n<\/tbody>\n<\/table>\n<h3>Pourquoi les acheteurs mondiaux s'approvisionnent-ils chez nous ?<\/h3>\n<p class=\"ds-markdown-paragraph\">\ud83c\udfed\u00a0<strong>Avantages de l'usine directe :<\/strong><\/p>\n<ul>\n<li>\n<p class=\"ds-markdown-paragraph\">Faible MOQ Sac de poitrine en vrac (300+ unit\u00e9s)<\/p>\n<\/li>\n<li>\n<p class=\"ds-markdown-paragraph\">Sacoche de poitrine ODM\/OEM et sacoche de poitrine sous marque de distributeur<\/p>\n<\/li>\n<li>\n<p class=\"ds-markdown-paragraph\">EXW\/FOB Conditions d'exportation des sacs \u00e0 dos<\/p>\n<\/li>\n<li>\n<p class=\"ds-markdown-paragraph\">40,000\u33a1 Chest Bag China production hub<\/p>\n<\/li>\n<\/ul>\n<p class=\"ds-markdown-paragraph\">\ud83d\udd27\u00a0<strong>Caract\u00e9ristiques de qualit\u00e9 professionnelle :<\/strong><br \/>\n- Nylon Cordura\u00ae 1000D (r\u00e9sistant \u00e0 l'abrasion)<br \/>\n- Panneaux administratifs \u00e0 acc\u00e8s rapide + poches de blocage RFID<br \/>\n- Harnais anatomique en X (technique de r\u00e9partition du poids)<br \/>\n- Fermetures \u00e9clair YKK\u00ae AquaGuard r\u00e9sistantes aux intemp\u00e9ries<\/p>\n<\/div>\n<\/div>\n<\/div>\n<\/div>","protected":false},"excerpt":{"rendered":"<h2 data-immersive-translate-walked=\"344be1c1-5052-41eb-8fcd-0dbe236a0d6b\" data-immersive-translate-paragraph=\"1\">Fabricant chinois de sacs de poitrine<\/h2>\n<div class=\"sliderTable mt10 mb10 sliderTable-index0\">\n<div class=\"inner\">Notre gilet tactique est fabriqu\u00e9 dans un mat\u00e9riau haute densit\u00e9 900D tr\u00e8s r\u00e9sistant \u00e0 l'usure. La fermeture \u00e9clair est lisse et ne se bloque pas, et la boucle en forme de D permet d'accrocher une boucle d'escalade ou un porte-cl\u00e9s.<\/div>\n<div class=\"inner\">Il est dot\u00e9 de quatre poches pouvant accueillir divers objets tels que des articles de premi\u00e8re n\u00e9cessit\u00e9, une banque d'alimentation, un t\u00e9l\u00e9phone portable, un portefeuille, une carte de cr\u00e9dit, des cl\u00e9s, des \u00e9couteurs, etc.<\/div>\n<\/div>","protected":false},"featured_media":4668,"template":"","meta":{"_uag_custom_page_level_css":""},"product_brand":[],"product_cat":[61,45],"product_tag":[],"class_list":{"0":"post-4664","1":"product","2":"type-product","3":"status-publish","4":"has-post-thumbnail","6":"product_cat-chest-bag","7":"product_cat-hiking-bag","9":"first","10":"instock","11":"shipping-taxable","12":"product-type-simple"},"uagb_featured_image_src":{"full":["https:\/\/pecbag.com\/wp-content\/uploads\/2025\/07\/China-Chest-Bag-Manufacturer-4.jpg",1475,1327,false],"thumbnail":["https:\/\/pecbag.com\/wp-content\/uploads\/2025\/07\/China-Chest-Bag-Manufacturer-4-150x150.jpg",150,150,true],"medium":["https:\/\/pecbag.com\/wp-content\/uploads\/2025\/07\/China-Chest-Bag-Manufacturer-4-300x270.jpg",300,270,true],"medium_large":["https:\/\/pecbag.com\/wp-content\/uploads\/2025\/07\/China-Chest-Bag-Manufacturer-4-768x691.jpg",768,691,true],"large":["https:\/\/pecbag.com\/wp-content\/uploads\/2025\/07\/China-Chest-Bag-Manufacturer-4-1024x921.jpg",800,720,true],"1536x1536":["https:\/\/pecbag.com\/wp-content\/uploads\/2025\/07\/China-Chest-Bag-Manufacturer-4.jpg",1475,1327,false],"2048x2048":["https:\/\/pecbag.com\/wp-content\/uploads\/2025\/07\/China-Chest-Bag-Manufacturer-4.jpg",1475,1327,false],"trp-custom-language-flag":["https:\/\/pecbag.com\/wp-content\/uploads\/2025\/07\/China-Chest-Bag-Manufacturer-4-13x12.jpg",13,12,true],"woocommerce_thumbnail":["https:\/\/pecbag.com\/wp-content\/uploads\/2025\/07\/China-Chest-Bag-Manufacturer-4-300x300.jpg",300,300,true],"woocommerce_single":["https:\/\/pecbag.com\/wp-content\/uploads\/2025\/07\/China-Chest-Bag-Manufacturer-4-600x540.jpg",600,540,true],"woocommerce_gallery_thumbnail":["https:\/\/pecbag.com\/wp-content\/uploads\/2025\/07\/China-Chest-Bag-Manufacturer-4-100x100.jpg",100,100,true]},"uagb_author_info":{"display_name":"Lawrence","author_link":"https:\/\/pecbag.com\/fr\/author\/"},"uagb_comment_info":0,"uagb_excerpt":"China Chest Bag Manufacturer Our tactical vest is made of 900D high-density material with high wear resistance, a smooth zipper, smooth and non-jamming, and a D-shaped buckle that can hang your climbing buckle, key ring. It has four pockets, which can hold various items such as daily necessities, power bank, mobile phone, wallet, credit card,\u2026","_links":{"self":[{"href":"https:\/\/pecbag.com\/fr\/wp-json\/wp\/v2\/product\/4664","targetHints":{"allow":["GET"]}}],"collection":[{"href":"https:\/\/pecbag.com\/fr\/wp-json\/wp\/v2\/product"}],"about":[{"href":"https:\/\/pecbag.com\/fr\/wp-json\/wp\/v2\/types\/product"}],"wp:featuredmedia":[{"embeddable":true,"href":"https:\/\/pecbag.com\/fr\/wp-json\/wp\/v2\/media\/4668"}],"wp:attachment":[{"href":"https:\/\/pecbag.com\/fr\/wp-json\/wp\/v2\/media?parent=4664"}],"wp:term":[{"taxonomy":"product_brand","embeddable":true,"href":"https:\/\/pecbag.com\/fr\/wp-json\/wp\/v2\/product_brand?post=4664"},{"taxonomy":"product_cat","embeddable":true,"href":"https:\/\/pecbag.com\/fr\/wp-json\/wp\/v2\/product_cat?post=4664"},{"taxonomy":"product_tag","embeddable":true,"href":"https:\/\/pecbag.com\/fr\/wp-json\/wp\/v2\/product_tag?post=4664"}],"curies":[{"name":"wp","href":"https:\/\/api.w.org\/{rel}","templated":true}]}}