{"id":4671,"date":"2025-07-12T02:00:26","date_gmt":"2025-07-12T02:00:26","guid":{"rendered":"https:\/\/pecbag.com\/?post_type=product&#038;p=4671"},"modified":"2025-11-28T09:34:11","modified_gmt":"2025-11-28T09:34:11","slug":"china-chest-bag-factory","status":"publish","type":"product","link":"https:\/\/pecbag.com\/fr\/china-chest-bag-factory\/","title":{"rendered":"Sacoche de poitrine en Chine"},"content":{"rendered":"<h5 title=\"Sac \u00e0 dos pliable pour chien Sac \u00e0 bandouli\u00e8re en maille respirante pour petit animal de compagnie Chien Chats\" data-immersive-translate-walked=\"1c928421-2e42-4cd3-8754-5404553c0af5\" data-immersive-translate-paragraph=\"1\" data-spm-anchor-id=\"a2700.details.0.i35.4f6757d4w4zNZA\">Fabricant de sacs de poitrine, de sacs \u00e9tanches et de sacs \u00e0 dos tactiques, OEM en vrac<\/h5>\n<div class=\"flex flex-grow flex-col max-w-full\">\n<div class=\"min-h-[20px] text-message flex w-full flex-col items-end gap-2 whitespace-pre-wrap break-words [.text-message+&amp;]:mt-5 overflow-x-auto\" dir=\"auto\" data-message-author-role=\"assistant\" data-message-id=\"3d7d46f6-7ec2-4222-9257-48fa0bba23c6\" data-suggestions=\"true\">\n<div class=\"flex w-full flex-col gap-1 empty:hidden first:pt-[3px]\">\n<div class=\"markdown prose w-full break-words dark:prose-invert light\">\n<p class=\"ds-markdown-paragraph\">Vous avez besoin de sacs thoraciques de qualit\u00e9 sup\u00e9rieure fabriqu\u00e9s directement dans une usine chinoise ?<\/p>\n<p class=\"ds-markdown-paragraph\">En tant que leader dans la fabrication de sacs de poitrine en Chine et de sacs \u00e9tanches certifi\u00e9s ISO, nous produisons des \u00e9quipements de poitrine professionnels avec des mat\u00e9riaux de qualit\u00e9 militaire, des conceptions \u00e0 acc\u00e8s rapide et une construction r\u00e9sistante aux intemp\u00e9ries, auxquels font confiance les entreprises de s\u00e9curit\u00e9 et les marques de plein air dans le monde entier.<\/p>\n<table width=\"288\">\n<tbody>\n<tr>\n<td width=\"137\"><span style=\"color: #333333;\">Nom des produits<\/span><\/td>\n<td width=\"151\">Sac de poitrine<\/td>\n<\/tr>\n<tr>\n<td><span style=\"color: #333333;\">Num\u00e9ro d'article<\/span><\/td>\n<td><span style=\"color: #333333;\">PB-2148<\/span><\/td>\n<\/tr>\n<tr>\n<td><span style=\"color: #333333;\">Mat\u00e9riau<\/span><\/td>\n<td>Nylon<\/td>\n<\/tr>\n<tr>\n<td><span style=\"color: #333333;\">Taille<\/span><\/td>\n<td>40 x 9 x 30 cm<\/td>\n<\/tr>\n<tr>\n<td><span style=\"color: #333333;\">\u00a0D\u00e9lai de livraison<\/span><\/td>\n<td><span style=\"color: #333333;\">1-5 jours pour les petites quantit\u00e9s par voie a\u00e9rienne et 30-35 jours pour les grandes quantit\u00e9s par voie maritime.<\/span><\/td>\n<\/tr>\n<\/tbody>\n<\/table>\n<h3>Pourquoi s'approvisionner aupr\u00e8s de notre usine en Chine :<\/h3>\n<p class=\"ds-markdown-paragraph\">\ud83c\udfed\u00a0<strong>Avantages de l'usine directe :<\/strong><\/p>\n<ul>\n<li>\n<p class=\"ds-markdown-paragraph\">Faible MOQ Sac de poitrine en vrac (300+ unit\u00e9s)<\/p>\n<\/li>\n<li>\n<p class=\"ds-markdown-paragraph\">Sacoche de poitrine ODM\/OEM et sacoche de poitrine sous marque de distributeur<\/p>\n<\/li>\n<li>\n<p class=\"ds-markdown-paragraph\">EXW\/FOB Conditions d'exportation des sacs \u00e0 dos<\/p>\n<\/li>\n<li>\n<p class=\"ds-markdown-paragraph\">40,000\u33a1 Chest Bag China production hub<\/p>\n<\/li>\n<\/ul>\n<p class=\"ds-markdown-paragraph\">\ud83d\udd27\u00a0<strong>Excellence en mati\u00e8re de fabrication :<\/strong><br \/>\n- Nylon Cordura\u00ae 1000D (r\u00e9sistant \u00e0 la d\u00e9chirure)<br \/>\n- Fermetures \u00e9clair \u00e9tanches YKK\u00ae AquaGuard<br \/>\n- Panneaux Molle modulaires + poches de blocage RFID<br \/>\n- Harnais anatomique en X<\/p>\n<\/div>\n<\/div>\n<\/div>\n<\/div>","protected":false},"excerpt":{"rendered":"<h2 data-immersive-translate-walked=\"344be1c1-5052-41eb-8fcd-0dbe236a0d6b\" data-immersive-translate-paragraph=\"1\">Sacoche de poitrine en Chine<\/h2>\n<div class=\"sliderTable mt10 mb10 sliderTable-index0\">\n<div class=\"inner\">Haute performance pour une utilisation durable, ce sac de poitrine est fabriqu\u00e9 avec un tissu de premi\u00e8re qualit\u00e9 et des fermetures \u00e0 glissi\u00e8re lisses et robustes.<\/div>\n<div class=\"inner\">Il peut contenir plus d'objets qu'un sac de poitrine fanny et est plus facile \u00e0 transporter qu'un brassard. Le meilleur sac de poitrine pour les entra\u00eenements de course \u00e0 pied en ext\u00e9rieur, quelles que soient les conditions m\u00e9t\u00e9orologiques.<\/div>\n<\/div>","protected":false},"featured_media":4673,"template":"","meta":{"_uag_custom_page_level_css":""},"product_brand":[],"product_cat":[61,45],"product_tag":[],"class_list":{"0":"post-4671","1":"product","2":"type-product","3":"status-publish","4":"has-post-thumbnail","6":"product_cat-chest-bag","7":"product_cat-hiking-bag","9":"first","10":"instock","11":"shipping-taxable","12":"product-type-simple"},"uagb_featured_image_src":{"full":["https:\/\/pecbag.com\/wp-content\/uploads\/2025\/07\/China-Chest-Bag-Factory-3.jpg",1393,1500,false],"thumbnail":["https:\/\/pecbag.com\/wp-content\/uploads\/2025\/07\/China-Chest-Bag-Factory-3-150x150.jpg",150,150,true],"medium":["https:\/\/pecbag.com\/wp-content\/uploads\/2025\/07\/China-Chest-Bag-Factory-3-279x300.jpg",279,300,true],"medium_large":["https:\/\/pecbag.com\/wp-content\/uploads\/2025\/07\/China-Chest-Bag-Factory-3-768x827.jpg",768,827,true],"large":["https:\/\/pecbag.com\/wp-content\/uploads\/2025\/07\/China-Chest-Bag-Factory-3-951x1024.jpg",800,861,true],"1536x1536":["https:\/\/pecbag.com\/wp-content\/uploads\/2025\/07\/China-Chest-Bag-Factory-3.jpg",1393,1500,false],"2048x2048":["https:\/\/pecbag.com\/wp-content\/uploads\/2025\/07\/China-Chest-Bag-Factory-3.jpg",1393,1500,false],"trp-custom-language-flag":["https:\/\/pecbag.com\/wp-content\/uploads\/2025\/07\/China-Chest-Bag-Factory-3-11x12.jpg",11,12,true],"woocommerce_thumbnail":["https:\/\/pecbag.com\/wp-content\/uploads\/2025\/07\/China-Chest-Bag-Factory-3-300x300.jpg",300,300,true],"woocommerce_single":["https:\/\/pecbag.com\/wp-content\/uploads\/2025\/07\/China-Chest-Bag-Factory-3-600x646.jpg",600,646,true],"woocommerce_gallery_thumbnail":["https:\/\/pecbag.com\/wp-content\/uploads\/2025\/07\/China-Chest-Bag-Factory-3-100x100.jpg",100,100,true]},"uagb_author_info":{"display_name":"Lawrence","author_link":"https:\/\/pecbag.com\/fr\/author\/"},"uagb_comment_info":0,"uagb_excerpt":"China Chest Bag Factory High Performance for Long-lasting usage, this chest bag is made of premium quality fabric and smooth, sturdy zippers. It can hold more items than a fanny chest pack and is easier to carry than an armband. Best chest bag for outdoor running training in all weather conditions.","_links":{"self":[{"href":"https:\/\/pecbag.com\/fr\/wp-json\/wp\/v2\/product\/4671","targetHints":{"allow":["GET"]}}],"collection":[{"href":"https:\/\/pecbag.com\/fr\/wp-json\/wp\/v2\/product"}],"about":[{"href":"https:\/\/pecbag.com\/fr\/wp-json\/wp\/v2\/types\/product"}],"wp:featuredmedia":[{"embeddable":true,"href":"https:\/\/pecbag.com\/fr\/wp-json\/wp\/v2\/media\/4673"}],"wp:attachment":[{"href":"https:\/\/pecbag.com\/fr\/wp-json\/wp\/v2\/media?parent=4671"}],"wp:term":[{"taxonomy":"product_brand","embeddable":true,"href":"https:\/\/pecbag.com\/fr\/wp-json\/wp\/v2\/product_brand?post=4671"},{"taxonomy":"product_cat","embeddable":true,"href":"https:\/\/pecbag.com\/fr\/wp-json\/wp\/v2\/product_cat?post=4671"},{"taxonomy":"product_tag","embeddable":true,"href":"https:\/\/pecbag.com\/fr\/wp-json\/wp\/v2\/product_tag?post=4671"}],"curies":[{"name":"wp","href":"https:\/\/api.w.org\/{rel}","templated":true}]}}