{"id":4728,"date":"2025-07-30T09:57:25","date_gmt":"2025-07-30T09:57:25","guid":{"rendered":"https:\/\/pecbag.com\/?post_type=product&#038;p=4728"},"modified":"2025-11-28T09:24:24","modified_gmt":"2025-11-28T09:24:24","slug":"chest-bag-manufacturers","status":"publish","type":"product","link":"https:\/\/pecbag.com\/fr\/chest-bag-manufacturers\/","title":{"rendered":"Fabricants de sacs de poitrine"},"content":{"rendered":"<h5 title=\"Sac \u00e0 dos pliable pour chien Sac \u00e0 bandouli\u00e8re en maille respirante pour petit animal de compagnie Chien Chats\" data-immersive-translate-walked=\"1c928421-2e42-4cd3-8754-5404553c0af5\" data-immersive-translate-paragraph=\"1\" data-spm-anchor-id=\"a2700.details.0.i35.4f6757d4w4zNZA\">Principaux fabricants de sacs de poitrine | Fabricant de sacs \u00e9tanches &amp; Fabricant de sacs \u00e0 dos tactiques | Global Supply<\/h5>\n<div class=\"flex flex-grow flex-col max-w-full\">\n<div class=\"min-h-[20px] text-message flex w-full flex-col items-end gap-2 whitespace-pre-wrap break-words [.text-message+&amp;]:mt-5 overflow-x-auto\" dir=\"auto\" data-message-author-role=\"assistant\" data-message-id=\"3d7d46f6-7ec2-4222-9257-48fa0bba23c6\" data-suggestions=\"true\">\n<div class=\"flex w-full flex-col gap-1 empty:hidden first:pt-[3px]\">\n<div class=\"markdown prose w-full break-words dark:prose-invert light\">\n<p class=\"ds-markdown-paragraph\">Vous avez besoin de fabricants de sacs de poitrine fiables pour votre cha\u00eene d'approvisionnement mondiale ?<\/p>\n<p class=\"ds-markdown-paragraph\">En tant que premier fabricant de sacs de poitrine et usine de sacs \u00e9tanches certifi\u00e9e ISO, nous concevons des \u00e9quipements de poitrine professionnels avec des mat\u00e9riaux de qualit\u00e9 militaire, des conceptions ergonomiques et une construction r\u00e9sistante aux intemp\u00e9ries, auxquels font confiance les entreprises de s\u00e9curit\u00e9 et les marques d'activit\u00e9s de plein air du monde entier.<\/p>\n<table width=\"288\">\n<tbody>\n<tr>\n<td width=\"137\"><span style=\"color: #333333;\">Nom des produits<\/span><\/td>\n<td width=\"151\">Sac de poitrine<\/td>\n<\/tr>\n<tr>\n<td><span style=\"color: #333333;\">Num\u00e9ro d'article<\/span><\/td>\n<td><span style=\"color: #333333;\">PB-2149<\/span><\/td>\n<\/tr>\n<tr>\n<td><span style=\"color: #333333;\">Mat\u00e9riau<\/span><\/td>\n<td>Nylon<\/td>\n<\/tr>\n<tr>\n<td><span style=\"color: #333333;\">Taille<\/span><\/td>\n<td>30 x 7 x 20 cm<\/td>\n<\/tr>\n<tr>\n<td><span style=\"color: #333333;\">\u00a0D\u00e9lai de livraison<\/span><\/td>\n<td><span style=\"color: #333333;\">1-5 jours pour les petites quantit\u00e9s par voie a\u00e9rienne et 30-35 jours pour les grandes quantit\u00e9s par voie maritime.<\/span><\/td>\n<\/tr>\n<\/tbody>\n<\/table>\n<h3>Pourquoi les partenaires mondiaux nous choisissent-ils ?<\/h3>\n<p class=\"ds-markdown-paragraph\">\ud83c\udfed\u00a0<strong>Fabrication de bout en bout :<\/strong><\/p>\n<ul>\n<li>\n<p class=\"ds-markdown-paragraph\">Sacoche de poitrine production en vrac (300+ MOQ)<\/p>\n<\/li>\n<li>\n<p class=\"ds-markdown-paragraph\">Sacoche de poitrine ODM\/OEM et sacoche de poitrine sous marque de distributeur<\/p>\n<\/li>\n<li>\n<p class=\"ds-markdown-paragraph\">Expertise \u00e0 l'exportation de sacs de poitrine (termes FOB\/EXW\/DDP)<\/p>\n<\/li>\n<li>\n<p class=\"ds-markdown-paragraph\">Chest Bag Plaque tournante en Chine + entrep\u00f4ts mondiaux<\/p>\n<\/li>\n<\/ul>\n<p class=\"ds-markdown-paragraph\">\ud83d\udd27\u00a0<strong>Capacit\u00e9s de fabrication :<\/strong><br \/>\n- Construction en nylon Cordura\u00ae 1000D<br \/>\n- Fermetures \u00e9clair \u00e9tanches YKK\u00ae AquaGuard<br \/>\n- Compatibilit\u00e9 modulaire Molle\/PALS<br \/>\n- Compartiments s\u00e9curis\u00e9s bloquant la RFID<\/p>\n<\/div>\n<\/div>\n<\/div>\n<\/div>","protected":false},"excerpt":{"rendered":"<h2 data-immersive-translate-walked=\"344be1c1-5052-41eb-8fcd-0dbe236a0d6b\" data-immersive-translate-paragraph=\"1\">Fabricants de sacs de poitrine<\/h2>\n<div class=\"sliderTable mt10 mb10 sliderTable-index0\">\n<div class=\"inner\">Notre sac de poitrine professionnel pour hommes est con\u00e7u pour \u00eatre port\u00e9 sur la poitrine, offrant un acc\u00e8s facile \u00e0 vos objets de valeur sans qu'il soit n\u00e9cessaire de retirer le sac.<\/div>\n<div class=\"inner\">La position de la poitrine permet de garder vos affaires en s\u00e9curit\u00e9. Ce sac de course \u00e0 pied pour homme est id\u00e9al pour ranger les objets essentiels tels que les t\u00e9l\u00e9phones, les portefeuilles, les cl\u00e9s et les petits outils.<\/div>\n<\/div>","protected":false},"featured_media":4734,"template":"","meta":{"_uag_custom_page_level_css":""},"product_brand":[],"product_cat":[61],"product_tag":[],"class_list":{"0":"post-4728","1":"product","2":"type-product","3":"status-publish","4":"has-post-thumbnail","6":"product_cat-chest-bag","8":"first","9":"instock","10":"shipping-taxable","11":"product-type-simple"},"uagb_featured_image_src":{"full":["https:\/\/pecbag.com\/wp-content\/uploads\/2025\/07\/Chest-Bag-Manufacturers-2.jpeg",1500,1513,false],"thumbnail":["https:\/\/pecbag.com\/wp-content\/uploads\/2025\/07\/Chest-Bag-Manufacturers-2-150x150.jpeg",150,150,true],"medium":["https:\/\/pecbag.com\/wp-content\/uploads\/2025\/07\/Chest-Bag-Manufacturers-2-297x300.jpeg",297,300,true],"medium_large":["https:\/\/pecbag.com\/wp-content\/uploads\/2025\/07\/Chest-Bag-Manufacturers-2-768x775.jpeg",768,775,true],"large":["https:\/\/pecbag.com\/wp-content\/uploads\/2025\/07\/Chest-Bag-Manufacturers-2-1015x1024.jpeg",800,807,true],"1536x1536":["https:\/\/pecbag.com\/wp-content\/uploads\/2025\/07\/Chest-Bag-Manufacturers-2.jpeg",1500,1513,false],"2048x2048":["https:\/\/pecbag.com\/wp-content\/uploads\/2025\/07\/Chest-Bag-Manufacturers-2.jpeg",1500,1513,false],"trp-custom-language-flag":["https:\/\/pecbag.com\/wp-content\/uploads\/2025\/07\/Chest-Bag-Manufacturers-2-12x12.jpeg",12,12,true],"woocommerce_thumbnail":["https:\/\/pecbag.com\/wp-content\/uploads\/2025\/07\/Chest-Bag-Manufacturers-2-300x300.jpeg",300,300,true],"woocommerce_single":["https:\/\/pecbag.com\/wp-content\/uploads\/2025\/07\/Chest-Bag-Manufacturers-2-600x605.jpeg",600,605,true],"woocommerce_gallery_thumbnail":["https:\/\/pecbag.com\/wp-content\/uploads\/2025\/07\/Chest-Bag-Manufacturers-2-100x100.jpeg",100,100,true]},"uagb_author_info":{"display_name":"Lawrence","author_link":"https:\/\/pecbag.com\/fr\/author\/"},"uagb_comment_info":0,"uagb_excerpt":"Chest Bag Manufacturers Our professional chest pack for men is designed to be worn on the chest, providing easy access to your valuables without the need to remove the pack. The chest position helps keep your belongings secure. This running chest pack for men is great for storing essentials like phones, wallets, keys, and small\u2026","_links":{"self":[{"href":"https:\/\/pecbag.com\/fr\/wp-json\/wp\/v2\/product\/4728","targetHints":{"allow":["GET"]}}],"collection":[{"href":"https:\/\/pecbag.com\/fr\/wp-json\/wp\/v2\/product"}],"about":[{"href":"https:\/\/pecbag.com\/fr\/wp-json\/wp\/v2\/types\/product"}],"wp:featuredmedia":[{"embeddable":true,"href":"https:\/\/pecbag.com\/fr\/wp-json\/wp\/v2\/media\/4734"}],"wp:attachment":[{"href":"https:\/\/pecbag.com\/fr\/wp-json\/wp\/v2\/media?parent=4728"}],"wp:term":[{"taxonomy":"product_brand","embeddable":true,"href":"https:\/\/pecbag.com\/fr\/wp-json\/wp\/v2\/product_brand?post=4728"},{"taxonomy":"product_cat","embeddable":true,"href":"https:\/\/pecbag.com\/fr\/wp-json\/wp\/v2\/product_cat?post=4728"},{"taxonomy":"product_tag","embeddable":true,"href":"https:\/\/pecbag.com\/fr\/wp-json\/wp\/v2\/product_tag?post=4728"}],"curies":[{"name":"wp","href":"https:\/\/api.w.org\/{rel}","templated":true}]}}