{"id":4735,"date":"2025-07-14T01:12:04","date_gmt":"2025-07-14T01:12:04","guid":{"rendered":"https:\/\/pecbag.com\/?post_type=product&#038;p=4735"},"modified":"2025-11-28T09:33:58","modified_gmt":"2025-11-28T09:33:58","slug":"mens-chest-bag-manufacturers","status":"publish","type":"product","link":"https:\/\/pecbag.com\/fr\/mens-chest-bag-manufacturers\/","title":{"rendered":"Fabricants de sacs de poitrine pour hommes"},"content":{"rendered":"<h5 title=\"Sac \u00e0 dos pliable pour chien Sac \u00e0 bandouli\u00e8re en maille respirante pour petit animal de compagnie Chien Chats\" data-immersive-translate-walked=\"1c928421-2e42-4cd3-8754-5404553c0af5\" data-immersive-translate-paragraph=\"1\" data-spm-anchor-id=\"a2700.details.0.i35.4f6757d4w4zNZA\">Fabricant de sacs de poitrine pour hommes de premi\u00e8re qualit\u00e9 | Fabricant de sacs \u00e9tanches et de sacs \u00e0 dos tactiques | Solutions en vrac<\/h5>\n<div class=\"flex flex-grow flex-col max-w-full\">\n<div class=\"min-h-[20px] text-message flex w-full flex-col items-end gap-2 whitespace-pre-wrap break-words [.text-message+&amp;]:mt-5 overflow-x-auto\" dir=\"auto\" data-message-author-role=\"assistant\" data-message-id=\"3d7d46f6-7ec2-4222-9257-48fa0bba23c6\" data-suggestions=\"true\">\n<div class=\"flex w-full flex-col gap-1 empty:hidden first:pt-[3px]\">\n<div class=\"markdown prose w-full break-words dark:prose-invert light\">\n<p class=\"ds-markdown-paragraph\">Vous avez besoin de sacs de poitrine robustes pour hommes, con\u00e7us pour un usage professionnel ?<\/p>\n<p class=\"ds-markdown-paragraph\">En tant que leader dans la fabrication de sacs de poitrine pour hommes et usine de sacs \u00e9tanches certifi\u00e9e ISO, nous concevons des sacs de poitrine pour hommes dot\u00e9s de syst\u00e8mes de harnais anatomiques, de caract\u00e9ristiques tactiques et d'une construction durable, auxquels font confiance les professionnels de la s\u00e9curit\u00e9 et les marques d'activit\u00e9s de plein air du monde entier.<\/p>\n<table width=\"288\">\n<tbody>\n<tr>\n<td width=\"137\"><span style=\"color: #333333;\">Nom des produits<\/span><\/td>\n<td width=\"151\">Sac de poitrine<\/td>\n<\/tr>\n<tr>\n<td><span style=\"color: #333333;\">Num\u00e9ro d'article<\/span><\/td>\n<td><span style=\"color: #333333;\">PB-2150<\/span><\/td>\n<\/tr>\n<tr>\n<td><span style=\"color: #333333;\">Mat\u00e9riau<\/span><\/td>\n<td>Polyester<\/td>\n<\/tr>\n<tr>\n<td><span style=\"color: #333333;\">Taille<\/span><\/td>\n<td>26 x 7 x 16 cm<\/td>\n<\/tr>\n<tr>\n<td><span style=\"color: #333333;\">\u00a0D\u00e9lai de livraison<\/span><\/td>\n<td><span style=\"color: #333333;\">1-5 jours pour les petites quantit\u00e9s par voie a\u00e9rienne et 30-35 jours pour les grandes quantit\u00e9s par voie maritime.<\/span><\/td>\n<\/tr>\n<\/tbody>\n<\/table>\n<h3>Pourquoi choisir notre entreprise :<\/h3>\n<p class=\"ds-markdown-paragraph\">\ud83c\udfed\u00a0<strong>Avantages de l'usine directe :<\/strong><\/p>\n<ul>\n<li>\n<p class=\"ds-markdown-paragraph\">Sacoche de poitrine production en vrac (300+ MOQ)<\/p>\n<\/li>\n<li>\n<p class=\"ds-markdown-paragraph\">Sacoche de poitrine ODM\/OEM et sacoche de poitrine sous marque de distributeur<\/p>\n<\/li>\n<li>\n<p class=\"ds-markdown-paragraph\">Expertise \u00e0 l'exportation de sacs de poitrine (termes FOB\/EXW)<\/p>\n<\/li>\n<li>\n<p class=\"ds-markdown-paragraph\">Chest Bag Plaque tournante en Chine avec exp\u00e9dition mondiale<\/p>\n<\/li>\n<\/ul>\n<p class=\"ds-markdown-paragraph\">\ud83d\udd27\u00a0<strong>Ing\u00e9nierie sp\u00e9cifique aux hommes :<\/strong><br \/>\n- Harnais anatomique en X (poids r\u00e9parti pour les montures masculines)<br \/>\n- Gamme de sangles \u00e9tendue (pour les tailles de 160 \u00e0 200 cm)<br \/>\n- Points de tension renforc\u00e9s (1000D Cordura\u00ae)<br \/>\n- Panneaux arri\u00e8re AirMesh anti-transpiration<\/p>\n<\/div>\n<\/div>\n<\/div>\n<\/div>","protected":false},"excerpt":{"rendered":"<h2 data-immersive-translate-walked=\"344be1c1-5052-41eb-8fcd-0dbe236a0d6b\" data-immersive-translate-paragraph=\"1\">Fabricants de sacs de poitrine pour hommes<\/h2>\n<div class=\"sliderTable mt10 mb10 sliderTable-index0\">\n<div class=\"inner\">Avec trois poches uniques con\u00e7ues pour chaque gadget dont vous avez besoin, notre sac de poitrine de course \u00e0 pied peut stocker vos besoins pour votre routine quotidienne.<\/div>\n<div class=\"inner\">Gr\u00e2ce \u00e0 ses multiples compartiments con\u00e7us pour diff\u00e9rents gadgets, notre sac de poitrine garantit que tout ce dont vous avez besoin est facilement accessible. Ne perdez pas de temps \u00e0 chercher vos affaires et ayez plus de temps pour transpirer.<\/div>\n<\/div>","protected":false},"featured_media":4740,"template":"","meta":{"_uag_custom_page_level_css":""},"product_brand":[],"product_cat":[61],"product_tag":[],"class_list":{"0":"post-4735","1":"product","2":"type-product","3":"status-publish","4":"has-post-thumbnail","6":"product_cat-chest-bag","8":"first","9":"instock","10":"shipping-taxable","11":"product-type-simple"},"uagb_featured_image_src":{"full":["https:\/\/pecbag.com\/wp-content\/uploads\/2025\/07\/Mens-Chest-Bag-Manufacturers-5.jpeg",1500,1500,false],"thumbnail":["https:\/\/pecbag.com\/wp-content\/uploads\/2025\/07\/Mens-Chest-Bag-Manufacturers-5-150x150.jpeg",150,150,true],"medium":["https:\/\/pecbag.com\/wp-content\/uploads\/2025\/07\/Mens-Chest-Bag-Manufacturers-5-300x300.jpeg",300,300,true],"medium_large":["https:\/\/pecbag.com\/wp-content\/uploads\/2025\/07\/Mens-Chest-Bag-Manufacturers-5-768x768.jpeg",768,768,true],"large":["https:\/\/pecbag.com\/wp-content\/uploads\/2025\/07\/Mens-Chest-Bag-Manufacturers-5-1024x1024.jpeg",800,800,true],"1536x1536":["https:\/\/pecbag.com\/wp-content\/uploads\/2025\/07\/Mens-Chest-Bag-Manufacturers-5.jpeg",1500,1500,false],"2048x2048":["https:\/\/pecbag.com\/wp-content\/uploads\/2025\/07\/Mens-Chest-Bag-Manufacturers-5.jpeg",1500,1500,false],"trp-custom-language-flag":["https:\/\/pecbag.com\/wp-content\/uploads\/2025\/07\/Mens-Chest-Bag-Manufacturers-5-12x12.jpeg",12,12,true],"woocommerce_thumbnail":["https:\/\/pecbag.com\/wp-content\/uploads\/2025\/07\/Mens-Chest-Bag-Manufacturers-5-300x300.jpeg",300,300,true],"woocommerce_single":["https:\/\/pecbag.com\/wp-content\/uploads\/2025\/07\/Mens-Chest-Bag-Manufacturers-5-600x600.jpeg",600,600,true],"woocommerce_gallery_thumbnail":["https:\/\/pecbag.com\/wp-content\/uploads\/2025\/07\/Mens-Chest-Bag-Manufacturers-5-100x100.jpeg",100,100,true]},"uagb_author_info":{"display_name":"Lawrence","author_link":"https:\/\/pecbag.com\/fr\/author\/"},"uagb_comment_info":0,"uagb_excerpt":"Mens Chest Bag Manufacturers With three unique pockets designed for every gadget you need, our running chest bag can store you needs for your daily routine. With multiple compartments designed for different gadgets, our chest pack ensures that everything you need is easily accessible. Save time looking for your things and have more time to\u2026","_links":{"self":[{"href":"https:\/\/pecbag.com\/fr\/wp-json\/wp\/v2\/product\/4735","targetHints":{"allow":["GET"]}}],"collection":[{"href":"https:\/\/pecbag.com\/fr\/wp-json\/wp\/v2\/product"}],"about":[{"href":"https:\/\/pecbag.com\/fr\/wp-json\/wp\/v2\/types\/product"}],"wp:featuredmedia":[{"embeddable":true,"href":"https:\/\/pecbag.com\/fr\/wp-json\/wp\/v2\/media\/4740"}],"wp:attachment":[{"href":"https:\/\/pecbag.com\/fr\/wp-json\/wp\/v2\/media?parent=4735"}],"wp:term":[{"taxonomy":"product_brand","embeddable":true,"href":"https:\/\/pecbag.com\/fr\/wp-json\/wp\/v2\/product_brand?post=4735"},{"taxonomy":"product_cat","embeddable":true,"href":"https:\/\/pecbag.com\/fr\/wp-json\/wp\/v2\/product_cat?post=4735"},{"taxonomy":"product_tag","embeddable":true,"href":"https:\/\/pecbag.com\/fr\/wp-json\/wp\/v2\/product_tag?post=4735"}],"curies":[{"name":"wp","href":"https:\/\/api.w.org\/{rel}","templated":true}]}}