{"id":4742,"date":"2025-07-15T01:42:41","date_gmt":"2025-07-15T01:42:41","guid":{"rendered":"https:\/\/pecbag.com\/?post_type=product&#038;p=4742"},"modified":"2025-11-28T09:33:36","modified_gmt":"2025-11-28T09:33:36","slug":"sports-gym-bag-factory","status":"publish","type":"product","link":"https:\/\/pecbag.com\/fr\/sports-gym-bag-factory\/","title":{"rendered":"Fabrique de sacs de sport"},"content":{"rendered":"<h5 title=\"Sac \u00e0 dos pliable pour chien Sac \u00e0 bandouli\u00e8re en maille respirante pour petit animal de compagnie Chien Chats\" data-immersive-translate-walked=\"1c928421-2e42-4cd3-8754-5404553c0af5\" data-immersive-translate-paragraph=\"1\" data-spm-anchor-id=\"a2700.details.0.i35.4f6757d4w4zNZA\">Fabricant multi-cat\u00e9gories : Fabricant de sacs \u00e0 dos et de sacs imperm\u00e9ables | Fabricant de sacs de sport haut de gamme<\/h5>\n<div class=\"flex flex-grow flex-col max-w-full\">\n<div class=\"min-h-[20px] text-message flex w-full flex-col items-end gap-2 whitespace-pre-wrap break-words [.text-message+&amp;]:mt-5 overflow-x-auto\" dir=\"auto\" data-message-author-role=\"assistant\" data-message-id=\"3d7d46f6-7ec2-4222-9257-48fa0bba23c6\" data-suggestions=\"true\">\n<div class=\"flex w-full flex-col gap-1 empty:hidden first:pt-[3px]\">\n<div class=\"markdown prose w-full break-words dark:prose-invert light\">\n<p class=\"ds-markdown-paragraph\">Besoin d'une usine de sacs de sport polyvalents ? Nous sommes un fabricant de sacs de sport certifi\u00e9 ISO en Chine, produisant des sacs de sport de premi\u00e8re qualit\u00e9 pour l'exportation mondiale de sacs de sport. Nous produisons des sacs de sport de qualit\u00e9 sup\u00e9rieure pour l'exportation mondiale :<\/p>\n<table width=\"288\">\n<tbody>\n<tr>\n<td width=\"137\"><span style=\"color: #333333;\">Nom des produits<\/span><\/td>\n<td width=\"151\">Sac de poitrine<\/td>\n<\/tr>\n<tr>\n<td><span style=\"color: #333333;\">Num\u00e9ro d'article<\/span><\/td>\n<td><span style=\"color: #333333;\">PB-2151<\/span><\/td>\n<\/tr>\n<tr>\n<td><span style=\"color: #333333;\">Mat\u00e9riau<\/span><\/td>\n<td>Polyester 600D<\/td>\n<\/tr>\n<tr>\n<td><span style=\"color: #333333;\">Taille<\/span><\/td>\n<td>31\u2033L x 7.5\u2033 Diam\u00e8tre<\/td>\n<\/tr>\n<tr>\n<td><span style=\"color: #333333;\">\u00a0D\u00e9lai de livraison<\/span><\/td>\n<td><span style=\"color: #333333;\">1-5 jours pour les petites quantit\u00e9s par voie a\u00e9rienne et 30-35 jours pour les grandes quantit\u00e9s par voie maritime.<\/span><\/td>\n<\/tr>\n<\/tbody>\n<\/table>\n<p class=\"ds-markdown-paragraph\">\u2705\u00a0<strong>Efficacit\u00e9 directe de l'usine<\/strong><br \/>\nLes commandes en gros de sacs de sport proviennent directement de notre usine de sacs de sport - pas d'interm\u00e9diaires, prix comp\u00e9titifs.<\/p>\n<p class=\"ds-markdown-paragraph\">\u2705\u00a0<strong>Expertise en mati\u00e8re de personnalisation<\/strong><br \/>\nFullGym Bag ODM\/OEM + Gym Bag private label services (MOQ 500 units)<\/p>\n<p class=\"ds-markdown-paragraph\">\u2705\u00a0<strong>Des solutions pr\u00eates pour l'exportation<\/strong><br \/>\nExportation de sacs de sport cl\u00e9s en main avec documentation de conformit\u00e9<\/p>\n<p class=\"ds-markdown-paragraph\"><strong>Pourquoi les partenaires mondiaux nous choisissent-ils ?<\/strong><br \/>\n- Remises en gros sur les sacs de sport (500+\/1 000+ unit\u00e9s)<br \/>\n- Plus de 15 nouveaux mod\u00e8les par trimestre<br \/>\n- Partenariats avec les fournisseurs de sacs de sport pour l'exp\u00e9dition directe (drop-shipping)<br \/>\n- Production rapide en 7 jours pour les clients grossistes de sacs de sport<\/p>\n<p class=\"ds-markdown-paragraph\">En tant que fournisseur de sacs de sport et fabricant de sacs de sport, nous assurons la qualit\u00e9 de la production \u00e0 l'exportation. Demandez un catalogue d\u00e8s aujourd'hui !<\/p>\n<\/div>\n<\/div>\n<\/div>\n<\/div>","protected":false},"excerpt":{"rendered":"<h2 class=\"this-description-name\">Sac de sport fonctionnel et imperm\u00e9able avec logo personnalis\u00e9 Factory<\/h2>\n<div class=\"sliderTable mt10 mb10 sliderTable-index0\">\n<div class=\"inner\">\n<p>1. <strong>1 poche humide s\u00e9par\u00e9e en bas<\/strong>: Ce sac de yoga est l'id\u00e9al d'une conception r\u00e9fl\u00e9chie avec 1 poche imperm\u00e9able zipp\u00e9e, qui est en hauteur.<br \/>\n3,2 pouces en bas. Il peut contenir un soutien-gorge de sport et une paire de leggings pleine longueur ensemble, ou d'autres articles personnels essentiels tels que<br \/>\nsangles de yoga, serviettes, trousse de voyage, etc.<br \/>\n2. <strong>2 poches lat\u00e9rales ext\u00e9rieures<\/strong>: Ext\u00e9rieur : 1 poche frontale \u00e0 cordon de serrage pour bouteilles d'eau, parapluie, petit halt\u00e8re, corde...<br \/>\nou d'autres accessoires de sport. De plus, une petite poche ext\u00e9rieure zipp\u00e9e (longueur 7,8 pouces) permet de ranger rapidement votre t\u00e9l\u00e9phone,<br \/>\ncl\u00e9s, portefeuille, cartes d'identit\u00e9, objets essentiels, garde vos objets de valeur \u00e0 port\u00e9e de main et en s\u00e9curit\u00e9<br \/>\n3. <strong>Qualit\u00e9 sup\u00e9rieure<\/strong>:  Ce sac de yoga est fabriqu\u00e9 avec des fermetures \u00e0 glissi\u00e8re SBS de couleur argent\u00e9e, fiables et douces, et un mat\u00e9riau polyester robuste.<br \/>\nun rev\u00eatement r\u00e9sistant \u00e0 l'eau. Facile \u00e0 nettoyer, il ne p\u00e8se que 330 g et peut \u00eatre enroul\u00e9 et pli\u00e9 facilement.<br \/>\n4. <strong>Facile \u00e0 transporter<\/strong>: La bandouli\u00e8re confortable et facile \u00e0 r\u00e9gler (longueur maximale de 47 pouces) convient aux personnes de diff\u00e9rentes tailles.<br \/>\nles femmes et les hommes. Il peut \u00eatre port\u00e9 sur le corps ou sur l'\u00e9paule. Lib\u00e9rez vos mains et soyez plus pratique<\/p>\n<div>5. <strong>Diam\u00e8tre sup\u00e9rieur \u00e0 0,8 pouce<\/strong>: Notre sac de sport actualis\u00e9 a un diam\u00e8tre sup\u00e9rieur de 0,8 pouce \u00e0 celui des autres sacs. Dimensions compl\u00e8tes : 31\u2033L x 7.5\u2033<\/div>\n<\/div>\n<\/div>","protected":false},"featured_media":4746,"template":"","meta":{"_uag_custom_page_level_css":""},"product_brand":[],"product_cat":[56,67],"product_tag":[],"class_list":{"0":"post-4742","1":"product","2":"type-product","3":"status-publish","4":"has-post-thumbnail","6":"product_cat-gym-bag","7":"product_cat-sports-bag","9":"first","10":"instock","11":"shipping-taxable","12":"product-type-simple"},"uagb_featured_image_src":{"full":["https:\/\/pecbag.com\/wp-content\/uploads\/2025\/07\/Sports-Gym-Bag-Factory-2.jpeg",1600,1600,false],"thumbnail":["https:\/\/pecbag.com\/wp-content\/uploads\/2025\/07\/Sports-Gym-Bag-Factory-2-150x150.jpeg",150,150,true],"medium":["https:\/\/pecbag.com\/wp-content\/uploads\/2025\/07\/Sports-Gym-Bag-Factory-2-300x300.jpeg",300,300,true],"medium_large":["https:\/\/pecbag.com\/wp-content\/uploads\/2025\/07\/Sports-Gym-Bag-Factory-2-768x768.jpeg",768,768,true],"large":["https:\/\/pecbag.com\/wp-content\/uploads\/2025\/07\/Sports-Gym-Bag-Factory-2-1024x1024.jpeg",800,800,true],"1536x1536":["https:\/\/pecbag.com\/wp-content\/uploads\/2025\/07\/Sports-Gym-Bag-Factory-2-1536x1536.jpeg",1536,1536,true],"2048x2048":["https:\/\/pecbag.com\/wp-content\/uploads\/2025\/07\/Sports-Gym-Bag-Factory-2.jpeg",1600,1600,false],"trp-custom-language-flag":["https:\/\/pecbag.com\/wp-content\/uploads\/2025\/07\/Sports-Gym-Bag-Factory-2-12x12.jpeg",12,12,true],"woocommerce_thumbnail":["https:\/\/pecbag.com\/wp-content\/uploads\/2025\/07\/Sports-Gym-Bag-Factory-2-300x300.jpeg",300,300,true],"woocommerce_single":["https:\/\/pecbag.com\/wp-content\/uploads\/2025\/07\/Sports-Gym-Bag-Factory-2-600x600.jpeg",600,600,true],"woocommerce_gallery_thumbnail":["https:\/\/pecbag.com\/wp-content\/uploads\/2025\/07\/Sports-Gym-Bag-Factory-2-100x100.jpeg",100,100,true]},"uagb_author_info":{"display_name":"Lawrence","author_link":"https:\/\/pecbag.com\/fr\/author\/"},"uagb_comment_info":0,"uagb_excerpt":"Custom Logo Waterproof Functional Sports Gym Bag Factory 1. 1 Bottom Separate Wet Pocket: This yoga bag is the ideal of thoughtful design with 1 zip waterproof wet pocket, which height 3.2-inch on the bottom. It can hold one sports bra and one pair of full-length leggings together, or other personal essentials like yoga straps,\u2026","_links":{"self":[{"href":"https:\/\/pecbag.com\/fr\/wp-json\/wp\/v2\/product\/4742","targetHints":{"allow":["GET"]}}],"collection":[{"href":"https:\/\/pecbag.com\/fr\/wp-json\/wp\/v2\/product"}],"about":[{"href":"https:\/\/pecbag.com\/fr\/wp-json\/wp\/v2\/types\/product"}],"wp:featuredmedia":[{"embeddable":true,"href":"https:\/\/pecbag.com\/fr\/wp-json\/wp\/v2\/media\/4746"}],"wp:attachment":[{"href":"https:\/\/pecbag.com\/fr\/wp-json\/wp\/v2\/media?parent=4742"}],"wp:term":[{"taxonomy":"product_brand","embeddable":true,"href":"https:\/\/pecbag.com\/fr\/wp-json\/wp\/v2\/product_brand?post=4742"},{"taxonomy":"product_cat","embeddable":true,"href":"https:\/\/pecbag.com\/fr\/wp-json\/wp\/v2\/product_cat?post=4742"},{"taxonomy":"product_tag","embeddable":true,"href":"https:\/\/pecbag.com\/fr\/wp-json\/wp\/v2\/product_tag?post=4742"}],"curies":[{"name":"wp","href":"https:\/\/api.w.org\/{rel}","templated":true}]}}