{"id":4749,"date":"2025-07-15T02:17:46","date_gmt":"2025-07-15T02:17:46","guid":{"rendered":"https:\/\/pecbag.com\/?post_type=product&#038;p=4749"},"modified":"2025-11-28T09:33:05","modified_gmt":"2025-11-28T09:33:05","slug":"gym-bag-china-manufacturer","status":"publish","type":"product","link":"https:\/\/pecbag.com\/fr\/gym-bag-china-manufacturer\/","title":{"rendered":"Sac de sport fabricant chinois"},"content":{"rendered":"<h5 title=\"Sac \u00e0 dos pliable pour chien Sac \u00e0 bandouli\u00e8re en maille respirante pour petit animal de compagnie Chien Chats\" data-immersive-translate-walked=\"1c928421-2e42-4cd3-8754-5404553c0af5\" data-immersive-translate-paragraph=\"1\" data-spm-anchor-id=\"a2700.details.0.i35.4f6757d4w4zNZA\">Fabricant de sacs \u00e0 dos et de sacs \u00e9tanches | Fabricant de sacs de sport en Chine<\/h5>\n<div class=\"flex flex-grow flex-col max-w-full\">\n<div class=\"min-h-[20px] text-message flex w-full flex-col items-end gap-2 whitespace-pre-wrap break-words [.text-message+&amp;]:mt-5 overflow-x-auto\" dir=\"auto\" data-message-author-role=\"assistant\" data-message-id=\"3d7d46f6-7ec2-4222-9257-48fa0bba23c6\" data-suggestions=\"true\">\n<div class=\"flex w-full flex-col gap-1 empty:hidden first:pt-[3px]\">\n<div class=\"markdown prose w-full break-words dark:prose-invert light\">\n<p class=\"ds-markdown-paragraph\">Vous recherchez un fabricant chinois de sacs de sport de confiance ? Nous sommes une usine de sacs de sport certifi\u00e9e ISO, sp\u00e9cialis\u00e9e dans les sacs de sport haut de gamme pour l'exportation mondiale de sacs de sport. En tant que votre soci\u00e9t\u00e9 directe de sacs de sport, nous offrons :<\/p>\n<table width=\"288\">\n<tbody>\n<tr>\n<td width=\"137\"><span style=\"color: #333333;\">Nom des produits<\/span><\/td>\n<td width=\"151\">Sac de poitrine<\/td>\n<\/tr>\n<tr>\n<td><span style=\"color: #333333;\">Num\u00e9ro d'article<\/span><\/td>\n<td><span style=\"color: #333333;\">PB-2152<\/span><\/td>\n<\/tr>\n<tr>\n<td><span style=\"color: #333333;\">Mat\u00e9riau<\/span><\/td>\n<td>Polyester 900D<\/td>\n<\/tr>\n<tr>\n<td><span style=\"color: #333333;\">Taille<\/span><\/td>\n<td>55 x 27 x 25 cm<\/td>\n<\/tr>\n<tr>\n<td><span style=\"color: #333333;\">\u00a0D\u00e9lai de livraison<\/span><\/td>\n<td><span style=\"color: #333333;\">1-5 jours pour les petites quantit\u00e9s par voie a\u00e9rienne et 30-35 jours pour les grandes quantit\u00e9s par voie maritime.<\/span><\/td>\n<\/tr>\n<\/tbody>\n<\/table>\n<p class=\"ds-markdown-paragraph\">\u2705\u00a0<strong>Efficacit\u00e9 directe de l'usine<\/strong><br \/>\nLes commandes en gros de sacs de sport proviennent directement de notre centre de fabrication de sacs de sport en Chine - pas d'interm\u00e9diaires, prix comp\u00e9titifs.<\/p>\n<p class=\"ds-markdown-paragraph\">\u2705\u00a0<strong>Personnalisation compl\u00e8te<\/strong><br \/>\nSac de sport ODM\/OEM + Services de labellisation priv\u00e9e (MOQ 500 unit\u00e9s)<\/p>\n<p class=\"ds-markdown-paragraph\">\u2705\u00a0<strong>Des solutions pr\u00eates pour l'exportation<\/strong><br \/>\nExportation de sacs de sport sans couture avec documents de conformit\u00e9 et logistique<\/p>\n<p class=\"ds-markdown-paragraph\"><strong>Pourquoi les partenaires mondiaux nous choisissent-ils ?<\/strong><br \/>\n- Remises en gros sur les sacs de sport (500+\/2 000+ unit\u00e9s)<br \/>\n- Plus de 20 nouveaux mod\u00e8les par mois<br \/>\n- Partenariats avec les fournisseurs de sacs de sport pour l'exp\u00e9dition directe (drop-shipping)<br \/>\n- Production rapide sous 10 jours pour les clients grossistes de sacs de sport<\/p>\n<p class=\"ds-markdown-paragraph\">En tant que fournisseur de sacs de sport et fabricant de sacs de sport en Chine, nous nous occupons de tout, de la production \u00e0 l'exportation. Demandez un prix d'usine d\u00e8s aujourd'hui !<\/p>\n<\/div>\n<\/div>\n<\/div>\n<\/div>","protected":false},"excerpt":{"rendered":"<h2 class=\"this-description-name\">Sac de sport fabricant chinois<\/h2>\n<div class=\"sliderTable mt10 mb10 sliderTable-index0\">\n<div class=\"inner\">\n<p><strong>1. Utilisation multifonctionnelle\uff1a <\/strong>Ce sac de sport 3 en 1 peut \u00eatre utilis\u00e9 comme sac \u00e0 main, sac \u00e0 bandouli\u00e8re et sac \u00e0 dos. La bandouli\u00e8re est amovible et les bretelles du sac \u00e0 dos peuvent \u00eatre cach\u00e9es dans le compartiment zipp\u00e9 du bas. Quelle conception g\u00e9niale que d'avoir trois sacs en m\u00eame temps !<\/p>\n<p><strong>2. Compartiment s\u00e9par\u00e9 pour les chaussures et pochette humide\uff1a <\/strong>Le compartiment s\u00e9par\u00e9 pour les chaussures est dot\u00e9 d'un trou d'a\u00e9ration pour que le sac de sport reste propre et ventil\u00e9. La taille maximale du compartiment est de 16. La poche humide en mat\u00e9riau imperm\u00e9able permet de ranger les v\u00eatements qui transpirent et de garder le compartiment principal au sec. Le sac peut \u00eatre utilis\u00e9 comme sac de sport, sac de nuit, sac de week-end, sac de voyage.<\/p>\n<\/div>\n<\/div>","protected":false},"featured_media":4752,"template":"","meta":{"_uag_custom_page_level_css":""},"product_brand":[],"product_cat":[56,67],"product_tag":[],"class_list":{"0":"post-4749","1":"product","2":"type-product","3":"status-publish","4":"has-post-thumbnail","6":"product_cat-gym-bag","7":"product_cat-sports-bag","9":"first","10":"instock","11":"shipping-taxable","12":"product-type-simple"},"uagb_featured_image_src":{"full":["https:\/\/pecbag.com\/wp-content\/uploads\/2025\/07\/Gym-Bag-China-Manufacturer-2.jpeg",1400,1400,false],"thumbnail":["https:\/\/pecbag.com\/wp-content\/uploads\/2025\/07\/Gym-Bag-China-Manufacturer-2-150x150.jpeg",150,150,true],"medium":["https:\/\/pecbag.com\/wp-content\/uploads\/2025\/07\/Gym-Bag-China-Manufacturer-2-300x300.jpeg",300,300,true],"medium_large":["https:\/\/pecbag.com\/wp-content\/uploads\/2025\/07\/Gym-Bag-China-Manufacturer-2-768x768.jpeg",768,768,true],"large":["https:\/\/pecbag.com\/wp-content\/uploads\/2025\/07\/Gym-Bag-China-Manufacturer-2-1024x1024.jpeg",800,800,true],"1536x1536":["https:\/\/pecbag.com\/wp-content\/uploads\/2025\/07\/Gym-Bag-China-Manufacturer-2.jpeg",1400,1400,false],"2048x2048":["https:\/\/pecbag.com\/wp-content\/uploads\/2025\/07\/Gym-Bag-China-Manufacturer-2.jpeg",1400,1400,false],"trp-custom-language-flag":["https:\/\/pecbag.com\/wp-content\/uploads\/2025\/07\/Gym-Bag-China-Manufacturer-2-12x12.jpeg",12,12,true],"woocommerce_thumbnail":["https:\/\/pecbag.com\/wp-content\/uploads\/2025\/07\/Gym-Bag-China-Manufacturer-2-300x300.jpeg",300,300,true],"woocommerce_single":["https:\/\/pecbag.com\/wp-content\/uploads\/2025\/07\/Gym-Bag-China-Manufacturer-2-600x600.jpeg",600,600,true],"woocommerce_gallery_thumbnail":["https:\/\/pecbag.com\/wp-content\/uploads\/2025\/07\/Gym-Bag-China-Manufacturer-2-100x100.jpeg",100,100,true]},"uagb_author_info":{"display_name":"Lawrence","author_link":"https:\/\/pecbag.com\/fr\/author\/"},"uagb_comment_info":0,"uagb_excerpt":"Gym Bag China Manufacturer 1. Multifunctional Use\uff1a This 3 in 1 duffel bag can be used as a Handbag, Shoulder Bag, and Backpack. One clever design is that the shoulder strap is removable, and another clever design is that the backpack straps can be hidden in the zipped compartment at the bottom. What a cool\u2026","_links":{"self":[{"href":"https:\/\/pecbag.com\/fr\/wp-json\/wp\/v2\/product\/4749","targetHints":{"allow":["GET"]}}],"collection":[{"href":"https:\/\/pecbag.com\/fr\/wp-json\/wp\/v2\/product"}],"about":[{"href":"https:\/\/pecbag.com\/fr\/wp-json\/wp\/v2\/types\/product"}],"wp:featuredmedia":[{"embeddable":true,"href":"https:\/\/pecbag.com\/fr\/wp-json\/wp\/v2\/media\/4752"}],"wp:attachment":[{"href":"https:\/\/pecbag.com\/fr\/wp-json\/wp\/v2\/media?parent=4749"}],"wp:term":[{"taxonomy":"product_brand","embeddable":true,"href":"https:\/\/pecbag.com\/fr\/wp-json\/wp\/v2\/product_brand?post=4749"},{"taxonomy":"product_cat","embeddable":true,"href":"https:\/\/pecbag.com\/fr\/wp-json\/wp\/v2\/product_cat?post=4749"},{"taxonomy":"product_tag","embeddable":true,"href":"https:\/\/pecbag.com\/fr\/wp-json\/wp\/v2\/product_tag?post=4749"}],"curies":[{"name":"wp","href":"https:\/\/api.w.org\/{rel}","templated":true}]}}