{"id":4756,"date":"2025-07-15T03:02:57","date_gmt":"2025-07-15T03:02:57","guid":{"rendered":"https:\/\/pecbag.com\/?post_type=product&#038;p=4756"},"modified":"2025-11-28T09:32:54","modified_gmt":"2025-11-28T09:32:54","slug":"new-design-travel-gym-bag","status":"publish","type":"product","link":"https:\/\/pecbag.com\/fr\/new-design-travel-gym-bag\/","title":{"rendered":"Nouveau sac de sport de voyage"},"content":{"rendered":"<h5 title=\"Sac \u00e0 dos pliable pour chien Sac \u00e0 bandouli\u00e8re en maille respirante pour petit animal de compagnie Chien Chats\" data-immersive-translate-walked=\"1c928421-2e42-4cd3-8754-5404553c0af5\" data-immersive-translate-paragraph=\"1\" data-spm-anchor-id=\"a2700.details.0.i35.4f6757d4w4zNZA\">Fabricant de sacs \u00e0 dos innovants et de sacs \u00e9tanches | 2024 New Design Travel Gym Bag<\/h5>\n<div class=\"flex flex-grow flex-col max-w-full\">\n<div class=\"min-h-[20px] text-message flex w-full flex-col items-end gap-2 whitespace-pre-wrap break-words [.text-message+&amp;]:mt-5 overflow-x-auto\" dir=\"auto\" data-message-author-role=\"assistant\" data-message-id=\"3d7d46f6-7ec2-4222-9257-48fa0bba23c6\" data-suggestions=\"true\">\n<div class=\"flex w-full flex-col gap-1 empty:hidden first:pt-[3px]\">\n<div class=\"markdown prose w-full break-words dark:prose-invert light\">\n<p class=\"ds-markdown-paragraph\">Vous recherchez des solutions de sacs de sport de voyage \u00e0 la pointe de la technologie ? En tant que fabricant de sacs de sport et usine de sacs \u00e9tanches certifi\u00e9s ISO en Chine, nous fournissons des sacs de sport \u00e0 la mode pour l'exportation mondiale de sacs de sport. Nous vous invitons \u00e0 vous associer \u00e0 notre soci\u00e9t\u00e9 de sacs de sport pour :<\/p>\n<table width=\"288\">\n<tbody>\n<tr>\n<td width=\"137\"><span style=\"color: #333333;\">Nom des produits<\/span><\/td>\n<td width=\"151\">Sac de poitrine<\/td>\n<\/tr>\n<tr>\n<td><span style=\"color: #333333;\">Num\u00e9ro d'article<\/span><\/td>\n<td><span style=\"color: #333333;\">PB-2153<\/span><\/td>\n<\/tr>\n<tr>\n<td><span style=\"color: #333333;\">Mat\u00e9riau<\/span><\/td>\n<td>Tissu \u00e0 carreaux bicolores\/PU<\/td>\n<\/tr>\n<tr>\n<td><span style=\"color: #333333;\">Taille<\/span><\/td>\n<td>Acceptation des produits personnalis\u00e9s<\/td>\n<\/tr>\n<tr>\n<td><span style=\"color: #333333;\">\u00a0D\u00e9lai de livraison<\/span><\/td>\n<td><span style=\"color: #333333;\">1-5 jours pour les petites quantit\u00e9s par voie a\u00e9rienne et 30-35 jours pour les grandes quantit\u00e9s par voie maritime.<\/span><\/td>\n<\/tr>\n<\/tbody>\n<\/table>\n<p class=\"ds-markdown-paragraph\">\u2705\u00a0<strong>Dessins chauds<\/strong><br \/>\nLancement viral de sacs de sport de voyage au nouveau design, dot\u00e9s d'une technologie \u00e9tanche et d'une taille approuv\u00e9e par les compagnies a\u00e9riennes - des nouveaut\u00e9s tous les mois !<\/p>\n<p class=\"ds-markdown-paragraph\">\u2705\u00a0<strong>Efficacit\u00e9 directe de l'usine<\/strong><br \/>\nLes commandes en gros de sacs de sport proviennent directement de notre usine de sacs de sport - pas d'interm\u00e9diaires, 30% co\u00fbts inf\u00e9rieurs.<\/p>\n<p class=\"ds-markdown-paragraph\">\u2705\u00a0<strong>Libert\u00e9 de personnalisation<\/strong><br \/>\nSac de sport ODM\/OEM + Services de labellisation priv\u00e9e (MOQ 300 unit\u00e9s)<\/p>\n<p class=\"ds-markdown-paragraph\"><strong>Pourquoi plus de 1000 d\u00e9taillants nous choisissent :<\/strong><br \/>\n- Prix de gros des sacs de sport (300+\/1000+ unit\u00e9s)<br \/>\n- Exclusivit\u00e9s New Design Travel Gym Bag (15+ styles\/saison)<br \/>\n- Gym Bag Supplier partnerships with global drop-shipping<br \/>\n- Echantillonnage sous 48 heures pour les partenaires grossistes en sacs de sport<\/p>\n<p class=\"ds-markdown-paragraph\">Votre fournisseur de confiance pour les sacs de sport de voyage pr\u00eats \u00e0 l'exportation - du concept aux documents de conformit\u00e9. Demandez un nouveau catalogue maintenant !<\/p>\n<\/div>\n<\/div>\n<\/div>\n<\/div>","protected":false},"excerpt":{"rendered":"<h2 class=\"this-description-name\">Nouveau sac de sport de voyage<\/h2>\n<div class=\"sliderTable mt10 mb10 sliderTable-index0\">\n<div class=\"inner\">\n<p>Nous fournissons des sacs de qualit\u00e9 sup\u00e9rieure avec une personnalisation compl\u00e8te de la taille et de la couleur, des tissus durables et une qualit\u00e9 certifi\u00e9e.<\/p>\n<p>B\u00e9n\u00e9ficiez de MOQ flexibles, d'une exp\u00e9dition mondiale rapide et de solutions de marques priv\u00e9es.<\/p>\n<p>Contactez-nous d\u00e8s aujourd'hui !<\/p>\n<\/div>\n<\/div>","protected":false},"featured_media":4762,"template":"","meta":{"_uag_custom_page_level_css":""},"product_brand":[],"product_cat":[56,60],"product_tag":[],"class_list":{"0":"post-4756","1":"product","2":"type-product","3":"status-publish","4":"has-post-thumbnail","6":"product_cat-gym-bag","7":"product_cat-backpack","9":"first","10":"instock","11":"shipping-taxable","12":"product-type-simple"},"uagb_featured_image_src":{"full":["https:\/\/pecbag.com\/wp-content\/uploads\/2025\/07\/New-Design-Travel-Gym-Bag-4.jpg",1000,1000,false],"thumbnail":["https:\/\/pecbag.com\/wp-content\/uploads\/2025\/07\/New-Design-Travel-Gym-Bag-4-150x150.jpg",150,150,true],"medium":["https:\/\/pecbag.com\/wp-content\/uploads\/2025\/07\/New-Design-Travel-Gym-Bag-4-300x300.jpg",300,300,true],"medium_large":["https:\/\/pecbag.com\/wp-content\/uploads\/2025\/07\/New-Design-Travel-Gym-Bag-4-768x768.jpg",768,768,true],"large":["https:\/\/pecbag.com\/wp-content\/uploads\/2025\/07\/New-Design-Travel-Gym-Bag-4.jpg",800,800,false],"1536x1536":["https:\/\/pecbag.com\/wp-content\/uploads\/2025\/07\/New-Design-Travel-Gym-Bag-4.jpg",1000,1000,false],"2048x2048":["https:\/\/pecbag.com\/wp-content\/uploads\/2025\/07\/New-Design-Travel-Gym-Bag-4.jpg",1000,1000,false],"trp-custom-language-flag":["https:\/\/pecbag.com\/wp-content\/uploads\/2025\/07\/New-Design-Travel-Gym-Bag-4-12x12.jpg",12,12,true],"woocommerce_thumbnail":["https:\/\/pecbag.com\/wp-content\/uploads\/2025\/07\/New-Design-Travel-Gym-Bag-4-300x300.jpg",300,300,true],"woocommerce_single":["https:\/\/pecbag.com\/wp-content\/uploads\/2025\/07\/New-Design-Travel-Gym-Bag-4-600x600.jpg",600,600,true],"woocommerce_gallery_thumbnail":["https:\/\/pecbag.com\/wp-content\/uploads\/2025\/07\/New-Design-Travel-Gym-Bag-4-100x100.jpg",100,100,true]},"uagb_author_info":{"display_name":"Lawrence","author_link":"https:\/\/pecbag.com\/fr\/author\/"},"uagb_comment_info":0,"uagb_excerpt":"New Design Travel Gym Bag We provide premium bags with full-size and color customization, durable fabrics, and certified quality. Enjoy flexible MOQs, fast global shipping, and private label solutions. Contact us today!","_links":{"self":[{"href":"https:\/\/pecbag.com\/fr\/wp-json\/wp\/v2\/product\/4756","targetHints":{"allow":["GET"]}}],"collection":[{"href":"https:\/\/pecbag.com\/fr\/wp-json\/wp\/v2\/product"}],"about":[{"href":"https:\/\/pecbag.com\/fr\/wp-json\/wp\/v2\/types\/product"}],"wp:featuredmedia":[{"embeddable":true,"href":"https:\/\/pecbag.com\/fr\/wp-json\/wp\/v2\/media\/4762"}],"wp:attachment":[{"href":"https:\/\/pecbag.com\/fr\/wp-json\/wp\/v2\/media?parent=4756"}],"wp:term":[{"taxonomy":"product_brand","embeddable":true,"href":"https:\/\/pecbag.com\/fr\/wp-json\/wp\/v2\/product_brand?post=4756"},{"taxonomy":"product_cat","embeddable":true,"href":"https:\/\/pecbag.com\/fr\/wp-json\/wp\/v2\/product_cat?post=4756"},{"taxonomy":"product_tag","embeddable":true,"href":"https:\/\/pecbag.com\/fr\/wp-json\/wp\/v2\/product_tag?post=4756"}],"curies":[{"name":"wp","href":"https:\/\/api.w.org\/{rel}","templated":true}]}}