{"id":4763,"date":"2025-07-15T03:21:41","date_gmt":"2025-07-15T03:21:41","guid":{"rendered":"https:\/\/pecbag.com\/?post_type=product&#038;p=4763"},"modified":"2025-11-28T09:32:33","modified_gmt":"2025-11-28T09:32:33","slug":"gym-bag-odm-factory","status":"publish","type":"product","link":"https:\/\/pecbag.com\/fr\/gym-bag-odm-factory\/","title":{"rendered":"Sac de sport ODM Factory"},"content":{"rendered":"<h5 title=\"Sac \u00e0 dos pliable pour chien Sac \u00e0 bandouli\u00e8re en maille respirante pour petit animal de compagnie Chien Chats\" data-immersive-translate-walked=\"1c928421-2e42-4cd3-8754-5404553c0af5\" data-immersive-translate-paragraph=\"1\" data-spm-anchor-id=\"a2700.details.0.i35.4f6757d4w4zNZA\">Fabricant expert de sacs \u00e0 dos et de sacs \u00e9tanches | Votre fabricant direct de sacs de sport ODM<\/h5>\n<div class=\"flex flex-grow flex-col max-w-full\">\n<div class=\"min-h-[20px] text-message flex w-full flex-col items-end gap-2 whitespace-pre-wrap break-words [.text-message+&amp;]:mt-5 overflow-x-auto\" dir=\"auto\" data-message-author-role=\"assistant\" data-message-id=\"3d7d46f6-7ec2-4222-9257-48fa0bba23c6\" data-suggestions=\"true\">\n<div class=\"flex w-full flex-col gap-1 empty:hidden first:pt-[3px]\">\n<div class=\"markdown prose w-full break-words dark:prose-invert light\">\n<p class=\"ds-markdown-paragraph\">Besoin d'une v\u00e9ritable usine ODM de sacs de sport pour des conceptions personnalis\u00e9es ? En tant que fabricants de sacs de sport certifi\u00e9s ISO et sp\u00e9cialistes des sacs de sport en Chine, nous transformons vos concepts en produits pr\u00eats \u00e0 \u00eatre commercialis\u00e9s. Nous vous invitons \u00e0 vous associer \u00e0 notre soci\u00e9t\u00e9 de sacs de sport pour :<\/p>\n<table width=\"288\">\n<tbody>\n<tr>\n<td width=\"137\"><span style=\"color: #333333;\">Nom des produits<\/span><\/td>\n<td width=\"151\">Sac de poitrine<\/td>\n<\/tr>\n<tr>\n<td><span style=\"color: #333333;\">Num\u00e9ro d'article<\/span><\/td>\n<td><span style=\"color: #333333;\">PB-2154<\/span><\/td>\n<\/tr>\n<tr>\n<td><span style=\"color: #333333;\">Mat\u00e9riau<\/span><\/td>\n<td>Polyester 600D<\/td>\n<\/tr>\n<tr>\n<td><span style=\"color: #333333;\">Taille<\/span><\/td>\n<td>50 x 21,4 x 30 cm<\/td>\n<\/tr>\n<tr>\n<td><span style=\"color: #333333;\">\u00a0D\u00e9lai de livraison<\/span><\/td>\n<td><span style=\"color: #333333;\">1-5 jours pour les petites quantit\u00e9s par voie a\u00e9rienne et 30-35 jours pour les grandes quantit\u00e9s par voie maritime.<\/span><\/td>\n<\/tr>\n<\/tbody>\n<\/table>\n<p class=\"ds-markdown-paragraph\">\u2705\u00a0<strong>Solutions ODM de bout en bout<\/strong><br \/>\nDe l'esquisse \u00e0 l'exp\u00e9dition : Notre usine ODM de sacs de sport s'occupe de la conception, du prototypage et de la production en s\u00e9rie (MOQ 300 pcs).<\/p>\n<p class=\"ds-markdown-paragraph\">\u2705\u00a0<strong>Une personnalisation de pointe<\/strong><br \/>\nSac de sport ODM\/OEM + sac de sport sous marque de distributeur avec technologie \u00e9tanche et caract\u00e9ristiques ergonomiques<\/p>\n<p class=\"ds-markdown-paragraph\">\u2705\u00a0<strong>Production optimis\u00e9e pour l'exportation<\/strong><br \/>\nExportation de sacs de sport sans couture avec conformit\u00e9 REACH et soutien logistique<\/p>\n<p class=\"ds-markdown-paragraph\"><strong>ODM Factory Avantages :<\/strong><br \/>\n- Prix de gros pour les sacs de sport (500+\/2 000+ unit\u00e9s)<br \/>\n- Conception 3D + \u00e9chantillonnage physique en 7 jours<br \/>\n- Partenariats entre fournisseurs de sacs de sport et protection de la propri\u00e9t\u00e9 intellectuelle<br \/>\n- Production sous 30 jours pour les commandes des grossistes en sacs de sport<\/p>\n<p class=\"ds-markdown-paragraph\">Votre fournisseur d\u00e9di\u00e9 aux sacs de sport pour la fabrication OEM\/ODM - nous renfor\u00e7ons les marques avec des services ODM comp\u00e9titifs pour les sacs de sport. Demandez une consultation de design !<\/p>\n<\/div>\n<\/div>\n<\/div>\n<\/div>","protected":false},"excerpt":{"rendered":"<h2 class=\"this-description-name\">Sac de sport ODM Factory<\/h2>\n<div class=\"sliderTable mt10 mb10 sliderTable-index0\">\n<div class=\"inner\">\n<p><strong>1. S\u00e9paration des poches s\u00e8che et humide pour une commodit\u00e9 optimale :<\/strong>\u00a0Le sac de sport est ing\u00e9nieusement con\u00e7u avec une fonction de s\u00e9paration des poches s\u00e8ches et humides. Il prot\u00e8ge vos articles secs de l'humidit\u00e9. La poche \u00e9tanche doubl\u00e9e d'une fermeture \u00e9clair cr\u00e9e une zone humide s\u00e9par\u00e9e, id\u00e9ale pour ranger les maillots de bain mouill\u00e9s ou les v\u00eatements d'entra\u00eenement qui transpirent.<\/p>\n<p><strong>2. Compartiment \u00e0 chaussures fonctionnel et r\u00e9sistant aux odeurs : <\/strong>Notre sac de sport est \u00e9quip\u00e9 d'un compartiment \u00e0 chaussures r\u00e9sistant aux odeurs. Cet espace sp\u00e9cialis\u00e9 permet un acc\u00e8s rapide apr\u00e8s votre s\u00e9ance d'entra\u00eenement et emp\u00eache efficacement les taches de sueur et les odeurs d\u00e9sagr\u00e9ables. L'entr\u00e9e bien con\u00e7ue permet de mettre vos chaussures en place sans effort. Son int\u00e9rieur extensible peut facilement accueillir des chaussures de sport de taille normale, ce qui le rend parfait pour divers sc\u00e9narios tels que les s\u00e9ances de gymnastique, les voyages, les jeux de balle ou les utilisations multi-sc\u00e8nes.<\/p>\n<\/div>\n<\/div>","protected":false},"featured_media":4764,"template":"","meta":{"_uag_custom_page_level_css":""},"product_brand":[],"product_cat":[56,60],"product_tag":[],"class_list":{"0":"post-4763","1":"product","2":"type-product","3":"status-publish","4":"has-post-thumbnail","6":"product_cat-gym-bag","7":"product_cat-backpack","9":"first","10":"instock","11":"shipping-taxable","12":"product-type-simple"},"uagb_featured_image_src":{"full":["https:\/\/pecbag.com\/wp-content\/uploads\/2025\/07\/Gym-Bag-ODM-Factory-1.jpeg",1600,1600,false],"thumbnail":["https:\/\/pecbag.com\/wp-content\/uploads\/2025\/07\/Gym-Bag-ODM-Factory-1-150x150.jpeg",150,150,true],"medium":["https:\/\/pecbag.com\/wp-content\/uploads\/2025\/07\/Gym-Bag-ODM-Factory-1-300x300.jpeg",300,300,true],"medium_large":["https:\/\/pecbag.com\/wp-content\/uploads\/2025\/07\/Gym-Bag-ODM-Factory-1-768x768.jpeg",768,768,true],"large":["https:\/\/pecbag.com\/wp-content\/uploads\/2025\/07\/Gym-Bag-ODM-Factory-1-1024x1024.jpeg",800,800,true],"1536x1536":["https:\/\/pecbag.com\/wp-content\/uploads\/2025\/07\/Gym-Bag-ODM-Factory-1-1536x1536.jpeg",1536,1536,true],"2048x2048":["https:\/\/pecbag.com\/wp-content\/uploads\/2025\/07\/Gym-Bag-ODM-Factory-1.jpeg",1600,1600,false],"trp-custom-language-flag":["https:\/\/pecbag.com\/wp-content\/uploads\/2025\/07\/Gym-Bag-ODM-Factory-1-12x12.jpeg",12,12,true],"woocommerce_thumbnail":["https:\/\/pecbag.com\/wp-content\/uploads\/2025\/07\/Gym-Bag-ODM-Factory-1-300x300.jpeg",300,300,true],"woocommerce_single":["https:\/\/pecbag.com\/wp-content\/uploads\/2025\/07\/Gym-Bag-ODM-Factory-1-600x600.jpeg",600,600,true],"woocommerce_gallery_thumbnail":["https:\/\/pecbag.com\/wp-content\/uploads\/2025\/07\/Gym-Bag-ODM-Factory-1-100x100.jpeg",100,100,true]},"uagb_author_info":{"display_name":"Lawrence","author_link":"https:\/\/pecbag.com\/fr\/author\/"},"uagb_comment_info":0,"uagb_excerpt":"Gym Bag ODM Factory 1. Dry-Wet Pocket Separation for Ultimate Convenience:\u00a0The gym bag is ingeniously designed with a dry-wet pocket separation feature. It safeguards your dry items from getting damp. The dedicated waterproof zip-lined pocket creates a separate wet area, ideal for stowing away wet swimsuits or sweaty workout clothes. 2. Odor-Resistant and Functional Shoe\u2026","_links":{"self":[{"href":"https:\/\/pecbag.com\/fr\/wp-json\/wp\/v2\/product\/4763","targetHints":{"allow":["GET"]}}],"collection":[{"href":"https:\/\/pecbag.com\/fr\/wp-json\/wp\/v2\/product"}],"about":[{"href":"https:\/\/pecbag.com\/fr\/wp-json\/wp\/v2\/types\/product"}],"wp:featuredmedia":[{"embeddable":true,"href":"https:\/\/pecbag.com\/fr\/wp-json\/wp\/v2\/media\/4764"}],"wp:attachment":[{"href":"https:\/\/pecbag.com\/fr\/wp-json\/wp\/v2\/media?parent=4763"}],"wp:term":[{"taxonomy":"product_brand","embeddable":true,"href":"https:\/\/pecbag.com\/fr\/wp-json\/wp\/v2\/product_brand?post=4763"},{"taxonomy":"product_cat","embeddable":true,"href":"https:\/\/pecbag.com\/fr\/wp-json\/wp\/v2\/product_cat?post=4763"},{"taxonomy":"product_tag","embeddable":true,"href":"https:\/\/pecbag.com\/fr\/wp-json\/wp\/v2\/product_tag?post=4763"}],"curies":[{"name":"wp","href":"https:\/\/api.w.org\/{rel}","templated":true}]}}