{"id":4999,"date":"2025-07-21T01:55:49","date_gmt":"2025-07-21T01:55:49","guid":{"rendered":"https:\/\/pecbag.com\/?post_type=product&#038;p=4999"},"modified":"2025-11-28T09:30:02","modified_gmt":"2025-11-28T09:30:02","slug":"lunch-tote-bag-factories","status":"publish","type":"product","link":"https:\/\/pecbag.com\/fr\/lunch-tote-bag-factories\/","title":{"rendered":"Fabrications de sacs \u00e0 lunch"},"content":{"rendered":"<h5 title=\"Sac \u00e0 dos pliable pour chien Sac \u00e0 bandouli\u00e8re en maille respirante pour petit animal de compagnie Chien Chats\" data-immersive-translate-walked=\"1c928421-2e42-4cd3-8754-5404553c0af5\" data-immersive-translate-paragraph=\"1\" data-spm-anchor-id=\"a2700.details.0.i35.4f6757d4w4zNZA\">Fabricant de sacs \u00e0 dos ergonomiques et de sacs imperm\u00e9ables | Fabricants experts de sacs \u00e0 lunch<\/h5>\n<div class=\"flex flex-grow flex-col max-w-full\">\n<div class=\"min-h-[20px] text-message flex w-full flex-col items-end gap-2 whitespace-pre-wrap break-words [.text-message+&amp;]:mt-5 overflow-x-auto\" dir=\"auto\" data-message-author-role=\"assistant\" data-message-id=\"3d7d46f6-7ec2-4222-9257-48fa0bba23c6\" data-suggestions=\"true\">\n<div class=\"flex w-full flex-col gap-1 empty:hidden first:pt-[3px]\">\n<div class=\"markdown prose w-full break-words dark:prose-invert light\">\n<p class=\"ds-markdown-paragraph\">Vous avez besoin d'une usine de fabrication de sacs \u00e0 lunch de qualit\u00e9 sup\u00e9rieure ?<\/p>\n<p class=\"ds-markdown-paragraph\">En tant que fabricants de sacs \u00e0 lunch certifi\u00e9s ISO et sp\u00e9cialistes des sacs \u00e0 lunch en Chine, nous fabriquons des sacs \u00e0 dos thermiques \u00e9l\u00e9gants pour les d\u00e9taillants internationaux. Nous nous associons \u00e0 notre soci\u00e9t\u00e9 de fabrication de sacs de repas pour :<\/p>\n<table width=\"288\">\n<tbody>\n<tr>\n<td width=\"137\"><span style=\"color: #333333;\">Nom des produits<\/span><\/td>\n<td width=\"151\">Sac \u00e0 lunch<\/td>\n<\/tr>\n<tr>\n<td><span style=\"color: #333333;\">Num\u00e9ro d'article<\/span><\/td>\n<td><span style=\"color: #333333;\">PB-2162<\/span><\/td>\n<\/tr>\n<tr>\n<td><span style=\"color: #333333;\">Mat\u00e9riau<\/span><\/td>\n<td>Ripstop<\/td>\n<\/tr>\n<tr>\n<td><span style=\"color: #333333;\">Taille<\/span><\/td>\n<td>17 x 7 x 9 pouces<\/td>\n<\/tr>\n<tr>\n<td><span style=\"color: #333333;\">\u00a0D\u00e9lai de livraison<\/span><\/td>\n<td><span style=\"color: #333333;\">1-5 jours pour les petites quantit\u00e9s par voie a\u00e9rienne et 30-35 jours pour les grandes quantit\u00e9s par voie maritime.<\/span><\/td>\n<\/tr>\n<\/tbody>\n<\/table>\n<p class=\"ds-markdown-paragraph\">\u2705\u00a0<strong>Fourre-tout thermiques intelligents<\/strong><\/p>\n<ul>\n<li>\n<p class=\"ds-markdown-paragraph\">Sacs fourre-tout isothermes \u00e9tanches avec doublure nettoyable \u00e0 l'eau<\/p>\n<\/li>\n<li>\n<p class=\"ds-markdown-paragraph\">Lunch Bag en vrac \u00e0 partir de 200 unit\u00e9s (conforme \u00e0 la FDA)<\/p>\n<\/li>\n<\/ul>\n<p class=\"ds-markdown-paragraph\">\u2705\u00a0<strong>La personnalisation simplifi\u00e9e<\/strong><br \/>\nLunch Bag ODM\/OEM + Private Label<br \/>\nDimensions\/impressions personnalis\u00e9es (MOQ 300 pcs)<\/p>\n<p class=\"ds-markdown-paragraph\">\u2705\u00a0<strong>Optimisation des exportations<\/strong><br \/>\nExportation d'un Lunch Bag cl\u00e9 en main avec les documents REACH<\/p>\n<p class=\"ds-markdown-paragraph\"><strong>Bord d'usine :<\/strong><br \/>\n\u2714 Lunch Bag en vrac : 20% sur 500+ unit\u00e9s<br \/>\nPrototypage en 5 jours avec des maquettes en 3D<br \/>\n\u2714 Lunch Bag Portail des fournisseurs : Suivi des commandes en direct<br \/>\n22 jours de production pour les programmes de grossistes de sacs \u00e0 lunch<\/p>\n<p class=\"ds-markdown-paragraph\">Votre vendeur de sacs \u00e0 lunch - des usines de sacs \u00e0 lunch \u00e0 la livraison \u00e0 domicile.<\/p>\n<p class=\"ds-markdown-paragraph\">WhatsApp pour un \u00e9chantillon gratuit !<\/p>\n<\/div>\n<\/div>\n<\/div>\n<\/div>","protected":false},"excerpt":{"rendered":"<h2 class=\"this-description-name\">Fabrications de sacs \u00e0 lunch<\/h2>\n<div class=\"sliderTable mt10 mb10 sliderTable-index0\">\n<div class=\"inner\">\n<p>1. <strong>Conception multifonctionnelle<\/strong>: La taille du sac \u00e0 lunch est de 17*7*9 pouces. Poids : 0.9 lbs (PAS DE CONTENANTS). La grande poche en forme de U convient \u00e0 plusieurs r\u00e9cipients pour le d\u00e9jeuner. La conception \u00e0 double face comporte une poche sp\u00e9cialis\u00e9e de dimensions L*l*h = 4\"*7\"*7.9\" pour les collations et les boissons. La partie sup\u00e9rieure dispose d'un espace sp\u00e9cialement con\u00e7u pour le rangement des ustensiles. Le sac \u00e0 lunch pour hommes vous aidera \u00e0 commencer une vie d'alimentation saine !<\/p>\n<p>2. <strong>Mat\u00e9riau nouveau et durable<\/strong>: La couche ext\u00e9rieure du sac \u00e0 lunch de travail est faite d'un mat\u00e9riau l\u00e9ger et imperm\u00e9able, avec des coutures japonaises pr\u00e9cises et solides. La bo\u00eete \u00e0 lunch pour adultes est imperm\u00e9able \u00e0 la poussi\u00e8re, douce et ne se d\u00e9forme pas facilement, facile \u00e0 nettoyer avec une serviette ou une serviette de table.<\/p>\n<p>3. <strong>Pr\u00e9servation et isolation exceptionnelles<\/strong>: La poche principale est doubl\u00e9e d'une feuille d'aluminium de qualit\u00e9 alimentaire et d'une \u00e9paisse mousse de coton isolante (la poche principale n'est pas \u00e9tanche). Les poches \u00e0 boissons sont thermosoud\u00e9es des deux c\u00f4t\u00e9s pour \u00e9viter les fuites. Elles permettent de conserver les aliments au froid, au chaud ou au frais pendant 6 heures. Profitez d'un d\u00e9jeuner frais o\u00f9 que vous soyez.<\/p>\n<p>4. <strong>Pratique et \u00e0 la mode<\/strong>: Le grand sac \u00e0 pique-nique est dot\u00e9 d'une bandouli\u00e8re amovible et r\u00e9glable qui peut \u00eatre port\u00e9e en travers du corps, sur l'\u00e9paule et dans le dos, ou \u00e0 la main. Il s'agit d'un sac de pique-nique utile et de haute qualit\u00e9.<\/p>\n<p>5. <strong>Id\u00e9es de placement des aliments<\/strong>: Poche en forme de U, plat principal, salade, desserts. Poches lat\u00e9rales : Boissons, snacks, fruits. Partie sup\u00e9rieure : Ustensiles, serviettes. Poche arri\u00e8re en filet : Livres, t\u00e9l\u00e9phones, cl\u00e9s, cartes, etc. Le sac \u00e0 lunch isotherme est id\u00e9al pour tous les adultes. Le meilleur cadeau pour votre mari, votre petit ami.<\/p>\n<\/div>\n<\/div>","protected":false},"featured_media":5003,"template":"","meta":{"_uag_custom_page_level_css":""},"product_brand":[],"product_cat":[52],"product_tag":[],"class_list":{"0":"post-4999","1":"product","2":"type-product","3":"status-publish","4":"has-post-thumbnail","6":"product_cat-lunch-bag","8":"first","9":"instock","10":"shipping-taxable","11":"product-type-simple"},"uagb_featured_image_src":{"full":["https:\/\/pecbag.com\/wp-content\/uploads\/2025\/07\/Lunch-Tote-Bag-Factories-5.jpeg",800,800,false],"thumbnail":["https:\/\/pecbag.com\/wp-content\/uploads\/2025\/07\/Lunch-Tote-Bag-Factories-5-150x150.jpeg",150,150,true],"medium":["https:\/\/pecbag.com\/wp-content\/uploads\/2025\/07\/Lunch-Tote-Bag-Factories-5-300x300.jpeg",300,300,true],"medium_large":["https:\/\/pecbag.com\/wp-content\/uploads\/2025\/07\/Lunch-Tote-Bag-Factories-5-768x768.jpeg",768,768,true],"large":["https:\/\/pecbag.com\/wp-content\/uploads\/2025\/07\/Lunch-Tote-Bag-Factories-5.jpeg",800,800,false],"1536x1536":["https:\/\/pecbag.com\/wp-content\/uploads\/2025\/07\/Lunch-Tote-Bag-Factories-5.jpeg",800,800,false],"2048x2048":["https:\/\/pecbag.com\/wp-content\/uploads\/2025\/07\/Lunch-Tote-Bag-Factories-5.jpeg",800,800,false],"trp-custom-language-flag":["https:\/\/pecbag.com\/wp-content\/uploads\/2025\/07\/Lunch-Tote-Bag-Factories-5-12x12.jpeg",12,12,true],"woocommerce_thumbnail":["https:\/\/pecbag.com\/wp-content\/uploads\/2025\/07\/Lunch-Tote-Bag-Factories-5-300x300.jpeg",300,300,true],"woocommerce_single":["https:\/\/pecbag.com\/wp-content\/uploads\/2025\/07\/Lunch-Tote-Bag-Factories-5-600x600.jpeg",600,600,true],"woocommerce_gallery_thumbnail":["https:\/\/pecbag.com\/wp-content\/uploads\/2025\/07\/Lunch-Tote-Bag-Factories-5-100x100.jpeg",100,100,true]},"uagb_author_info":{"display_name":"Lawrence","author_link":"https:\/\/pecbag.com\/fr\/author\/"},"uagb_comment_info":0,"uagb_excerpt":"Lunch Tote Bag Factories 1. Multifunction Design: The Lunch bag's size is 17*7*9 inches. Weight: 0.9 lbs (NO CONTAINERS). The large U-shaped pocket is suitable for multiple lunch containers. The double-sided design has a specialized pocket with dimensions of L*W*H = 4\u201d*7\u201d*7.9\u201d for snacks and drinks. The top part has space specially designed for storing\u2026","_links":{"self":[{"href":"https:\/\/pecbag.com\/fr\/wp-json\/wp\/v2\/product\/4999","targetHints":{"allow":["GET"]}}],"collection":[{"href":"https:\/\/pecbag.com\/fr\/wp-json\/wp\/v2\/product"}],"about":[{"href":"https:\/\/pecbag.com\/fr\/wp-json\/wp\/v2\/types\/product"}],"wp:featuredmedia":[{"embeddable":true,"href":"https:\/\/pecbag.com\/fr\/wp-json\/wp\/v2\/media\/5003"}],"wp:attachment":[{"href":"https:\/\/pecbag.com\/fr\/wp-json\/wp\/v2\/media?parent=4999"}],"wp:term":[{"taxonomy":"product_brand","embeddable":true,"href":"https:\/\/pecbag.com\/fr\/wp-json\/wp\/v2\/product_brand?post=4999"},{"taxonomy":"product_cat","embeddable":true,"href":"https:\/\/pecbag.com\/fr\/wp-json\/wp\/v2\/product_cat?post=4999"},{"taxonomy":"product_tag","embeddable":true,"href":"https:\/\/pecbag.com\/fr\/wp-json\/wp\/v2\/product_tag?post=4999"}],"curies":[{"name":"wp","href":"https:\/\/api.w.org\/{rel}","templated":true}]}}