{"id":5067,"date":"2025-07-22T02:22:29","date_gmt":"2025-07-22T02:22:29","guid":{"rendered":"https:\/\/pecbag.com\/?post_type=product&#038;p=5067"},"modified":"2025-11-28T09:29:48","modified_gmt":"2025-11-28T09:29:48","slug":"tactical-messenger-bag-factory","status":"publish","type":"product","link":"https:\/\/pecbag.com\/fr\/tactical-messenger-bag-factory\/","title":{"rendered":"Sac de messager tactique Factory"},"content":{"rendered":"<h5 title=\"Sac \u00e0 dos pliable pour chien Sac \u00e0 bandouli\u00e8re en maille respirante pour petit animal de compagnie Chien Chats\" data-immersive-translate-walked=\"1c928421-2e42-4cd3-8754-5404553c0af5\" data-immersive-translate-paragraph=\"1\" data-spm-anchor-id=\"a2700.details.0.i35.4f6757d4w4zNZA\">Fabricant de sacs \u00e0 dos de qualit\u00e9 militaire et de sacs \u00e9tanches | Fabricant expert de sacs de messageries tactiques<\/h5>\n<div class=\"flex flex-grow flex-col max-w-full\">\n<div class=\"min-h-[20px] text-message flex w-full flex-col items-end gap-2 whitespace-pre-wrap break-words [.text-message+&amp;]:mt-5 overflow-x-auto\" dir=\"auto\" data-message-author-role=\"assistant\" data-message-id=\"3d7d46f6-7ec2-4222-9257-48fa0bba23c6\" data-suggestions=\"true\">\n<div class=\"flex w-full flex-col gap-1 empty:hidden first:pt-[3px]\">\n<div class=\"markdown prose w-full break-words dark:prose-invert light\">\n<p class=\"ds-markdown-paragraph\">Besoin de sacs tactiques pr\u00eats \u00e0 l'emploi ?<\/p>\n<p class=\"ds-markdown-paragraph\">En tant qu'usine certifi\u00e9e de sacs de messageries tactiques et de sacs imperm\u00e9ables en Chine, nous produisons des \u00e9quipements MIL-SPEC pour les agences internationales. Partenaire de notre soci\u00e9t\u00e9 de sacs de messageries pour :<\/p>\n<table width=\"288\">\n<tbody>\n<tr>\n<td width=\"137\"><span style=\"color: #333333;\">Nom des produits<\/span><\/td>\n<td width=\"151\">Sac de messager<\/td>\n<\/tr>\n<tr>\n<td><span style=\"color: #333333;\">Num\u00e9ro d'article<\/span><\/td>\n<td><span style=\"color: #333333;\">PB-2163<\/span><\/td>\n<\/tr>\n<tr>\n<td><span style=\"color: #333333;\">Mat\u00e9riau<\/span><\/td>\n<td>Polyester<\/td>\n<\/tr>\n<tr>\n<td><span style=\"color: #333333;\">Taille<\/span><\/td>\n<td>20.47 x 13.39 x 9.06 pouces<\/td>\n<\/tr>\n<tr>\n<td><span style=\"color: #333333;\">\u00a0D\u00e9lai de livraison<\/span><\/td>\n<td><span style=\"color: #333333;\">1-5 jours pour les petites quantit\u00e9s par voie a\u00e9rienne et 30-35 jours pour les grandes quantit\u00e9s par voie maritime.<\/span><\/td>\n<\/tr>\n<\/tbody>\n<\/table>\n<p class=\"ds-markdown-paragraph\">\u2705\u00a0<strong>Sup\u00e9riorit\u00e9 tactique<\/strong><\/p>\n<ul>\n<li>\n<p class=\"ds-markdown-paragraph\">Sacs tactiques en Cordura\u00ae 1000D avec sangles MOLLE<\/p>\n<\/li>\n<li>\n<p class=\"ds-markdown-paragraph\">Fermetures \u00e0 glissi\u00e8re r\u00e9sistantes aux intemp\u00e9ries et poches bloqu\u00e9es RFID<\/p>\n<\/li>\n<li>\n<p class=\"ds-markdown-paragraph\">Sac de messager en vrac \u00e0 partir de 300 unit\u00e9s<\/p>\n<\/li>\n<\/ul>\n<p class=\"ds-markdown-paragraph\">\u2705\u00a0<strong>Personnalisation de niveau d\u00e9fense<\/strong><br \/>\nSac de messager ODM\/OEM + Label priv\u00e9<br \/>\nPatchs personnalis\u00e9s\/sangles PALS (MOQ 300 pcs)<\/p>\n<p class=\"ds-markdown-paragraph\">\u2705\u00a0<strong>Pr\u00eat pour un d\u00e9ploiement mondial<\/strong><br \/>\nSac de messager conforme pour l'exportation avec documentation ITAR<\/p>\n<p class=\"ds-markdown-paragraph\"><strong>Avantages de l'usine :<\/strong><br \/>\n- Prix de gros pour le sac de messager : 20% \u00e0 partir de 500 unit\u00e9s<br \/>\n- Prototypage en 7 jours avec tests balistiques<br \/>\n- Portail des fournisseurs de sacs de messageries : Vid\u00e9os de contr\u00f4le de qualit\u00e9 en temps r\u00e9el<br \/>\n- Production sous 30 jours pour les programmes de grossistes en sacs de messageries<\/p>\n<p class=\"ds-markdown-paragraph\">Votre fournisseur de sacs de messageries critiques - de l'usine de fabrication de sacs de messageries tactiques \u00e0 la livraison sur le terrain.<\/p>\n<p class=\"ds-markdown-paragraph\">Demandez le rapport d'essai MIL-STD-810G !<\/p>\n<\/div>\n<\/div>\n<\/div>\n<\/div>","protected":false},"excerpt":{"rendered":"<h2 class=\"this-description-name\">Sac de messager tactique Factory<\/h2>\n<div class=\"sliderTable mt10 mb10 sliderTable-index0\">\n<div class=\"inner\">\n<p>1. <strong>DIFF\u00c9RENTS MOYENS DE TRANSPORT<\/strong>: Ce sac de travail peut \u00eatre utilis\u00e9 non seulement comme un sac \u00e0 bandouli\u00e8re de messager \/ sac de corps crois\u00e9, mais aussi comme un porte-documents d'ordinateur portable \/ sac de bureau \/ sac de sacoche \/ sac d'enseignant.<\/p>\n<p>2. <strong>CONCEPTION MULTIFONCTIONNELLE<\/strong>: Le sac d'ordinateur est particuli\u00e8rement con\u00e7u pour les \u00e9tudiants, les employ\u00e9s de bureau, les travailleurs et les personnes qui doivent transporter quotidiennement un ordinateur portable et d'autres accessoires. Il peut \u00e9galement \u00eatre utilis\u00e9 comme sac \u00e0 bandouli\u00e8re de voyage, voire comme sac pour appareil photo reflex num\u00e9rique gr\u00e2ce \u00e0 un insert rembourr\u00e9.<\/p>\n<\/div>\n<\/div>","protected":false},"featured_media":5071,"template":"","meta":{"_uag_custom_page_level_css":""},"product_brand":[],"product_cat":[65,64],"product_tag":[],"class_list":{"0":"post-5067","1":"product","2":"type-product","3":"status-publish","4":"has-post-thumbnail","6":"product_cat-messenger-bag","7":"product_cat-shoulder-bag","9":"first","10":"instock","11":"shipping-taxable","12":"product-type-simple"},"uagb_featured_image_src":{"full":["https:\/\/pecbag.com\/wp-content\/uploads\/2025\/07\/Tactical-Messenger-Bag-Factory-6.jpg",1500,1500,false],"thumbnail":["https:\/\/pecbag.com\/wp-content\/uploads\/2025\/07\/Tactical-Messenger-Bag-Factory-6-150x150.jpg",150,150,true],"medium":["https:\/\/pecbag.com\/wp-content\/uploads\/2025\/07\/Tactical-Messenger-Bag-Factory-6-300x300.jpg",300,300,true],"medium_large":["https:\/\/pecbag.com\/wp-content\/uploads\/2025\/07\/Tactical-Messenger-Bag-Factory-6-768x768.jpg",768,768,true],"large":["https:\/\/pecbag.com\/wp-content\/uploads\/2025\/07\/Tactical-Messenger-Bag-Factory-6-1024x1024.jpg",800,800,true],"1536x1536":["https:\/\/pecbag.com\/wp-content\/uploads\/2025\/07\/Tactical-Messenger-Bag-Factory-6.jpg",1500,1500,false],"2048x2048":["https:\/\/pecbag.com\/wp-content\/uploads\/2025\/07\/Tactical-Messenger-Bag-Factory-6.jpg",1500,1500,false],"trp-custom-language-flag":["https:\/\/pecbag.com\/wp-content\/uploads\/2025\/07\/Tactical-Messenger-Bag-Factory-6-12x12.jpg",12,12,true],"woocommerce_thumbnail":["https:\/\/pecbag.com\/wp-content\/uploads\/2025\/07\/Tactical-Messenger-Bag-Factory-6-300x300.jpg",300,300,true],"woocommerce_single":["https:\/\/pecbag.com\/wp-content\/uploads\/2025\/07\/Tactical-Messenger-Bag-Factory-6-600x600.jpg",600,600,true],"woocommerce_gallery_thumbnail":["https:\/\/pecbag.com\/wp-content\/uploads\/2025\/07\/Tactical-Messenger-Bag-Factory-6-100x100.jpg",100,100,true]},"uagb_author_info":{"display_name":"Lawrence","author_link":"https:\/\/pecbag.com\/fr\/author\/"},"uagb_comment_info":0,"uagb_excerpt":"Tactical Messenger Bag Factory 1. VARIOUS WAYS TO CARRY: Adjustable Padded shoulder strap and leather top handle help you carry easily &amp; comfortably to carry This works bag can be used not only as a messenger shoulder bag\/crossbody bag, but laptop briefcase\/commute bag\/satchel bag\/teacher bag. 2. MULTIFUNCTIONAL DESIGN: The computer bag is particularly designed for\u2026","_links":{"self":[{"href":"https:\/\/pecbag.com\/fr\/wp-json\/wp\/v2\/product\/5067","targetHints":{"allow":["GET"]}}],"collection":[{"href":"https:\/\/pecbag.com\/fr\/wp-json\/wp\/v2\/product"}],"about":[{"href":"https:\/\/pecbag.com\/fr\/wp-json\/wp\/v2\/types\/product"}],"wp:featuredmedia":[{"embeddable":true,"href":"https:\/\/pecbag.com\/fr\/wp-json\/wp\/v2\/media\/5071"}],"wp:attachment":[{"href":"https:\/\/pecbag.com\/fr\/wp-json\/wp\/v2\/media?parent=5067"}],"wp:term":[{"taxonomy":"product_brand","embeddable":true,"href":"https:\/\/pecbag.com\/fr\/wp-json\/wp\/v2\/product_brand?post=5067"},{"taxonomy":"product_cat","embeddable":true,"href":"https:\/\/pecbag.com\/fr\/wp-json\/wp\/v2\/product_cat?post=5067"},{"taxonomy":"product_tag","embeddable":true,"href":"https:\/\/pecbag.com\/fr\/wp-json\/wp\/v2\/product_tag?post=5067"}],"curies":[{"name":"wp","href":"https:\/\/api.w.org\/{rel}","templated":true}]}}