{"id":5074,"date":"2025-07-22T02:35:26","date_gmt":"2025-07-22T02:35:26","guid":{"rendered":"https:\/\/pecbag.com\/?post_type=product&#038;p=5074"},"modified":"2025-11-28T09:29:02","modified_gmt":"2025-11-28T09:29:02","slug":"sea-fishing-bag-factories","status":"publish","type":"product","link":"https:\/\/pecbag.com\/fr\/sea-fishing-bag-factories\/","title":{"rendered":"Fabrications de sacs de p\u00eache en mer"},"content":{"rendered":"<h5 title=\"Sac \u00e0 dos pliable pour chien Sac \u00e0 bandouli\u00e8re en maille respirante pour petit animal de compagnie Chien Chats\" data-immersive-translate-walked=\"1c928421-2e42-4cd3-8754-5404553c0af5\" data-immersive-translate-paragraph=\"1\" data-spm-anchor-id=\"a2700.details.0.i35.4f6757d4w4zNZA\">Fabricant de sacs \u00e0 dos r\u00e9sistants \u00e0 l'eau de mer et de sacs \u00e9tanches | Fabricants professionnels de sacs de p\u00eache en mer<\/h5>\n<div class=\"flex flex-grow flex-col max-w-full\">\n<div class=\"min-h-[20px] text-message flex w-full flex-col items-end gap-2 whitespace-pre-wrap break-words [.text-message+&amp;]:mt-5 overflow-x-auto\" dir=\"auto\" data-message-author-role=\"assistant\" data-message-id=\"3d7d46f6-7ec2-4222-9257-48fa0bba23c6\" data-suggestions=\"true\">\n<div class=\"flex w-full flex-col gap-1 empty:hidden first:pt-[3px]\">\n<div class=\"markdown prose w-full break-words dark:prose-invert light\">\n<p class=\"ds-markdown-paragraph\">Besoin de sacs de p\u00eache en mer r\u00e9sistants \u00e0 la corrosion ?<\/p>\n<p class=\"ds-markdown-paragraph\">En tant que fabricants de sacs de p\u00eache certifi\u00e9s ISO et experts en sacs imperm\u00e9ables en Chine, nous concevons des \u00e9quipements de qualit\u00e9 marine pour des marques internationales. Nous nous associons \u00e0 notre soci\u00e9t\u00e9 de sacs de p\u00eache pour :<\/p>\n<table width=\"288\">\n<tbody>\n<tr>\n<td width=\"137\"><span style=\"color: #333333;\">Nom des produits<\/span><\/td>\n<td width=\"151\">Sac de p\u00eache<\/td>\n<\/tr>\n<tr>\n<td><span style=\"color: #333333;\">Num\u00e9ro d'article<\/span><\/td>\n<td><span style=\"color: #333333;\">PB-2164<\/span><\/td>\n<\/tr>\n<tr>\n<td><span style=\"color: #333333;\">Mat\u00e9riau<\/span><\/td>\n<td>Polyester<\/td>\n<\/tr>\n<tr>\n<td><span style=\"color: #333333;\">Taille<\/span><\/td>\n<td>21,5 x 32 x 14cm<\/td>\n<\/tr>\n<tr>\n<td><span style=\"color: #333333;\">\u00a0D\u00e9lai de livraison<\/span><\/td>\n<td><span style=\"color: #333333;\">1-5 jours pour les petites quantit\u00e9s par voie a\u00e9rienne et 30-35 jours pour les grandes quantit\u00e9s par voie maritime.<\/span><\/td>\n<\/tr>\n<\/tbody>\n<\/table>\n<p class=\"ds-markdown-paragraph\">\u2705\u00a0<strong>Une performance pr\u00eate pour l'oc\u00e9an<\/strong><br \/>\n- Sacs de p\u00eache en mer r\u00e9sistants \u00e0 l'eau sal\u00e9e avec \u0153illets de drainage et fermetures \u00e0 glissi\u00e8re antirouille<br \/>\n- Sacs de p\u00eache en vrac \u00e0 partir de 300 unit\u00e9s (certifi\u00e9s corrosion par le CRRC)<\/p>\n<p class=\"ds-markdown-paragraph\">\u2705\u00a0<strong>Personnalisation de l'eau de mer<\/strong><br \/>\nSac de p\u00eache ODM\/OEM + Label priv\u00e9<br \/>\nPorte-cannes\/boucles pour mat\u00e9riel de plong\u00e9e (MOQ 300 pcs)<\/p>\n<p class=\"ds-markdown-paragraph\">\u2705\u00a0<strong>Pr\u00eat pour l'exportation<\/strong><br \/>\nSac de p\u00eache sans couture Export avec rapports d'essais SGS sur les brouillards salins<\/p>\n<p class=\"ds-markdown-paragraph\"><strong>Bord d'usine :<\/strong><br \/>\n\u2714 Sac de p\u00eache en vrac : 25% sur 500+ unit\u00e9s<br \/>\n\u2714 Prototypage en 7 jours avec tests de corrosion<br \/>\n\u2714 Portail des fournisseurs de sacs de p\u00eache Flux de CQ en direct<br \/>\n30 jours de production pour les programmes de grossistes en sacs de p\u00eache<\/p>\n<p class=\"ds-markdown-paragraph\">Votre fournisseur de confiance de sacs de p\u00eache - des usines de sacs de p\u00eache en mer aux quais internationaux.<\/p>\n<p class=\"ds-markdown-paragraph\">Demandez une vid\u00e9o gratuite de test de pulv\u00e9risation de sel !<\/p>\n<\/div>\n<\/div>\n<\/div>\n<\/div>","protected":false},"excerpt":{"rendered":"<h2 class=\"this-description-name\">Fabrications de sacs de p\u00eache en mer<\/h2>\n<div class=\"sliderTable mt10 mb10 sliderTable-index0\">\n<div class=\"inner\">\n<p>1. Sac de p\u00eache de grande capacit\u00e9, pouvant \u00eatre utilis\u00e9 pour ranger les moulinets de p\u00eache, les app\u00e2ts, les pinces, les hame\u00e7ons, les bo\u00eetes et d'autres articles de p\u00eache.<br \/>\n2. Fabriqu\u00e9 en polyester de haute qualit\u00e9, imperm\u00e9able et r\u00e9sistant \u00e0 la d\u00e9chirure, r\u00e9sistant \u00e0 l'usure et durable, il a une longue dur\u00e9e de vie.<br \/>\n3. Les poches frontales et lat\u00e9rales \u00e0 fermeture \u00e0 glissi\u00e8re permettent d'organiser et de prot\u00e9ger les objets, et sont faciles \u00e0 ouvrir et \u00e0 fermer.<br \/>\n4. Bandouli\u00e8re d\u00e9tachable et r\u00e9glable, confortable \u00e0 porter, peut \u00eatre utilis\u00e9e comme sac \u00e0 bandouli\u00e8re ou comme pochette.<br \/>\n5. Pochette en filet, facile d'acc\u00e8s pour les petits accessoires, permet de ranger efficacement les moulinets de p\u00eache.<\/p>\n<\/div>\n<\/div>","protected":false},"featured_media":5080,"template":"","meta":{"_uag_custom_page_level_css":""},"product_brand":[],"product_cat":[46,64],"product_tag":[],"class_list":{"0":"post-5074","1":"product","2":"type-product","3":"status-publish","4":"has-post-thumbnail","6":"product_cat-fishing-bag","7":"product_cat-shoulder-bag","9":"first","10":"instock","11":"shipping-taxable","12":"product-type-simple"},"uagb_featured_image_src":{"full":["https:\/\/pecbag.com\/wp-content\/uploads\/2025\/07\/Sea-Fishing-Bag-Factories-3.jpg",960,960,false],"thumbnail":["https:\/\/pecbag.com\/wp-content\/uploads\/2025\/07\/Sea-Fishing-Bag-Factories-3-150x150.jpg",150,150,true],"medium":["https:\/\/pecbag.com\/wp-content\/uploads\/2025\/07\/Sea-Fishing-Bag-Factories-3-300x300.jpg",300,300,true],"medium_large":["https:\/\/pecbag.com\/wp-content\/uploads\/2025\/07\/Sea-Fishing-Bag-Factories-3-768x768.jpg",768,768,true],"large":["https:\/\/pecbag.com\/wp-content\/uploads\/2025\/07\/Sea-Fishing-Bag-Factories-3.jpg",800,800,false],"1536x1536":["https:\/\/pecbag.com\/wp-content\/uploads\/2025\/07\/Sea-Fishing-Bag-Factories-3.jpg",960,960,false],"2048x2048":["https:\/\/pecbag.com\/wp-content\/uploads\/2025\/07\/Sea-Fishing-Bag-Factories-3.jpg",960,960,false],"trp-custom-language-flag":["https:\/\/pecbag.com\/wp-content\/uploads\/2025\/07\/Sea-Fishing-Bag-Factories-3-12x12.jpg",12,12,true],"woocommerce_thumbnail":["https:\/\/pecbag.com\/wp-content\/uploads\/2025\/07\/Sea-Fishing-Bag-Factories-3-300x300.jpg",300,300,true],"woocommerce_single":["https:\/\/pecbag.com\/wp-content\/uploads\/2025\/07\/Sea-Fishing-Bag-Factories-3-600x600.jpg",600,600,true],"woocommerce_gallery_thumbnail":["https:\/\/pecbag.com\/wp-content\/uploads\/2025\/07\/Sea-Fishing-Bag-Factories-3-100x100.jpg",100,100,true]},"uagb_author_info":{"display_name":"Lawrence","author_link":"https:\/\/pecbag.com\/fr\/author\/"},"uagb_comment_info":0,"uagb_excerpt":"Sea Fishing Bag Factories 1. Fishing bag with large capacity, can be used to store fishing reels, baits, pliers, hooks, boxes, and other fishing gear. 2. Made of high-quality polyester, waterproof and tear\u2011resistant, wear\u2011resistant and durable, it has a long service life. 3. Zipper front\/side pockets keep things organized and safe, easy to open and\u2026","_links":{"self":[{"href":"https:\/\/pecbag.com\/fr\/wp-json\/wp\/v2\/product\/5074","targetHints":{"allow":["GET"]}}],"collection":[{"href":"https:\/\/pecbag.com\/fr\/wp-json\/wp\/v2\/product"}],"about":[{"href":"https:\/\/pecbag.com\/fr\/wp-json\/wp\/v2\/types\/product"}],"wp:featuredmedia":[{"embeddable":true,"href":"https:\/\/pecbag.com\/fr\/wp-json\/wp\/v2\/media\/5080"}],"wp:attachment":[{"href":"https:\/\/pecbag.com\/fr\/wp-json\/wp\/v2\/media?parent=5074"}],"wp:term":[{"taxonomy":"product_brand","embeddable":true,"href":"https:\/\/pecbag.com\/fr\/wp-json\/wp\/v2\/product_brand?post=5074"},{"taxonomy":"product_cat","embeddable":true,"href":"https:\/\/pecbag.com\/fr\/wp-json\/wp\/v2\/product_cat?post=5074"},{"taxonomy":"product_tag","embeddable":true,"href":"https:\/\/pecbag.com\/fr\/wp-json\/wp\/v2\/product_tag?post=5074"}],"curies":[{"name":"wp","href":"https:\/\/api.w.org\/{rel}","templated":true}]}}