{"id":5083,"date":"2025-07-23T07:16:37","date_gmt":"2025-07-23T07:16:37","guid":{"rendered":"https:\/\/pecbag.com\/?post_type=product&#038;p=5083"},"modified":"2025-11-28T09:27:13","modified_gmt":"2025-11-28T09:27:13","slug":"medical-ems-first-responder-shoulder-bag","status":"publish","type":"product","link":"https:\/\/pecbag.com\/fr\/medical-ems-first-responder-shoulder-bag\/","title":{"rendered":"Sac \u00e0 bandouli\u00e8re m\u00e9dical EMS First Responder"},"content":{"rendered":"<h5 title=\"Sac \u00e0 dos pliable pour chien Sac \u00e0 bandouli\u00e8re en maille respirante pour petit animal de compagnie Chien Chats\" data-immersive-translate-walked=\"1c928421-2e42-4cd3-8754-5404553c0af5\" data-immersive-translate-paragraph=\"1\" data-spm-anchor-id=\"a2700.details.0.i35.4f6757d4w4zNZA\">Fabricant de sacs \u00e0 dos ISO &amp; Fabricant de sacs \u00e9tanches | Fournisseur de sacs \u00e0 bandouli\u00e8re m\u00e9dicaux certifi\u00e9s EMS First Responder<\/h5>\n<div class=\"flex flex-grow flex-col max-w-full\">\n<div class=\"min-h-[20px] text-message flex w-full flex-col items-end gap-2 whitespace-pre-wrap break-words [.text-message+&amp;]:mt-5 overflow-x-auto\" dir=\"auto\" data-message-author-role=\"assistant\" data-message-id=\"3d7d46f6-7ec2-4222-9257-48fa0bba23c6\" data-suggestions=\"true\">\n<div class=\"flex w-full flex-col gap-1 empty:hidden first:pt-[3px]\">\n<div class=\"markdown prose w-full break-words dark:prose-invert light\">\n<p class=\"ds-markdown-paragraph\">\u00c9quiper les premiers intervenants ?<\/p>\n<p class=\"ds-markdown-paragraph\">En tant que sp\u00e9cialistes des sacs \u00e0 bandouli\u00e8re pour secouristes m\u00e9dicaux enregistr\u00e9s aupr\u00e8s de la FDA et fabricants de sacs \u00e9tanches en Chine, nous fabriquons des \u00e9quipements de sauvetage pour les agences internationales. Nous nous associons \u00e0 notre soci\u00e9t\u00e9 de sacs pour secouristes pour :<\/p>\n<table width=\"288\">\n<tbody>\n<tr>\n<td width=\"137\"><span style=\"color: #333333;\">Nom des produits<\/span><\/td>\n<td width=\"151\">Sac \u00e0 bandouli\u00e8re<\/td>\n<\/tr>\n<tr>\n<td><span style=\"color: #333333;\">Num\u00e9ro d'article<\/span><\/td>\n<td><span style=\"color: #333333;\">PB-2165<\/span><\/td>\n<\/tr>\n<tr>\n<td><span style=\"color: #333333;\">Mat\u00e9riau<\/span><\/td>\n<td>Polyester 600D<\/td>\n<\/tr>\n<tr>\n<td><span style=\"color: #333333;\">Taille<\/span><\/td>\n<td>19 x 15 x 9 pouces<\/td>\n<\/tr>\n<tr>\n<td><span style=\"color: #333333;\">\u00a0D\u00e9lai de livraison<\/span><\/td>\n<td><span style=\"color: #333333;\">1-5 jours pour les petites quantit\u00e9s par voie a\u00e9rienne et 30-35 jours pour les grandes quantit\u00e9s par voie maritime.<\/span><\/td>\n<\/tr>\n<\/tbody>\n<\/table>\n<p class=\"ds-markdown-paragraph\">\u2705\u00a0<strong>Conception optimis\u00e9e par l'EMS<\/strong><br \/>\n- Compartiments conformes \u00e0 la norme HIPAA + onglets rouges en croix<br \/>\n- Doublure r\u00e9sistante au sang et aux produits chimiques (certifi\u00e9e ISO)<br \/>\n- Sac Responder command\u00e9 en vrac \u00e0 partir de 300 unit\u00e9s<\/p>\n<p class=\"ds-markdown-paragraph\">\u2705\u00a0<strong>Personnalisation de qualit\u00e9 m\u00e9dicale<\/strong><br \/>\nSac Responder ODM\/OEM + Label priv\u00e9<br \/>\nBoucles pour ciseaux de traumatologie\/pochettes pour DEA personnalis\u00e9es (MOQ 300 pcs)<\/p>\n<p class=\"ds-markdown-paragraph\">\u2705\u00a0<strong>Conformit\u00e9 mondiale<\/strong><br \/>\nSac Responder Export cl\u00e9 en main avec documents CE\/FDA<\/p>\n<p class=\"ds-markdown-paragraph\"><strong>Avantages de l'usine :<\/strong><br \/>\n- Remise en vrac sur le Responder Bag : 20% sur 500+ unit\u00e9s<br \/>\n- Prototypage en 10 jours avec tests de biocompatibilit\u00e9<br \/>\n- Portail des fournisseurs de sacs de secours : Flux en direct sur l'emballage st\u00e9rile<br \/>\n- Production en 35 jours pour les programmes Responder Bag Wholesaler<\/p>\n<p class=\"ds-markdown-paragraph\">Votre fournisseur de confiance de sacs pour secouristes - de l'usine de sacs \u00e0 bandouli\u00e8re pour secouristes m\u00e9dicaux EMS \u00e0 la ligne de front des urgences.<\/p>\n<p class=\"ds-markdown-paragraph\">Demandez un rapport de st\u00e9rilisation !<\/p>\n<\/div>\n<\/div>\n<\/div>\n<\/div>","protected":false},"excerpt":{"rendered":"<h2 class=\"this-description-name\">Sac \u00e0 bandouli\u00e8re m\u00e9dical EMS First Responder<\/h2>\n<div class=\"sliderTable mt10 mb10 sliderTable-index0\">\n<div class=\"inner\">\n<p>1. La double paroi rembourr\u00e9e prot\u00e8ge vos fournitures contre les dommages.<\/p>\n<p>2. Bande r\u00e9fl\u00e9chissante triple jaune\/argent avec renfort en cuir pour une meilleure visibilit\u00e9.<\/p>\n<p>3. Les s\u00e9parateurs en mousse amovibles du compartiment principal peuvent \u00eatre personnalis\u00e9s pour r\u00e9pondre \u00e0 vos besoins en termes d'espace.<\/p>\n<p>4. La sangle d'\u00e9paule rembourr\u00e9e comporte des bandes r\u00e9fl\u00e9chissantes cousues \u00e0 m\u00eame la sangle.<\/p>\n<p>5. Pochette en filet, facile d'acc\u00e8s pour les petits accessoires, permet de ranger efficacement les moulinets de p\u00eache.<\/p>\n<\/div>\n<\/div>","protected":false},"featured_media":5086,"template":"","meta":{"_uag_custom_page_level_css":""},"product_brand":[],"product_cat":[64],"product_tag":[],"class_list":{"0":"post-5083","1":"product","2":"type-product","3":"status-publish","4":"has-post-thumbnail","6":"product_cat-shoulder-bag","8":"first","9":"instock","10":"shipping-taxable","11":"product-type-simple"},"uagb_featured_image_src":{"full":["https:\/\/pecbag.com\/wp-content\/uploads\/2025\/07\/Medical-EMS-First-Responder-Shoulder-Bag-1.jpeg",2000,2000,false],"thumbnail":["https:\/\/pecbag.com\/wp-content\/uploads\/2025\/07\/Medical-EMS-First-Responder-Shoulder-Bag-1-150x150.jpeg",150,150,true],"medium":["https:\/\/pecbag.com\/wp-content\/uploads\/2025\/07\/Medical-EMS-First-Responder-Shoulder-Bag-1-300x300.jpeg",300,300,true],"medium_large":["https:\/\/pecbag.com\/wp-content\/uploads\/2025\/07\/Medical-EMS-First-Responder-Shoulder-Bag-1-768x768.jpeg",768,768,true],"large":["https:\/\/pecbag.com\/wp-content\/uploads\/2025\/07\/Medical-EMS-First-Responder-Shoulder-Bag-1-1024x1024.jpeg",800,800,true],"1536x1536":["https:\/\/pecbag.com\/wp-content\/uploads\/2025\/07\/Medical-EMS-First-Responder-Shoulder-Bag-1-1536x1536.jpeg",1536,1536,true],"2048x2048":["https:\/\/pecbag.com\/wp-content\/uploads\/2025\/07\/Medical-EMS-First-Responder-Shoulder-Bag-1.jpeg",2000,2000,false],"trp-custom-language-flag":["https:\/\/pecbag.com\/wp-content\/uploads\/2025\/07\/Medical-EMS-First-Responder-Shoulder-Bag-1-12x12.jpeg",12,12,true],"woocommerce_thumbnail":["https:\/\/pecbag.com\/wp-content\/uploads\/2025\/07\/Medical-EMS-First-Responder-Shoulder-Bag-1-300x300.jpeg",300,300,true],"woocommerce_single":["https:\/\/pecbag.com\/wp-content\/uploads\/2025\/07\/Medical-EMS-First-Responder-Shoulder-Bag-1-600x600.jpeg",600,600,true],"woocommerce_gallery_thumbnail":["https:\/\/pecbag.com\/wp-content\/uploads\/2025\/07\/Medical-EMS-First-Responder-Shoulder-Bag-1-100x100.jpeg",100,100,true]},"uagb_author_info":{"display_name":"Lawrence","author_link":"https:\/\/pecbag.com\/fr\/author\/"},"uagb_comment_info":0,"uagb_excerpt":"Medical EMS First Responder Shoulder Bag 1. Double-wall padded construction protects your supplies from damage. 2. Yellow\/Silver triple trim reflective striping with leather binding reinforcement for added visibility. 3. Removable foam dividers in the main compartment can be customized to fit your space needs. 4. Padded shoulder strap has reflective striping sewn right into the\u2026","_links":{"self":[{"href":"https:\/\/pecbag.com\/fr\/wp-json\/wp\/v2\/product\/5083","targetHints":{"allow":["GET"]}}],"collection":[{"href":"https:\/\/pecbag.com\/fr\/wp-json\/wp\/v2\/product"}],"about":[{"href":"https:\/\/pecbag.com\/fr\/wp-json\/wp\/v2\/types\/product"}],"wp:featuredmedia":[{"embeddable":true,"href":"https:\/\/pecbag.com\/fr\/wp-json\/wp\/v2\/media\/5086"}],"wp:attachment":[{"href":"https:\/\/pecbag.com\/fr\/wp-json\/wp\/v2\/media?parent=5083"}],"wp:term":[{"taxonomy":"product_brand","embeddable":true,"href":"https:\/\/pecbag.com\/fr\/wp-json\/wp\/v2\/product_brand?post=5083"},{"taxonomy":"product_cat","embeddable":true,"href":"https:\/\/pecbag.com\/fr\/wp-json\/wp\/v2\/product_cat?post=5083"},{"taxonomy":"product_tag","embeddable":true,"href":"https:\/\/pecbag.com\/fr\/wp-json\/wp\/v2\/product_tag?post=5083"}],"curies":[{"name":"wp","href":"https:\/\/api.w.org\/{rel}","templated":true}]}}