{"id":5090,"date":"2025-07-23T07:24:15","date_gmt":"2025-07-23T07:24:15","guid":{"rendered":"https:\/\/pecbag.com\/?post_type=product&#038;p=5090"},"modified":"2025-11-28T09:26:55","modified_gmt":"2025-11-28T09:26:55","slug":"china-sports-travel-bag-suppliers","status":"publish","type":"product","link":"https:\/\/pecbag.com\/fr\/china-sports-travel-bag-suppliers\/","title":{"rendered":"Fournisseurs de sacs de voyage pour le sport en Chine"},"content":{"rendered":"<h5 title=\"Sac \u00e0 dos pliable pour chien Sac \u00e0 bandouli\u00e8re en maille respirante pour petit animal de compagnie Chien Chats\" data-immersive-translate-walked=\"1c928421-2e42-4cd3-8754-5404553c0af5\" data-immersive-translate-paragraph=\"1\" data-spm-anchor-id=\"a2700.details.0.i35.4f6757d4w4zNZA\">Fabricant de sacs \u00e0 dos et de sacs imperm\u00e9ables | Fournisseurs de sacs de voyage en Chine<\/h5>\n<div class=\"flex flex-grow flex-col max-w-full\">\n<div class=\"min-h-[20px] text-message flex w-full flex-col items-end gap-2 whitespace-pre-wrap break-words [.text-message+&amp;]:mt-5 overflow-x-auto\" dir=\"auto\" data-message-author-role=\"assistant\" data-message-id=\"3d7d46f6-7ec2-4222-9257-48fa0bba23c6\" data-suggestions=\"true\">\n<div class=\"flex w-full flex-col gap-1 empty:hidden first:pt-[3px]\">\n<div class=\"markdown prose w-full break-words dark:prose-invert light\">\n<p class=\"ds-markdown-paragraph\">Vous avez besoin de fournisseurs fiables de sacs de voyage pour le sport en Chine ?<\/p>\n<p class=\"ds-markdown-paragraph\">En tant que fabricant de sacs de voyage et usine de sacs \u00e9tanches certifi\u00e9s ISO dans le Guangdong, nous fournissons des \u00e9quipements de haute performance \u00e0 des prix imbattables. Partenaire de notre soci\u00e9t\u00e9 de sacs de voyage pour :<\/p>\n<table width=\"288\">\n<tbody>\n<tr>\n<td width=\"137\"><span style=\"color: #333333;\">Nom des produits<\/span><\/td>\n<td width=\"151\">Sac de voyage<\/td>\n<\/tr>\n<tr>\n<td><span style=\"color: #333333;\">Num\u00e9ro d'article<\/span><\/td>\n<td><span style=\"color: #333333;\">PB-2166<\/span><\/td>\n<\/tr>\n<tr>\n<td><span style=\"color: #333333;\">Mat\u00e9riau<\/span><\/td>\n<td>polyester 600D<\/td>\n<\/tr>\n<tr>\n<td><span style=\"color: #333333;\">Taille<\/span><\/td>\n<td>18 x 9 x 9 pouces<\/td>\n<\/tr>\n<tr>\n<td><span style=\"color: #333333;\">\u00a0D\u00e9lai de livraison<\/span><\/td>\n<td><span style=\"color: #333333;\">1-5 jours pour les petites quantit\u00e9s par voie a\u00e9rienne et 30-35 jours pour les grandes quantit\u00e9s par voie maritime.<\/span><\/td>\n<\/tr>\n<\/tbody>\n<\/table>\n<p class=\"ds-markdown-paragraph\">\u2705\u00a0<strong>Avantages de l'offre chinoise<\/strong><br \/>\n- Sac de voyage en vrac 300+ pcs - 60% inf\u00e9rieur \u00e0 celui des fournisseurs am\u00e9ricains<br \/>\n- Frais de port DDP inclus pour l'exportation de sacs de voyage<br \/>\n- Conforme \u00e0 REACH\/CE<\/p>\n<p class=\"ds-markdown-paragraph\">\u2705\u00a0<strong>Solutions optimis\u00e9es pour le sport<\/strong><\/p>\n<ul>\n<li>\n<p class=\"ds-markdown-paragraph\">Sac de voyage ODM\/OEM + Label priv\u00e9 avec taille approuv\u00e9e par les compagnies a\u00e9riennes<\/p>\n<\/li>\n<li>\n<p class=\"ds-markdown-paragraph\">Fermetures \u00e9clair \u00e9tanches et coins antichocs<\/p>\n<\/li>\n<li>\n<p class=\"ds-markdown-paragraph\">MOQ 300 unit\u00e9s<\/p>\n<\/li>\n<\/ul>\n<p class=\"ds-markdown-paragraph\">\u2705\u00a0<strong>Avantages pour les fournisseurs<\/strong><br \/>\n\u2192 Portail des fournisseurs de sacs de voyage en Chine : Suivi des marchandises en temps r\u00e9el<br \/>\n\u2192 \u00c9chantillonnage en 7 jours avec envoi express<br \/>\n\u2192 Pr\u00e9paration FBA pour les partenaires grossistes en sacs de voyage<br \/>\n\u2192 \u00c9change de stocks morts pendant 30 jours<\/p>\n<p class=\"ds-markdown-paragraph\"><strong>Pourquoi plus de 2000 marques font confiance \u00e0 notre cha\u00eene d'approvisionnement en Chine :<\/strong><br \/>\n\u2714 Travel Bag Factory direct pricing - no agents<br \/>\n\u2714 Tissus sportifs certifi\u00e9s OEKO-TEX\u00ae.<br \/>\n\u2714 Syst\u00e8mes de fermeture conformes aux normes TSA<br \/>\nContr\u00f4le de qualit\u00e9 d\u00e9di\u00e9 aux r\u00e9seaux de vendeurs de sacs de voyage<\/p>\n<p class=\"ds-markdown-paragraph\">Votre fournisseur strat\u00e9gique de sacs de voyage pour le sport en Chine - de la production \u00e0 la livraison dans le monde entier. Chat pour les vid\u00e9os de visite de l'usine !<\/p>\n<\/div>\n<\/div>\n<\/div>\n<\/div>","protected":false},"excerpt":{"rendered":"<h2 class=\"this-description-name\">Fournisseurs de sacs de voyage pour le sport en Chine<\/h2>\n<div class=\"sliderTable mt10 mb10 sliderTable-index0\">\n<div class=\"inner\">\n<p>Ce sac de sport convient \u00e0 la salle de sport, aux voyages et \u00e0 d'autres \u00e9v\u00e9nements sportifs. Ce sac de sport est id\u00e9al pour la gym et les voyages ; il peut \u00eatre utilis\u00e9 comme sac \u00e0 bandouli\u00e8re, sac crois\u00e9 (selon la taille du corps) ou sac \u00e0 main gr\u00e2ce \u00e0 ses bretelles r\u00e9glables et amovibles ; il s'agit d'un sac de transport.<\/p>\n<p>Compartiment principal zipp\u00e9 avec poche frontale zipp\u00e9e, poign\u00e9e en velcro sur le dessus, deux poign\u00e9es lat\u00e9rales et un sac de sport \u00e0 bandouli\u00e8re amovible.<\/p>\n<\/div>\n<\/div>","protected":false},"featured_media":5091,"template":"","meta":{"_uag_custom_page_level_css":""},"product_brand":[],"product_cat":[68,64],"product_tag":[],"class_list":{"0":"post-5090","1":"product","2":"type-product","3":"status-publish","4":"has-post-thumbnail","6":"product_cat-travel-bag","7":"product_cat-shoulder-bag","9":"first","10":"instock","11":"shipping-taxable","12":"product-type-simple"},"uagb_featured_image_src":{"full":["https:\/\/pecbag.com\/wp-content\/uploads\/2025\/07\/China-Sports-Travel-Bag-Suppliers-4.jpg",800,800,false],"thumbnail":["https:\/\/pecbag.com\/wp-content\/uploads\/2025\/07\/China-Sports-Travel-Bag-Suppliers-4-150x150.jpg",150,150,true],"medium":["https:\/\/pecbag.com\/wp-content\/uploads\/2025\/07\/China-Sports-Travel-Bag-Suppliers-4-300x300.jpg",300,300,true],"medium_large":["https:\/\/pecbag.com\/wp-content\/uploads\/2025\/07\/China-Sports-Travel-Bag-Suppliers-4-768x768.jpg",768,768,true],"large":["https:\/\/pecbag.com\/wp-content\/uploads\/2025\/07\/China-Sports-Travel-Bag-Suppliers-4.jpg",800,800,false],"1536x1536":["https:\/\/pecbag.com\/wp-content\/uploads\/2025\/07\/China-Sports-Travel-Bag-Suppliers-4.jpg",800,800,false],"2048x2048":["https:\/\/pecbag.com\/wp-content\/uploads\/2025\/07\/China-Sports-Travel-Bag-Suppliers-4.jpg",800,800,false],"trp-custom-language-flag":["https:\/\/pecbag.com\/wp-content\/uploads\/2025\/07\/China-Sports-Travel-Bag-Suppliers-4-12x12.jpg",12,12,true],"woocommerce_thumbnail":["https:\/\/pecbag.com\/wp-content\/uploads\/2025\/07\/China-Sports-Travel-Bag-Suppliers-4-300x300.jpg",300,300,true],"woocommerce_single":["https:\/\/pecbag.com\/wp-content\/uploads\/2025\/07\/China-Sports-Travel-Bag-Suppliers-4-600x600.jpg",600,600,true],"woocommerce_gallery_thumbnail":["https:\/\/pecbag.com\/wp-content\/uploads\/2025\/07\/China-Sports-Travel-Bag-Suppliers-4-100x100.jpg",100,100,true]},"uagb_author_info":{"display_name":"Lawrence","author_link":"https:\/\/pecbag.com\/fr\/author\/"},"uagb_comment_info":0,"uagb_excerpt":"China Sports Travel Bag Suppliers This duffel bag is suitable for the Gym, travel, and other sports events. Sports duffel bag great for gym and traveling; can be used as a shoulder bag, crossbody bag (depending on body size), or hand-held pack with adjustable &amp; removable straps carry-on bag. Zippered main compartment with\/ zippered front\u2026","_links":{"self":[{"href":"https:\/\/pecbag.com\/fr\/wp-json\/wp\/v2\/product\/5090","targetHints":{"allow":["GET"]}}],"collection":[{"href":"https:\/\/pecbag.com\/fr\/wp-json\/wp\/v2\/product"}],"about":[{"href":"https:\/\/pecbag.com\/fr\/wp-json\/wp\/v2\/types\/product"}],"wp:featuredmedia":[{"embeddable":true,"href":"https:\/\/pecbag.com\/fr\/wp-json\/wp\/v2\/media\/5091"}],"wp:attachment":[{"href":"https:\/\/pecbag.com\/fr\/wp-json\/wp\/v2\/media?parent=5090"}],"wp:term":[{"taxonomy":"product_brand","embeddable":true,"href":"https:\/\/pecbag.com\/fr\/wp-json\/wp\/v2\/product_brand?post=5090"},{"taxonomy":"product_cat","embeddable":true,"href":"https:\/\/pecbag.com\/fr\/wp-json\/wp\/v2\/product_cat?post=5090"},{"taxonomy":"product_tag","embeddable":true,"href":"https:\/\/pecbag.com\/fr\/wp-json\/wp\/v2\/product_tag?post=5090"}],"curies":[{"name":"wp","href":"https:\/\/api.w.org\/{rel}","templated":true}]}}