{"id":5171,"date":"2025-07-24T01:32:06","date_gmt":"2025-07-24T01:32:06","guid":{"rendered":"https:\/\/pecbag.com\/?post_type=product&#038;p=5171"},"modified":"2025-11-28T09:26:40","modified_gmt":"2025-11-28T09:26:40","slug":"new-design-lightweight-fishing-backpack","status":"publish","type":"product","link":"https:\/\/pecbag.com\/fr\/new-design-lightweight-fishing-backpack\/","title":{"rendered":"Nouveau sac \u00e0 dos de p\u00eache l\u00e9ger"},"content":{"rendered":"<h5 title=\"Sac \u00e0 dos pliable pour chien Sac \u00e0 bandouli\u00e8re en maille respirante pour petit animal de compagnie Chien Chats\" data-immersive-translate-walked=\"1c928421-2e42-4cd3-8754-5404553c0af5\" data-immersive-translate-paragraph=\"1\" data-spm-anchor-id=\"a2700.details.0.i35.4f6757d4w4zNZA\">Fabricant de sacs \u00e0 dos innovants et de sacs \u00e9tanches | Sp\u00e9cialiste des sacs \u00e0 dos de p\u00eache l\u00e9gers et de conception nouvelle<\/h5>\n<div class=\"flex flex-grow flex-col max-w-full\">\n<div class=\"min-h-[20px] text-message flex w-full flex-col items-end gap-2 whitespace-pre-wrap break-words [.text-message+&amp;]:mt-5 overflow-x-auto\" dir=\"auto\" data-message-author-role=\"assistant\" data-message-id=\"3d7d46f6-7ec2-4222-9257-48fa0bba23c6\" data-suggestions=\"true\">\n<div class=\"flex w-full flex-col gap-1 empty:hidden first:pt-[3px]\">\n<div class=\"markdown prose w-full break-words dark:prose-invert light\">\n<p class=\"ds-markdown-paragraph\">Lancement du tout nouveau sac \u00e0 dos de p\u00eache l\u00e9ger ?<\/p>\n<p class=\"ds-markdown-paragraph\">En tant que fabricant de sacs de p\u00eache et de sacs \u00e9tanches en Chine, nous fabriquons des \u00e9quipements de pointe pour les p\u00eacheurs \u00e0 la ligne de moins de 1,1 kg. Partenaire de notre soci\u00e9t\u00e9 de sacs de p\u00eache pour :<\/p>\n<table width=\"288\">\n<tbody>\n<tr>\n<td width=\"137\"><span style=\"color: #333333;\">Nom des produits<\/span><\/td>\n<td width=\"151\">Sac de p\u00eache<\/td>\n<\/tr>\n<tr>\n<td><span style=\"color: #333333;\">Num\u00e9ro d'article<\/span><\/td>\n<td><span style=\"color: #333333;\">PB-2167<\/span><\/td>\n<\/tr>\n<tr>\n<td><span style=\"color: #333333;\">Mat\u00e9riau<\/span><\/td>\n<td>Polyester + mousse<\/td>\n<\/tr>\n<tr>\n<td><span style=\"color: #333333;\">Taille<\/span><\/td>\n<td>55 * 46 cm<\/td>\n<\/tr>\n<tr>\n<td><span style=\"color: #333333;\">\u00a0D\u00e9lai de livraison<\/span><\/td>\n<td><span style=\"color: #333333;\">1-5 jours pour les petites quantit\u00e9s par voie a\u00e9rienne et 30-35 jours pour les grandes quantit\u00e9s par voie maritime.<\/span><\/td>\n<\/tr>\n<\/tbody>\n<\/table>\n<p class=\"ds-markdown-paragraph\">\u2705\u00a0<strong>R\u00e9volution ultra-l\u00e9g\u00e8re<\/strong><br \/>\n- Cadre en fibre de carbone \u2726 Maille \u00e0 s\u00e9chage rapide - 30% plus l\u00e9ger que les sacs standard<br \/>\n- Sacs de p\u00eache en vrac \u00e0 partir de 200 unit\u00e9s (\u00e9tanch\u00e9it\u00e9 IPX7)<\/p>\n<p class=\"ds-markdown-paragraph\">\u2705\u00a0<strong>Caract\u00e9ristiques pour le p\u00eacheur \u00e0 la ligne<\/strong><\/p>\n<ul>\n<li>\n<p class=\"ds-markdown-paragraph\">Porte-cannes rotatifs + chambres \u00e0 app\u00e2ts \u00e9tanches<\/p>\n<\/li>\n<li>\n<p class=\"ds-markdown-paragraph\">Nouveau sac \u00e0 dos de p\u00eache l\u00e9ger avec sangles ergonomiques<\/p>\n<\/li>\n<li>\n<p class=\"ds-markdown-paragraph\">Voir le prototype en 3D en 72 heures !<\/p>\n<\/li>\n<\/ul>\n<p class=\"ds-markdown-paragraph\">\u2705\u00a0<strong>Puissance de production mondiale<\/strong><br \/>\nSac de p\u00eache ODM\/OEM + Label priv\u00e9<br \/>\nExportation de sacs de p\u00eache cl\u00e9s en main avec certifications<\/p>\n<p class=\"ds-markdown-paragraph\"><strong>Bord d'usine :<\/strong><br \/>\n\u2714 Sac de p\u00eache en vrac : 25% sur 500+ unit\u00e9s<br \/>\n\u2714 \u00c9chantillonnage rapide sur 5 jours<br \/>\n\u2714 Portail des fournisseurs de sacs de p\u00eache : Cam\u00e9ras d'atelier en direct<br \/>\n30 jours de production pour les programmes de grossistes en sacs de p\u00eache<\/p>\n<p class=\"ds-markdown-paragraph\">Votre premier fournisseur de sacs de p\u00eache pour l'innovation en mati\u00e8re de sacs \u00e0 dos de p\u00eache l\u00e9gers et de conception nouvelle - de la conception aux quais internationaux. Demandez votre kit d'\u00e9chantillons VIP !<\/p>\n<\/div>\n<\/div>\n<\/div>\n<\/div>","protected":false},"excerpt":{"rendered":"<h2 class=\"this-description-name\">Nouveau sac \u00e0 dos de p\u00eache l\u00e9ger<\/h2>\n<div class=\"sliderTable mt10 mb10 sliderTable-index0\">\n<div class=\"inner\">\n<div>1. 18 poches de rangement int\u00e9rieures et ext\u00e9rieures, dont 12 poches zipp\u00e9es avec fermetures \u00e0 glissi\u00e8re dissimul\u00e9es ; quatre petites poches en filet \u00e0 l'avant pour les bobines de fil, les bas de ligne ou d'autres accessoires ; une poche de rangement arri\u00e8re en filet compatible avec l'hydratation<\/div>\n<div><\/div>\n<div>2. La doublure int\u00e9rieure en maille l\u00e9g\u00e8re, la partie sup\u00e9rieure du dos et les bretelles rembourr\u00e9es offrent un confort et une respirabilit\u00e9 optimaux.<\/div>\n<div><\/div>\n<div>3. La sangle de sternum r\u00e9glable offre une alternative \u00e0 la fermeture \u00e0 boucle rapide ; les bretelles et les sangles de taille peuvent \u00eatre ajust\u00e9es pour un ajustement parfait.<\/div>\n<div><\/div>\n<div>4. La fente pour filet \u00e0 l'arri\u00e8re vous permet d'acc\u00e9der facilement \u00e0 votre \u00e9puisette ; l'anneau en D \u00e0 l'arri\u00e8re permet d'attacher un filet de p\u00eache si vous pr\u00e9f\u00e9rez utiliser un largueur de filet.<\/div>\n<\/div>\n<\/div>","protected":false},"featured_media":5172,"template":"","meta":{"_uag_custom_page_level_css":""},"product_brand":[],"product_cat":[46,60],"product_tag":[],"class_list":{"0":"post-5171","1":"product","2":"type-product","3":"status-publish","4":"has-post-thumbnail","6":"product_cat-fishing-bag","7":"product_cat-backpack","9":"first","10":"instock","11":"shipping-taxable","12":"product-type-simple"},"uagb_featured_image_src":{"full":["https:\/\/pecbag.com\/wp-content\/uploads\/2025\/07\/New-Design-Lightweight-Fishing-Backpack-3.jpg",720,666,false],"thumbnail":["https:\/\/pecbag.com\/wp-content\/uploads\/2025\/07\/New-Design-Lightweight-Fishing-Backpack-3-150x150.jpg",150,150,true],"medium":["https:\/\/pecbag.com\/wp-content\/uploads\/2025\/07\/New-Design-Lightweight-Fishing-Backpack-3-300x278.jpg",300,278,true],"medium_large":["https:\/\/pecbag.com\/wp-content\/uploads\/2025\/07\/New-Design-Lightweight-Fishing-Backpack-3.jpg",720,666,false],"large":["https:\/\/pecbag.com\/wp-content\/uploads\/2025\/07\/New-Design-Lightweight-Fishing-Backpack-3.jpg",720,666,false],"1536x1536":["https:\/\/pecbag.com\/wp-content\/uploads\/2025\/07\/New-Design-Lightweight-Fishing-Backpack-3.jpg",720,666,false],"2048x2048":["https:\/\/pecbag.com\/wp-content\/uploads\/2025\/07\/New-Design-Lightweight-Fishing-Backpack-3.jpg",720,666,false],"trp-custom-language-flag":["https:\/\/pecbag.com\/wp-content\/uploads\/2025\/07\/New-Design-Lightweight-Fishing-Backpack-3-13x12.jpg",13,12,true],"woocommerce_thumbnail":["https:\/\/pecbag.com\/wp-content\/uploads\/2025\/07\/New-Design-Lightweight-Fishing-Backpack-3-300x300.jpg",300,300,true],"woocommerce_single":["https:\/\/pecbag.com\/wp-content\/uploads\/2025\/07\/New-Design-Lightweight-Fishing-Backpack-3-600x555.jpg",600,555,true],"woocommerce_gallery_thumbnail":["https:\/\/pecbag.com\/wp-content\/uploads\/2025\/07\/New-Design-Lightweight-Fishing-Backpack-3-100x100.jpg",100,100,true]},"uagb_author_info":{"display_name":"Lawrence","author_link":"https:\/\/pecbag.com\/fr\/author\/"},"uagb_comment_info":0,"uagb_excerpt":"New Design Lightweight Fishing Backpack 1. 18 interior and exterior storage pockets, including 12 zippered pockets with smooth concealed zippers; Four small front mesh pockets for tippet spools, leaders, or other accessories; one hydration-compatible rear mesh storage pocket 2. Lightweight mesh inner lining, padded upper back and shoulder straps provide the ultimate in comfort and\u2026","_links":{"self":[{"href":"https:\/\/pecbag.com\/fr\/wp-json\/wp\/v2\/product\/5171","targetHints":{"allow":["GET"]}}],"collection":[{"href":"https:\/\/pecbag.com\/fr\/wp-json\/wp\/v2\/product"}],"about":[{"href":"https:\/\/pecbag.com\/fr\/wp-json\/wp\/v2\/types\/product"}],"wp:featuredmedia":[{"embeddable":true,"href":"https:\/\/pecbag.com\/fr\/wp-json\/wp\/v2\/media\/5172"}],"wp:attachment":[{"href":"https:\/\/pecbag.com\/fr\/wp-json\/wp\/v2\/media?parent=5171"}],"wp:term":[{"taxonomy":"product_brand","embeddable":true,"href":"https:\/\/pecbag.com\/fr\/wp-json\/wp\/v2\/product_brand?post=5171"},{"taxonomy":"product_cat","embeddable":true,"href":"https:\/\/pecbag.com\/fr\/wp-json\/wp\/v2\/product_cat?post=5171"},{"taxonomy":"product_tag","embeddable":true,"href":"https:\/\/pecbag.com\/fr\/wp-json\/wp\/v2\/product_tag?post=5171"}],"curies":[{"name":"wp","href":"https:\/\/api.w.org\/{rel}","templated":true}]}}