{"id":5177,"date":"2025-07-24T01:43:20","date_gmt":"2025-07-24T01:43:20","guid":{"rendered":"https:\/\/pecbag.com\/?post_type=product&#038;p=5177"},"modified":"2025-11-28T09:26:25","modified_gmt":"2025-11-28T09:26:25","slug":"large-durable-fishing-tackle-backpack","status":"publish","type":"product","link":"https:\/\/pecbag.com\/fr\/large-durable-fishing-tackle-backpack\/","title":{"rendered":"Grand sac \u00e0 dos durable pour mat\u00e9riel de p\u00eache"},"content":{"rendered":"<h5 title=\"Sac \u00e0 dos pliable pour chien Sac \u00e0 bandouli\u00e8re en maille respirante pour petit animal de compagnie Chien Chats\" data-immersive-translate-walked=\"1c928421-2e42-4cd3-8754-5404553c0af5\" data-immersive-translate-paragraph=\"1\" data-spm-anchor-id=\"a2700.details.0.i35.4f6757d4w4zNZA\">Fabricant de sacs \u00e0 dos robustes et de sacs \u00e9tanches | Sp\u00e9cialiste des sacs \u00e0 dos durables pour articles de p\u00eache<\/h5>\n<div class=\"flex flex-grow flex-col max-w-full\">\n<div class=\"min-h-[20px] text-message flex w-full flex-col items-end gap-2 whitespace-pre-wrap break-words [.text-message+&amp;]:mt-5 overflow-x-auto\" dir=\"auto\" data-message-author-role=\"assistant\" data-message-id=\"3d7d46f6-7ec2-4222-9257-48fa0bba23c6\" data-suggestions=\"true\">\n<div class=\"flex w-full flex-col gap-1 empty:hidden first:pt-[3px]\">\n<div class=\"markdown prose w-full break-words dark:prose-invert light\">\n<p class=\"ds-markdown-paragraph\">Besoin d'un espace de rangement durable ?<\/p>\n<p class=\"ds-markdown-paragraph\">En tant que fabricant de sacs de p\u00eache et de sacs \u00e9tanches en Chine, nous concevons des solutions de sacs \u00e0 dos de p\u00eache extra-larges 45L+. Partenaire de notre soci\u00e9t\u00e9 de sac de p\u00eache pour :<\/p>\n<table width=\"288\">\n<tbody>\n<tr>\n<td width=\"137\"><span style=\"color: #333333;\">Nom des produits<\/span><\/td>\n<td width=\"151\">Sac de p\u00eache<\/td>\n<\/tr>\n<tr>\n<td><span style=\"color: #333333;\">Num\u00e9ro d'article<\/span><\/td>\n<td><span style=\"color: #333333;\">PB-2168<\/span><\/td>\n<\/tr>\n<tr>\n<td><span style=\"color: #333333;\">Mat\u00e9riau<\/span><\/td>\n<td>Polyester 600D<\/td>\n<\/tr>\n<tr>\n<td><span style=\"color: #333333;\">Taille<\/span><\/td>\n<td>Sur mesure<\/td>\n<\/tr>\n<tr>\n<td><span style=\"color: #333333;\">\u00a0D\u00e9lai de livraison<\/span><\/td>\n<td><span style=\"color: #333333;\">1-5 jours pour les petites quantit\u00e9s par voie a\u00e9rienne et 30-35 jours pour les grandes quantit\u00e9s par voie maritime.<\/span><\/td>\n<\/tr>\n<\/tbody>\n<\/table>\n<p class=\"ds-markdown-paragraph\">\u2705\u00a0<strong>Capacit\u00e9 de r\u00e9sistance industrielle<\/strong><br \/>\n- Sac \u00e0 dos pour mat\u00e9riel de p\u00eache en nylon balistique 1680D avec cadre en aluminium<br \/>\n- Indice d'\u00e9tanch\u00e9it\u00e9 IPX8 + doublure anti-moisissure<br \/>\n- Sacs de p\u00eache en vrac \u00e0 partir de 150 unit\u00e9s<\/p>\n<p class=\"ds-markdown-paragraph\">\u2705\u00a0<strong>Caract\u00e9ristiques du Pro Angler<\/strong><\/p>\n<ul>\n<li>\n<p class=\"ds-markdown-paragraph\">Emplacements de bo\u00eetes Plano\u00ae personnalisables + porte-cannes \u00e0 p\u00eache r\u00e9tractables<\/p>\n<\/li>\n<li>\n<p class=\"ds-markdown-paragraph\">Grand sac \u00e0 dos durable pour mat\u00e9riel de p\u00eache avec syst\u00e8me de suspension ergonomique<\/p>\n<\/li>\n<li>\n<p class=\"ds-markdown-paragraph\">Voir les vid\u00e9os des tests de charge !<\/p>\n<\/li>\n<\/ul>\n<p class=\"ds-markdown-paragraph\">\u2705\u00a0<strong>Production mondiale<\/strong><br \/>\nSac de p\u00eache ODM\/OEM + Label priv\u00e9<br \/>\nExportation de sacs de p\u00eache cl\u00e9s en main avec certifications<\/p>\n<p class=\"ds-markdown-paragraph\"><strong>Bord d'usine :<\/strong><br \/>\n\u2714 Sac de p\u00eache en vrac : 30% sur 300+ unit\u00e9s<br \/>\nPrototypage en 7 jours avec tests de poids (capacit\u00e9 de 50 kg)<br \/>\n\u2714 Portail des fournisseurs de sacs de p\u00eache : Test de durabilit\u00e9 en direct<br \/>\n35 jours de production pour les programmes des grossistes en sacs de p\u00eache<\/p>\n<p class=\"ds-markdown-paragraph\">Votre premier fournisseur de sacs de p\u00eache pour des solutions de sac \u00e0 dos de p\u00eache durables - de l'atelier aux cours d'eau.<\/p>\n<p class=\"ds-markdown-paragraph\">Demandez un organisateur de plaquage gratuit !<\/p>\n<\/div>\n<\/div>\n<\/div>\n<\/div>","protected":false},"excerpt":{"rendered":"<h2 class=\"this-description-name\">Grand sac \u00e0 dos durable pour mat\u00e9riel de p\u00eache<\/h2>\n<div class=\"sliderTable mt10 mb10 sliderTable-index0\">\n<div class=\"inner\">\n<div>1. Durable et r\u00e9sistant \u00e0 l'eau - Le sac de p\u00eache est fabriqu\u00e9 en polyester 1000D imperm\u00e9able et r\u00e9sistant, avec des fermetures \u00e0 glissi\u00e8re et des boucles robustes, ce qui le rend id\u00e9al pour une utilisation intensive. La poche int\u00e9rieure transparente \u00e0 fermeture \u00e9clair sous le couvercle permet de garder vos permis et autres objets de valeur visibles et en s\u00e9curit\u00e9. La housse de pluie rang\u00e9e dans la poche arri\u00e8re peut \u00eatre utilis\u00e9e en cas de pluie pour garder vos affaires au sec.<\/div>\n<div><\/div>\n<div>\n<p>2. Grande capacit\u00e9 - Le sac de p\u00eache a une tr\u00e8s grande capacit\u00e9. Le grand compartiment principal, dot\u00e9 d'un s\u00e9parateur amovible, permet de convertir le sac en sac \u00e0 dos pour le rangement d'articles plus volumineux. Deux poches frontales \u00e0 fermeture \u00e9clair, quatre poches lat\u00e9rales \u00e0 fermeture \u00e9clair, deux poches en filet et un sac de taille permettent de transporter et de ranger de nombreux accessoires.<\/p>\n<\/div>\n<div>\n<p>3. Conception confortable et ergonomique - Le panneau arri\u00e8re plus \u00e9pais, rembourr\u00e9 et respirant et les bretelles ergonomiques offrent un meilleur confort lors du transport. Le sac de taille peut \u00eatre rang\u00e9 sur le panneau arri\u00e8re et utilis\u00e9 comme ceinture avec un confort suppl\u00e9mentaire. Les bandes r\u00e9fl\u00e9chissantes \u00e0 l'avant vous prot\u00e8gent la nuit.<\/p>\n<\/div>\n<div>4. Fond anti-rayures - Des patins robustes prot\u00e8gent le sac \u00e0 dos contre les rayures sur les sols rocailleux ou humides.<\/div>\n<\/div>\n<\/div>","protected":false},"featured_media":5179,"template":"","meta":{"_uag_custom_page_level_css":""},"product_brand":[],"product_cat":[46,60],"product_tag":[],"class_list":{"0":"post-5177","1":"product","2":"type-product","3":"status-publish","4":"has-post-thumbnail","6":"product_cat-fishing-bag","7":"product_cat-backpack","9":"first","10":"instock","11":"shipping-taxable","12":"product-type-simple"},"uagb_featured_image_src":{"full":["https:\/\/pecbag.com\/wp-content\/uploads\/2025\/07\/Large-Durable-Fishing-Tackle-Backpack-3.jpg",500,500,false],"thumbnail":["https:\/\/pecbag.com\/wp-content\/uploads\/2025\/07\/Large-Durable-Fishing-Tackle-Backpack-3-150x150.jpg",150,150,true],"medium":["https:\/\/pecbag.com\/wp-content\/uploads\/2025\/07\/Large-Durable-Fishing-Tackle-Backpack-3-300x300.jpg",300,300,true],"medium_large":["https:\/\/pecbag.com\/wp-content\/uploads\/2025\/07\/Large-Durable-Fishing-Tackle-Backpack-3.jpg",500,500,false],"large":["https:\/\/pecbag.com\/wp-content\/uploads\/2025\/07\/Large-Durable-Fishing-Tackle-Backpack-3.jpg",500,500,false],"1536x1536":["https:\/\/pecbag.com\/wp-content\/uploads\/2025\/07\/Large-Durable-Fishing-Tackle-Backpack-3.jpg",500,500,false],"2048x2048":["https:\/\/pecbag.com\/wp-content\/uploads\/2025\/07\/Large-Durable-Fishing-Tackle-Backpack-3.jpg",500,500,false],"trp-custom-language-flag":["https:\/\/pecbag.com\/wp-content\/uploads\/2025\/07\/Large-Durable-Fishing-Tackle-Backpack-3-12x12.jpg",12,12,true],"woocommerce_thumbnail":["https:\/\/pecbag.com\/wp-content\/uploads\/2025\/07\/Large-Durable-Fishing-Tackle-Backpack-3-300x300.jpg",300,300,true],"woocommerce_single":["https:\/\/pecbag.com\/wp-content\/uploads\/2025\/07\/Large-Durable-Fishing-Tackle-Backpack-3.jpg",500,500,false],"woocommerce_gallery_thumbnail":["https:\/\/pecbag.com\/wp-content\/uploads\/2025\/07\/Large-Durable-Fishing-Tackle-Backpack-3-100x100.jpg",100,100,true]},"uagb_author_info":{"display_name":"Lawrence","author_link":"https:\/\/pecbag.com\/fr\/author\/"},"uagb_comment_info":0,"uagb_excerpt":"Large Durable Fishing Tackle Backpack 1. Durable &amp; Water Resistance - The fishing tackle bag is made of waterproof, strong 1000D polyester with heavy-duty zippers and buckles, making it ideal for rough use. Clear zippered interior pocket under the lid keeps your licenses and other valuables visible and secure. The rain cover stored in the\u2026","_links":{"self":[{"href":"https:\/\/pecbag.com\/fr\/wp-json\/wp\/v2\/product\/5177","targetHints":{"allow":["GET"]}}],"collection":[{"href":"https:\/\/pecbag.com\/fr\/wp-json\/wp\/v2\/product"}],"about":[{"href":"https:\/\/pecbag.com\/fr\/wp-json\/wp\/v2\/types\/product"}],"wp:featuredmedia":[{"embeddable":true,"href":"https:\/\/pecbag.com\/fr\/wp-json\/wp\/v2\/media\/5179"}],"wp:attachment":[{"href":"https:\/\/pecbag.com\/fr\/wp-json\/wp\/v2\/media?parent=5177"}],"wp:term":[{"taxonomy":"product_brand","embeddable":true,"href":"https:\/\/pecbag.com\/fr\/wp-json\/wp\/v2\/product_brand?post=5177"},{"taxonomy":"product_cat","embeddable":true,"href":"https:\/\/pecbag.com\/fr\/wp-json\/wp\/v2\/product_cat?post=5177"},{"taxonomy":"product_tag","embeddable":true,"href":"https:\/\/pecbag.com\/fr\/wp-json\/wp\/v2\/product_tag?post=5177"}],"curies":[{"name":"wp","href":"https:\/\/api.w.org\/{rel}","templated":true}]}}