{"id":5216,"date":"2025-07-28T09:42:06","date_gmt":"2025-07-28T09:42:06","guid":{"rendered":"https:\/\/pecbag.com\/?post_type=product&#038;p=5216"},"modified":"2025-11-28T09:26:07","modified_gmt":"2025-11-28T09:26:07","slug":"water-resistant-fishing-bag-factory","status":"publish","type":"product","link":"https:\/\/pecbag.com\/fr\/water-resistant-fishing-bag-factory\/","title":{"rendered":"Sac de p\u00eache r\u00e9sistant \u00e0 l'eau Factory"},"content":{"rendered":"<h5 title=\"Sac \u00e0 dos pliable pour chien Sac \u00e0 bandouli\u00e8re en maille respirante pour petit animal de compagnie Chien Chats\" data-immersive-translate-walked=\"1c928421-2e42-4cd3-8754-5404553c0af5\" data-immersive-translate-paragraph=\"1\" data-spm-anchor-id=\"a2700.details.0.i35.4f6757d4w4zNZA\">Fabricant professionnel de sacs \u00e0 dos et de sacs \u00e9tanches | Fabricant expert de sacs de p\u00eache r\u00e9sistants \u00e0 l'eau<\/h5>\n<div class=\"flex flex-grow flex-col max-w-full\">\n<div class=\"min-h-[20px] text-message flex w-full flex-col items-end gap-2 whitespace-pre-wrap break-words [.text-message+&amp;]:mt-5 overflow-x-auto\" dir=\"auto\" data-message-author-role=\"assistant\" data-message-id=\"3d7d46f6-7ec2-4222-9257-48fa0bba23c6\" data-suggestions=\"true\">\n<div class=\"flex w-full flex-col gap-1 empty:hidden first:pt-[3px]\">\n<div class=\"markdown prose w-full break-words dark:prose-invert light\">\n<p class=\"ds-markdown-paragraph\">Besoin d'une protection fiable de l'eau ?<\/p>\n<p class=\"ds-markdown-paragraph\">En tant qu'appareil IPX7, le <strong>Sac de p\u00eache r\u00e9sistant \u00e0 l'eau Factory<\/strong>\u00a0et\u00a0<strong>Fabrique de sacs \u00e9tanches<\/strong>\u00a0en\u00a0<strong>Sac de p\u00eache Chine<\/strong>Nous concevons des \u00e9quipements de p\u00eache pr\u00eats \u00e0 \u00eatre utilis\u00e9s sous la pluie. Partenaire de notre\u00a0<strong>Fishing Bag Company<\/strong>\u00a0pour :<\/p>\n<table width=\"288\">\n<tbody>\n<tr>\n<td width=\"137\"><span style=\"color: #333333;\">Nom des produits<\/span><\/td>\n<td width=\"151\">Sac de p\u00eache<\/td>\n<\/tr>\n<tr>\n<td><span style=\"color: #333333;\">Num\u00e9ro d'article<\/span><\/td>\n<td><span style=\"color: #333333;\">PB-2169<\/span><\/td>\n<\/tr>\n<tr>\n<td><span style=\"color: #333333;\">Mat\u00e9riau<\/span><\/td>\n<td>Polyester 600D<\/td>\n<\/tr>\n<tr>\n<td><span style=\"color: #333333;\">Taille<\/span><\/td>\n<td>20.8\u2033x15.2\u2033x11.4\u2033<\/td>\n<\/tr>\n<tr>\n<td><span style=\"color: #333333;\">\u00a0D\u00e9lai de livraison<\/span><\/td>\n<td><span style=\"color: #333333;\">1-5 jours pour les petites quantit\u00e9s par voie a\u00e9rienne et 30-35 jours pour les grandes quantit\u00e9s par voie maritime.<\/span><\/td>\n<\/tr>\n<\/tbody>\n<\/table>\n<p class=\"ds-markdown-paragraph\">\u2705\u00a0<strong>D\u00e9fense avanc\u00e9e contre l'eau<\/strong><br \/>\n- Sacs de p\u00eache r\u00e9sistants \u00e0 l'eau avec rev\u00eatement PU de 3000 mm et coutures \u00e9tanches<br \/>\n- Syst\u00e8mes de drainage \u00e0 s\u00e9chage rapide + quincaillerie antirouille<br \/>\n- Sacs de p\u00eache en vrac \u00e0 partir de 200 unit\u00e9s<\/p>\n<p class=\"ds-markdown-paragraph\">\u2705\u00a0<strong>Personnalisation en usine<\/strong><br \/>\nSac de p\u00eache ODM\/OEM + Label priv\u00e9<br \/>\nPorte-cannes \u00e0 p\u00eache\/isolation sur mesure (MOQ 200 pcs)<\/p>\n<p class=\"ds-markdown-paragraph\">\u2705\u00a0<strong>Une production pr\u00eate pour l'exportation<\/strong><br \/>\nSac de p\u00eache sans couture Export avec rapports d'analyse de l'eau SGS<\/p>\n<p class=\"ds-markdown-paragraph\"><strong>Bord d'usine :<\/strong><br \/>\n\u2714 Sac de p\u00eache en vrac : 25% sur 300+ unit\u00e9s<br \/>\nPrototypage en 5 jours avec essais en chambre de pluie<br \/>\n\u2714 Portail des fournisseurs de sacs de p\u00eache : Test d'\u00e9tanch\u00e9it\u00e9 en direct<br \/>\n30 jours de production pour les programmes de grossistes en sacs de p\u00eache<\/p>\n<p class=\"ds-markdown-paragraph\">Votre fournisseur de confiance de sacs de p\u00eache - de l'usine de sacs de p\u00eache r\u00e9sistants \u00e0 l'eau aux voies navigables du monde entier.<\/p>\n<p class=\"ds-markdown-paragraph\">Demandez une vid\u00e9o de d\u00e9monstration gratuite sur l'\u00e9tanch\u00e9it\u00e9 !<\/p>\n<\/div>\n<\/div>\n<\/div>\n<\/div>","protected":false},"excerpt":{"rendered":"<h2 class=\"this-description-name\">Sac de p\u00eache r\u00e9sistant \u00e0 l'eau Factory<\/h2>\n<div class=\"sliderTable mt10 mb10 sliderTable-index0\">\n<div class=\"inner\">\n<div>\n<div>1. <strong>Conception multifonctionnelle<\/strong>: Le sac de p\u00eache a un design flexible pour r\u00e9pondre \u00e0 vos besoins de p\u00eache en eau douce et en eau sal\u00e9e. Ce sac de p\u00eache peut \u00eatre utilis\u00e9 comme sac de taille, sac transversal, sac \u00e0 bandouli\u00e8re ou sac de poitrine.<\/div>\n<\/div>\n<div>2. <strong>Large espace de stockage<\/strong>: Ce sac banane poss\u00e8de un total de 5 poches pour trier et ranger facilement votre mat\u00e9riel de p\u00eache. Le point d'accroche d\u00e9tachable sur la ceinture est con\u00e7u pour un acc\u00e8s facile.<\/div>\n<\/div>\n<\/div>","protected":false},"featured_media":5218,"template":"","meta":{"_uag_custom_page_level_css":""},"product_brand":[],"product_cat":[46],"product_tag":[],"class_list":{"0":"post-5216","1":"product","2":"type-product","3":"status-publish","4":"has-post-thumbnail","6":"product_cat-fishing-bag","8":"first","9":"instock","10":"shipping-taxable","11":"product-type-simple"},"uagb_featured_image_src":{"full":["https:\/\/pecbag.com\/wp-content\/uploads\/2025\/07\/Water-Resistant-Fishing-Bag-Factory-1.jpg",800,800,false],"thumbnail":["https:\/\/pecbag.com\/wp-content\/uploads\/2025\/07\/Water-Resistant-Fishing-Bag-Factory-1-150x150.jpg",150,150,true],"medium":["https:\/\/pecbag.com\/wp-content\/uploads\/2025\/07\/Water-Resistant-Fishing-Bag-Factory-1-300x300.jpg",300,300,true],"medium_large":["https:\/\/pecbag.com\/wp-content\/uploads\/2025\/07\/Water-Resistant-Fishing-Bag-Factory-1-768x768.jpg",768,768,true],"large":["https:\/\/pecbag.com\/wp-content\/uploads\/2025\/07\/Water-Resistant-Fishing-Bag-Factory-1.jpg",800,800,false],"1536x1536":["https:\/\/pecbag.com\/wp-content\/uploads\/2025\/07\/Water-Resistant-Fishing-Bag-Factory-1.jpg",800,800,false],"2048x2048":["https:\/\/pecbag.com\/wp-content\/uploads\/2025\/07\/Water-Resistant-Fishing-Bag-Factory-1.jpg",800,800,false],"trp-custom-language-flag":["https:\/\/pecbag.com\/wp-content\/uploads\/2025\/07\/Water-Resistant-Fishing-Bag-Factory-1-12x12.jpg",12,12,true],"woocommerce_thumbnail":["https:\/\/pecbag.com\/wp-content\/uploads\/2025\/07\/Water-Resistant-Fishing-Bag-Factory-1-300x300.jpg",300,300,true],"woocommerce_single":["https:\/\/pecbag.com\/wp-content\/uploads\/2025\/07\/Water-Resistant-Fishing-Bag-Factory-1-600x600.jpg",600,600,true],"woocommerce_gallery_thumbnail":["https:\/\/pecbag.com\/wp-content\/uploads\/2025\/07\/Water-Resistant-Fishing-Bag-Factory-1-100x100.jpg",100,100,true]},"uagb_author_info":{"display_name":"Lawrence","author_link":"https:\/\/pecbag.com\/fr\/author\/"},"uagb_comment_info":0,"uagb_excerpt":"Water Resistant Fishing Bag Factory 1. Multifunctional design: The fishing tackle bag has a flexible design to meet your fishing needs in both freshwater and saltwater. This fishing tackle bag can be used as a waist bag, crossbody bag, shoulder bag, or chest bag. 2. Ample storage space: This fanny pack has a total of\u2026","_links":{"self":[{"href":"https:\/\/pecbag.com\/fr\/wp-json\/wp\/v2\/product\/5216","targetHints":{"allow":["GET"]}}],"collection":[{"href":"https:\/\/pecbag.com\/fr\/wp-json\/wp\/v2\/product"}],"about":[{"href":"https:\/\/pecbag.com\/fr\/wp-json\/wp\/v2\/types\/product"}],"wp:featuredmedia":[{"embeddable":true,"href":"https:\/\/pecbag.com\/fr\/wp-json\/wp\/v2\/media\/5218"}],"wp:attachment":[{"href":"https:\/\/pecbag.com\/fr\/wp-json\/wp\/v2\/media?parent=5216"}],"wp:term":[{"taxonomy":"product_brand","embeddable":true,"href":"https:\/\/pecbag.com\/fr\/wp-json\/wp\/v2\/product_brand?post=5216"},{"taxonomy":"product_cat","embeddable":true,"href":"https:\/\/pecbag.com\/fr\/wp-json\/wp\/v2\/product_cat?post=5216"},{"taxonomy":"product_tag","embeddable":true,"href":"https:\/\/pecbag.com\/fr\/wp-json\/wp\/v2\/product_tag?post=5216"}],"curies":[{"name":"wp","href":"https:\/\/api.w.org\/{rel}","templated":true}]}}