{"id":5223,"date":"2025-07-29T01:34:14","date_gmt":"2025-07-29T01:34:14","guid":{"rendered":"https:\/\/pecbag.com\/?post_type=product&#038;p=5223"},"modified":"2025-11-28T09:23:13","modified_gmt":"2025-11-28T09:23:13","slug":"customized-solid-bag-fishing-supplier","status":"publish","type":"product","link":"https:\/\/pecbag.com\/fr\/customized-solid-bag-fishing-supplier\/","title":{"rendered":"Sac solide personnalis\u00e9 Fournisseur de p\u00eache"},"content":{"rendered":"<h5 title=\"Sac \u00e0 dos pliable pour chien Sac \u00e0 bandouli\u00e8re en maille respirante pour petit animal de compagnie Chien Chats\" data-immersive-translate-walked=\"1c928421-2e42-4cd3-8754-5404553c0af5\" data-immersive-translate-paragraph=\"1\" data-spm-anchor-id=\"a2700.details.0.i35.4f6757d4w4zNZA\">Fabricant de sacs \u00e0 dos durables et de sacs imperm\u00e9ables | Fournisseur expert de sacs solides sur mesure<\/h5>\n<div class=\"flex flex-grow flex-col max-w-full\">\n<div class=\"min-h-[20px] text-message flex w-full flex-col items-end gap-2 whitespace-pre-wrap break-words [.text-message+&amp;]:mt-5 overflow-x-auto\" dir=\"auto\" data-message-author-role=\"assistant\" data-message-id=\"3d7d46f6-7ec2-4222-9257-48fa0bba23c6\" data-suggestions=\"true\">\n<div class=\"flex w-full flex-col gap-1 empty:hidden first:pt-[3px]\">\n<div class=\"markdown prose w-full break-words dark:prose-invert light\">\n<p class=\"ds-markdown-paragraph\">Besoin d'un \u00e9quipement de p\u00eache robuste et personnalis\u00e9 ? En tant que fournisseur de sacs de p\u00eache solides personnalis\u00e9s et fabricant de sacs \u00e9tanches en Chine, nous concevons des solutions robustes pour les p\u00eacheurs s\u00e9rieux. Nous vous invitons \u00e0 vous associer \u00e0 notre soci\u00e9t\u00e9 de sacs de p\u00eache pour :<\/p>\n<table width=\"288\">\n<tbody>\n<tr>\n<td width=\"137\"><span style=\"color: #333333;\">Nom des produits<\/span><\/td>\n<td width=\"151\">Sac de p\u00eache<\/td>\n<\/tr>\n<tr>\n<td><span style=\"color: #333333;\">Num\u00e9ro d'article<\/span><\/td>\n<td><span style=\"color: #333333;\">PB-2170<\/span><\/td>\n<\/tr>\n<tr>\n<td><span style=\"color: #333333;\">Mat\u00e9riau<\/span><\/td>\n<td>Polyester 1680D<\/td>\n<\/tr>\n<tr>\n<td><span style=\"color: #333333;\">Taille<\/span><\/td>\n<td>120*18*12cm<\/td>\n<\/tr>\n<tr>\n<td><span style=\"color: #333333;\">\u00a0D\u00e9lai de livraison<\/span><\/td>\n<td><span style=\"color: #333333;\">1-5 jours pour les petites quantit\u00e9s par voie a\u00e9rienne et 30-35 jours pour les grandes quantit\u00e9s par voie maritime.<\/span><\/td>\n<\/tr>\n<\/tbody>\n<\/table>\n<p class=\"ds-markdown-paragraph\">\u2705\u00a0<strong>Durabilit\u00e9 sur mesure<\/strong><br \/>\n- Sac de p\u00eache personnalis\u00e9 en nylon 1680D avec coutures soud\u00e9es<br \/>\n- Porte-cannes \u00e0 p\u00eache\/compartiments \u00e0 app\u00e2ts sur mesure (MOQ 300 pcs)<br \/>\n- Commandes en vrac de sacs de p\u00eache pr\u00eates pour l'exportation de sacs de p\u00eache<\/p>\n<p class=\"ds-markdown-paragraph\">\u2705\u00a0<strong>Un pouvoir de personnalisation total<\/strong><br \/>\nSac de p\u00eache ODM\/OEM + Label priv\u00e9<br \/>\nChoisissez les mat\u00e9riaux, les couleurs et les caract\u00e9ristiques - voyez le prototype en 3D en 72 heures !<\/p>\n<p class=\"ds-markdown-paragraph\">\u2705\u00a0<strong>Avantages pour les fournisseurs<\/strong><br \/>\n\u2192 Prix de gros des sacs de p\u00eache : 25% \u00e0 partir de 300 unit\u00e9s<br \/>\n\u2192 Suivi de la production en temps r\u00e9el dans notre usine de sacs de p\u00eache<br \/>\n\u2192 Contr\u00f4le de qualit\u00e9 d\u00e9di\u00e9 aux partenaires grossistes en sacs de p\u00eache<br \/>\n\u2192 Exp\u00e9dition mondiale conforme \u00e0 REACH<\/p>\n<p class=\"ds-markdown-paragraph\"><strong>Pourquoi les p\u00eacheurs professionnels nous choisissent :<\/strong><br \/>\n\u2714 True Fishing Bag Qualit\u00e9 du fabricant - Indice de r\u00e9sistance \u00e0 l'eau IPX8<br \/>\n\u2714 \u00c9chantillonnage rapide sur 7 jours avec tests de charge<br \/>\n\u2714 Portail des vendeurs de sacs de p\u00eache : R\u00e9approvisionnement automatique de l'inventaire<br \/>\n\u2714 Garantie de 30 jours sur tous les \u00e9quipements de p\u00eache personnalis\u00e9s en sac solide<\/p>\n<p class=\"ds-markdown-paragraph\">Votre fournisseur fiable de sacs de p\u00eache solides personnalis\u00e9s - de la conception au quai.<\/p>\n<p class=\"ds-markdown-paragraph\">Envoyez un courriel pour un devis personnalis\u00e9 !<\/p>\n<\/div>\n<\/div>\n<\/div>\n<\/div>","protected":false},"excerpt":{"rendered":"<h2 class=\"this-description-name\">Sac solide personnalis\u00e9 Fournisseur de p\u00eache<\/h2>\n<div class=\"sliderTable mt10 mb10 sliderTable-index0\">\n<div class=\"inner\">\n<p>1. <strong>GRANDE CAPACIT\u00c9<\/strong>: Ce sac de p\u00eache comprend 3 compartiments principaux spacieux avec double fermeture \u00e0 glissi\u00e8re, permettant l'acc\u00e8s \u00e0 votre mat\u00e9riel de p\u00eache.3 petites poches zipp\u00e9es offrent un rangement suppl\u00e9mentaire pour les petits objets.<br \/>\n2. <strong>TR\u00c8S HAUTE QUALIT\u00c9 ET LONGUE DUR\u00c9E<\/strong>: Fabriqu\u00e9 en polyester 1680D de haute qualit\u00e9, r\u00e9sistant \u00e0 la d\u00e9chirure et \u00e0 l'eau, cette construction garantit une durabilit\u00e9 extr\u00eame. Les coques dures sur les coins assurent une protection maximale de vos pr\u00e9cieuses prises. Parfait pour les p\u00eacheurs professionnels et d\u00e9butants.<\/p>\n<\/div>\n<\/div>","protected":false},"featured_media":5226,"template":"","meta":{"_uag_custom_page_level_css":""},"product_brand":[],"product_cat":[46],"product_tag":[],"class_list":{"0":"post-5223","1":"product","2":"type-product","3":"status-publish","4":"has-post-thumbnail","6":"product_cat-fishing-bag","8":"first","9":"instock","10":"shipping-taxable","11":"product-type-simple"},"uagb_featured_image_src":{"full":["https:\/\/pecbag.com\/wp-content\/uploads\/2025\/07\/Customized-Solid-Bag-Fishing-Supplier-6.jpg",1000,1000,false],"thumbnail":["https:\/\/pecbag.com\/wp-content\/uploads\/2025\/07\/Customized-Solid-Bag-Fishing-Supplier-6-150x150.jpg",150,150,true],"medium":["https:\/\/pecbag.com\/wp-content\/uploads\/2025\/07\/Customized-Solid-Bag-Fishing-Supplier-6-300x300.jpg",300,300,true],"medium_large":["https:\/\/pecbag.com\/wp-content\/uploads\/2025\/07\/Customized-Solid-Bag-Fishing-Supplier-6-768x768.jpg",768,768,true],"large":["https:\/\/pecbag.com\/wp-content\/uploads\/2025\/07\/Customized-Solid-Bag-Fishing-Supplier-6.jpg",800,800,false],"1536x1536":["https:\/\/pecbag.com\/wp-content\/uploads\/2025\/07\/Customized-Solid-Bag-Fishing-Supplier-6.jpg",1000,1000,false],"2048x2048":["https:\/\/pecbag.com\/wp-content\/uploads\/2025\/07\/Customized-Solid-Bag-Fishing-Supplier-6.jpg",1000,1000,false],"trp-custom-language-flag":["https:\/\/pecbag.com\/wp-content\/uploads\/2025\/07\/Customized-Solid-Bag-Fishing-Supplier-6-12x12.jpg",12,12,true],"woocommerce_thumbnail":["https:\/\/pecbag.com\/wp-content\/uploads\/2025\/07\/Customized-Solid-Bag-Fishing-Supplier-6-300x300.jpg",300,300,true],"woocommerce_single":["https:\/\/pecbag.com\/wp-content\/uploads\/2025\/07\/Customized-Solid-Bag-Fishing-Supplier-6-600x600.jpg",600,600,true],"woocommerce_gallery_thumbnail":["https:\/\/pecbag.com\/wp-content\/uploads\/2025\/07\/Customized-Solid-Bag-Fishing-Supplier-6-100x100.jpg",100,100,true]},"uagb_author_info":{"display_name":"Lawrence","author_link":"https:\/\/pecbag.com\/fr\/author\/"},"uagb_comment_info":0,"uagb_excerpt":"Customized Solid Bag Fishing Supplier 1. SPACIOUS CAPACITY: This fishing bag includes 3 spacious main compartments with dual zipper closure, allowing access to your fishing tackle.3 zipped small pockets provide additional storage for small items., offers large capacity for your fishing tackle and keeps it neat and organized. 2. SUPER HIGH QUALITY &amp; LONG LASTING:\u2026","_links":{"self":[{"href":"https:\/\/pecbag.com\/fr\/wp-json\/wp\/v2\/product\/5223","targetHints":{"allow":["GET"]}}],"collection":[{"href":"https:\/\/pecbag.com\/fr\/wp-json\/wp\/v2\/product"}],"about":[{"href":"https:\/\/pecbag.com\/fr\/wp-json\/wp\/v2\/types\/product"}],"wp:featuredmedia":[{"embeddable":true,"href":"https:\/\/pecbag.com\/fr\/wp-json\/wp\/v2\/media\/5226"}],"wp:attachment":[{"href":"https:\/\/pecbag.com\/fr\/wp-json\/wp\/v2\/media?parent=5223"}],"wp:term":[{"taxonomy":"product_brand","embeddable":true,"href":"https:\/\/pecbag.com\/fr\/wp-json\/wp\/v2\/product_brand?post=5223"},{"taxonomy":"product_cat","embeddable":true,"href":"https:\/\/pecbag.com\/fr\/wp-json\/wp\/v2\/product_cat?post=5223"},{"taxonomy":"product_tag","embeddable":true,"href":"https:\/\/pecbag.com\/fr\/wp-json\/wp\/v2\/product_tag?post=5223"}],"curies":[{"name":"wp","href":"https:\/\/api.w.org\/{rel}","templated":true}]}}