{"id":5230,"date":"2025-07-29T01:48:00","date_gmt":"2025-07-29T01:48:00","guid":{"rendered":"https:\/\/pecbag.com\/?post_type=product&#038;p=5230"},"modified":"2025-11-28T09:23:54","modified_gmt":"2025-11-28T09:23:54","slug":"china-match-fishing-bag","status":"publish","type":"product","link":"https:\/\/pecbag.com\/fr\/china-match-fishing-bag\/","title":{"rendered":"Sac de p\u00eache pour match en Chine"},"content":{"rendered":"<h5 title=\"Sac \u00e0 dos pliable pour chien Sac \u00e0 bandouli\u00e8re en maille respirante pour petit animal de compagnie Chien Chats\" data-immersive-translate-walked=\"1c928421-2e42-4cd3-8754-5404553c0af5\" data-immersive-translate-paragraph=\"1\" data-spm-anchor-id=\"a2700.details.0.i35.4f6757d4w4zNZA\">Fabricant de sacs \u00e0 dos durables et de sacs imperm\u00e9ables | Fournisseur expert de sacs solides sur mesure<\/h5>\n<div class=\"flex flex-grow flex-col max-w-full\">\n<div class=\"min-h-[20px] text-message flex w-full flex-col items-end gap-2 whitespace-pre-wrap break-words [.text-message+&amp;]:mt-5 overflow-x-auto\" dir=\"auto\" data-message-author-role=\"assistant\" data-message-id=\"3d7d46f6-7ec2-4222-9257-48fa0bba23c6\" data-suggestions=\"true\">\n<div class=\"flex w-full flex-col gap-1 empty:hidden first:pt-[3px]\">\n<div class=\"markdown prose w-full break-words dark:prose-invert light\">\n<p class=\"ds-markdown-paragraph\"><strong>Looking for the best China Match Fishing Bag?<\/strong><\/p>\n<table width=\"288\">\n<tbody>\n<tr>\n<td width=\"137\"><span style=\"color: #333333;\">Nom des produits<\/span><\/td>\n<td width=\"151\">Sac de p\u00eache<\/td>\n<\/tr>\n<tr>\n<td><span style=\"color: #333333;\">Num\u00e9ro d'article<\/span><\/td>\n<td><span style=\"color: #333333;\">PB-2171<\/span><\/td>\n<\/tr>\n<tr>\n<td><span style=\"color: #333333;\">Mat\u00e9riau<\/span><\/td>\n<td>1200D Polyester<\/td>\n<\/tr>\n<tr>\n<td><span style=\"color: #333333;\">Taille<\/span><\/td>\n<td>120*18*12cm<\/td>\n<\/tr>\n<tr>\n<td><span style=\"color: #333333;\">\u00a0D\u00e9lai de livraison<\/span><\/td>\n<td><span style=\"color: #333333;\">1-5 jours pour les petites quantit\u00e9s par voie a\u00e9rienne et 30-35 jours pour les grandes quantit\u00e9s par voie maritime.<\/span><\/td>\n<\/tr>\n<\/tbody>\n<\/table>\n<p class=\"ds-markdown-paragraph\">As a top-tier\u00a0Fishing Bag Manufacturer\u00a0and\u00a0Fishing Bag Factory\u00a0based in China, we specialize in premium, durable\u00a0China Match Fishing Bags\u00a0designed for serious anglers.<\/p>\n<p class=\"ds-markdown-paragraph\">We&#8217;re your trusted\u00a0Fishing Bag Supplier\u00a0and\u00a0Fishing Bag Wholesaler, offering\u00a0Fishing Bag Bulk\u00a0orders for\u00a0Fishing Bag Export\u00a0worldwide.<\/p>\n<p class=\"ds-markdown-paragraph\">Partner with us for expert\u00a0Fishing Bag OEM,\u00a0Fishing Bag ODM, and\u00a0Fishing Bag Private Label\u00a0solutions.<\/p>\n<p class=\"ds-markdown-paragraph\">As a dedicated\u00a0Fishing Bag Company\u00a0in China, we provide high-quality, waterproof bags at competitive wholesale prices.<\/p>\n<p class=\"ds-markdown-paragraph\">Contact your reliable\u00a0Fishing Bag China\u00a0source today!<\/p>\n<\/div>\n<\/div>\n<\/div>\n<\/div>","protected":false},"excerpt":{"rendered":"<h2 class=\"this-description-name\">Sac de p\u00eache pour match en Chine<\/h2>\n<div class=\"sliderTable mt10 mb10 sliderTable-index0\">\n<div class=\"inner\">\n<p>1. \u3010Large Capacity\u3011 &#8212; Dimension: 47.2&#215;7.9&#215;5.9in, Belly height 9.8in. The fishing storage bag includes 3 main compartments and 3<br \/>\nexterior pockets, the main compartment allows you to store more fishing tackle like fishing rod, line, reel, and keep them organized neatly. Exterior pockets can hold lures and other small objects.<br \/>\n2. \u3010Durable and Waterproof\u3011 &#8212; Made of durable 1200D Oxford cloth, the fishing pole reel storage bag with an internal waterproof coating<br \/>\nis lightweight and waterproof. Thickened canvas fabric makes the fishing bag tear-resistant and scratch-resistant, very strong and long-lasting. Steel wire shaped around the edge is anti-extrusion, and does not easily deform.<\/p>\n<\/div>\n<\/div>","protected":false},"featured_media":5236,"template":"","meta":{"_uag_custom_page_level_css":""},"product_brand":[],"product_cat":[46],"product_tag":[],"class_list":{"0":"post-5230","1":"product","2":"type-product","3":"status-publish","4":"has-post-thumbnail","6":"product_cat-fishing-bag","8":"first","9":"instock","10":"shipping-taxable","11":"product-type-simple"},"uagb_featured_image_src":{"full":["https:\/\/pecbag.com\/wp-content\/uploads\/2025\/07\/China-Match-Fishing-Bag-4.jpg",1001,1001,false],"thumbnail":["https:\/\/pecbag.com\/wp-content\/uploads\/2025\/07\/China-Match-Fishing-Bag-4-150x150.jpg",150,150,true],"medium":["https:\/\/pecbag.com\/wp-content\/uploads\/2025\/07\/China-Match-Fishing-Bag-4-300x300.jpg",300,300,true],"medium_large":["https:\/\/pecbag.com\/wp-content\/uploads\/2025\/07\/China-Match-Fishing-Bag-4-768x768.jpg",768,768,true],"large":["https:\/\/pecbag.com\/wp-content\/uploads\/2025\/07\/China-Match-Fishing-Bag-4.jpg",800,800,false],"1536x1536":["https:\/\/pecbag.com\/wp-content\/uploads\/2025\/07\/China-Match-Fishing-Bag-4.jpg",1001,1001,false],"2048x2048":["https:\/\/pecbag.com\/wp-content\/uploads\/2025\/07\/China-Match-Fishing-Bag-4.jpg",1001,1001,false],"trp-custom-language-flag":["https:\/\/pecbag.com\/wp-content\/uploads\/2025\/07\/China-Match-Fishing-Bag-4-12x12.jpg",12,12,true],"woocommerce_thumbnail":["https:\/\/pecbag.com\/wp-content\/uploads\/2025\/07\/China-Match-Fishing-Bag-4-300x300.jpg",300,300,true],"woocommerce_single":["https:\/\/pecbag.com\/wp-content\/uploads\/2025\/07\/China-Match-Fishing-Bag-4-600x600.jpg",600,600,true],"woocommerce_gallery_thumbnail":["https:\/\/pecbag.com\/wp-content\/uploads\/2025\/07\/China-Match-Fishing-Bag-4-100x100.jpg",100,100,true]},"uagb_author_info":{"display_name":"Lawrence","author_link":"https:\/\/pecbag.com\/fr\/author\/"},"uagb_comment_info":0,"uagb_excerpt":"China Match Fishing Bag 1. \u3010Large Capacity\u3011 --- Dimension: 47.2x7.9x5.9in, Belly height 9.8in. The fishing storage bag includes 3 main compartments and 3 exterior pockets, the main compartment allows you to store more fishing tackle like fishing rod, line, reel, and keep them organized neatly. Exterior pockets can hold lures and other small objects. 2.\u2026","_links":{"self":[{"href":"https:\/\/pecbag.com\/fr\/wp-json\/wp\/v2\/product\/5230","targetHints":{"allow":["GET"]}}],"collection":[{"href":"https:\/\/pecbag.com\/fr\/wp-json\/wp\/v2\/product"}],"about":[{"href":"https:\/\/pecbag.com\/fr\/wp-json\/wp\/v2\/types\/product"}],"wp:featuredmedia":[{"embeddable":true,"href":"https:\/\/pecbag.com\/fr\/wp-json\/wp\/v2\/media\/5236"}],"wp:attachment":[{"href":"https:\/\/pecbag.com\/fr\/wp-json\/wp\/v2\/media?parent=5230"}],"wp:term":[{"taxonomy":"product_brand","embeddable":true,"href":"https:\/\/pecbag.com\/fr\/wp-json\/wp\/v2\/product_brand?post=5230"},{"taxonomy":"product_cat","embeddable":true,"href":"https:\/\/pecbag.com\/fr\/wp-json\/wp\/v2\/product_cat?post=5230"},{"taxonomy":"product_tag","embeddable":true,"href":"https:\/\/pecbag.com\/fr\/wp-json\/wp\/v2\/product_tag?post=5230"}],"curies":[{"name":"wp","href":"https:\/\/api.w.org\/{rel}","templated":true}]}}