{"id":5301,"date":"2025-08-08T09:03:37","date_gmt":"2025-08-08T09:03:37","guid":{"rendered":"https:\/\/pecbag.com\/?post_type=product&#038;p=5301"},"modified":"2025-11-27T09:19:46","modified_gmt":"2025-11-27T09:19:46","slug":"china-solid-bag-fishing-wholesale","status":"publish","type":"product","link":"https:\/\/pecbag.com\/fr\/china-solid-bag-fishing-wholesale\/","title":{"rendered":"Sac solide de p\u00eache en Chine vente en gros"},"content":{"rendered":"<h5 title=\"Sac \u00e0 dos pliable pour chien Sac \u00e0 bandouli\u00e8re en maille respirante pour petit animal de compagnie Chien Chats\" data-immersive-translate-walked=\"1c928421-2e42-4cd3-8754-5404553c0af5\" data-immersive-translate-paragraph=\"1\" data-spm-anchor-id=\"a2700.details.0.i35.4f6757d4w4zNZA\"><strong>Sac de p\u00eache solide en gros | Fabricant direct de sacs \u00e0 dos et usine de sacs \u00e9tanches IPX8<\/strong><\/h5>\n<div class=\"flex flex-grow flex-col max-w-full\">\n<div class=\"min-h-[20px] text-message flex w-full flex-col items-end gap-2 whitespace-pre-wrap break-words [.text-message+&amp;]:mt-5 overflow-x-auto\" dir=\"auto\" data-message-author-role=\"assistant\" data-message-id=\"3d7d46f6-7ec2-4222-9257-48fa0bba23c6\" data-suggestions=\"true\">\n<div class=\"flex w-full flex-col gap-1 empty:hidden first:pt-[3px]\">\n<div class=\"markdown prose w-full break-words dark:prose-invert light\">\n<table width=\"288\">\n<tbody>\n<tr>\n<td width=\"137\"><span style=\"color: #333333;\">Nom des produits<\/span><\/td>\n<td width=\"151\">Sac de p\u00eache<\/td>\n<\/tr>\n<tr>\n<td><span style=\"color: #333333;\">Num\u00e9ro d'article<\/span><\/td>\n<td><span style=\"color: #333333;\">PB-2180<\/span><\/td>\n<\/tr>\n<tr>\n<td><span style=\"color: #333333;\">Mat\u00e9riau<\/span><\/td>\n<td>Polyester 600D<\/td>\n<\/tr>\n<tr>\n<td><span style=\"color: #333333;\">Taille<\/span><\/td>\n<td>Acceptation des produits personnalis\u00e9s<\/td>\n<\/tr>\n<tr>\n<td><span style=\"color: #333333;\">\u00a0D\u00e9lai de livraison<\/span><\/td>\n<td><span style=\"color: #333333;\">1-5 jours pour les petites quantit\u00e9s par voie a\u00e9rienne et 30-35 jours pour les grandes quantit\u00e9s par voie maritime.<\/span><\/td>\n<\/tr>\n<\/tbody>\n<\/table>\n<p class=\"ds-markdown-paragraph\"><strong>Your Premier China Solid Bag Fishing Wholesale Partner<\/strong><br \/>\nFabricant de sacs \u00e0 dos certifi\u00e9 ISO, exploitant une usine de sacs \u00e9tanches de 20 000\u33a1 en Chine :<\/p>\n<p class=\"ds-markdown-paragraph\"><strong>\ud83d\udd39 Avantages du commerce de gros<\/strong><\/p>\n<ul>\n<li>\n<p class=\"ds-markdown-paragraph\">China Solid Bag Fishing Wholesale pricing : 25% off 300+ units<\/p>\n<\/li>\n<li>\n<p class=\"ds-markdown-paragraph\">Capacit\u00e9 de production de sacs de p\u00eache : 150 000 unit\u00e9s\/mois<\/p>\n<\/li>\n<li>\n<p class=\"ds-markdown-paragraph\">Portail d\u00e9di\u00e9 aux grossistes en sacs de p\u00eache avec inventaire en temps r\u00e9el<\/p>\n<\/li>\n<\/ul>\n<p class=\"ds-markdown-paragraph\"><strong>\ud83d\udd39 Production de qualit\u00e9 militaire<\/strong><br \/>\n- Construction en nylon balistique 1680D<br \/>\n- Indice d'\u00e9tanch\u00e9it\u00e9 IPX8 (test de 1m\/72h)<br \/>\n- Points d'appui renforc\u00e9s par des coutures bar-tack<\/p>\n<p class=\"ds-markdown-paragraph\"><strong>\ud83d\udd39 Solutions globales d'exportation<\/strong><br \/>\n\u2192 Sac de p\u00eache Traitement des documents d'exportation<br \/>\n\u2192 Exp\u00e9dition FOB\/CIF dans plus de 50 pays<br \/>\n\u2192 Sac de p\u00eache Services de consolidation des fournisseurs<\/p>\n<p class=\"ds-markdown-paragraph\"><strong>Options de personnalisation :<\/strong><br \/>\nD\u00e9veloppement de sacs de p\u00eache ODM\/OEM<br \/>\n\u2714 Programmes de marques priv\u00e9es (MOQ 300 unit\u00e9s)<br \/>\n\u2714 Mod\u00e8les exclusifs pour les partenaires de Fishing Bag Company<\/p>\n<p class=\"ds-markdown-paragraph\">Source fiable de sacs de p\u00eache solides en Chine - Combinaison de prix directs d'usine et de logistique globale. Envoyez-nous un courriel pour obtenir des devis en gros !<\/p>\n<\/div>\n<\/div>\n<\/div>\n<\/div>","protected":false},"excerpt":{"rendered":"<h2 class=\"this-description-name\">Sac solide de p\u00eache en Chine vente en gros<\/h2>\n<div class=\"sliderTable mt10 mb10 sliderTable-index0\">\n<div class=\"inner\"><strong>BON MAT\u00c9RIEL ET HAUTE QUALIT\u00c9<\/strong>: Fabriqu\u00e9 en polyester haute densit\u00e9, robuste et durable, la couche int\u00e9rieure est r\u00e9sistante \u00e0 l'eau pour prot\u00e9ger votre mat\u00e9riel de l'eau et de la rouille. Le fond du sac est con\u00e7u avec des techniques sp\u00e9ciales et des mat\u00e9riaux r\u00e9sistants \u00e0 l'usure. Toutes les fermetures \u00e9clair de ce sac sont en alliage d'acier durable. Une bandouli\u00e8re rembourr\u00e9e extensible, d\u00e9tachable et antid\u00e9rapante qui peut \u00eatre facilement ajust\u00e9e comme un sac \u00e0 main ou un sac \u00e0 bandouli\u00e8re, confortable et portable \u00e0 porter.<\/div>\n<\/div>","protected":false},"featured_media":5306,"template":"","meta":{"_uag_custom_page_level_css":""},"product_brand":[],"product_cat":[46],"product_tag":[],"class_list":{"0":"post-5301","1":"product","2":"type-product","3":"status-publish","4":"has-post-thumbnail","6":"product_cat-fishing-bag","8":"first","9":"instock","10":"sale","11":"shipping-taxable","12":"product-type-simple"},"uagb_featured_image_src":{"full":["https:\/\/pecbag.com\/wp-content\/uploads\/2025\/08\/China-Solid-Bag-Fishing-Wholesale-1.jpeg",800,800,false],"thumbnail":["https:\/\/pecbag.com\/wp-content\/uploads\/2025\/08\/China-Solid-Bag-Fishing-Wholesale-1-150x150.jpeg",150,150,true],"medium":["https:\/\/pecbag.com\/wp-content\/uploads\/2025\/08\/China-Solid-Bag-Fishing-Wholesale-1-300x300.jpeg",300,300,true],"medium_large":["https:\/\/pecbag.com\/wp-content\/uploads\/2025\/08\/China-Solid-Bag-Fishing-Wholesale-1-768x768.jpeg",768,768,true],"large":["https:\/\/pecbag.com\/wp-content\/uploads\/2025\/08\/China-Solid-Bag-Fishing-Wholesale-1.jpeg",800,800,false],"1536x1536":["https:\/\/pecbag.com\/wp-content\/uploads\/2025\/08\/China-Solid-Bag-Fishing-Wholesale-1.jpeg",800,800,false],"2048x2048":["https:\/\/pecbag.com\/wp-content\/uploads\/2025\/08\/China-Solid-Bag-Fishing-Wholesale-1.jpeg",800,800,false],"trp-custom-language-flag":["https:\/\/pecbag.com\/wp-content\/uploads\/2025\/08\/China-Solid-Bag-Fishing-Wholesale-1-12x12.jpeg",12,12,true],"woocommerce_thumbnail":["https:\/\/pecbag.com\/wp-content\/uploads\/2025\/08\/China-Solid-Bag-Fishing-Wholesale-1-300x300.jpeg",300,300,true],"woocommerce_single":["https:\/\/pecbag.com\/wp-content\/uploads\/2025\/08\/China-Solid-Bag-Fishing-Wholesale-1-600x600.jpeg",600,600,true],"woocommerce_gallery_thumbnail":["https:\/\/pecbag.com\/wp-content\/uploads\/2025\/08\/China-Solid-Bag-Fishing-Wholesale-1-100x100.jpeg",100,100,true]},"uagb_author_info":{"display_name":"Lawrence","author_link":"https:\/\/pecbag.com\/fr\/author\/"},"uagb_comment_info":0,"uagb_excerpt":"China Solid Bag Fishing Wholesale GOOD MATERIAL AND HIGH QUALITY: Made of high-density Polyester, which is tough, durable, and Inner layer water-resistant to keep your gears free from water and rust. The bag bottom is designed with special techniques and wear-resistant material. All zippers you have of this bag are durable alloy steel. A stretchable,\u2026","_links":{"self":[{"href":"https:\/\/pecbag.com\/fr\/wp-json\/wp\/v2\/product\/5301","targetHints":{"allow":["GET"]}}],"collection":[{"href":"https:\/\/pecbag.com\/fr\/wp-json\/wp\/v2\/product"}],"about":[{"href":"https:\/\/pecbag.com\/fr\/wp-json\/wp\/v2\/types\/product"}],"wp:featuredmedia":[{"embeddable":true,"href":"https:\/\/pecbag.com\/fr\/wp-json\/wp\/v2\/media\/5306"}],"wp:attachment":[{"href":"https:\/\/pecbag.com\/fr\/wp-json\/wp\/v2\/media?parent=5301"}],"wp:term":[{"taxonomy":"product_brand","embeddable":true,"href":"https:\/\/pecbag.com\/fr\/wp-json\/wp\/v2\/product_brand?post=5301"},{"taxonomy":"product_cat","embeddable":true,"href":"https:\/\/pecbag.com\/fr\/wp-json\/wp\/v2\/product_cat?post=5301"},{"taxonomy":"product_tag","embeddable":true,"href":"https:\/\/pecbag.com\/fr\/wp-json\/wp\/v2\/product_tag?post=5301"}],"curies":[{"name":"wp","href":"https:\/\/api.w.org\/{rel}","templated":true}]}}