{"id":3174,"date":"2025-05-23T01:23:49","date_gmt":"2025-05-23T01:23:49","guid":{"rendered":"https:\/\/pecbag.com\/?post_type=product&#038;p=3174"},"modified":"2025-11-29T02:07:26","modified_gmt":"2025-11-29T02:07:26","slug":"waterproof-outdoor-bicycle-backpack","status":"publish","type":"product","link":"https:\/\/pecbag.com\/it\/waterproof-outdoor-bicycle-backpack\/","title":{"rendered":"Zaino impermeabile per bicicletta all'aperto"},"content":{"rendered":"<h2 title=\"Borsa pieghevole per cani Borsa a tracolla per animali domestici in rete traspirante per piccoli animali domestici cani gatti\" data-immersive-translate-walked=\"1c928421-2e42-4cd3-8754-5404553c0af5\" data-immersive-translate-paragraph=\"1\" data-spm-anchor-id=\"a2700.details.0.i35.4f6757d4w4zNZA\">Impermeabile all'aperto bicicletta zaino Fornitore | Borsa impermeabile fabbrica | Fornitore alla rinfusa<\/h2>\n<div class=\"flex flex-grow flex-col max-w-full\">\n<div class=\"min-h-[20px] text-message flex w-full flex-col items-end gap-2 whitespace-pre-wrap break-words [.text-message+&amp;]:mt-5 overflow-x-auto\" dir=\"auto\" data-message-author-role=\"assistant\" data-message-id=\"3d7d46f6-7ec2-4222-9257-48fa0bba23c6\" data-suggestions=\"true\">\n<div class=\"flex w-full flex-col gap-1 empty:hidden first:pt-[3px]\">\n<div class=\"markdown prose w-full break-words dark:prose-invert light\">\n<p>Necessit\u00e0\u00a0<strong>zaini da bicicletta impermeabili all'aperto<\/strong>\u00a0che sopravvivano alla pioggia, al fango e alle corse pi\u00f9 impegnative? Siamo un'azienda top\u00a0<strong>fabbrica di borse impermeabili<\/strong>\u00a0e\u00a0<strong>produttore di zaini<\/strong>\u00a0in Cina, che produce borse per biciclette pesanti per marchi e grossisti di tutto il mondo!<\/p>\n<table width=\"288\">\n<tbody>\n<tr>\n<td width=\"137\"><span style=\"color: #333333;\">Nome dei prodotti<\/span><\/td>\n<td width=\"151\"><span style=\"color: #333333;\">Borsa da bicicletta<\/span><\/td>\n<\/tr>\n<tr>\n<td><span style=\"color: #333333;\">Articolo n.<\/span><\/td>\n<td><span style=\"color: #333333;\">PB-2004<\/span><\/td>\n<\/tr>\n<tr>\n<td><span style=\"color: #333333;\">Materiale<\/span><\/td>\n<td>PU<\/td>\n<\/tr>\n<tr>\n<td><span style=\"color: #333333;\">Dimensione<\/span><\/td>\n<td>29,5 x 12 x 42 cm<\/td>\n<\/tr>\n<tr>\n<td><span style=\"color: #333333;\">\u00a0Tempi di consegna<\/span><\/td>\n<td><span style=\"color: #333333;\">1-5 giorni per la piccola quantit\u00e0 via aria e 30-35 giorni per la grande quantit\u00e0 via mare<\/span><\/td>\n<\/tr>\n<\/tbody>\n<\/table>\n<p class=\"ds-markdown-paragraph\">\u2705\u00a0<strong>Perch\u00e9 scegliere noi?<\/strong><\/p>\n<ul>\n<li>\n<p class=\"ds-markdown-paragraph\"><strong>100% Impermeabile<\/strong>: Cuciture sigillate + tessuto rivestito in TPU per mantenere l'attrezzatura asciutta: nessuna perdita, mai!<\/p>\n<\/li>\n<li>\n<p class=\"ds-markdown-paragraph\"><strong>Risparmi sugli ordini in blocco<\/strong>: Produzione di ordini di borse per biciclette all'ingrosso a prezzi imbattibili (MOQ 50+ unit\u00e0).<\/p>\n<\/li>\n<li>\n<p class=\"ds-markdown-paragraph\"><strong>Il vostro marchio, a modo vostro<\/strong>: Personalizzazione di disegni, loghi e colori con la borsa da bicicletta ODM\/OEM o\u00a0<strong>marchio privato<\/strong>\u00a0servizi.<\/p>\n<\/li>\n<li>\n<p class=\"ds-markdown-paragraph\"><strong>Esperienza in Cina<\/strong>: In qualit\u00e0 di fornitore leader di borse per biciclette in Cina, combiniamo la qualit\u00e0 con la logistica veloce di esportazione di borse per biciclette.<\/p>\n<\/li>\n<\/ul>\n<p class=\"ds-markdown-paragraph\"><strong>Caratteristiche che vendono:<\/strong><br \/>\n\ud83d\udd39 Cinghie rinforzate e cerniere YKK per una maggiore durata.<br \/>\n\ud83d\udd39 Strisce riflettenti per la sicurezza notturna<br \/>\n\ud83d\udd39 Imbottitura dello schienale traspirante e design ergonomico<br \/>\n\ud83d\udd39 Produzione certificata CE e ISO<\/p>\n<p class=\"ds-markdown-paragraph\"><strong>Perfetto per:<\/strong><\/p>\n<ul>\n<li>\n<p class=\"ds-markdown-paragraph\">Marche di ciclismo e grossisti di borse per biciclette<\/p>\n<\/li>\n<li>\n<p class=\"ds-markdown-paragraph\">Rivenditori di articoli per esterni e di borse per biciclette<\/p>\n<\/li>\n<li>\n<p class=\"ds-markdown-paragraph\">Le startup che hanno bisogno di soluzioni di private label per le borse da bici<\/p>\n<\/li>\n<\/ul>\n<p class=\"ds-markdown-paragraph\"><strong>Avete un progetto?<\/strong>\u00a0Lo renderemo reale!<br \/>\n\u2705 Campioni gratuiti | \u2705 Produzione in 15 giorni | \u2705 Spedizione porta a porta<\/p>\n<p class=\"ds-markdown-paragraph\"><strong>Siete pronti a fare scorta di borse da bici pronte per l'avventura?<\/strong>\u00a0Contattateci oggi stesso per ricevere preventivi o per avviare subito il vostro progetto OEM\/ODM di borse per biciclette!<\/p>\n<\/div>\n<\/div>\n<\/div>\n<\/div>","protected":false},"excerpt":{"rendered":"<h2 data-immersive-translate-walked=\"344be1c1-5052-41eb-8fcd-0dbe236a0d6b\" data-immersive-translate-paragraph=\"1\">Zaino impermeabile per bicicletta all'aperto<\/h2>\n<p><strong>Idrorepellente:<\/strong> Questa borsa da bicicletta \u00e8 realizzata in tessuto idrorepellente e laminata con una superficie in gomma PU. La cerniera utilizza un nastro impermeabile termosaldato, in grado di impedire efficacemente l'infiltrazione dell'acqua piovana. Inoltre, \u00e8 inclusa una copertura antipioggia per fornire la migliore protezione impermeabile.<\/p>\n<p><strong>Applicazione multiscena:<\/strong> Pu\u00f2 essere utilizzato come zaino con scomparto per computer incorporato per soddisfare le vostre esigenze. Pu\u00f2 essere utilizzata come borsa a tracolla per soddisfare le esigenze dei pendolari. Pu\u00f2 essere utilizzata come borsa da bicicletta, libera di cambiare, adatta a una variet\u00e0 di biciclette.<\/p>","protected":false},"featured_media":3176,"template":"","meta":{"_uag_custom_page_level_css":""},"product_brand":[],"product_cat":[48],"product_tag":[],"class_list":{"0":"post-3174","1":"product","2":"type-product","3":"status-publish","4":"has-post-thumbnail","6":"product_cat-bike-bag","8":"first","9":"instock","10":"shipping-taxable","11":"product-type-simple"},"uagb_featured_image_src":{"full":["https:\/\/pecbag.com\/wp-content\/uploads\/2025\/05\/Waterproof-Outdoor-Bicycle-Backpack-6.jpg",1500,1500,false],"thumbnail":["https:\/\/pecbag.com\/wp-content\/uploads\/2025\/05\/Waterproof-Outdoor-Bicycle-Backpack-6-150x150.jpg",150,150,true],"medium":["https:\/\/pecbag.com\/wp-content\/uploads\/2025\/05\/Waterproof-Outdoor-Bicycle-Backpack-6-300x300.jpg",300,300,true],"medium_large":["https:\/\/pecbag.com\/wp-content\/uploads\/2025\/05\/Waterproof-Outdoor-Bicycle-Backpack-6-768x768.jpg",768,768,true],"large":["https:\/\/pecbag.com\/wp-content\/uploads\/2025\/05\/Waterproof-Outdoor-Bicycle-Backpack-6-1024x1024.jpg",800,800,true],"1536x1536":["https:\/\/pecbag.com\/wp-content\/uploads\/2025\/05\/Waterproof-Outdoor-Bicycle-Backpack-6.jpg",1500,1500,false],"2048x2048":["https:\/\/pecbag.com\/wp-content\/uploads\/2025\/05\/Waterproof-Outdoor-Bicycle-Backpack-6.jpg",1500,1500,false],"trp-custom-language-flag":["https:\/\/pecbag.com\/wp-content\/uploads\/2025\/05\/Waterproof-Outdoor-Bicycle-Backpack-6-12x12.jpg",12,12,true],"woocommerce_thumbnail":["https:\/\/pecbag.com\/wp-content\/uploads\/2025\/05\/Waterproof-Outdoor-Bicycle-Backpack-6-300x300.jpg",300,300,true],"woocommerce_single":["https:\/\/pecbag.com\/wp-content\/uploads\/2025\/05\/Waterproof-Outdoor-Bicycle-Backpack-6-600x600.jpg",600,600,true],"woocommerce_gallery_thumbnail":["https:\/\/pecbag.com\/wp-content\/uploads\/2025\/05\/Waterproof-Outdoor-Bicycle-Backpack-6-100x100.jpg",100,100,true]},"uagb_author_info":{"display_name":"Lawrence","author_link":"https:\/\/pecbag.com\/it\/author\/"},"uagb_comment_info":0,"uagb_excerpt":"Waterproof Outdoor Bicycle Backpack Water Repellent: This bicycle bag is made of water repellent fabric and laminated with a PU rubber surface. Its zipper uses heat-sealed waterproof tape, which can effectively prevent rainwater from infiltrating. In addition, a rain cover is also included to provide the best waterproof protection Multi-scene Application: Can be used as&hellip;","_links":{"self":[{"href":"https:\/\/pecbag.com\/it\/wp-json\/wp\/v2\/product\/3174","targetHints":{"allow":["GET"]}}],"collection":[{"href":"https:\/\/pecbag.com\/it\/wp-json\/wp\/v2\/product"}],"about":[{"href":"https:\/\/pecbag.com\/it\/wp-json\/wp\/v2\/types\/product"}],"wp:featuredmedia":[{"embeddable":true,"href":"https:\/\/pecbag.com\/it\/wp-json\/wp\/v2\/media\/3176"}],"wp:attachment":[{"href":"https:\/\/pecbag.com\/it\/wp-json\/wp\/v2\/media?parent=3174"}],"wp:term":[{"taxonomy":"product_brand","embeddable":true,"href":"https:\/\/pecbag.com\/it\/wp-json\/wp\/v2\/product_brand?post=3174"},{"taxonomy":"product_cat","embeddable":true,"href":"https:\/\/pecbag.com\/it\/wp-json\/wp\/v2\/product_cat?post=3174"},{"taxonomy":"product_tag","embeddable":true,"href":"https:\/\/pecbag.com\/it\/wp-json\/wp\/v2\/product_tag?post=3174"}],"curies":[{"name":"wp","href":"https:\/\/api.w.org\/{rel}","templated":true}]}}