{"id":3237,"date":"2025-05-23T09:30:10","date_gmt":"2025-05-23T09:30:10","guid":{"rendered":"https:\/\/pecbag.com\/?post_type=product&#038;p=3237"},"modified":"2025-11-29T02:06:26","modified_gmt":"2025-11-29T02:06:26","slug":"wholesale-camping-picnic-bag","status":"publish","type":"product","link":"https:\/\/pecbag.com\/it\/wholesale-camping-picnic-bag\/","title":{"rendered":"all'ingrosso Borsa da campeggio per picnic"},"content":{"rendered":"<h5 title=\"Borsa pieghevole per cani Borsa a tracolla per animali domestici in rete traspirante per piccoli animali domestici cani gatti\" data-immersive-translate-walked=\"1c928421-2e42-4cd3-8754-5404553c0af5\" data-immersive-translate-paragraph=\"1\" data-spm-anchor-id=\"a2700.details.0.i35.4f6757d4w4zNZA\">Commercio all'ingrosso Camping Picnic Bag Fornitore | Fabbrica di borse impermeabili e zaino Fornitore | OEM Bulk<\/h5>\n<div class=\"flex flex-grow flex-col max-w-full\">\n<div class=\"min-h-[20px] text-message flex w-full flex-col items-end gap-2 whitespace-pre-wrap break-words [.text-message+&amp;]:mt-5 overflow-x-auto\" dir=\"auto\" data-message-author-role=\"assistant\" data-message-id=\"3d7d46f6-7ec2-4222-9257-48fa0bba23c6\" data-suggestions=\"true\">\n<div class=\"flex w-full flex-col gap-1 empty:hidden first:pt-[3px]\">\n<div class=\"markdown prose w-full break-words dark:prose-invert light\">\n<p>Avete bisogno di borse da picnic da campeggio all'ingrosso che combinino stile, durata e valore? Siamo una fabbrica di borse impermeabili e un produttore di zaini in Cina, che produce attrezzature da picnic di alta qualit\u00e0 per marchi di outdoor, rivenditori e grossisti di borse da campeggio in tutto il mondo!<\/p>\n<table width=\"288\">\n<tbody>\n<tr>\n<td width=\"137\"><span style=\"color: #333333;\">Nome dei prodotti<\/span><\/td>\n<td width=\"151\"><span style=\"color: #333333;\">Borsa da campo<\/span><\/td>\n<\/tr>\n<tr>\n<td><span style=\"color: #333333;\">Articolo n.<\/span><\/td>\n<td><span style=\"color: #333333;\">PB-2035<\/span><\/td>\n<\/tr>\n<tr>\n<td><span style=\"color: #333333;\">Materiale<\/span><\/td>\n<td>Fiocco di neve<\/td>\n<\/tr>\n<tr>\n<td><span style=\"color: #333333;\">Dimensione<\/span><\/td>\n<td>12 x 8 x 16 pollici<\/td>\n<\/tr>\n<tr>\n<td><span style=\"color: #333333;\">\u00a0Tempi di consegna<\/span><\/td>\n<td><span style=\"color: #333333;\">1-5 giorni per la piccola quantit\u00e0 via aria e 30-35 giorni per la grande quantit\u00e0 via mare<\/span><\/td>\n<\/tr>\n<\/tbody>\n<\/table>\n<p class=\"ds-markdown-paragraph\">\u2705\u00a0<strong>Perch\u00e9 scegliere noi?<\/strong><\/p>\n<ul>\n<li>\n<p class=\"ds-markdown-paragraph\"><strong>Impermeabile e a prova di versamento<\/strong>: Interni rivestiti in TPU + cuciture sigillate - mantengono il cibo asciutto e le bevande fredde per oltre 24 ore!<\/p>\n<\/li>\n<li>\n<p class=\"ds-markdown-paragraph\"><strong>Vantaggi degli ordini in blocco<\/strong>: Ordinate le borse da campeggio in quantit\u00e0 massicce (MOQ 50pz) con le opzioni ODM\/OEM o private label - pronte in 12 giorni!<\/p>\n<\/li>\n<li>\n<p class=\"ds-markdown-paragraph\"><strong>Pieghevole e leggero<\/strong>: Risparmio di spazio 60% - riduzione dei costi di spedizione per l'esportazione delle borse da campeggio!<\/p>\n<\/li>\n<li>\n<p class=\"ds-markdown-paragraph\"><strong>Il vantaggio del prezzo in Cina<\/strong>: In qualit\u00e0 di fornitore leader di borse da campeggio in Cina, forniamo qualit\u00e0 premium a prezzi di fabbrica.<\/p>\n<\/li>\n<\/ul>\n<p class=\"ds-markdown-paragraph\"><strong>Caratteristiche che si vendono velocemente:<\/strong><br \/>\n\ud83d\udd39 Capacit\u00e0 15L-30L (adatta a coperte, utensili, bottiglie)<br \/>\n\ud83d\udd39 Spallacci staccabili + maniglie rinforzate (3 modalit\u00e0 di trasporto)<br \/>\n\ud83d\udd39 Fodera in PEVA ecologica (certificata OEKO-TEX, senza tossine)<br \/>\n\ud83d\udd39 Rivestimento antimuffa + superfici facili da pulire<\/p>\n<p class=\"ds-markdown-paragraph\"><strong>Perfetto per:<\/strong><\/p>\n<ul>\n<li>\n<p class=\"ds-markdown-paragraph\">Rivenditori di articoli per esterni e di borse da campeggio<\/p>\n<\/li>\n<li>\n<p class=\"ds-markdown-paragraph\">Negozi di articoli da picnic e venditori di e-commerce<\/p>\n<\/li>\n<li>\n<p class=\"ds-markdown-paragraph\">Startup che lanciano marchi privati di borse da campeggio<\/p>\n<\/li>\n<\/ul>\n<p class=\"ds-markdown-paragraph\"><strong>Come funziona:<\/strong><br \/>\n1\ufe0f\u20e3 Scegliete tra pi\u00f9 di 100 disegni o personalizzateli.<br \/>\n2\ufe0f\u20e3 Prototipo in 5 giorni \u2192 approvare \u2192 produrre in serie<br \/>\n3\ufe0f\u20e3 Spedire in tutto il mondo attraverso le reti di esportazione di borse da campeggio (DDP\/DAP disponibile)<\/p>\n<p class=\"ds-markdown-paragraph\"><strong>Siete pronti a rifornirvi di borse da picnic che volano via dagli scaffali?<\/strong><br \/>\n\ud83d\udc49\u00a0<strong>Campioni gratuiti<\/strong>\u00a0\ud83d\udc49 15% deposito \ud83d\udc49 supporto 24\/7<\/p>\n<\/div>\n<\/div>\n<\/div>\n<\/div>","protected":false},"excerpt":{"rendered":"<h2 data-immersive-translate-walked=\"344be1c1-5052-41eb-8fcd-0dbe236a0d6b\" data-immersive-translate-paragraph=\"1\">all'ingrosso Borsa da campeggio per picnic<\/h2>\n<p><strong>1. MATERIALE DI PRIMA QUALIT\u00c0: <\/strong>Il nostro zaino \u00e8 realizzato in tessuto 600D ad alta densit\u00e0, resistente agli strappi e all'acqua. Per rendere la cerniera scorrevole e durevole, lo zaino \u00e8 dotato di una cerniera SBS.<\/p>\n<p><strong>2. SCOMPARTO ISOLATO:<\/strong> La fodera dello zaino \u00e8 realizzata in pellicola di alluminio, il cui effetto isolante \u00e8 migliore rispetto alla fodera in PEVA. \u00c8 in grado di mantenere il cibo fresco, fresco o caldo per molto tempo. Anche il portabottiglie staccabile \u00e8 dotato di una fodera in alluminio isolante.<\/p>\n<p><strong>3. COPERTA IN PILE:<\/strong>\u00a0La coperta in pile misura 47 x 59 pollici con supporto impermeabile in PE. Pu\u00f2 essere facilmente riposta sul lato dello zaino o trasportata con la maniglia.<\/p>","protected":false},"featured_media":3243,"template":"","meta":{"_uag_custom_page_level_css":""},"product_brand":[],"product_cat":[44,60,50],"product_tag":[],"class_list":{"0":"post-3237","1":"product","2":"type-product","3":"status-publish","4":"has-post-thumbnail","6":"product_cat-camping-bags","7":"product_cat-backpack","8":"product_cat-cooler-bag","10":"first","11":"instock","12":"shipping-taxable","13":"product-type-simple"},"uagb_featured_image_src":{"full":["https:\/\/pecbag.com\/wp-content\/uploads\/2025\/05\/Wholesale-Camping-Picnic-Bag-6.jpeg",800,800,false],"thumbnail":["https:\/\/pecbag.com\/wp-content\/uploads\/2025\/05\/Wholesale-Camping-Picnic-Bag-6-150x150.jpeg",150,150,true],"medium":["https:\/\/pecbag.com\/wp-content\/uploads\/2025\/05\/Wholesale-Camping-Picnic-Bag-6-300x300.jpeg",300,300,true],"medium_large":["https:\/\/pecbag.com\/wp-content\/uploads\/2025\/05\/Wholesale-Camping-Picnic-Bag-6-768x768.jpeg",768,768,true],"large":["https:\/\/pecbag.com\/wp-content\/uploads\/2025\/05\/Wholesale-Camping-Picnic-Bag-6.jpeg",800,800,false],"1536x1536":["https:\/\/pecbag.com\/wp-content\/uploads\/2025\/05\/Wholesale-Camping-Picnic-Bag-6.jpeg",800,800,false],"2048x2048":["https:\/\/pecbag.com\/wp-content\/uploads\/2025\/05\/Wholesale-Camping-Picnic-Bag-6.jpeg",800,800,false],"trp-custom-language-flag":["https:\/\/pecbag.com\/wp-content\/uploads\/2025\/05\/Wholesale-Camping-Picnic-Bag-6-12x12.jpeg",12,12,true],"woocommerce_thumbnail":["https:\/\/pecbag.com\/wp-content\/uploads\/2025\/05\/Wholesale-Camping-Picnic-Bag-6-300x300.jpeg",300,300,true],"woocommerce_single":["https:\/\/pecbag.com\/wp-content\/uploads\/2025\/05\/Wholesale-Camping-Picnic-Bag-6-600x600.jpeg",600,600,true],"woocommerce_gallery_thumbnail":["https:\/\/pecbag.com\/wp-content\/uploads\/2025\/05\/Wholesale-Camping-Picnic-Bag-6-100x100.jpeg",100,100,true]},"uagb_author_info":{"display_name":"Lawrence","author_link":"https:\/\/pecbag.com\/it\/author\/"},"uagb_comment_info":0,"uagb_excerpt":"Wholesale Camping Picnic Bag 1. PREMIUM MATERIAL: Our backpack is made from high-density 600D fabric, which is tear-resistant and water-resistant. To make the zipper smooth and durable, the backpack is equipped with an SBS zipper. 2. INSULATED COMPARTMENT: The lining of the backpack is made of aluminum film, whose insulation effect is better than PEVA&hellip;","_links":{"self":[{"href":"https:\/\/pecbag.com\/it\/wp-json\/wp\/v2\/product\/3237","targetHints":{"allow":["GET"]}}],"collection":[{"href":"https:\/\/pecbag.com\/it\/wp-json\/wp\/v2\/product"}],"about":[{"href":"https:\/\/pecbag.com\/it\/wp-json\/wp\/v2\/types\/product"}],"wp:featuredmedia":[{"embeddable":true,"href":"https:\/\/pecbag.com\/it\/wp-json\/wp\/v2\/media\/3243"}],"wp:attachment":[{"href":"https:\/\/pecbag.com\/it\/wp-json\/wp\/v2\/media?parent=3237"}],"wp:term":[{"taxonomy":"product_brand","embeddable":true,"href":"https:\/\/pecbag.com\/it\/wp-json\/wp\/v2\/product_brand?post=3237"},{"taxonomy":"product_cat","embeddable":true,"href":"https:\/\/pecbag.com\/it\/wp-json\/wp\/v2\/product_cat?post=3237"},{"taxonomy":"product_tag","embeddable":true,"href":"https:\/\/pecbag.com\/it\/wp-json\/wp\/v2\/product_tag?post=3237"}],"curies":[{"name":"wp","href":"https:\/\/api.w.org\/{rel}","templated":true}]}}