{"id":3282,"date":"2025-05-26T03:28:09","date_gmt":"2025-05-26T03:28:09","guid":{"rendered":"https:\/\/pecbag.com\/?post_type=product&#038;p=3282"},"modified":"2025-11-29T02:03:24","modified_gmt":"2025-11-29T02:03:24","slug":"hot-sale-waterproof-chest-bag","status":"publish","type":"product","link":"https:\/\/pecbag.com\/it\/hot-sale-waterproof-chest-bag\/","title":{"rendered":"Vendita calda Borsa pettorale impermeabile"},"content":{"rendered":"<h5 title=\"Borsa pieghevole per cani Borsa a tracolla per animali domestici in rete traspirante per piccoli animali domestici cani gatti\" data-immersive-translate-walked=\"1c928421-2e42-4cd3-8754-5404553c0af5\" data-immersive-translate-paragraph=\"1\" data-spm-anchor-id=\"a2700.details.0.i35.4f6757d4w4zNZA\">Vendita calda Borsa toracica impermeabile Fornitore | Fabbrica di borse impermeabili e zaino Fornitore | OEM di massa<\/h5>\n<div class=\"flex flex-grow flex-col max-w-full\">\n<div class=\"min-h-[20px] text-message flex w-full flex-col items-end gap-2 whitespace-pre-wrap break-words [.text-message+&amp;]:mt-5 overflow-x-auto\" dir=\"auto\" data-message-author-role=\"assistant\" data-message-id=\"3d7d46f6-7ec2-4222-9257-48fa0bba23c6\" data-suggestions=\"true\">\n<div class=\"flex w-full flex-col gap-1 empty:hidden first:pt-[3px]\">\n<div class=\"markdown prose w-full break-words dark:prose-invert light\">\n<p>Volete borse impermeabili di vendita calda che volano via dagli scaffali? In qualit\u00e0 di fabbrica leader di borse impermeabili e produttori di zaini in Cina, produciamo borse impermeabili in vendita calda amate dagli appassionati di outdoor, dai marchi di viaggio e dai grossisti di borse impermeabili in tutto il mondo!<\/p>\n<table width=\"288\">\n<tbody>\n<tr>\n<td width=\"137\"><span style=\"color: #333333;\">Nome dei prodotti<\/span><\/td>\n<td width=\"151\"><span style=\"color: #333333;\">Borsa pettorale<\/span><\/td>\n<\/tr>\n<tr>\n<td><span style=\"color: #333333;\">Articolo n.<\/span><\/td>\n<td><span style=\"color: #333333;\">PB-2041<\/span><\/td>\n<\/tr>\n<tr>\n<td><span style=\"color: #333333;\">Materiale<\/span><\/td>\n<td>Poliestere 600D PU<\/td>\n<\/tr>\n<tr>\n<td><span style=\"color: #333333;\">Dimensione<\/span><\/td>\n<td>52*25*26CM<\/td>\n<\/tr>\n<tr>\n<td><span style=\"color: #333333;\">\u00a0Tempi di consegna<\/span><\/td>\n<td><span style=\"color: #333333;\">1-5 giorni per la piccola quantit\u00e0 via aria e 30-35 giorni per la grande quantit\u00e0 via mare<\/span><\/td>\n<\/tr>\n<\/tbody>\n<\/table>\n<p class=\"ds-markdown-paragraph\">\u2705\u00a0<strong>Perch\u00e9 le nostre borse impermeabili di vendita calda dominano i mercati:<\/strong><\/p>\n<ul>\n<li>\n<p class=\"ds-markdown-paragraph\"><strong>Design a prova di tempesta<\/strong>: Rivestimento in TPU sigillato - sopravvive a pioggia, sudore e schizzi!<\/p>\n<\/li>\n<li>\n<p class=\"ds-markdown-paragraph\"><strong>Ultra leggero ed ergonomico<\/strong>: Solo 0,6 kg + cinghie in rete traspirante - perfetto per la corsa, l'escursionismo o i festival.<\/p>\n<\/li>\n<li>\n<p class=\"ds-markdown-paragraph\"><strong>Ordine in blocco pronto<\/strong>: Producete ordini all'ingrosso di sacchi per il petto con sacchi per il petto ODM\/OEM o private label in 7 giorni!<\/p>\n<\/li>\n<li>\n<p class=\"ds-markdown-paragraph\"><strong>Potenza dei prezzi in Cina<\/strong>: In qualit\u00e0 di fornitore top di borse toraciche in Cina, forniamo qualit\u00e0 premium a costi imbattibili.<\/p>\n<\/li>\n<\/ul>\n<p class=\"ds-markdown-paragraph\"><strong>Caratteristiche richieste dai clienti:<\/strong><br \/>\n\ud83d\udd39 Capacit\u00e0 5L-8L (adatta a telefoni, portafogli, chiavi) + tasca con blocco RFID<br \/>\n\ud83d\udd39 Cerniere laterali ad accesso rapido + strisce di sicurezza riflettenti<br \/>\n\ud83d\udd39 Fodera antimuffa (certificata OEKO-TEX) + tessuto antiodore<br \/>\n\ud83d\udd39 Vestibilit\u00e0 universale per uomo\/donna (sistema di cinghie regolabili)<\/p>\n<p class=\"ds-markdown-paragraph\"><strong>Perfetto per:<\/strong><\/p>\n<ul>\n<li>\n<p class=\"ds-markdown-paragraph\">Negozi di articoli da viaggio e venditori di borse da viaggio<\/p>\n<\/li>\n<li>\n<p class=\"ds-markdown-paragraph\">Rivenditori di articoli sportivi e grossisti di borse da viaggio<\/p>\n<\/li>\n<li>\n<p class=\"ds-markdown-paragraph\">Startup che costruiscono collezioni di borse a marchio privato<\/p>\n<\/li>\n<\/ul>\n<p class=\"ds-markdown-paragraph\"><strong>Come consegniamo le borse pettorali impermeabili di vendita calda:<\/strong><br \/>\n1\ufe0f\u20e3 Scegliete tra gli oltre 60 modelli pi\u00f9 venduti o personalizzate il vostro.<br \/>\n2\ufe0f\u20e3 Prototipo in 3 giorni \u2192 approvare \u2192 produrre in serie<br \/>\n3\ufe0f\u20e3 Spedire tramite reti di esportazione di sacchi a pelo (via aerea\/marittima\/espresso)<\/p>\n<p class=\"ds-markdown-paragraph\"><strong>Perch\u00e9 scegliere noi?<\/strong><br \/>\nOltre 10.000 ordini di produttori di sacchi toracici spediti in tutto il mondo<br \/>\n40% pi\u00f9 economico rispetto ai fornitori USA\/UE<br \/>\n\u2705 Assistenza 24\/7 in 5 lingue (EN\/ES\/FR\/DE\/AR)<\/p>\n<p class=\"ds-markdown-paragraph\"><strong>Siete pronti a cavalcare l'onda delle vendite?<\/strong><br \/>\n\ud83d\udc49\u00a0<strong>Campioni gratuiti<\/strong>\u00a0\ud83d\udc49 15% deposito \ud83d\udc49 Preventivi immediati<\/p>\n<\/div>\n<\/div>\n<\/div>\n<\/div>","protected":false},"excerpt":{"rendered":"<h2 data-immersive-translate-walked=\"344be1c1-5052-41eb-8fcd-0dbe236a0d6b\" data-immersive-translate-paragraph=\"1\">Vendita calda Borsa pettorale impermeabile<\/h2>\n<ul class=\"list-paddingleft-2\">\n<li>Divisorio multitasche: Le nostre borse da palestra per uomo hanno 3 tasche con cerniera all'esterno e la tasca pi\u00f9 grande con cerniera ha 4 tasche di stoccaggio e un portachiavi all'interno. Il design multitasche pu\u00f2 soddisfare le vostre diverse esigenze di utilizzo e classificare e conservare meglio i vostri oggetti.<\/li>\n<li>Design magnetico: Questa borsa da uomo adotta un design magnetico, che pu\u00f2 essere facilmente attaccato alla superficie metallica. \u00c8 molto comodo da usare in palestra, sul campo da golf o nella vita quotidiana.<\/li>\n<li>Materiale impermeabile: La nostra borsa da uomo \u00e8 realizzata in tessuto Oxford, impermeabile e resistente. Facile da lavare, basta pulirlo delicatamente per rimuovere la polvere superficiale.<\/li>\n<li>Dimensioni ridotte e grande capacit\u00e0: La dimensione di questa borsa da palestra \u00e8 5 in x 4 in x 8 in, che \u00e8 piccola e portatile. Ma la capacit\u00e0 \u00e8 abbastanza grande da soddisfare le vostre esigenze di stoccaggio quotidiano. \u00c8 comodo per riporre telefoni cellulari, chiavi, portafogli, cuffie, ecc.<\/li>\n<li>Tracolla rimovibile: La nostra borsa da uomo per il petto \u00e8 dotata di una tracolla staccabile, potete scegliere di portarla a tracolla, a spalla singola o a mano a seconda delle vostre esigenze. Abbina i tuoi diversi stili.<\/li>\n<\/ul>","protected":false},"featured_media":3285,"template":"","meta":{"_uag_custom_page_level_css":""},"product_brand":[],"product_cat":[61,56,67],"product_tag":[],"class_list":{"0":"post-3282","1":"product","2":"type-product","3":"status-publish","4":"has-post-thumbnail","6":"product_cat-chest-bag","7":"product_cat-gym-bag","8":"product_cat-sports-bag","10":"first","11":"instock","12":"shipping-taxable","13":"product-type-simple"},"uagb_featured_image_src":{"full":["https:\/\/pecbag.com\/wp-content\/uploads\/2025\/05\/Hot-Sale-Waterproof-Chest-Bag-1.jpeg",500,500,false],"thumbnail":["https:\/\/pecbag.com\/wp-content\/uploads\/2025\/05\/Hot-Sale-Waterproof-Chest-Bag-1-150x150.jpeg",150,150,true],"medium":["https:\/\/pecbag.com\/wp-content\/uploads\/2025\/05\/Hot-Sale-Waterproof-Chest-Bag-1-300x300.jpeg",300,300,true],"medium_large":["https:\/\/pecbag.com\/wp-content\/uploads\/2025\/05\/Hot-Sale-Waterproof-Chest-Bag-1.jpeg",500,500,false],"large":["https:\/\/pecbag.com\/wp-content\/uploads\/2025\/05\/Hot-Sale-Waterproof-Chest-Bag-1.jpeg",500,500,false],"1536x1536":["https:\/\/pecbag.com\/wp-content\/uploads\/2025\/05\/Hot-Sale-Waterproof-Chest-Bag-1.jpeg",500,500,false],"2048x2048":["https:\/\/pecbag.com\/wp-content\/uploads\/2025\/05\/Hot-Sale-Waterproof-Chest-Bag-1.jpeg",500,500,false],"trp-custom-language-flag":["https:\/\/pecbag.com\/wp-content\/uploads\/2025\/05\/Hot-Sale-Waterproof-Chest-Bag-1-12x12.jpeg",12,12,true],"woocommerce_thumbnail":["https:\/\/pecbag.com\/wp-content\/uploads\/2025\/05\/Hot-Sale-Waterproof-Chest-Bag-1-300x300.jpeg",300,300,true],"woocommerce_single":["https:\/\/pecbag.com\/wp-content\/uploads\/2025\/05\/Hot-Sale-Waterproof-Chest-Bag-1.jpeg",500,500,false],"woocommerce_gallery_thumbnail":["https:\/\/pecbag.com\/wp-content\/uploads\/2025\/05\/Hot-Sale-Waterproof-Chest-Bag-1-100x100.jpeg",100,100,true]},"uagb_author_info":{"display_name":"Lawrence","author_link":"https:\/\/pecbag.com\/it\/author\/"},"uagb_comment_info":0,"uagb_excerpt":"Hot Sale Waterproof Chest Bag \u3010Multi-Pocket Partition\u3011: Our gym bags for men have 3 zipper pockets on the outside, and the largest zipper pocket has 4 storage pockets and a key chain inside. The multi-pocket design can meet your different usage needs and better classify and store your items. \u3010Magnetic Design\u3011: This sling bag for&hellip;","_links":{"self":[{"href":"https:\/\/pecbag.com\/it\/wp-json\/wp\/v2\/product\/3282","targetHints":{"allow":["GET"]}}],"collection":[{"href":"https:\/\/pecbag.com\/it\/wp-json\/wp\/v2\/product"}],"about":[{"href":"https:\/\/pecbag.com\/it\/wp-json\/wp\/v2\/types\/product"}],"wp:featuredmedia":[{"embeddable":true,"href":"https:\/\/pecbag.com\/it\/wp-json\/wp\/v2\/media\/3285"}],"wp:attachment":[{"href":"https:\/\/pecbag.com\/it\/wp-json\/wp\/v2\/media?parent=3282"}],"wp:term":[{"taxonomy":"product_brand","embeddable":true,"href":"https:\/\/pecbag.com\/it\/wp-json\/wp\/v2\/product_brand?post=3282"},{"taxonomy":"product_cat","embeddable":true,"href":"https:\/\/pecbag.com\/it\/wp-json\/wp\/v2\/product_cat?post=3282"},{"taxonomy":"product_tag","embeddable":true,"href":"https:\/\/pecbag.com\/it\/wp-json\/wp\/v2\/product_tag?post=3282"}],"curies":[{"name":"wp","href":"https:\/\/api.w.org\/{rel}","templated":true}]}}