{"id":3317,"date":"2025-05-26T07:06:58","date_gmt":"2025-05-26T07:06:58","guid":{"rendered":"https:\/\/pecbag.com\/?post_type=product&#038;p=3317"},"modified":"2025-11-04T09:50:51","modified_gmt":"2025-11-04T09:50:51","slug":"durable-outdoor-sport-crossbody-bag","status":"publish","type":"product","link":"https:\/\/pecbag.com\/it\/durable-outdoor-sport-crossbody-bag\/","title":{"rendered":"Durevole borsa a tracolla per lo sport all'aperto"},"content":{"rendered":"<h5 title=\"Borsa pieghevole per cani Borsa a tracolla per animali domestici in rete traspirante per piccoli animali domestici cani gatti\" data-immersive-translate-walked=\"1c928421-2e42-4cd3-8754-5404553c0af5\" data-immersive-translate-paragraph=\"1\" data-spm-anchor-id=\"a2700.details.0.i35.4f6757d4w4zNZA\">Durevole Sport Outdoor Crossbody Bag Fornitore | Fabbrica di borsa impermeabile e zaino Fornitore | OEM Bulk<\/h5>\n<div class=\"flex flex-grow flex-col max-w-full\">\n<div class=\"min-h-[20px] text-message flex w-full flex-col items-end gap-2 whitespace-pre-wrap break-words [.text-message+&amp;]:mt-5 overflow-x-auto\" dir=\"auto\" data-message-author-role=\"assistant\" data-message-id=\"3d7d46f6-7ec2-4222-9257-48fa0bba23c6\" data-suggestions=\"true\">\n<div class=\"flex w-full flex-col gap-1 empty:hidden first:pt-[3px]\">\n<div class=\"markdown prose w-full break-words dark:prose-invert light\">\n<p>Avete bisogno di borse sportive crossbody resistenti all'aperto che sopravvivano alle avventure pi\u00f9 dure? In qualit\u00e0 di fabbrica di borse impermeabili e di produttori di zaini in Cina, realizziamo borse sportive crossbody resistenti per escursionisti, ciclisti e grossisti di borse crossbody in tutto il mondo!<\/p>\n<table width=\"288\">\n<tbody>\n<tr>\n<td width=\"137\"><span style=\"color: #333333;\">Nome dei prodotti<\/span><\/td>\n<td width=\"151\"><span style=\"color: #333333;\">Borsa a tracolla<\/span><\/td>\n<\/tr>\n<tr>\n<td><span style=\"color: #333333;\">Articolo n.<\/span><\/td>\n<td><span style=\"color: #333333;\">PB-2046<\/span><\/td>\n<\/tr>\n<tr>\n<td><span style=\"color: #333333;\">Materiale<\/span><\/td>\n<td>Poliestere 600D<\/td>\n<\/tr>\n<tr>\n<td><span style=\"color: #333333;\">\u00a0Dimensioni e colore<\/span><\/td>\n<td>24 x 9,5 x 32 cm<\/td>\n<\/tr>\n<tr>\n<td><span style=\"color: #333333;\">\u00a0Tempi di consegna<\/span><\/td>\n<td><span style=\"color: #333333;\">1-5 giorni per la piccola quantit\u00e0 via aria e 30-35 giorni per la grande quantit\u00e0 via mare<\/span><\/td>\n<\/tr>\n<\/tbody>\n<\/table>\n<p class=\"ds-markdown-paragraph\">\u2705\u00a0<strong>Perch\u00e9 le nostre resistenti borse a tracolla per lo sport all'aperto vincono:<\/strong><\/p>\n<ul>\n<li>\n<p class=\"ds-markdown-paragraph\"><strong>Costruito con forza<\/strong>: poliestere 600D + cuciture rinforzate - gestisce sentieri, rocce e acquazzoni!<\/p>\n<\/li>\n<li>\n<p class=\"ds-markdown-paragraph\"><strong>Impermeabile e resistente al sudore<\/strong>: Rivestimento in TPU sigillato e rete traspirante: perfetto per la pioggia o per gli allenamenti intensi.<\/p>\n<\/li>\n<li>\n<p class=\"ds-markdown-paragraph\"><strong>Ordine di potenza in blocco<\/strong>: Produrre ordini di borsa crossbody all'ingrosso (MOQ 100pcs) tramite borsa crossbody ODM\/OEM o etichetta privata in 10 giorni!<\/p>\n<\/li>\n<li>\n<p class=\"ds-markdown-paragraph\"><strong>Bordo dei costi della Cina<\/strong>: Come fornitore leader di crossbody bag Cina, la qualit\u00e0 incontra prezzi di fabbrica imbattibili.<\/p>\n<\/li>\n<\/ul>\n<p class=\"ds-markdown-paragraph\"><strong>Caratteristiche che gli avventurieri amano:<\/strong><br \/>\n\ud83d\udd39 Capacit\u00e0 5L-10L (adatta a bottiglie d'acqua, attrezzi, telefoni) + tasca con blocco RFID<br \/>\n\ud83d\udd39 Cinghie regolabili (adatte a tutti i tipi di corpo) + cerniere laterali ad accesso rapido<br \/>\n\ud83d\udd39 Loghi riflettenti per la sicurezza notturna + tessuto OEKO-TEX antimuffa<br \/>\n\ud83d\udd39 Leggero (0,5 kg) - ideale per l'arrampicata, il campeggio o gli spostamenti urbani<\/p>\n<p class=\"ds-markdown-paragraph\"><strong>Perfetto per:<\/strong><\/p>\n<ul>\n<li>\n<p class=\"ds-markdown-paragraph\">Rivenditori di articoli per l'outdoor e di borse crossbody<\/p>\n<\/li>\n<li>\n<p class=\"ds-markdown-paragraph\">Marchi sportivi e grossisti di borse crossbody<\/p>\n<\/li>\n<li>\n<p class=\"ds-markdown-paragraph\">Startup che creano linee di borse crossbody a marchio privato<\/p>\n<\/li>\n<\/ul>\n<p class=\"ds-markdown-paragraph\"><strong>Come lavoriamo:<\/strong><br \/>\n1\ufe0f\u20e3 Scegliete tra pi\u00f9 di 80 modelli robusti o personalizzate il vostro.<br \/>\n2\ufe0f\u20e3 Prototipo in 5 giorni \u2192 test \u2192 produzione in serie<br \/>\n3\ufe0f\u20e3 Spedire tramite le reti di esportazione di borse crossbody (via aerea\/marittima\/DDP)<\/p>\n<p class=\"ds-markdown-paragraph\"><strong>Perch\u00e9 fidarsi di noi?<\/strong><br \/>\n10+ anni di esperienza nella produzione di borse crossbody<br \/>\n\u2705 30% tessuto pi\u00f9 resistente rispetto alla concorrenza<br \/>\n\u2705 Assistenza 24 ore su 24, 7 giorni su 7, in inglese, spagnolo e tedesco.<\/p>\n<p class=\"ds-markdown-paragraph\"><strong>Siete pronti a prepararvi per le vendite all'aperto?<\/strong><br \/>\n\ud83d\udc49\u00a0<strong>Campioni gratuiti<\/strong>\u00a0\ud83d\udc49 20% deposito \ud83d\udc49 24h preventivi<\/p>\n<\/div>\n<\/div>\n<\/div>\n<\/div>","protected":false},"excerpt":{"rendered":"<h2 data-immersive-translate-walked=\"344be1c1-5052-41eb-8fcd-0dbe236a0d6b\" data-immersive-translate-paragraph=\"1\">Durevole borsa a tracolla per lo sport all'aperto<\/h2>\n<div>1. Eccellente impermeabilit\u00e0: \u00c8 altamente impermeabile, resistente all'usura e facile da pulire. La cerniera della piccola borsa per attrezzatura da pesca \u00e8 inoltre impermeabile e antiruggine e non si rompe nemmeno dopo un uso prolungato in ambiente salino.<\/div>\n<div><\/div>\n<div>\n<div>2. Leggero e resistente: Con un peso di 0,68 libbre, questo marsupio da pesca \u00e8 pi\u00f9 leggero e pi\u00f9 portatile di uno zaino da pesca, il che lo rende comodo da indossare anche per lunghi periodi. La robusta cerniera a due vie dello scomparto principale consente di accedere facilmente a entrambi i lati.<\/div>\n<\/div>","protected":false},"featured_media":3334,"template":"","meta":{"_uag_custom_page_level_css":""},"product_brand":[],"product_cat":[62],"product_tag":[],"class_list":{"0":"post-3317","1":"product","2":"type-product","3":"status-publish","4":"has-post-thumbnail","6":"product_cat-crossbody-bags","8":"first","9":"instock","10":"shipping-taxable","11":"product-type-simple"},"uagb_featured_image_src":{"full":["https:\/\/pecbag.com\/wp-content\/uploads\/2025\/05\/Durable-Outdoor-Sport-Crossbody-Bag-2-1.jpeg",800,800,false],"thumbnail":["https:\/\/pecbag.com\/wp-content\/uploads\/2025\/05\/Durable-Outdoor-Sport-Crossbody-Bag-2-1-150x150.jpeg",150,150,true],"medium":["https:\/\/pecbag.com\/wp-content\/uploads\/2025\/05\/Durable-Outdoor-Sport-Crossbody-Bag-2-1-300x300.jpeg",300,300,true],"medium_large":["https:\/\/pecbag.com\/wp-content\/uploads\/2025\/05\/Durable-Outdoor-Sport-Crossbody-Bag-2-1-768x768.jpeg",768,768,true],"large":["https:\/\/pecbag.com\/wp-content\/uploads\/2025\/05\/Durable-Outdoor-Sport-Crossbody-Bag-2-1.jpeg",800,800,false],"1536x1536":["https:\/\/pecbag.com\/wp-content\/uploads\/2025\/05\/Durable-Outdoor-Sport-Crossbody-Bag-2-1.jpeg",800,800,false],"2048x2048":["https:\/\/pecbag.com\/wp-content\/uploads\/2025\/05\/Durable-Outdoor-Sport-Crossbody-Bag-2-1.jpeg",800,800,false],"trp-custom-language-flag":["https:\/\/pecbag.com\/wp-content\/uploads\/2025\/05\/Durable-Outdoor-Sport-Crossbody-Bag-2-1-12x12.jpeg",12,12,true],"woocommerce_thumbnail":["https:\/\/pecbag.com\/wp-content\/uploads\/2025\/05\/Durable-Outdoor-Sport-Crossbody-Bag-2-1-300x300.jpeg",300,300,true],"woocommerce_single":["https:\/\/pecbag.com\/wp-content\/uploads\/2025\/05\/Durable-Outdoor-Sport-Crossbody-Bag-2-1-600x600.jpeg",600,600,true],"woocommerce_gallery_thumbnail":["https:\/\/pecbag.com\/wp-content\/uploads\/2025\/05\/Durable-Outdoor-Sport-Crossbody-Bag-2-1-100x100.jpeg",100,100,true]},"uagb_author_info":{"display_name":"Lawrence","author_link":"https:\/\/pecbag.com\/it\/author\/"},"uagb_comment_info":0,"uagb_excerpt":"Durable Outdoor Sport Crossbody Bag 1. Excellent waterproofing: It is highly waterproof, wear-resistant, and easy to clean. The zipper of the small fishing tackle bag is also waterproof and rust-proof, and will not break even after long-term use in a saltwater environment. 2. Lightweight and durable: Weighing 0.68 pounds, this fishing fanny pack is lighter&hellip;","_links":{"self":[{"href":"https:\/\/pecbag.com\/it\/wp-json\/wp\/v2\/product\/3317","targetHints":{"allow":["GET"]}}],"collection":[{"href":"https:\/\/pecbag.com\/it\/wp-json\/wp\/v2\/product"}],"about":[{"href":"https:\/\/pecbag.com\/it\/wp-json\/wp\/v2\/types\/product"}],"wp:featuredmedia":[{"embeddable":true,"href":"https:\/\/pecbag.com\/it\/wp-json\/wp\/v2\/media\/3334"}],"wp:attachment":[{"href":"https:\/\/pecbag.com\/it\/wp-json\/wp\/v2\/media?parent=3317"}],"wp:term":[{"taxonomy":"product_brand","embeddable":true,"href":"https:\/\/pecbag.com\/it\/wp-json\/wp\/v2\/product_brand?post=3317"},{"taxonomy":"product_cat","embeddable":true,"href":"https:\/\/pecbag.com\/it\/wp-json\/wp\/v2\/product_cat?post=3317"},{"taxonomy":"product_tag","embeddable":true,"href":"https:\/\/pecbag.com\/it\/wp-json\/wp\/v2\/product_tag?post=3317"}],"curies":[{"name":"wp","href":"https:\/\/api.w.org\/{rel}","templated":true}]}}