{"id":3324,"date":"2025-05-26T07:33:50","date_gmt":"2025-05-26T07:33:50","guid":{"rendered":"https:\/\/pecbag.com\/?post_type=product&#038;p=3324"},"modified":"2025-11-29T02:01:10","modified_gmt":"2025-11-29T02:01:10","slug":"customized-military-gear-messenger-bag","status":"publish","type":"product","link":"https:\/\/pecbag.com\/it\/customized-military-gear-messenger-bag\/","title":{"rendered":"Borsa messenger con equipaggiamento militare personalizzato"},"content":{"rendered":"<h5 title=\"Borsa pieghevole per cani Borsa a tracolla per animali domestici in rete traspirante per piccoli animali domestici cani gatti\" data-immersive-translate-walked=\"1c928421-2e42-4cd3-8754-5404553c0af5\" data-immersive-translate-paragraph=\"1\" data-spm-anchor-id=\"a2700.details.0.i35.4f6757d4w4zNZA\">Borse messenger personalizzate dell'ingranaggio militare | Fabbrica di borse e zaini impermeabili Fornitore - Soluzioni tattiche OEM alla rinfusa<\/h5>\n<div class=\"flex flex-grow flex-col max-w-full\">\n<div class=\"min-h-[20px] text-message flex w-full flex-col items-end gap-2 whitespace-pre-wrap break-words [.text-message+&amp;]:mt-5 overflow-x-auto\" dir=\"auto\" data-message-author-role=\"assistant\" data-message-id=\"3d7d46f6-7ec2-4222-9257-48fa0bba23c6\" data-suggestions=\"true\">\n<div class=\"flex w-full flex-col gap-1 empty:hidden first:pt-[3px]\">\n<div class=\"markdown prose w-full break-words dark:prose-invert light\">\n<table width=\"288\">\n<tbody>\n<tr>\n<td width=\"137\"><span style=\"color: #333333;\">Nome dei prodotti<\/span><\/td>\n<td width=\"151\"><span style=\"color: #333333;\">Borsa a tracolla<\/span><\/td>\n<\/tr>\n<tr>\n<td><span style=\"color: #333333;\">Articolo n.<\/span><\/td>\n<td><span style=\"color: #333333;\">PB-2047<\/span><\/td>\n<\/tr>\n<tr>\n<td><span style=\"color: #333333;\">Materiale<\/span><\/td>\n<td>Poliestere 600D<\/td>\n<\/tr>\n<tr>\n<td><span style=\"color: #333333;\">Dimensione<\/span><\/td>\n<td>41*16*20cm<\/td>\n<\/tr>\n<tr>\n<td><span style=\"color: #333333;\">\u00a0Tempi di consegna<\/span><\/td>\n<td><span style=\"color: #333333;\">1-5 giorni per la piccola quantit\u00e0 via aria e 30-35 giorni per la grande quantit\u00e0 via mare<\/span><\/td>\n<\/tr>\n<\/tbody>\n<\/table>\n<p>In qualit\u00e0 di produttore professionale di borse crossbody e fornitore di borse crossbody in Cina, siamo specializzati nella produzione di borse messenger militari personalizzate per impieghi gravosi. La nostra fabbrica di borse crossbody offre:<br \/>\nBorse messenger militari impermeabili con fettuccia MOLLE (nylon 500D- 1000D)<br \/>\n\u2705 <strong>Servizi OEM\/ODM<\/strong> per borse crossbody a marchio privato (MOQ 100pz)<br \/>\nProduzione in serie di borse crossbody con tempi di consegna rapidi di 15 giorni.<br \/>\n\u2705 Borse tattiche crossbody certificate MIL-SPEC per l'esportazione globale<\/p>\n<p>Affidata dalle unit\u00e0 militari e di polizia e dai marchi di outdoor di tutto il mondo. Richiedete campioni gratuiti delle nostre borse crossbody prodotte in Cina o scaricate le specifiche tecniche. I grossisti di borse crossbody ottengono sconti esclusivi su ordini superiori a 2.000 unit\u00e0.<\/p>\n<\/div>\n<\/div>\n<\/div>\n<\/div>","protected":false},"excerpt":{"rendered":"<h2 data-immersive-translate-walked=\"344be1c1-5052-41eb-8fcd-0dbe236a0d6b\" data-immersive-translate-paragraph=\"1\">Borsa messenger con equipaggiamento militare personalizzato<\/h2>\n<div>\n<p><strong>1.Sistema MOLLE:\u00a0<\/strong>Borsa tattica a tracolla con sistema molle, utilizzabile come marsupio tattico aggiuntivo e attrezzatura. L'adesivo sulla parte anteriore consente di applicare il badge, rendendo la borsa unica.<\/p>\n<p><strong>2.Multifunzione:<\/strong>\u00a0L'ampio scomparto chiuso offre uno spazio spazioso e sicuro per riporre l'attrezzatura; la tasca anteriore \u00e8 comoda per un accesso rapido; la tasca interna \u00e8 comoda per riporre gli oggetti separatamente; la tasca con coulisse sul lato sinistro \u00e8 progettata come una borsa per bicchieri da bere; la tasca con apertura e chiusura a cerniera sulla destra pu\u00f2 contenere piccoli oggetti.<\/p>\n<\/div>","protected":false},"featured_media":3323,"template":"","meta":{"_uag_custom_page_level_css":""},"product_brand":[],"product_cat":[62],"product_tag":[],"class_list":{"0":"post-3324","1":"product","2":"type-product","3":"status-publish","4":"has-post-thumbnail","6":"product_cat-crossbody-bags","8":"first","9":"instock","10":"shipping-taxable","11":"product-type-simple"},"uagb_featured_image_src":{"full":["https:\/\/pecbag.com\/wp-content\/uploads\/2025\/05\/Durable-Outdoor-Sport-Crossbody-Bag-5.jpeg",800,800,false],"thumbnail":["https:\/\/pecbag.com\/wp-content\/uploads\/2025\/05\/Durable-Outdoor-Sport-Crossbody-Bag-5-150x150.jpeg",150,150,true],"medium":["https:\/\/pecbag.com\/wp-content\/uploads\/2025\/05\/Durable-Outdoor-Sport-Crossbody-Bag-5-300x300.jpeg",300,300,true],"medium_large":["https:\/\/pecbag.com\/wp-content\/uploads\/2025\/05\/Durable-Outdoor-Sport-Crossbody-Bag-5-768x768.jpeg",768,768,true],"large":["https:\/\/pecbag.com\/wp-content\/uploads\/2025\/05\/Durable-Outdoor-Sport-Crossbody-Bag-5.jpeg",800,800,false],"1536x1536":["https:\/\/pecbag.com\/wp-content\/uploads\/2025\/05\/Durable-Outdoor-Sport-Crossbody-Bag-5.jpeg",800,800,false],"2048x2048":["https:\/\/pecbag.com\/wp-content\/uploads\/2025\/05\/Durable-Outdoor-Sport-Crossbody-Bag-5.jpeg",800,800,false],"trp-custom-language-flag":["https:\/\/pecbag.com\/wp-content\/uploads\/2025\/05\/Durable-Outdoor-Sport-Crossbody-Bag-5-12x12.jpeg",12,12,true],"woocommerce_thumbnail":["https:\/\/pecbag.com\/wp-content\/uploads\/2025\/05\/Durable-Outdoor-Sport-Crossbody-Bag-5-300x300.jpeg",300,300,true],"woocommerce_single":["https:\/\/pecbag.com\/wp-content\/uploads\/2025\/05\/Durable-Outdoor-Sport-Crossbody-Bag-5-600x600.jpeg",600,600,true],"woocommerce_gallery_thumbnail":["https:\/\/pecbag.com\/wp-content\/uploads\/2025\/05\/Durable-Outdoor-Sport-Crossbody-Bag-5-100x100.jpeg",100,100,true]},"uagb_author_info":{"display_name":"Lawrence","author_link":"https:\/\/pecbag.com\/it\/author\/"},"uagb_comment_info":0,"uagb_excerpt":"Customized Military Gear Messenger Bag 1.MOLLE system:\u00a0Molle tactical shoulder bag with molle system, can be used as an additional tactical pouch and equipment. The sticker on the front allows you to stick the badge, making the bag unique. 2.Multi-function:\u00a0The spacious closed compartment provides spacious and safe storage space for your equipment; the front pocket is&hellip;","_links":{"self":[{"href":"https:\/\/pecbag.com\/it\/wp-json\/wp\/v2\/product\/3324","targetHints":{"allow":["GET"]}}],"collection":[{"href":"https:\/\/pecbag.com\/it\/wp-json\/wp\/v2\/product"}],"about":[{"href":"https:\/\/pecbag.com\/it\/wp-json\/wp\/v2\/types\/product"}],"wp:featuredmedia":[{"embeddable":true,"href":"https:\/\/pecbag.com\/it\/wp-json\/wp\/v2\/media\/3323"}],"wp:attachment":[{"href":"https:\/\/pecbag.com\/it\/wp-json\/wp\/v2\/media?parent=3324"}],"wp:term":[{"taxonomy":"product_brand","embeddable":true,"href":"https:\/\/pecbag.com\/it\/wp-json\/wp\/v2\/product_brand?post=3324"},{"taxonomy":"product_cat","embeddable":true,"href":"https:\/\/pecbag.com\/it\/wp-json\/wp\/v2\/product_cat?post=3324"},{"taxonomy":"product_tag","embeddable":true,"href":"https:\/\/pecbag.com\/it\/wp-json\/wp\/v2\/product_tag?post=3324"}],"curies":[{"name":"wp","href":"https:\/\/api.w.org\/{rel}","templated":true}]}}