{"id":3347,"date":"2025-05-26T08:27:18","date_gmt":"2025-05-26T08:27:18","guid":{"rendered":"https:\/\/pecbag.com\/?post_type=product&#038;p=3347"},"modified":"2025-11-29T02:00:53","modified_gmt":"2025-11-29T02:00:53","slug":"waterproof-multi-functional-travel-sport-backpack","status":"publish","type":"product","link":"https:\/\/pecbag.com\/it\/waterproof-multi-functional-travel-sport-backpack\/","title":{"rendered":"Zaino sportivo multifunzionale da viaggio impermeabile"},"content":{"rendered":"<h5 title=\"Borsa pieghevole per cani Borsa a tracolla per animali domestici in rete traspirante per piccoli animali domestici cani gatti\" data-immersive-translate-walked=\"1c928421-2e42-4cd3-8754-5404553c0af5\" data-immersive-translate-paragraph=\"1\" data-spm-anchor-id=\"a2700.details.0.i35.4f6757d4w4zNZA\">Zaini multifunzionali impermeabili per lo sport da viaggio | Fabbrica di borse impermeabili e produttori di zaini - Soluzioni per borse da viaggio alla rinfusa<\/h5>\n<div class=\"flex flex-grow flex-col max-w-full\">\n<div class=\"min-h-[20px] text-message flex w-full flex-col items-end gap-2 whitespace-pre-wrap break-words [.text-message+&amp;]:mt-5 overflow-x-auto\" dir=\"auto\" data-message-author-role=\"assistant\" data-message-id=\"3d7d46f6-7ec2-4222-9257-48fa0bba23c6\" data-suggestions=\"true\">\n<div class=\"flex w-full flex-col gap-1 empty:hidden first:pt-[3px]\">\n<div class=\"markdown prose w-full break-words dark:prose-invert light\">\n<p>Avete bisogno di borsoni tattici da campeggio che sopravvivano alla natura? Siamo una fabbrica di borse impermeabili e un produttore di zaini in Cina, che produce robuste borse multiuso per marchi outdoor, militari e grossisti globali!<\/p>\n<table width=\"288\">\n<tbody>\n<tr>\n<td width=\"137\"><span style=\"color: #333333;\">Nome dei prodotti<\/span><\/td>\n<td width=\"151\"><span style=\"color: #333333;\">Borsa da campo<\/span><\/td>\n<\/tr>\n<tr>\n<td><span style=\"color: #333333;\">Articolo n.<\/span><\/td>\n<td><span style=\"color: #333333;\">PB-2050<\/span><\/td>\n<\/tr>\n<tr>\n<td><span style=\"color: #333333;\">Materiale<\/span><\/td>\n<td>Ripstop con rivestimento in pelle<\/td>\n<\/tr>\n<tr>\n<td><span style=\"color: #333333;\">Dimensione<\/span><\/td>\n<td>32L*16W*50H CM<\/td>\n<\/tr>\n<tr>\n<td><span style=\"color: #333333;\">\u00a0Tempi di consegna<\/span><\/td>\n<td><span style=\"color: #333333;\">1-5 giorni per la piccola quantit\u00e0 via aria e 30-35 giorni per la grande quantit\u00e0 via mare<\/span><\/td>\n<\/tr>\n<\/tbody>\n<\/table>\n<p>In qualit\u00e0 di produttore leader di borsoni e fabbrica di borse impermeabili in Cina, siamo specializzati nella produzione di zaini sportivi da viaggio multifunzionali impermeabili per marchi globali. La nostra azienda di borsoni offre:<\/p>\n<p>\u2705 <strong>Zaini impermeabili da 30L-90L<\/strong> con cuciture sigillate in TPU (nylon 500D-1000D)<br \/>\n\u2705 <strong>Borsoni personalizzati<\/strong> con ruote staccabili e cinghie di compressione<br \/>\n\u2705 <strong>Servizi OEM\/ODM<\/strong> per <strong>zaini sportivi a marchio privato<\/strong><br \/>\n\u2705 <strong>Produzione di borsoni sfusi<\/strong> con tempi di consegna rapidi di 15 giorni<\/p>\n<p>Affidato dai grossisti di borsoni e dai rivenditori di articoli per l'outdoor di tutto il mondo. Le caratteristiche principali includono:<br \/>\n- Dimensioni del bagaglio a mano approvate dalla compagnia aerea<br \/>\n- Strisce riflettenti a 360\u00b0 per la sicurezza notturna<br \/>\n- Scomparti rimovibili per l'umido e l'asciutto<\/p>\n<p><strong>Perch\u00e9 scegliere la nostra fabbrica di borsoni:<\/strong><br \/>\n\ud83d\udd39 12 anni come migliori esportatori di borsoni dalla Cina<br \/>\n\ud83d\udd39 Certificazione di impermeabilit\u00e0 IPX6 e resistenza all'abrasione<br \/>\n\ud83d\udd39 Supporto gratuito per la progettazione 3D con il vostro logo<br \/>\n\ud83d\udd39 Spedizione FOB\/DDP con conformit\u00e0 REACH<\/p>\n<p>Richiedete campioni gratuiti dei nostri zaini da viaggio multifunzionali impermeabili o ottenete preventivi immediati. I venditori di borse da viaggio godono di uno sconto di 18% per ordini superiori a 2.000 unit\u00e0.<\/p>\n<\/div>\n<\/div>\n<\/div>\n<\/div>","protected":false},"excerpt":{"rendered":"<h2 data-immersive-translate-walked=\"344be1c1-5052-41eb-8fcd-0dbe236a0d6b\" data-immersive-translate-paragraph=\"1\">Zaino sportivo multifunzionale da viaggio impermeabile<\/h2>\n<p>1. Grandi dimensioni, fino a 10 tasche multifunzionali, sacca per scarpe traspirante, tasca laterale con cerniera, tasca elastica in rete, tasca per computer, tasca per occhiali con protezione interna in flanella.<\/p>\n<p>2. L'intera borsa ha un design con cerniera a forma di U e la cerniera inversa \u00e8 pi\u00f9 bella e pi\u00f9 liscia.<\/p>\n<p>3. Il tessuto \u00e8 resistente e idrorepellente, fresco al tatto e dai colori freschi, un capo di moda irrinunciabile per l'estate.<\/p>","protected":false},"featured_media":3349,"template":"","meta":{"_uag_custom_page_level_css":""},"product_brand":[],"product_cat":[60,63,56,55],"product_tag":[],"class_list":{"0":"post-3347","1":"product","2":"type-product","3":"status-publish","4":"has-post-thumbnail","6":"product_cat-backpack","7":"product_cat-duffel-bag","8":"product_cat-gym-bag","9":"product_cat-tactical-bag","11":"first","12":"instock","13":"shipping-taxable","14":"product-type-simple"},"uagb_featured_image_src":{"full":["https:\/\/pecbag.com\/wp-content\/uploads\/2025\/05\/Waterproof-Multi-Functional-Travel-Sport-Backpack-1.jpeg",1000,1000,false],"thumbnail":["https:\/\/pecbag.com\/wp-content\/uploads\/2025\/05\/Waterproof-Multi-Functional-Travel-Sport-Backpack-1-150x150.jpeg",150,150,true],"medium":["https:\/\/pecbag.com\/wp-content\/uploads\/2025\/05\/Waterproof-Multi-Functional-Travel-Sport-Backpack-1-300x300.jpeg",300,300,true],"medium_large":["https:\/\/pecbag.com\/wp-content\/uploads\/2025\/05\/Waterproof-Multi-Functional-Travel-Sport-Backpack-1-768x768.jpeg",768,768,true],"large":["https:\/\/pecbag.com\/wp-content\/uploads\/2025\/05\/Waterproof-Multi-Functional-Travel-Sport-Backpack-1.jpeg",800,800,false],"1536x1536":["https:\/\/pecbag.com\/wp-content\/uploads\/2025\/05\/Waterproof-Multi-Functional-Travel-Sport-Backpack-1.jpeg",1000,1000,false],"2048x2048":["https:\/\/pecbag.com\/wp-content\/uploads\/2025\/05\/Waterproof-Multi-Functional-Travel-Sport-Backpack-1.jpeg",1000,1000,false],"trp-custom-language-flag":["https:\/\/pecbag.com\/wp-content\/uploads\/2025\/05\/Waterproof-Multi-Functional-Travel-Sport-Backpack-1-12x12.jpeg",12,12,true],"woocommerce_thumbnail":["https:\/\/pecbag.com\/wp-content\/uploads\/2025\/05\/Waterproof-Multi-Functional-Travel-Sport-Backpack-1-300x300.jpeg",300,300,true],"woocommerce_single":["https:\/\/pecbag.com\/wp-content\/uploads\/2025\/05\/Waterproof-Multi-Functional-Travel-Sport-Backpack-1-600x600.jpeg",600,600,true],"woocommerce_gallery_thumbnail":["https:\/\/pecbag.com\/wp-content\/uploads\/2025\/05\/Waterproof-Multi-Functional-Travel-Sport-Backpack-1-100x100.jpeg",100,100,true]},"uagb_author_info":{"display_name":"Lawrence","author_link":"https:\/\/pecbag.com\/it\/author\/"},"uagb_comment_info":0,"uagb_excerpt":"Waterproof Multi-Functional Travel Sport Backpack 1. Large size, up to 10 multifunctional pockets, breathable shoe bag, side zipper pocket, mesh elastic pocket, computer pocket, glasses pocket with flannel protection inside. 2. The whole bag has a U-shaped zipper design, and the reverse zipper is more beautiful and smoother 3. The fabric is durable and water-repellent,&hellip;","_links":{"self":[{"href":"https:\/\/pecbag.com\/it\/wp-json\/wp\/v2\/product\/3347","targetHints":{"allow":["GET"]}}],"collection":[{"href":"https:\/\/pecbag.com\/it\/wp-json\/wp\/v2\/product"}],"about":[{"href":"https:\/\/pecbag.com\/it\/wp-json\/wp\/v2\/types\/product"}],"wp:featuredmedia":[{"embeddable":true,"href":"https:\/\/pecbag.com\/it\/wp-json\/wp\/v2\/media\/3349"}],"wp:attachment":[{"href":"https:\/\/pecbag.com\/it\/wp-json\/wp\/v2\/media?parent=3347"}],"wp:term":[{"taxonomy":"product_brand","embeddable":true,"href":"https:\/\/pecbag.com\/it\/wp-json\/wp\/v2\/product_brand?post=3347"},{"taxonomy":"product_cat","embeddable":true,"href":"https:\/\/pecbag.com\/it\/wp-json\/wp\/v2\/product_cat?post=3347"},{"taxonomy":"product_tag","embeddable":true,"href":"https:\/\/pecbag.com\/it\/wp-json\/wp\/v2\/product_tag?post=3347"}],"curies":[{"name":"wp","href":"https:\/\/api.w.org\/{rel}","templated":true}]}}