{"id":3507,"date":"2025-05-27T03:52:20","date_gmt":"2025-05-27T03:52:20","guid":{"rendered":"https:\/\/pecbag.com\/?post_type=product&#038;p=3507"},"modified":"2025-11-29T01:57:04","modified_gmt":"2025-11-29T01:57:04","slug":"waterproof-camo-hunting-portable-bag","status":"publish","type":"product","link":"https:\/\/pecbag.com\/it\/waterproof-camo-hunting-portable-bag\/","title":{"rendered":"Borsa portatile impermeabile da caccia camo"},"content":{"rendered":"<h5 title=\"Borsa pieghevole per cani Borsa a tracolla per animali domestici in rete traspirante per piccoli animali domestici cani gatti\" data-immersive-translate-walked=\"1c928421-2e42-4cd3-8754-5404553c0af5\" data-immersive-translate-paragraph=\"1\" data-spm-anchor-id=\"a2700.details.0.i35.4f6757d4w4zNZA\">Borse portatili impermeabili di caccia camo | Fabbrica di borse e zaini impermeabili Fornitore - Bulk Outdoor Solutions<\/h5>\n<div class=\"flex flex-grow flex-col max-w-full\">\n<div class=\"min-h-[20px] text-message flex w-full flex-col items-end gap-2 whitespace-pre-wrap break-words [.text-message+&amp;]:mt-5 overflow-x-auto\" dir=\"auto\" data-message-author-role=\"assistant\" data-message-id=\"3d7d46f6-7ec2-4222-9257-48fa0bba23c6\" data-suggestions=\"true\">\n<div class=\"flex w-full flex-col gap-1 empty:hidden first:pt-[3px]\">\n<div class=\"markdown prose w-full break-words dark:prose-invert light\">\n<table style=\"height: 262px;\" width=\"323\">\n<tbody>\n<tr>\n<td width=\"137\"><span style=\"color: #333333;\">Nome dei prodotti<\/span><\/td>\n<td width=\"151\">Borsa da caccia<\/td>\n<\/tr>\n<tr>\n<td><span style=\"color: #333333;\">Articolo n.<\/span><\/td>\n<td><span style=\"color: #333333;\">PB-2070<\/span><\/td>\n<\/tr>\n<tr>\n<td><span style=\"color: #333333;\">Materiale<\/span><\/td>\n<td>Poliestere 600D Camo<\/td>\n<\/tr>\n<tr>\n<td><span style=\"color: #333333;\">Dimensione<\/span><\/td>\n<td>12,6 x 9,8 x 20,9 pollici<\/td>\n<\/tr>\n<tr>\n<td><span style=\"color: #333333;\">\u00a0Tempi di consegna<\/span><\/td>\n<td><span style=\"color: #333333;\">1-5 giorni per la piccola quantit\u00e0 via aria e 30-35 giorni per la grande quantit\u00e0 via mare<\/span><\/td>\n<\/tr>\n<\/tbody>\n<\/table>\n<p>In qualit\u00e0 di produttore leader di borse da caccia e fabbrica di borse impermeabili in Cina, progettiamo borse portatili da caccia tattiche e impermeabili per i professionisti dell'outdoor di tutto il mondo. La nostra azienda di borse da caccia fornisce:<\/p>\n<p>\u2705 <strong>Motivi mimetici multi-terrain<\/strong> (Bosco\/Artico\/Deserto) con tecnologia antiodore<br \/>\n\u2705 <strong>Design impermeabile IPX7<\/strong> (poliestere 600D + cuciture saldate)<br \/>\n\u2705 <strong>Servizi OEM\/ODM<\/strong> per <strong>borse da caccia a marchio privato<\/strong> (MOQ 50pz)<br \/>\n\u2705 <strong>Produzione di sacchi da caccia sfusi<\/strong> con consegna rapida in 10 giorni<\/p>\n<p>Affidato dai grossisti di borse da caccia e dai marchi tattici di tutto il mondo. Caratteristiche principali:<br \/>\n- Chiusure magnetiche silenziose e accesso ambidestro<br \/>\n- Fondo in rete per il drenaggio del sangue + organizer per le chiamate di gioco<br \/>\n- Ripiegabile in un astuccio da 8\u2033x6\u2033 per una portabilit\u00e0 ultraleggera<\/p>\n<p><strong>Perch\u00e9 collaborare con la nostra fabbrica di borse da caccia<\/strong>:<br \/>\n\ud83d\udd39 Da oltre 15 anni siamo i migliori esportatori di borse da caccia della Cina.<br \/>\n\ud83d\udd39 Personalizzazione gratuita del motivo mimetico 3D<br \/>\n\ud83d\udd39 Testato MIL-STD-810G e certificato OEKO-Tex<br \/>\n\ud83d\udd39 25% sconto per i venditori di borse da caccia su oltre 2.500 unit\u00e0<\/p>\n<p>Richiedete campioni gratuiti delle nostre borse mimetiche impermeabili o ottenete preventivi immediati. I fornitori di borse da caccia si divertono:<br \/>\n- Aggiornamenti dello scomparto con blocco RFID<br \/>\n- Certificazioni dei materiali specifiche per i lotti<br \/>\n- Assegnazione prioritaria del trasporto aereo di merci<\/p>\n<\/div>\n<\/div>\n<\/div>\n<\/div>","protected":false},"excerpt":{"rendered":"<h2 data-immersive-translate-walked=\"344be1c1-5052-41eb-8fcd-0dbe236a0d6b\" data-immersive-translate-paragraph=\"1\">Borsa portatile impermeabile da caccia camo<\/h2>\n<p>1. Durevole e furtivo Costruito con un resistente tessuto 600D, progettato per resistere alle forature e ai rumori, per assicurarvi di non essere scoperti nella foresta. Il motivo mimetico offre una mimetizzazione ottimale durante la caccia, consentendo di fondersi perfettamente con l'ambiente circostante.<\/p>\n<p>2. \u3010Due opzioni di capacit\u00e0\u3011 La capacit\u00e0 di 30 litri \u00e8 perfetta per i cacciatori che preferiscono un'opzione compatta e leggera. Offre ampio spazio per riporre l'attrezzatura e le provviste essenziali, pur mantenendo un profilo agile e snello. La capacit\u00e0 di 30L \u00e8 ideale per le cacce di un giorno o per i viaggi di caccia pi\u00f9 brevi.<\/p>","protected":false},"featured_media":3510,"template":"","meta":{"_uag_custom_page_level_css":""},"product_brand":[],"product_cat":[54,60,44,66],"product_tag":[],"class_list":{"0":"post-3507","1":"product","2":"type-product","3":"status-publish","4":"has-post-thumbnail","6":"product_cat-hunting-bag","7":"product_cat-backpack","8":"product_cat-camping-bags","9":"product_cat-waterproof-bag","11":"first","12":"instock","13":"shipping-taxable","14":"product-type-simple"},"uagb_featured_image_src":{"full":["https:\/\/pecbag.com\/wp-content\/uploads\/2025\/05\/Waterproof-Camo-Hunting-Pack-Portable-Storage-Bag-2.jpeg",960,960,false],"thumbnail":["https:\/\/pecbag.com\/wp-content\/uploads\/2025\/05\/Waterproof-Camo-Hunting-Pack-Portable-Storage-Bag-2-150x150.jpeg",150,150,true],"medium":["https:\/\/pecbag.com\/wp-content\/uploads\/2025\/05\/Waterproof-Camo-Hunting-Pack-Portable-Storage-Bag-2-300x300.jpeg",300,300,true],"medium_large":["https:\/\/pecbag.com\/wp-content\/uploads\/2025\/05\/Waterproof-Camo-Hunting-Pack-Portable-Storage-Bag-2-768x768.jpeg",768,768,true],"large":["https:\/\/pecbag.com\/wp-content\/uploads\/2025\/05\/Waterproof-Camo-Hunting-Pack-Portable-Storage-Bag-2.jpeg",800,800,false],"1536x1536":["https:\/\/pecbag.com\/wp-content\/uploads\/2025\/05\/Waterproof-Camo-Hunting-Pack-Portable-Storage-Bag-2.jpeg",960,960,false],"2048x2048":["https:\/\/pecbag.com\/wp-content\/uploads\/2025\/05\/Waterproof-Camo-Hunting-Pack-Portable-Storage-Bag-2.jpeg",960,960,false],"trp-custom-language-flag":["https:\/\/pecbag.com\/wp-content\/uploads\/2025\/05\/Waterproof-Camo-Hunting-Pack-Portable-Storage-Bag-2-12x12.jpeg",12,12,true],"woocommerce_thumbnail":["https:\/\/pecbag.com\/wp-content\/uploads\/2025\/05\/Waterproof-Camo-Hunting-Pack-Portable-Storage-Bag-2-300x300.jpeg",300,300,true],"woocommerce_single":["https:\/\/pecbag.com\/wp-content\/uploads\/2025\/05\/Waterproof-Camo-Hunting-Pack-Portable-Storage-Bag-2-600x600.jpeg",600,600,true],"woocommerce_gallery_thumbnail":["https:\/\/pecbag.com\/wp-content\/uploads\/2025\/05\/Waterproof-Camo-Hunting-Pack-Portable-Storage-Bag-2-100x100.jpeg",100,100,true]},"uagb_author_info":{"display_name":"Lawrence","author_link":"https:\/\/pecbag.com\/it\/author\/"},"uagb_comment_info":0,"uagb_excerpt":"Waterproof Camo Hunting Portable Bag 1. \u3010Durable &amp; Stealthy\u3011 Constructed with durable 600D fabric, which is designed to resist punctures and noise, ensuring you remain undetected in the forest. The camouflage pattern provides optimal camouflage during hunting, allowing you to blend seamlessly with your surroundings. 2. \u3010Two Capacity Options\u301130L capacity is perfect for hunters who&hellip;","_links":{"self":[{"href":"https:\/\/pecbag.com\/it\/wp-json\/wp\/v2\/product\/3507","targetHints":{"allow":["GET"]}}],"collection":[{"href":"https:\/\/pecbag.com\/it\/wp-json\/wp\/v2\/product"}],"about":[{"href":"https:\/\/pecbag.com\/it\/wp-json\/wp\/v2\/types\/product"}],"wp:featuredmedia":[{"embeddable":true,"href":"https:\/\/pecbag.com\/it\/wp-json\/wp\/v2\/media\/3510"}],"wp:attachment":[{"href":"https:\/\/pecbag.com\/it\/wp-json\/wp\/v2\/media?parent=3507"}],"wp:term":[{"taxonomy":"product_brand","embeddable":true,"href":"https:\/\/pecbag.com\/it\/wp-json\/wp\/v2\/product_brand?post=3507"},{"taxonomy":"product_cat","embeddable":true,"href":"https:\/\/pecbag.com\/it\/wp-json\/wp\/v2\/product_cat?post=3507"},{"taxonomy":"product_tag","embeddable":true,"href":"https:\/\/pecbag.com\/it\/wp-json\/wp\/v2\/product_tag?post=3507"}],"curies":[{"name":"wp","href":"https:\/\/api.w.org\/{rel}","templated":true}]}}