{"id":3594,"date":"2025-05-27T08:57:44","date_gmt":"2025-05-27T08:57:44","guid":{"rendered":"https:\/\/pecbag.com\/?post_type=product&#038;p=3594"},"modified":"2025-11-29T01:55:15","modified_gmt":"2025-11-29T01:55:15","slug":"new-design-multi-functional-messenger-bag","status":"publish","type":"product","link":"https:\/\/pecbag.com\/it\/new-design-multi-functional-messenger-bag\/","title":{"rendered":"Borsa messenger multifunzionale di nuovo design"},"content":{"rendered":"<h5 title=\"Borsa pieghevole per cani Borsa a tracolla per animali domestici in rete traspirante per piccoli animali domestici cani gatti\" data-immersive-translate-walked=\"1c928421-2e42-4cd3-8754-5404553c0af5\" data-immersive-translate-paragraph=\"1\" data-spm-anchor-id=\"a2700.details.0.i35.4f6757d4w4zNZA\">Borse messenger multifunzionali di nuova concezione | Fabbrica di borse e zaini impermeabili Fornitore - Bulk Corporate Solutions<\/h5>\n<div class=\"flex flex-grow flex-col max-w-full\">\n<div class=\"min-h-[20px] text-message flex w-full flex-col items-end gap-2 whitespace-pre-wrap break-words [.text-message+&amp;]:mt-5 overflow-x-auto\" dir=\"auto\" data-message-author-role=\"assistant\" data-message-id=\"3d7d46f6-7ec2-4222-9257-48fa0bba23c6\" data-suggestions=\"true\">\n<div class=\"flex w-full flex-col gap-1 empty:hidden first:pt-[3px]\">\n<div class=\"markdown prose w-full break-words dark:prose-invert light\">\n<table width=\"288\">\n<tbody>\n<tr>\n<td width=\"137\"><span style=\"color: #333333;\">Nome dei prodotti<\/span><\/td>\n<td width=\"151\">Borsa messenger<\/td>\n<\/tr>\n<tr>\n<td><span style=\"color: #333333;\">Articolo n.<\/span><\/td>\n<td><span style=\"color: #333333;\">PB-2079<\/span><\/td>\n<\/tr>\n<tr>\n<td><span style=\"color: #333333;\">Materiale<\/span><\/td>\n<td>Telone<\/td>\n<\/tr>\n<tr>\n<td><span style=\"color: #333333;\">Dimensione<\/span><\/td>\n<td>13 x 7 x 25 cm<\/td>\n<\/tr>\n<tr>\n<td><span style=\"color: #333333;\">\u00a0Tempi di consegna<\/span><\/td>\n<td><span style=\"color: #333333;\">1-5 giorni per la piccola quantit\u00e0 via aria e 30-35 giorni per la grande quantit\u00e0 via mare<\/span><\/td>\n<\/tr>\n<\/tbody>\n<\/table>\n<p>In qualit\u00e0 di leader cinese nella produzione di borse messenger e di borse impermeabili, innoviamo le borse messenger multifunzionali di nuova concezione per i professionisti del mondo degli affari. La nostra azienda di borse messenger offre:<\/p>\n<p>\u2705 <strong>Costruzione impermeabile IPX5<\/strong> (poliestere riciclato 600D + cuciture saldate)<br \/>\n\u2705 <strong>Design convertibile<\/strong> (modalit\u00e0 zaino\/spalla\/messenger)<br \/>\n\u2705 <strong>Servizi OEM\/ODM<\/strong> per <strong>borse messenger a marchio privato<\/strong><br \/>\n\u2705 <strong>Produzione di borse messenger sfuse<\/strong> con consegna in 10 giorni<\/p>\n<p>Affidata da grossisti di borse messenger e da aziende Fortune 500. Caratteristiche principali:<br \/>\n- Scomparti con blocco RFID e tasche nascoste antifurto<br \/>\n- Organizer tecnologico staccabile con porta di ricarica USB<br \/>\n- Pannello posteriore ergonomico a flusso d'aria e cinghia per il bagaglio<\/p>\n<p><strong>Perch\u00e9 scegliere la nostra fabbrica di borse messenger<\/strong>:<br \/>\n\ud83d\udd39 15+ anni come migliori esportatori di borse messenger dalla Cina<br \/>\n\ud83d\udd39 Design 3D gratuito con il vostro logo\/schema di colori<br \/>\n\ud83d\udd39 Materiali sostenibili certificati OEKO-Tex\/SGS<br \/>\n\ud83d\udd39 25% sconto per i venditori di borse messenger su oltre 2.500 unit\u00e0<\/p>\n<p>Richiedete campioni gratuiti delle nostre borse messenger multifunzionali o ottenete preventivi immediati. I fornitori di borse messenger ricevono:<br \/>\n- MOQ personalizzato<br \/>\n- Rapporti di test di abrasione specifici per lotto<br \/>\n- Assegnazione prioritaria di merci aeree e marittime<\/p>\n<\/div>\n<\/div>\n<\/div>\n<\/div>","protected":false},"excerpt":{"rendered":"<h2 data-immersive-translate-walked=\"344be1c1-5052-41eb-8fcd-0dbe236a0d6b\" data-immersive-translate-paragraph=\"1\">Borsa messenger multifunzionale di nuovo design<\/h2>\n<div class=\"sliderTable mt10 mb10 sliderTable-index0\">\n<div class=\"inner\">\n<p><strong>1. Ampio spazio di archiviazione:\u00a0<\/strong>La tasca principale \u00e8 dotata di uno scomparto integrato con cerniera per riporre comodamente gli oggetti. La tasca anteriore con cerniera \u00e8 pi\u00f9 comoda per prendere gli oggetti, per soddisfare le esigenze di viaggio quotidiane.<\/p>\n<p><strong>2. Impermeabile:<\/strong>\u00a0Il tessuto resistente all'acqua, con cerniera impermeabile laminata, pu\u00f2 bloccare efficacemente gli spruzzi di pioggia. I materiali eccellenti possono garantire un ambiente sicuro per i vostri oggetti nei giorni di pioggia.<\/p>\n<p><strong>3. Facile commutazione della scena:<\/strong> Pu\u00f2 essere utilizzata come borsa frontale e come borsa a triangolo con telaio trasversale. Vengono forniti spallacci staccabili, che possono essere trasformati in borse messenger, borse da petto, borse a mano e borse a vita in qualsiasi momento e ovunque.<\/p>\n<\/div>\n<\/div>","protected":false},"featured_media":3595,"template":"","meta":{"_uag_custom_page_level_css":""},"product_brand":[],"product_cat":[65,48,62],"product_tag":[],"class_list":{"0":"post-3594","1":"product","2":"type-product","3":"status-publish","4":"has-post-thumbnail","6":"product_cat-messenger-bag","7":"product_cat-bike-bag","8":"product_cat-crossbody-bags","10":"first","11":"instock","12":"shipping-taxable","13":"product-type-simple"},"uagb_featured_image_src":{"full":["https:\/\/pecbag.com\/wp-content\/uploads\/2025\/05\/New-Design-Multi-functional-Messenger-Bag-3.jpeg",1000,1000,false],"thumbnail":["https:\/\/pecbag.com\/wp-content\/uploads\/2025\/05\/New-Design-Multi-functional-Messenger-Bag-3-150x150.jpeg",150,150,true],"medium":["https:\/\/pecbag.com\/wp-content\/uploads\/2025\/05\/New-Design-Multi-functional-Messenger-Bag-3-300x300.jpeg",300,300,true],"medium_large":["https:\/\/pecbag.com\/wp-content\/uploads\/2025\/05\/New-Design-Multi-functional-Messenger-Bag-3-768x768.jpeg",768,768,true],"large":["https:\/\/pecbag.com\/wp-content\/uploads\/2025\/05\/New-Design-Multi-functional-Messenger-Bag-3.jpeg",800,800,false],"1536x1536":["https:\/\/pecbag.com\/wp-content\/uploads\/2025\/05\/New-Design-Multi-functional-Messenger-Bag-3.jpeg",1000,1000,false],"2048x2048":["https:\/\/pecbag.com\/wp-content\/uploads\/2025\/05\/New-Design-Multi-functional-Messenger-Bag-3.jpeg",1000,1000,false],"trp-custom-language-flag":["https:\/\/pecbag.com\/wp-content\/uploads\/2025\/05\/New-Design-Multi-functional-Messenger-Bag-3-12x12.jpeg",12,12,true],"woocommerce_thumbnail":["https:\/\/pecbag.com\/wp-content\/uploads\/2025\/05\/New-Design-Multi-functional-Messenger-Bag-3-300x300.jpeg",300,300,true],"woocommerce_single":["https:\/\/pecbag.com\/wp-content\/uploads\/2025\/05\/New-Design-Multi-functional-Messenger-Bag-3-600x600.jpeg",600,600,true],"woocommerce_gallery_thumbnail":["https:\/\/pecbag.com\/wp-content\/uploads\/2025\/05\/New-Design-Multi-functional-Messenger-Bag-3-100x100.jpeg",100,100,true]},"uagb_author_info":{"display_name":"Lawrence","author_link":"https:\/\/pecbag.com\/it\/author\/"},"uagb_comment_info":0,"uagb_excerpt":"New Design Multi-functional Messenger Bag 1. Large Storage Space:\u00a0The main pocket has a built-in zipper compartment for convenient storage of items. And the front zipper pocket is more convenient to get things, meeting daily travel needs. 2. Waterproof:\u00a0Water-resistant fabric, with laminated waterproof zipper, can effectively block rain splashes. Excellent materials can provide a safe environment&hellip;","_links":{"self":[{"href":"https:\/\/pecbag.com\/it\/wp-json\/wp\/v2\/product\/3594","targetHints":{"allow":["GET"]}}],"collection":[{"href":"https:\/\/pecbag.com\/it\/wp-json\/wp\/v2\/product"}],"about":[{"href":"https:\/\/pecbag.com\/it\/wp-json\/wp\/v2\/types\/product"}],"wp:featuredmedia":[{"embeddable":true,"href":"https:\/\/pecbag.com\/it\/wp-json\/wp\/v2\/media\/3595"}],"wp:attachment":[{"href":"https:\/\/pecbag.com\/it\/wp-json\/wp\/v2\/media?parent=3594"}],"wp:term":[{"taxonomy":"product_brand","embeddable":true,"href":"https:\/\/pecbag.com\/it\/wp-json\/wp\/v2\/product_brand?post=3594"},{"taxonomy":"product_cat","embeddable":true,"href":"https:\/\/pecbag.com\/it\/wp-json\/wp\/v2\/product_cat?post=3594"},{"taxonomy":"product_tag","embeddable":true,"href":"https:\/\/pecbag.com\/it\/wp-json\/wp\/v2\/product_tag?post=3594"}],"curies":[{"name":"wp","href":"https:\/\/api.w.org\/{rel}","templated":true}]}}